{"id":12976,"date":"2025-05-25T13:33:39","date_gmt":"2025-05-25T10:33:39","guid":{"rendered":"https:\/\/goguided.tours\/?post_type=product&#038;p=12976"},"modified":"2026-04-10T12:08:43","modified_gmt":"2026-04-10T09:08:43","slug":"wadi-nisnas-haifa-food-tour","status":"publish","type":"product","link":"https:\/\/goguided.tours\/es\/goto\/wadi-nisnas-haifa-food-tour\/","title":{"rendered":"Un emocionante recorrido gastron\u00f3mico por Wadi Nisnas, Haifa"},"excerpt":{"rendered":"<p>Un recorrido gastron\u00f3mico por Haifa es una manera perfecta de descubrir y explorar la capital del norte.<br \/>\nHaifa est\u00e1 llena de una rica cultura gastron\u00f3mica, que combina una excelente cocina moderna, una cocina \u00e1rabe tradicional y culturas culinarias que han ido y venido a la ciudad.<\/p>","protected":false},"author":6,"featured_media":14031,"template":"","meta":{"_acf_changed":false,"_wp_rev_ctl_limit":""},"tour_area":[124,197],"tour_days":[],"goto_type":[119],"tour_type":[72],"supported-language":[68,67,101],"product_cat":[115],"product_tag":[],"activity_combo":[168,152],"class_list":{"0":"post-12976","1":"product","2":"type-product","3":"status-publish","4":"has-post-thumbnail","6":"tour_area-north","7":"tour_area-wadi-nisnas-market","8":"goto_type-tours","9":"tour_type-food","10":"supported-language-english","11":"supported-language-hebrew","12":"supported-language-russian","13":"product_cat-haifa","14":"activity_combo-haifa","15":"activity_combo-israel","17":"first","18":"instock","19":"shipping-taxable","20":"purchasable","21":"product-type-simple"},"acf":[],"yoast_head":"<!-- This site is optimized with the Yoast SEO plugin v27.4 - https:\/\/yoast.com\/product\/yoast-seo-wordpress\/ -->\n<title>\u05e1\u05d9\u05d5\u05e8 \u05d0\u05d5\u05db\u05dc \/ \u05e7\u05d5\u05dc\u05d9\u05e0\u05e8\u05d9 \u05d1\u05d5\u05d0\u05d3\u05d9 \u05e0\u05d9\u05e1\u05e0\u05d0\u05e1 \u05d7\u05d9\u05e4\u05d4 - \u05de\u05d8\u05e8\u05d9\u05e3 \u05d5\u05d1\u05d0\u05d5\u05d5\u05d9\u05e8\u05d4 \u05e6\u05e2\u05d9\u05e8\u05d4!<\/title>\n<meta name=\"description\" content=\"\u05e1\u05d9\u05d5\u05e8 \u05e7\u05d5\u05dc\u05d9\u05e0\u05e8\u05d9 \u05d1\u05d5\u05d0\u05d3\u05d9 \u05e0\u05d9\u05e1\u05e0\u05d0\u05e1 \u05e9\u05de\u05e9\u05dc\u05d1 \u05de\u05d8\u05d1\u05d7 \u05de\u05d5\u05d3\u05e8\u05e0\u05d9, \u05de\u05d8\u05d1\u05d7 \u05e2\u05e8\u05d1\u05d9, \u05d5\u05ea\u05e8\u05d1\u05d5\u05d9\u05d5\u05ea \u05e7\u05d5\u05dc\u05d9\u05e0\u05e8\u05d9\u05d5\u05ea \u05e9\u05d4\u05d2\u05d9\u05e2\u05d5 \u05d5\u05e2\u05d1\u05e8\u05d5 \u05d1\u05e2\u05d9\u05e8: \u05ea\u05d1\u05e9\u05d9\u05dc\u05d9\u05dd \u05e2\u05e8\u05d1\u05d9\u05d9\u05dd, \u05e0\u05e7\u05e0\u05d9\u05e7 \u05d0\u05d9\u05db\u05d5\u05ea\u05d9, \u05e4\u05d9\u05ea\u05d5\u05ea \u05e2\u05e8\u05d1\u05d9\u05d5\u05ea, \u05db\u05e0\u05d0\u05e4\u05d4, \u05d5\u05e2\u05d5\u05d3\" \/>\n<meta name=\"robots\" content=\"index, follow, max-snippet:-1, max-image-preview:large, max-video-preview:-1\" \/>\n<link rel=\"canonical\" href=\"https:\/\/goguided.tours\/es\/goto\/wadi-nisnas-haifa-food-tour\/\" \/>\n<meta property=\"og:locale\" content=\"es_ES\" \/>\n<meta property=\"og:type\" content=\"article\" \/>\n<meta property=\"og:title\" content=\"\u05e1\u05d9\u05d5\u05e8 \u05d0\u05d5\u05db\u05dc \/ \u05e7\u05d5\u05dc\u05d9\u05e0\u05e8\u05d9 \u05d1\u05d5\u05d0\u05d3\u05d9 \u05e0\u05d9\u05e1\u05e0\u05d0\u05e1 \u05d7\u05d9\u05e4\u05d4 - \u05de\u05d8\u05e8\u05d9\u05e3 \u05d5\u05d1\u05d0\u05d5\u05d5\u05d9\u05e8\u05d4 \u05e6\u05e2\u05d9\u05e8\u05d4!\" \/>\n<meta property=\"og:description\" content=\"\u05e1\u05d9\u05d5\u05e8 \u05e7\u05d5\u05dc\u05d9\u05e0\u05e8\u05d9 \u05d1\u05d5\u05d0\u05d3\u05d9 \u05e0\u05d9\u05e1\u05e0\u05d0\u05e1 \u05e9\u05de\u05e9\u05dc\u05d1 \u05de\u05d8\u05d1\u05d7 \u05de\u05d5\u05d3\u05e8\u05e0\u05d9, \u05de\u05d8\u05d1\u05d7 \u05e2\u05e8\u05d1\u05d9, \u05d5\u05ea\u05e8\u05d1\u05d5\u05d9\u05d5\u05ea \u05e7\u05d5\u05dc\u05d9\u05e0\u05e8\u05d9\u05d5\u05ea \u05e9\u05d4\u05d2\u05d9\u05e2\u05d5 \u05d5\u05e2\u05d1\u05e8\u05d5 \u05d1\u05e2\u05d9\u05e8: \u05ea\u05d1\u05e9\u05d9\u05dc\u05d9\u05dd \u05e2\u05e8\u05d1\u05d9\u05d9\u05dd, \u05e0\u05e7\u05e0\u05d9\u05e7 \u05d0\u05d9\u05db\u05d5\u05ea\u05d9, \u05e4\u05d9\u05ea\u05d5\u05ea \u05e2\u05e8\u05d1\u05d9\u05d5\u05ea, \u05db\u05e0\u05d0\u05e4\u05d4, \u05d5\u05e2\u05d5\u05d3\" \/>\n<meta property=\"og:url\" content=\"https:\/\/goguided.tours\/es\/goto\/wadi-nisnas-haifa-food-tour\/\" \/>\n<meta property=\"og:site_name\" content=\"Go Guided\" \/>\n<meta property=\"article:publisher\" content=\"https:\/\/www.facebook.com\/profile.php?id=61556958375391\" \/>\n<meta property=\"article:modified_time\" content=\"2026-04-10T09:08:43+00:00\" \/>\n<meta property=\"og:image\" content=\"https:\/\/goguided.tours\/wp-content\/uploads\/2025\/05\/Food-tours-haifa-hummus-2022-1.jpg\" \/>\n\t<meta property=\"og:image:width\" content=\"675\" \/>\n\t<meta property=\"og:image:height\" content=\"892\" \/>\n\t<meta property=\"og:image:type\" content=\"image\/jpeg\" \/>\n<meta name=\"twitter:card\" content=\"summary_large_image\" \/>\n<meta name=\"twitter:label1\" content=\"Tiempo de lectura\" \/>\n\t<meta name=\"twitter:data1\" content=\"1 minuto\" \/>\n<script type=\"application\/ld+json\" class=\"yoast-schema-graph\">{\"@context\":\"https:\\\/\\\/schema.org\",\"@graph\":[{\"@type\":\"WebPage\",\"@id\":\"https:\\\/\\\/goguided.tours\\\/goto\\\/wadi-nisnas-haifa-food-tour\\\/\",\"url\":\"https:\\\/\\\/goguided.tours\\\/goto\\\/wadi-nisnas-haifa-food-tour\\\/\",\"name\":\"\u05e1\u05d9\u05d5\u05e8 \u05d0\u05d5\u05db\u05dc \\\/ \u05e7\u05d5\u05dc\u05d9\u05e0\u05e8\u05d9 \u05d1\u05d5\u05d0\u05d3\u05d9 \u05e0\u05d9\u05e1\u05e0\u05d0\u05e1 \u05d7\u05d9\u05e4\u05d4 - \u05de\u05d8\u05e8\u05d9\u05e3 \u05d5\u05d1\u05d0\u05d5\u05d5\u05d9\u05e8\u05d4 \u05e6\u05e2\u05d9\u05e8\u05d4!\",\"isPartOf\":{\"@id\":\"https:\\\/\\\/goguided.tours\\\/#website\"},\"primaryImageOfPage\":{\"@id\":\"https:\\\/\\\/goguided.tours\\\/goto\\\/wadi-nisnas-haifa-food-tour\\\/#primaryimage\"},\"image\":{\"@id\":\"https:\\\/\\\/goguided.tours\\\/goto\\\/wadi-nisnas-haifa-food-tour\\\/#primaryimage\"},\"thumbnailUrl\":\"https:\\\/\\\/goguided.tours\\\/wp-content\\\/uploads\\\/2025\\\/05\\\/XMASS-TOUR-HAIFA-2019-1.jpg\",\"datePublished\":\"2025-05-25T10:33:39+00:00\",\"dateModified\":\"2026-04-10T09:08:43+00:00\",\"description\":\"\u05e1\u05d9\u05d5\u05e8 \u05e7\u05d5\u05dc\u05d9\u05e0\u05e8\u05d9 \u05d1\u05d5\u05d0\u05d3\u05d9 \u05e0\u05d9\u05e1\u05e0\u05d0\u05e1 \u05e9\u05de\u05e9\u05dc\u05d1 \u05de\u05d8\u05d1\u05d7 \u05de\u05d5\u05d3\u05e8\u05e0\u05d9, \u05de\u05d8\u05d1\u05d7 \u05e2\u05e8\u05d1\u05d9, \u05d5\u05ea\u05e8\u05d1\u05d5\u05d9\u05d5\u05ea \u05e7\u05d5\u05dc\u05d9\u05e0\u05e8\u05d9\u05d5\u05ea \u05e9\u05d4\u05d2\u05d9\u05e2\u05d5 \u05d5\u05e2\u05d1\u05e8\u05d5 \u05d1\u05e2\u05d9\u05e8: \u05ea\u05d1\u05e9\u05d9\u05dc\u05d9\u05dd \u05e2\u05e8\u05d1\u05d9\u05d9\u05dd, \u05e0\u05e7\u05e0\u05d9\u05e7 \u05d0\u05d9\u05db\u05d5\u05ea\u05d9, \u05e4\u05d9\u05ea\u05d5\u05ea \u05e2\u05e8\u05d1\u05d9\u05d5\u05ea, \u05db\u05e0\u05d0\u05e4\u05d4, \u05d5\u05e2\u05d5\u05d3\",\"breadcrumb\":{\"@id\":\"https:\\\/\\\/goguided.tours\\\/goto\\\/wadi-nisnas-haifa-food-tour\\\/#breadcrumb\"},\"inLanguage\":\"es\",\"potentialAction\":[{\"@type\":\"ReadAction\",\"target\":[\"https:\\\/\\\/goguided.tours\\\/goto\\\/wadi-nisnas-haifa-food-tour\\\/\"]}]},{\"@type\":\"ImageObject\",\"inLanguage\":\"es\",\"@id\":\"https:\\\/\\\/goguided.tours\\\/goto\\\/wadi-nisnas-haifa-food-tour\\\/#primaryimage\",\"url\":\"https:\\\/\\\/goguided.tours\\\/wp-content\\\/uploads\\\/2025\\\/05\\\/XMASS-TOUR-HAIFA-2019-1.jpg\",\"contentUrl\":\"https:\\\/\\\/goguided.tours\\\/wp-content\\\/uploads\\\/2025\\\/05\\\/XMASS-TOUR-HAIFA-2019-1.jpg\",\"width\":705,\"height\":655,\"caption\":\"\u05e1\u05d9\u05d5\u05e8 \u05d0\u05d5\u05db\u05dc \\\/ \u05e7\u05d5\u05dc\u05d9\u05e0\u05e8\u05d9 \u05d1\u05d7\u05d9\u05e4\u05d4, \u05d5\u05d0\u05d3\u05d9 \u05e0\u05d9\u05e1\u05e0\u05d0\u05e1 - \u05e2\u05e5 \u05e7\u05e8\u05d9\u05e1\u05de\u05e1 \u05d5\u05d7\u05e0\u05d5\u05db\u05d9\u05d4 \u05d1\u05d7\u05d2 \u05d4\u05d7\u05d2\u05d9\u05dd\"},{\"@type\":\"BreadcrumbList\",\"@id\":\"https:\\\/\\\/goguided.tours\\\/goto\\\/wadi-nisnas-haifa-food-tour\\\/#breadcrumb\",\"itemListElement\":[{\"@type\":\"ListItem\",\"position\":1,\"name\":\"\u05d3\u05e3 \u05d4\u05d1\u05d9\u05ea\",\"item\":\"https:\\\/\\\/goguided.tours\\\/\"},{\"@type\":\"ListItem\",\"position\":2,\"name\":\"\u05db\u05dc \u05d4\u05e4\u05e2\u05d9\u05dc\u05d5\u05d9\u05d5\u05ea\",\"item\":\"https:\\\/\\\/goguided.tours\\\/shop\\\/\"},{\"@type\":\"ListItem\",\"position\":3,\"name\":\"\u05e1\u05d9\u05d5\u05e8 \u05e7\u05d5\u05dc\u05d9\u05e0\u05e8\u05d9 \u05de\u05d8\u05e8\u05d9\u05e3 \u05d1\u05d5\u05d0\u05d3\u05d9 \u05e0\u05d9\u05e1\u05e0\u05d0\u05e1 \u05d7\u05d9\u05e4\u05d4\"}]},{\"@type\":\"WebSite\",\"@id\":\"https:\\\/\\\/goguided.tours\\\/#website\",\"url\":\"https:\\\/\\\/goguided.tours\\\/\",\"name\":\"Go Guided\",\"description\":\"\",\"publisher\":{\"@id\":\"https:\\\/\\\/goguided.tours\\\/#organization\"},\"potentialAction\":[{\"@type\":\"SearchAction\",\"target\":{\"@type\":\"EntryPoint\",\"urlTemplate\":\"https:\\\/\\\/goguided.tours\\\/?s={search_term_string}\"},\"query-input\":{\"@type\":\"PropertyValueSpecification\",\"valueRequired\":true,\"valueName\":\"search_term_string\"}}],\"inLanguage\":\"es\"},{\"@type\":\"Organization\",\"@id\":\"https:\\\/\\\/goguided.tours\\\/#organization\",\"name\":\"GoGuided\",\"url\":\"https:\\\/\\\/goguided.tours\\\/\",\"logo\":{\"@type\":\"ImageObject\",\"inLanguage\":\"es\",\"@id\":\"https:\\\/\\\/goguided.tours\\\/#\\\/schema\\\/logo\\\/image\\\/\",\"url\":\"https:\\\/\\\/goguided.tours\\\/wp-content\\\/uploads\\\/2025\\\/05\\\/cropped-logo-guided.jpg\",\"contentUrl\":\"https:\\\/\\\/goguided.tours\\\/wp-content\\\/uploads\\\/2025\\\/05\\\/cropped-logo-guided.jpg\",\"width\":500,\"height\":143,\"caption\":\"GoGuided\"},\"image\":{\"@id\":\"https:\\\/\\\/goguided.tours\\\/#\\\/schema\\\/logo\\\/image\\\/\"},\"sameAs\":[\"https:\\\/\\\/www.facebook.com\\\/profile.php?id=61556958375391\",\"http:\\\/\\\/www.youtube.com\\\/@Guided-Tours\",\"https:\\\/\\\/www.instagram.com\\\/goguided.he\\\/\",\"https:\\\/\\\/www.tiktok.com\\\/@goguided.he\"]}]}<\/script>\n<!-- \/ Yoast SEO plugin. -->","yoast_head_json":{"title":"Tour gastron\u00f3mico\/culinario por Wadi Nisnas, Haifa: \u00a1emocionante y con un ambiente juvenil!","description":"Un recorrido culinario por Wadi Nisnas que combina la cocina moderna, la cocina \u00e1rabe y las culturas culinarias que han surgido y desaparecido en la ciudad: platos \u00e1rabes, salchichas de calidad, pitas \u00e1rabes, knafe y mucho m\u00e1s.","robots":{"index":"index","follow":"follow","max-snippet":"max-snippet:-1","max-image-preview":"max-image-preview:large","max-video-preview":"max-video-preview:-1"},"canonical":"https:\/\/goguided.tours\/es\/goto\/wadi-nisnas-haifa-food-tour\/","og_locale":"es_ES","og_type":"article","og_title":"\u05e1\u05d9\u05d5\u05e8 \u05d0\u05d5\u05db\u05dc \/ \u05e7\u05d5\u05dc\u05d9\u05e0\u05e8\u05d9 \u05d1\u05d5\u05d0\u05d3\u05d9 \u05e0\u05d9\u05e1\u05e0\u05d0\u05e1 \u05d7\u05d9\u05e4\u05d4 - \u05de\u05d8\u05e8\u05d9\u05e3 \u05d5\u05d1\u05d0\u05d5\u05d5\u05d9\u05e8\u05d4 \u05e6\u05e2\u05d9\u05e8\u05d4!","og_description":"\u05e1\u05d9\u05d5\u05e8 \u05e7\u05d5\u05dc\u05d9\u05e0\u05e8\u05d9 \u05d1\u05d5\u05d0\u05d3\u05d9 \u05e0\u05d9\u05e1\u05e0\u05d0\u05e1 \u05e9\u05de\u05e9\u05dc\u05d1 \u05de\u05d8\u05d1\u05d7 \u05de\u05d5\u05d3\u05e8\u05e0\u05d9, \u05de\u05d8\u05d1\u05d7 \u05e2\u05e8\u05d1\u05d9, \u05d5\u05ea\u05e8\u05d1\u05d5\u05d9\u05d5\u05ea \u05e7\u05d5\u05dc\u05d9\u05e0\u05e8\u05d9\u05d5\u05ea \u05e9\u05d4\u05d2\u05d9\u05e2\u05d5 \u05d5\u05e2\u05d1\u05e8\u05d5 \u05d1\u05e2\u05d9\u05e8: \u05ea\u05d1\u05e9\u05d9\u05dc\u05d9\u05dd \u05e2\u05e8\u05d1\u05d9\u05d9\u05dd, \u05e0\u05e7\u05e0\u05d9\u05e7 \u05d0\u05d9\u05db\u05d5\u05ea\u05d9, \u05e4\u05d9\u05ea\u05d5\u05ea \u05e2\u05e8\u05d1\u05d9\u05d5\u05ea, \u05db\u05e0\u05d0\u05e4\u05d4, \u05d5\u05e2\u05d5\u05d3","og_url":"https:\/\/goguided.tours\/es\/goto\/wadi-nisnas-haifa-food-tour\/","og_site_name":"Go Guided","article_publisher":"https:\/\/www.facebook.com\/profile.php?id=61556958375391","article_modified_time":"2026-04-10T09:08:43+00:00","og_image":[{"width":675,"height":892,"url":"https:\/\/goguided.tours\/wp-content\/uploads\/2025\/05\/Food-tours-haifa-hummus-2022-1.jpg","type":"image\/jpeg"}],"twitter_card":"summary_large_image","twitter_misc":{"Tiempo de lectura":"1 minuto"},"schema":{"@context":"https:\/\/schema.org","@graph":[{"@type":"WebPage","@id":"https:\/\/goguided.tours\/goto\/wadi-nisnas-haifa-food-tour\/","url":"https:\/\/goguided.tours\/goto\/wadi-nisnas-haifa-food-tour\/","name":"Tour gastron\u00f3mico\/culinario por Wadi Nisnas, Haifa: \u00a1emocionante y con un ambiente juvenil!","isPartOf":{"@id":"https:\/\/goguided.tours\/#website"},"primaryImageOfPage":{"@id":"https:\/\/goguided.tours\/goto\/wadi-nisnas-haifa-food-tour\/#primaryimage"},"image":{"@id":"https:\/\/goguided.tours\/goto\/wadi-nisnas-haifa-food-tour\/#primaryimage"},"thumbnailUrl":"https:\/\/goguided.tours\/wp-content\/uploads\/2025\/05\/XMASS-TOUR-HAIFA-2019-1.jpg","datePublished":"2025-05-25T10:33:39+00:00","dateModified":"2026-04-10T09:08:43+00:00","description":"Un recorrido culinario por Wadi Nisnas que combina la cocina moderna, la cocina \u00e1rabe y las culturas culinarias que han surgido y desaparecido en la ciudad: platos \u00e1rabes, salchichas de calidad, pitas \u00e1rabes, knafe y mucho m\u00e1s.","breadcrumb":{"@id":"https:\/\/goguided.tours\/goto\/wadi-nisnas-haifa-food-tour\/#breadcrumb"},"inLanguage":"es","potentialAction":[{"@type":"ReadAction","target":["https:\/\/goguided.tours\/goto\/wadi-nisnas-haifa-food-tour\/"]}]},{"@type":"ImageObject","inLanguage":"es","@id":"https:\/\/goguided.tours\/goto\/wadi-nisnas-haifa-food-tour\/#primaryimage","url":"https:\/\/goguided.tours\/wp-content\/uploads\/2025\/05\/XMASS-TOUR-HAIFA-2019-1.jpg","contentUrl":"https:\/\/goguided.tours\/wp-content\/uploads\/2025\/05\/XMASS-TOUR-HAIFA-2019-1.jpg","width":705,"height":655,"caption":"\u05e1\u05d9\u05d5\u05e8 \u05d0\u05d5\u05db\u05dc \/ \u05e7\u05d5\u05dc\u05d9\u05e0\u05e8\u05d9 \u05d1\u05d7\u05d9\u05e4\u05d4, \u05d5\u05d0\u05d3\u05d9 \u05e0\u05d9\u05e1\u05e0\u05d0\u05e1 - \u05e2\u05e5 \u05e7\u05e8\u05d9\u05e1\u05de\u05e1 \u05d5\u05d7\u05e0\u05d5\u05db\u05d9\u05d4 \u05d1\u05d7\u05d2 \u05d4\u05d7\u05d2\u05d9\u05dd"},{"@type":"BreadcrumbList","@id":"https:\/\/goguided.tours\/goto\/wadi-nisnas-haifa-food-tour\/#breadcrumb","itemListElement":[{"@type":"ListItem","position":1,"name":"\u05d3\u05e3 \u05d4\u05d1\u05d9\u05ea","item":"https:\/\/goguided.tours\/"},{"@type":"ListItem","position":2,"name":"\u05db\u05dc \u05d4\u05e4\u05e2\u05d9\u05dc\u05d5\u05d9\u05d5\u05ea","item":"https:\/\/goguided.tours\/shop\/"},{"@type":"ListItem","position":3,"name":"\u05e1\u05d9\u05d5\u05e8 \u05e7\u05d5\u05dc\u05d9\u05e0\u05e8\u05d9 \u05de\u05d8\u05e8\u05d9\u05e3 \u05d1\u05d5\u05d0\u05d3\u05d9 \u05e0\u05d9\u05e1\u05e0\u05d0\u05e1 \u05d7\u05d9\u05e4\u05d4"}]},{"@type":"WebSite","@id":"https:\/\/goguided.tours\/#website","url":"https:\/\/goguided.tours\/","name":"Gu\u00eda Go","description":"","publisher":{"@id":"https:\/\/goguided.tours\/#organization"},"potentialAction":[{"@type":"SearchAction","target":{"@type":"EntryPoint","urlTemplate":"https:\/\/goguided.tours\/?s={search_term_string}"},"query-input":{"@type":"PropertyValueSpecification","valueRequired":true,"valueName":"search_term_string"}}],"inLanguage":"es"},{"@type":"Organization","@id":"https:\/\/goguided.tours\/#organization","name":"GoGuided","url":"https:\/\/goguided.tours\/","logo":{"@type":"ImageObject","inLanguage":"es","@id":"https:\/\/goguided.tours\/#\/schema\/logo\/image\/","url":"https:\/\/goguided.tours\/wp-content\/uploads\/2025\/05\/cropped-logo-guided.jpg","contentUrl":"https:\/\/goguided.tours\/wp-content\/uploads\/2025\/05\/cropped-logo-guided.jpg","width":500,"height":143,"caption":"GoGuided"},"image":{"@id":"https:\/\/goguided.tours\/#\/schema\/logo\/image\/"},"sameAs":["https:\/\/www.facebook.com\/profile.php?id=61556958375391","http:\/\/www.youtube.com\/@Guided-Tours","https:\/\/www.instagram.com\/goguided.he\/","https:\/\/www.tiktok.com\/@goguided.he"]}]}},"_links":{"self":[{"href":"https:\/\/goguided.tours\/es\/wp-json\/wp\/v2\/product\/12976","targetHints":{"allow":["GET"]}}],"collection":[{"href":"https:\/\/goguided.tours\/es\/wp-json\/wp\/v2\/product"}],"about":[{"href":"https:\/\/goguided.tours\/es\/wp-json\/wp\/v2\/types\/product"}],"author":[{"embeddable":true,"href":"https:\/\/goguided.tours\/es\/wp-json\/wp\/v2\/users\/6"}],"version-history":[{"count":8,"href":"https:\/\/goguided.tours\/es\/wp-json\/wp\/v2\/product\/12976\/revisions"}],"predecessor-version":[{"id":21175,"href":"https:\/\/goguided.tours\/es\/wp-json\/wp\/v2\/product\/12976\/revisions\/21175"}],"wp:featuredmedia":[{"embeddable":true,"href":"https:\/\/goguided.tours\/es\/wp-json\/wp\/v2\/media\/14031"}],"wp:attachment":[{"href":"https:\/\/goguided.tours\/es\/wp-json\/wp\/v2\/media?parent=12976"}],"wp:term":[{"taxonomy":"tour_area","embeddable":true,"href":"https:\/\/goguided.tours\/es\/wp-json\/wp\/v2\/tour_area?post=12976"},{"taxonomy":"tour_days","embeddable":true,"href":"https:\/\/goguided.tours\/es\/wp-json\/wp\/v2\/tour_days?post=12976"},{"taxonomy":"goto_type","embeddable":true,"href":"https:\/\/goguided.tours\/es\/wp-json\/wp\/v2\/goto_type?post=12976"},{"taxonomy":"tour_type","embeddable":true,"href":"https:\/\/goguided.tours\/es\/wp-json\/wp\/v2\/tour_type?post=12976"},{"taxonomy":"supported-language","embeddable":true,"href":"https:\/\/goguided.tours\/es\/wp-json\/wp\/v2\/supported-language?post=12976"},{"taxonomy":"product_cat","embeddable":true,"href":"https:\/\/goguided.tours\/es\/wp-json\/wp\/v2\/product_cat?post=12976"},{"taxonomy":"product_tag","embeddable":true,"href":"https:\/\/goguided.tours\/es\/wp-json\/wp\/v2\/product_tag?post=12976"},{"taxonomy":"activity_combo","embeddable":true,"href":"https:\/\/goguided.tours\/es\/wp-json\/wp\/v2\/activity_combo?post=12976"}],"curies":[{"name":"wp","href":"https:\/\/api.w.org\/{rel}","templated":true}]}}