{"id":12977,"date":"2025-05-25T13:33:39","date_gmt":"2025-05-25T10:33:39","guid":{"rendered":"https:\/\/goguided.tours\/?post_type=product&#038;p=12977"},"modified":"2026-04-06T20:04:38","modified_gmt":"2026-04-06T17:04:38","slug":"excursion-a-los-sumideros-del-mar-muerto","status":"publish","type":"product","link":"https:\/\/goguided.tours\/es\/goto\/dead-sea-sinkholes-tour\/","title":{"rendered":"Excursi\u00f3n \u201cSinkholes, diamantes y minerales\u201d en el norte del mar Muerto."},"excerpt":{"rendered":"<p><strong>Recorrido por el sumidero del Mar Muerto:<\/strong> Lo sorprendente del tour es que el tour es en una zona donde hace 50-60 a\u00f1os hab\u00eda un mar, por lo que obtienes una experiencia incre\u00edble de ver todos los fen\u00f3menos acu\u00e1ticos que hab\u00eda en el \u00e1rea, en una especie de recorrido como si estuvieras dentro de la tierra.<\/p>\n<p>\u05d1\u05e1\u05d9\u05d5\u05e8 \u05e0\u05e8\u05d0\u05d4:\u00a0\u05d0\u05d2\u05de\u05d9\u05dd \u05e7\u05d8\u05e0\u05d9\u05dd, \u05de\u05e2\u05d9\u05d9\u05e0\u05d5\u05ea \u05de\u05d9\u05dd \u05d7\u05de\u05d9\u05dd \u05d5\u05e7\u05e8\u05d9\u05dd, \u05e9\u05db\u05d1\u05d5\u05ea \u05e9\u05dc \u05de\u05dc\u05d7 \u05d4\u05d9\u05d5\u05e6\u05e8\u05d5\u05ea \u05de\u05e2\u05d9\u05df &#8220;\u05d9\u05d4\u05dc\u05d5\u05dd&#8221;, \u05e6\u05de\u05d7\u05d9\u05d9\u05ea \u05de\u05d9\u05dd \u05de\u05d3\u05d1\u05e8\u05d9\u05ea, \u05de\u05e6\u05d5\u05e7 \u05d4\u05d4\u05e2\u05ea\u05e7\u05d9\u05dd \u05d4\u05d9\u05e4\u05d4\u05e4\u05d4, \u05de\u05e4\u05e8\u05e6\u05d5\u05e0\u05d9\u05dd \u05d1\u05e6\u05e4\u05d5\u05df \u05d9\u05dd \u05d4\u05de\u05dc\u05d7, \u05d4\u05d1\u05e8\u05d9\u05db\u05d4 \u05d4\u05d9\u05e8\u05d5\u05e7\u05d4 \u05d5\u05d4\u05d1\u05e8\u05d9\u05db\u05d4 \u05d4\u05d5\u05d5\u05e8\u05d5\u05d3\u05d4, \u05e9\u05d7\u05d9\u05d4 (\u05d0\u05e4\u05e9\u05e8\u05d5\u05ea) \u05d1\u05de\u05e2\u05d9\u05d9\u05e0\u05d5\u05ea \u05de\u05d9\u05dd \u05d7\u05d9\u05d9\u05dd \u05d1\u05d1\u05e8\u05d9\u05db\u05d5\u05ea \u05d5\u05e0\u05d7\u05dc\u05d9\u05dd \u05e2\u05d3 \u05d9\u05dd \u05d4\u05de\u05dc\u05d7.<\/p>","protected":false},"author":27,"featured_media":14752,"template":"","meta":{"_acf_changed":false,"_wp_rev_ctl_limit":""},"tour_area":[99],"tour_days":[],"goto_type":[119],"tour_type":[],"supported-language":[68,67],"product_cat":[214],"product_tag":[],"activity_combo":[217,152],"class_list":{"0":"post-12977","1":"product","2":"type-product","3":"status-publish","4":"has-post-thumbnail","6":"tour_area-south","7":"goto_type-tours","8":"supported-language-english","9":"supported-language-hebrew","10":"product_cat-dead-sea","11":"activity_combo-dead-sea","12":"activity_combo-israel","14":"first","15":"instock","16":"shipping-taxable","17":"purchasable","18":"product-type-simple"},"acf":[],"yoast_head":"<!-- This site is optimized with the Yoast SEO plugin v27.4 - https:\/\/yoast.com\/product\/yoast-seo-wordpress\/ -->\n<title>\u05d8\u05d9\u05d5\u05dc &quot;\u05d1\u05d5\u05dc\u05e2\u05e0\u05d9\u05dd, \u05d9\u05d4\u05dc\u05d5\u05de\u05d9\u05dd \u05d5\u05de\u05d9\u05e0\u05e8\u05dc\u05d9\u05dd&quot; \u05d1\u05e6\u05e4\u05d5\u05df \u05d9\u05dd \u05d4\u05de\u05dc\u05d7.<\/title>\n<meta name=\"description\" content=\"\u05d4\u05de\u05d3\u05d4\u05d9\u05dd \u05d4\u05d5\u05d0, \u05e9\u05d4\u05e1\u05d9\u05d5\u05e8 \u05d4\u05d5\u05d0 \u05d1\u05d0\u05d9\u05d6\u05d5\u05e8 \u05e9\u05dc\u05e4\u05e0\u05d9 60 \u2013 50 \u05e9\u05e0\u05d4 \u05d4\u05d9\u05d4 \u05d1\u05d5 \u05d9\u05dd, \u05db\u05db\u05d4 \u05e9\u05d6\u05d5\u05db\u05d9\u05dd \u05dc\u05d7\u05d5\u05d5\u05d9\u05d4 \u05de\u05d3\u05d4\u05d9\u05de\u05d4 \u05e9\u05dc \u05dc\u05e8\u05d0\u05d5\u05ea \u05ea\u05d5\u05e4\u05e2\u05d5\u05ea \u05d4\u05de\u05d9\u05dd \u05e9\u05d4\u05d9\u05d5 \u05d1\u05d0\u05d9\u05d6\u05d5\u05e8, \u05d1\u05e1\u05d5\u05d2 \u05e9\u05dc \u05e1\u05d9\u05d5\u05e8 \u05db\u05d0\u05d9\u05dc\u05d5 \u05d1\u05ea\u05d5\u05da \u05d4\u05d0\u05d3\u05de\u05d4.\" \/>\n<meta name=\"robots\" content=\"index, follow, max-snippet:-1, max-image-preview:large, max-video-preview:-1\" \/>\n<link rel=\"canonical\" href=\"https:\/\/goguided.tours\/es\/goto\/excursion-a-los-sumideros-del-mar-muerto\/\" \/>\n<meta property=\"og:locale\" content=\"es_ES\" \/>\n<meta property=\"og:type\" content=\"article\" \/>\n<meta property=\"og:title\" content=\"\u05d8\u05d9\u05d5\u05dc &quot;\u05d1\u05d5\u05dc\u05e2\u05e0\u05d9\u05dd, \u05d9\u05d4\u05dc\u05d5\u05de\u05d9\u05dd \u05d5\u05de\u05d9\u05e0\u05e8\u05dc\u05d9\u05dd&quot; \u05d1\u05e6\u05e4\u05d5\u05df \u05d9\u05dd \u05d4\u05de\u05dc\u05d7.\" \/>\n<meta property=\"og:description\" content=\"\u05d4\u05de\u05d3\u05d4\u05d9\u05dd \u05d4\u05d5\u05d0, \u05e9\u05d4\u05e1\u05d9\u05d5\u05e8 \u05d4\u05d5\u05d0 \u05d1\u05d0\u05d9\u05d6\u05d5\u05e8 \u05e9\u05dc\u05e4\u05e0\u05d9 60 \u2013 50 \u05e9\u05e0\u05d4 \u05d4\u05d9\u05d4 \u05d1\u05d5 \u05d9\u05dd, \u05db\u05db\u05d4 \u05e9\u05d6\u05d5\u05db\u05d9\u05dd \u05dc\u05d7\u05d5\u05d5\u05d9\u05d4 \u05de\u05d3\u05d4\u05d9\u05de\u05d4 \u05e9\u05dc \u05dc\u05e8\u05d0\u05d5\u05ea \u05ea\u05d5\u05e4\u05e2\u05d5\u05ea \u05d4\u05de\u05d9\u05dd \u05e9\u05d4\u05d9\u05d5 \u05d1\u05d0\u05d9\u05d6\u05d5\u05e8, \u05d1\u05e1\u05d5\u05d2 \u05e9\u05dc \u05e1\u05d9\u05d5\u05e8 \u05db\u05d0\u05d9\u05dc\u05d5 \u05d1\u05ea\u05d5\u05da \u05d4\u05d0\u05d3\u05de\u05d4.\" \/>\n<meta property=\"og:url\" content=\"https:\/\/goguided.tours\/es\/goto\/excursion-a-los-sumideros-del-mar-muerto\/\" \/>\n<meta property=\"og:site_name\" content=\"Go Guided\" \/>\n<meta property=\"article:publisher\" content=\"https:\/\/www.facebook.com\/profile.php?id=61556958375391\" \/>\n<meta property=\"article:modified_time\" content=\"2026-04-06T17:04:38+00:00\" \/>\n<meta property=\"og:image\" content=\"https:\/\/goguided.tours\/wp-content\/uploads\/2025\/05\/A-tour-of-sinkholes-in-the-Dead-Sea-11-1.jpg\" \/>\n\t<meta property=\"og:image:width\" content=\"809\" \/>\n\t<meta property=\"og:image:height\" content=\"455\" \/>\n\t<meta property=\"og:image:type\" content=\"image\/jpeg\" \/>\n<meta name=\"twitter:card\" content=\"summary_large_image\" \/>\n<meta name=\"twitter:label1\" content=\"Tiempo de lectura\" \/>\n\t<meta name=\"twitter:data1\" content=\"1 minuto\" \/>\n<script type=\"application\/ld+json\" class=\"yoast-schema-graph\">{\"@context\":\"https:\\\/\\\/schema.org\",\"@graph\":[{\"@type\":\"WebPage\",\"@id\":\"https:\\\/\\\/goguided.tours\\\/goto\\\/dead-sea-sinkholes-tour\\\/\",\"url\":\"https:\\\/\\\/goguided.tours\\\/goto\\\/dead-sea-sinkholes-tour\\\/\",\"name\":\"\u05d8\u05d9\u05d5\u05dc \\\"\u05d1\u05d5\u05dc\u05e2\u05e0\u05d9\u05dd, \u05d9\u05d4\u05dc\u05d5\u05de\u05d9\u05dd \u05d5\u05de\u05d9\u05e0\u05e8\u05dc\u05d9\u05dd\\\" \u05d1\u05e6\u05e4\u05d5\u05df \u05d9\u05dd \u05d4\u05de\u05dc\u05d7.\",\"isPartOf\":{\"@id\":\"https:\\\/\\\/goguided.tours\\\/#website\"},\"primaryImageOfPage\":{\"@id\":\"https:\\\/\\\/goguided.tours\\\/goto\\\/dead-sea-sinkholes-tour\\\/#primaryimage\"},\"image\":{\"@id\":\"https:\\\/\\\/goguided.tours\\\/goto\\\/dead-sea-sinkholes-tour\\\/#primaryimage\"},\"thumbnailUrl\":\"https:\\\/\\\/goguided.tours\\\/wp-content\\\/uploads\\\/2025\\\/05\\\/A-tour-of-sinkholes-in-the-Dead-Sea-11.jpg\",\"datePublished\":\"2025-05-25T10:33:39+00:00\",\"dateModified\":\"2026-04-06T17:04:38+00:00\",\"description\":\"\u05d4\u05de\u05d3\u05d4\u05d9\u05dd \u05d4\u05d5\u05d0, \u05e9\u05d4\u05e1\u05d9\u05d5\u05e8 \u05d4\u05d5\u05d0 \u05d1\u05d0\u05d9\u05d6\u05d5\u05e8 \u05e9\u05dc\u05e4\u05e0\u05d9 60 \u2013 50 \u05e9\u05e0\u05d4 \u05d4\u05d9\u05d4 \u05d1\u05d5 \u05d9\u05dd, \u05db\u05db\u05d4 \u05e9\u05d6\u05d5\u05db\u05d9\u05dd \u05dc\u05d7\u05d5\u05d5\u05d9\u05d4 \u05de\u05d3\u05d4\u05d9\u05de\u05d4 \u05e9\u05dc \u05dc\u05e8\u05d0\u05d5\u05ea \u05ea\u05d5\u05e4\u05e2\u05d5\u05ea \u05d4\u05de\u05d9\u05dd \u05e9\u05d4\u05d9\u05d5 \u05d1\u05d0\u05d9\u05d6\u05d5\u05e8, \u05d1\u05e1\u05d5\u05d2 \u05e9\u05dc \u05e1\u05d9\u05d5\u05e8 \u05db\u05d0\u05d9\u05dc\u05d5 \u05d1\u05ea\u05d5\u05da \u05d4\u05d0\u05d3\u05de\u05d4.\",\"breadcrumb\":{\"@id\":\"https:\\\/\\\/goguided.tours\\\/goto\\\/dead-sea-sinkholes-tour\\\/#breadcrumb\"},\"inLanguage\":\"es\",\"potentialAction\":[{\"@type\":\"ReadAction\",\"target\":[\"https:\\\/\\\/goguided.tours\\\/goto\\\/dead-sea-sinkholes-tour\\\/\"]}]},{\"@type\":\"ImageObject\",\"inLanguage\":\"es\",\"@id\":\"https:\\\/\\\/goguided.tours\\\/goto\\\/dead-sea-sinkholes-tour\\\/#primaryimage\",\"url\":\"https:\\\/\\\/goguided.tours\\\/wp-content\\\/uploads\\\/2025\\\/05\\\/A-tour-of-sinkholes-in-the-Dead-Sea-11.jpg\",\"contentUrl\":\"https:\\\/\\\/goguided.tours\\\/wp-content\\\/uploads\\\/2025\\\/05\\\/A-tour-of-sinkholes-in-the-Dead-Sea-11.jpg\",\"width\":809,\"height\":455,\"caption\":\"\u05e1\u05d9\u05d5\u05e8 \u05d1\u05d5\u05dc\u05e2\u05e0\u05d9\u05dd \u05d1\u05d9\u05dd \u05d4\u05de\u05dc\u05d7\"},{\"@type\":\"BreadcrumbList\",\"@id\":\"https:\\\/\\\/goguided.tours\\\/goto\\\/dead-sea-sinkholes-tour\\\/#breadcrumb\",\"itemListElement\":[{\"@type\":\"ListItem\",\"position\":1,\"name\":\"\u05d3\u05e3 \u05d4\u05d1\u05d9\u05ea\",\"item\":\"https:\\\/\\\/goguided.tours\\\/\"},{\"@type\":\"ListItem\",\"position\":2,\"name\":\"\u05db\u05dc \u05d4\u05e4\u05e2\u05d9\u05dc\u05d5\u05d9\u05d5\u05ea\",\"item\":\"https:\\\/\\\/goguided.tours\\\/shop\\\/\"},{\"@type\":\"ListItem\",\"position\":3,\"name\":\"\u05d8\u05d9\u05d5\u05dc &quot;\u05d1\u05d5\u05dc\u05e2\u05e0\u05d9\u05dd, \u05d9\u05d4\u05dc\u05d5\u05de\u05d9\u05dd \u05d5\u05de\u05d9\u05e0\u05e8\u05dc\u05d9\u05dd&quot; \u05d1\u05e6\u05e4\u05d5\u05df \u05d9\u05dd \u05d4\u05de\u05dc\u05d7.\"}]},{\"@type\":\"WebSite\",\"@id\":\"https:\\\/\\\/goguided.tours\\\/#website\",\"url\":\"https:\\\/\\\/goguided.tours\\\/\",\"name\":\"Go Guided\",\"description\":\"\",\"publisher\":{\"@id\":\"https:\\\/\\\/goguided.tours\\\/#organization\"},\"potentialAction\":[{\"@type\":\"SearchAction\",\"target\":{\"@type\":\"EntryPoint\",\"urlTemplate\":\"https:\\\/\\\/goguided.tours\\\/?s={search_term_string}\"},\"query-input\":{\"@type\":\"PropertyValueSpecification\",\"valueRequired\":true,\"valueName\":\"search_term_string\"}}],\"inLanguage\":\"es\"},{\"@type\":\"Organization\",\"@id\":\"https:\\\/\\\/goguided.tours\\\/#organization\",\"name\":\"GoGuided\",\"url\":\"https:\\\/\\\/goguided.tours\\\/\",\"logo\":{\"@type\":\"ImageObject\",\"inLanguage\":\"es\",\"@id\":\"https:\\\/\\\/goguided.tours\\\/#\\\/schema\\\/logo\\\/image\\\/\",\"url\":\"https:\\\/\\\/goguided.tours\\\/wp-content\\\/uploads\\\/2025\\\/05\\\/cropped-logo-guided.jpg\",\"contentUrl\":\"https:\\\/\\\/goguided.tours\\\/wp-content\\\/uploads\\\/2025\\\/05\\\/cropped-logo-guided.jpg\",\"width\":500,\"height\":143,\"caption\":\"GoGuided\"},\"image\":{\"@id\":\"https:\\\/\\\/goguided.tours\\\/#\\\/schema\\\/logo\\\/image\\\/\"},\"sameAs\":[\"https:\\\/\\\/www.facebook.com\\\/profile.php?id=61556958375391\",\"http:\\\/\\\/www.youtube.com\\\/@Guided-Tours\",\"https:\\\/\\\/www.instagram.com\\\/goguided.he\\\/\",\"https:\\\/\\\/www.tiktok.com\\\/@goguided.he\"]}]}<\/script>\n<!-- \/ Yoast SEO plugin. -->","yoast_head_json":{"title":"Excursi\u00f3n \"Sinkholes, diamantes y minerales\" en el norte del mar Muerto.","description":"Lo incre\u00edble es que el recorrido se realiza en una zona que hace 60 o 50 a\u00f1os era mar, por lo que se puede disfrutar de la incre\u00edble experiencia de ver los fen\u00f3menos acu\u00e1ticos que hab\u00eda en la zona, en una especie de recorrido por debajo de la tierra.","robots":{"index":"index","follow":"follow","max-snippet":"max-snippet:-1","max-image-preview":"max-image-preview:large","max-video-preview":"max-video-preview:-1"},"canonical":"https:\/\/goguided.tours\/es\/goto\/excursion-a-los-sumideros-del-mar-muerto\/","og_locale":"es_ES","og_type":"article","og_title":"\u05d8\u05d9\u05d5\u05dc \"\u05d1\u05d5\u05dc\u05e2\u05e0\u05d9\u05dd, \u05d9\u05d4\u05dc\u05d5\u05de\u05d9\u05dd \u05d5\u05de\u05d9\u05e0\u05e8\u05dc\u05d9\u05dd\" \u05d1\u05e6\u05e4\u05d5\u05df \u05d9\u05dd \u05d4\u05de\u05dc\u05d7.","og_description":"\u05d4\u05de\u05d3\u05d4\u05d9\u05dd \u05d4\u05d5\u05d0, \u05e9\u05d4\u05e1\u05d9\u05d5\u05e8 \u05d4\u05d5\u05d0 \u05d1\u05d0\u05d9\u05d6\u05d5\u05e8 \u05e9\u05dc\u05e4\u05e0\u05d9 60 \u2013 50 \u05e9\u05e0\u05d4 \u05d4\u05d9\u05d4 \u05d1\u05d5 \u05d9\u05dd, \u05db\u05db\u05d4 \u05e9\u05d6\u05d5\u05db\u05d9\u05dd \u05dc\u05d7\u05d5\u05d5\u05d9\u05d4 \u05de\u05d3\u05d4\u05d9\u05de\u05d4 \u05e9\u05dc \u05dc\u05e8\u05d0\u05d5\u05ea \u05ea\u05d5\u05e4\u05e2\u05d5\u05ea \u05d4\u05de\u05d9\u05dd \u05e9\u05d4\u05d9\u05d5 \u05d1\u05d0\u05d9\u05d6\u05d5\u05e8, \u05d1\u05e1\u05d5\u05d2 \u05e9\u05dc \u05e1\u05d9\u05d5\u05e8 \u05db\u05d0\u05d9\u05dc\u05d5 \u05d1\u05ea\u05d5\u05da \u05d4\u05d0\u05d3\u05de\u05d4.","og_url":"https:\/\/goguided.tours\/es\/goto\/excursion-a-los-sumideros-del-mar-muerto\/","og_site_name":"Go Guided","article_publisher":"https:\/\/www.facebook.com\/profile.php?id=61556958375391","article_modified_time":"2026-04-06T17:04:38+00:00","og_image":[{"width":809,"height":455,"url":"https:\/\/goguided.tours\/wp-content\/uploads\/2025\/05\/A-tour-of-sinkholes-in-the-Dead-Sea-11-1.jpg","type":"image\/jpeg"}],"twitter_card":"summary_large_image","twitter_misc":{"Tiempo de lectura":"1 minuto"},"schema":{"@context":"https:\/\/schema.org","@graph":[{"@type":"WebPage","@id":"https:\/\/goguided.tours\/goto\/dead-sea-sinkholes-tour\/","url":"https:\/\/goguided.tours\/goto\/dead-sea-sinkholes-tour\/","name":"Excursi\u00f3n \"Sinkholes, diamantes y minerales\" en el norte del mar Muerto.","isPartOf":{"@id":"https:\/\/goguided.tours\/#website"},"primaryImageOfPage":{"@id":"https:\/\/goguided.tours\/goto\/dead-sea-sinkholes-tour\/#primaryimage"},"image":{"@id":"https:\/\/goguided.tours\/goto\/dead-sea-sinkholes-tour\/#primaryimage"},"thumbnailUrl":"https:\/\/goguided.tours\/wp-content\/uploads\/2025\/05\/A-tour-of-sinkholes-in-the-Dead-Sea-11.jpg","datePublished":"2025-05-25T10:33:39+00:00","dateModified":"2026-04-06T17:04:38+00:00","description":"Lo incre\u00edble es que el recorrido se realiza en una zona que hace 60 o 50 a\u00f1os era mar, por lo que se puede disfrutar de la incre\u00edble experiencia de ver los fen\u00f3menos acu\u00e1ticos que hab\u00eda en la zona, en una especie de recorrido por debajo de la tierra.","breadcrumb":{"@id":"https:\/\/goguided.tours\/goto\/dead-sea-sinkholes-tour\/#breadcrumb"},"inLanguage":"es","potentialAction":[{"@type":"ReadAction","target":["https:\/\/goguided.tours\/goto\/dead-sea-sinkholes-tour\/"]}]},{"@type":"ImageObject","inLanguage":"es","@id":"https:\/\/goguided.tours\/goto\/dead-sea-sinkholes-tour\/#primaryimage","url":"https:\/\/goguided.tours\/wp-content\/uploads\/2025\/05\/A-tour-of-sinkholes-in-the-Dead-Sea-11.jpg","contentUrl":"https:\/\/goguided.tours\/wp-content\/uploads\/2025\/05\/A-tour-of-sinkholes-in-the-Dead-Sea-11.jpg","width":809,"height":455,"caption":"\u05e1\u05d9\u05d5\u05e8 \u05d1\u05d5\u05dc\u05e2\u05e0\u05d9\u05dd \u05d1\u05d9\u05dd \u05d4\u05de\u05dc\u05d7"},{"@type":"BreadcrumbList","@id":"https:\/\/goguided.tours\/goto\/dead-sea-sinkholes-tour\/#breadcrumb","itemListElement":[{"@type":"ListItem","position":1,"name":"\u05d3\u05e3 \u05d4\u05d1\u05d9\u05ea","item":"https:\/\/goguided.tours\/"},{"@type":"ListItem","position":2,"name":"\u05db\u05dc \u05d4\u05e4\u05e2\u05d9\u05dc\u05d5\u05d9\u05d5\u05ea","item":"https:\/\/goguided.tours\/shop\/"},{"@type":"ListItem","position":3,"name":"\u05d8\u05d9\u05d5\u05dc &quot;\u05d1\u05d5\u05dc\u05e2\u05e0\u05d9\u05dd, \u05d9\u05d4\u05dc\u05d5\u05de\u05d9\u05dd \u05d5\u05de\u05d9\u05e0\u05e8\u05dc\u05d9\u05dd&quot; \u05d1\u05e6\u05e4\u05d5\u05df \u05d9\u05dd \u05d4\u05de\u05dc\u05d7."}]},{"@type":"WebSite","@id":"https:\/\/goguided.tours\/#website","url":"https:\/\/goguided.tours\/","name":"Gu\u00eda Go","description":"","publisher":{"@id":"https:\/\/goguided.tours\/#organization"},"potentialAction":[{"@type":"SearchAction","target":{"@type":"EntryPoint","urlTemplate":"https:\/\/goguided.tours\/?s={search_term_string}"},"query-input":{"@type":"PropertyValueSpecification","valueRequired":true,"valueName":"search_term_string"}}],"inLanguage":"es"},{"@type":"Organization","@id":"https:\/\/goguided.tours\/#organization","name":"GoGuided","url":"https:\/\/goguided.tours\/","logo":{"@type":"ImageObject","inLanguage":"es","@id":"https:\/\/goguided.tours\/#\/schema\/logo\/image\/","url":"https:\/\/goguided.tours\/wp-content\/uploads\/2025\/05\/cropped-logo-guided.jpg","contentUrl":"https:\/\/goguided.tours\/wp-content\/uploads\/2025\/05\/cropped-logo-guided.jpg","width":500,"height":143,"caption":"GoGuided"},"image":{"@id":"https:\/\/goguided.tours\/#\/schema\/logo\/image\/"},"sameAs":["https:\/\/www.facebook.com\/profile.php?id=61556958375391","http:\/\/www.youtube.com\/@Guided-Tours","https:\/\/www.instagram.com\/goguided.he\/","https:\/\/www.tiktok.com\/@goguided.he"]}]}},"_links":{"self":[{"href":"https:\/\/goguided.tours\/es\/wp-json\/wp\/v2\/product\/12977","targetHints":{"allow":["GET"]}}],"collection":[{"href":"https:\/\/goguided.tours\/es\/wp-json\/wp\/v2\/product"}],"about":[{"href":"https:\/\/goguided.tours\/es\/wp-json\/wp\/v2\/types\/product"}],"author":[{"embeddable":true,"href":"https:\/\/goguided.tours\/es\/wp-json\/wp\/v2\/users\/27"}],"version-history":[{"count":4,"href":"https:\/\/goguided.tours\/es\/wp-json\/wp\/v2\/product\/12977\/revisions"}],"predecessor-version":[{"id":21004,"href":"https:\/\/goguided.tours\/es\/wp-json\/wp\/v2\/product\/12977\/revisions\/21004"}],"wp:featuredmedia":[{"embeddable":true,"href":"https:\/\/goguided.tours\/es\/wp-json\/wp\/v2\/media\/14752"}],"wp:attachment":[{"href":"https:\/\/goguided.tours\/es\/wp-json\/wp\/v2\/media?parent=12977"}],"wp:term":[{"taxonomy":"tour_area","embeddable":true,"href":"https:\/\/goguided.tours\/es\/wp-json\/wp\/v2\/tour_area?post=12977"},{"taxonomy":"tour_days","embeddable":true,"href":"https:\/\/goguided.tours\/es\/wp-json\/wp\/v2\/tour_days?post=12977"},{"taxonomy":"goto_type","embeddable":true,"href":"https:\/\/goguided.tours\/es\/wp-json\/wp\/v2\/goto_type?post=12977"},{"taxonomy":"tour_type","embeddable":true,"href":"https:\/\/goguided.tours\/es\/wp-json\/wp\/v2\/tour_type?post=12977"},{"taxonomy":"supported-language","embeddable":true,"href":"https:\/\/goguided.tours\/es\/wp-json\/wp\/v2\/supported-language?post=12977"},{"taxonomy":"product_cat","embeddable":true,"href":"https:\/\/goguided.tours\/es\/wp-json\/wp\/v2\/product_cat?post=12977"},{"taxonomy":"product_tag","embeddable":true,"href":"https:\/\/goguided.tours\/es\/wp-json\/wp\/v2\/product_tag?post=12977"},{"taxonomy":"activity_combo","embeddable":true,"href":"https:\/\/goguided.tours\/es\/wp-json\/wp\/v2\/activity_combo?post=12977"}],"curies":[{"name":"wp","href":"https:\/\/api.w.org\/{rel}","templated":true}]}}