{"id":12983,"date":"2025-05-25T13:33:39","date_gmt":"2025-05-25T10:33:39","guid":{"rendered":"https:\/\/goguided.tours\/?post_type=product&#038;p=12983"},"modified":"2026-04-10T12:23:58","modified_gmt":"2026-04-10T09:23:58","slug":"budapest-ezraider-tours","status":"publish","type":"product","link":"https:\/\/goguided.tours\/es\/goto\/budapest-ezraider-tours\/","title":{"rendered":"Recorrido en e-scooter por Budapest | Una actividad genial a tu ritmo"},"excerpt":{"rendered":"<div dir=\"auto\">\n<div dir=\"auto\"><strong>Visitas guiadas Easyrider en Budapest:<\/strong><\/div>\n<div dir=\"auto\"><\/div>\n<div dir=\"auto\"><strong>Una actividad experiencial que combina<\/strong>\u00a0<strong>Atracci\u00f3n \u00fanica<\/strong>Los recorridos de EZRaider son emocionantes a trav\u00e9s de callejones antiguos, enormes puentes y magn\u00edficos edificios, con paradas para tomar fotograf\u00edas incre\u00edbles, en los lugares m\u00e1s interesantes, alrededor del Castillo de Buda, el Basti\u00f3n de los Pescadores, la Iglesia de Mat\u00edas y m\u00e1s.<\/div>\n<div dir=\"auto\"><\/div>\n<div dir=\"auto\"><strong>Para Easyrider 4 ruedas<\/strong>\u00a0As\u00ed que puedes viajar de pie y sentado, y por lo tanto es\u00a0<strong>Una excelente soluci\u00f3n tambi\u00e9n para aquellos que tienen dificultad \/ que disfrutan caminando \/ que aman las atracciones.<\/strong> \u00a1Y las experiencias no convencionales!<\/div>\n<\/div>\n<div dir=\"auto\"><\/div>\n<div dir=\"auto\"><strong>Para familias con ni\u00f1os peque\u00f1os<\/strong>\u00a0\u05e0\u05d9\u05ea\u05df \u05dc\u05d4\u05d5\u05e1\u05d9\u05e3 \u05db\u05d9\u05e1\u05d0 \u05d9\u05d9\u05e2\u05d5\u05d3\u05d9, \u05e0\u05d5\u05d7 \u05d5\u05d1\u05d8\u05d5\u05d7 \u05dc\u05d4\u05e8\u05db\u05d1\u05ea \u05d4\u05d9\u05dc\u05d3.<\/div>","protected":false},"author":17,"featured_media":13926,"template":"","meta":{"_acf_changed":false,"_wp_rev_ctl_limit":""},"tour_area":[172],"tour_days":[252,256,253,250,251,254,255],"goto_type":[119],"tour_type":[100],"supported-language":[68,67],"product_cat":[66],"product_tag":[],"activity_combo":[160,159],"class_list":{"0":"post-12983","1":"product","2":"type-product","3":"status-publish","4":"has-post-thumbnail","6":"tour_area-in-the-city","7":"tour_days-thursday","8":"tour_days-sunday","9":"tour_days-wednesday","10":"tour_days-saturday","11":"tour_days-friday","12":"tour_days-tuesday","13":"tour_days-monday","14":"goto_type-tours","15":"tour_type-e-rides","16":"supported-language-english","17":"supported-language-hebrew","18":"product_cat-budapest","19":"activity_combo-budapest","20":"activity_combo-hungary","22":"first","23":"instock","24":"shipping-taxable","25":"purchasable","26":"product-type-simple"},"acf":[],"yoast_head":"<!-- This site is optimized with the Yoast SEO plugin v27.3 - https:\/\/yoast.com\/product\/yoast-seo-wordpress\/ -->\n<title>\u05e1\u05d9\u05d5\u05e8\u05d9 \u05d0\u05d9\u05d6\u05d9\u05e8\u05d9\u05d9\u05d3\u05e8 \u05d1\u05d1\u05d5\u05d3\u05e4\u05e9\u05d8 \u05d1\u05e2\u05d1\u05e8\u05d9\u05ea | \u05d0\u05d8\u05e8\u05e7\u05e6\u05d9\u05d4 \u05de\u05d2\u05e0\u05d9\u05d1\u05d4 \u05d1\u05e0\u05d5\u05d7\u05d5\u05ea \u05e9\u05dc\u05da!<\/title>\n<meta name=\"description\" content=\"\u05e1\u05d9\u05d5\u05e8 \u05d0\u05d9\u05d6\u05d9\u05e8\u05d9\u05d9\u05d3\u05e8 (4 \u05d2\u05dc\u05d2\u05dc\u05d9\u05dd, \u05db\u05db\u05d4 \u05e9\u05d4\u05db\u05d9 \u05e0\u05d5\u05d7 \u05d5\u05de\u05e2\u05d5\u05dc\u05d4 \u05dc\u05de\u05e9\u05e4\u05d7\u05d5\u05ea) \u05d1\u05d9\u05df \u05e1\u05de\u05d8\u05d0\u05d5\u05ea \u05e2\u05ea\u05d9\u05e7\u05d5\u05ea, \u05d2\u05e9\u05e8\u05d9 \u05e2\u05e0\u05e7 \u05d5\u05d1\u05e0\u05d9\u05d9\u05e0\u05d9\u05dd \u05de\u05e4\u05d5\u05d0\u05e8\u05d9\u05dd, \u05e2\u05e6\u05d9\u05e8\u05d5\u05ea \u05dc\u05ea\u05de\u05d5\u05e0\u05d5\u05ea \u05de\u05d3\u05d4\u05d9\u05de\u05d5\u05ea, \u05e1\u05d1\u05d9\u05d1 \u05d0\u05e8\u05de\u05d5\u05df \u05d1\u05d5\u05d3\u05d4, \u05d5\u05e2\u05d5\u05d3.\" \/>\n<meta name=\"robots\" content=\"index, follow, max-snippet:-1, max-image-preview:large, max-video-preview:-1\" \/>\n<link rel=\"canonical\" href=\"https:\/\/goguided.tours\/es\/goto\/budapest-ezraider-tours\/\" \/>\n<meta property=\"og:locale\" content=\"es_ES\" \/>\n<meta property=\"og:type\" content=\"article\" \/>\n<meta property=\"og:title\" content=\"\u05e1\u05d9\u05d5\u05e8\u05d9 \u05d0\u05d9\u05d6\u05d9\u05e8\u05d9\u05d9\u05d3\u05e8 \u05d1\u05d1\u05d5\u05d3\u05e4\u05e9\u05d8 \u05d1\u05e2\u05d1\u05e8\u05d9\u05ea | \u05d0\u05d8\u05e8\u05e7\u05e6\u05d9\u05d4 \u05de\u05d2\u05e0\u05d9\u05d1\u05d4 \u05d1\u05e0\u05d5\u05d7\u05d5\u05ea \u05e9\u05dc\u05da!\" \/>\n<meta property=\"og:description\" content=\"\u05e1\u05d9\u05d5\u05e8 \u05d0\u05d9\u05d6\u05d9\u05e8\u05d9\u05d9\u05d3\u05e8 (4 \u05d2\u05dc\u05d2\u05dc\u05d9\u05dd, \u05db\u05db\u05d4 \u05e9\u05d4\u05db\u05d9 \u05e0\u05d5\u05d7 \u05d5\u05de\u05e2\u05d5\u05dc\u05d4 \u05dc\u05de\u05e9\u05e4\u05d7\u05d5\u05ea) \u05d1\u05d9\u05df \u05e1\u05de\u05d8\u05d0\u05d5\u05ea \u05e2\u05ea\u05d9\u05e7\u05d5\u05ea, \u05d2\u05e9\u05e8\u05d9 \u05e2\u05e0\u05e7 \u05d5\u05d1\u05e0\u05d9\u05d9\u05e0\u05d9\u05dd \u05de\u05e4\u05d5\u05d0\u05e8\u05d9\u05dd, \u05e2\u05e6\u05d9\u05e8\u05d5\u05ea \u05dc\u05ea\u05de\u05d5\u05e0\u05d5\u05ea \u05de\u05d3\u05d4\u05d9\u05de\u05d5\u05ea, \u05e1\u05d1\u05d9\u05d1 \u05d0\u05e8\u05de\u05d5\u05df \u05d1\u05d5\u05d3\u05d4, \u05d5\u05e2\u05d5\u05d3.\" \/>\n<meta property=\"og:url\" content=\"https:\/\/goguided.tours\/es\/goto\/budapest-ezraider-tours\/\" \/>\n<meta property=\"og:site_name\" content=\"Go Guided\" \/>\n<meta property=\"article:publisher\" content=\"https:\/\/www.facebook.com\/profile.php?id=61556958375391\" \/>\n<meta property=\"article:modified_time\" content=\"2026-04-10T09:23:58+00:00\" \/>\n<meta property=\"og:image\" content=\"https:\/\/goguided.tours\/wp-content\/uploads\/2025\/05\/5d3694ae-5f1b-41e1-affe-e2067fd35ab6-1-1.jpg\" \/>\n\t<meta property=\"og:image:width\" content=\"752\" \/>\n\t<meta property=\"og:image:height\" content=\"564\" \/>\n\t<meta property=\"og:image:type\" content=\"image\/jpeg\" \/>\n<meta name=\"twitter:card\" content=\"summary_large_image\" \/>\n<meta name=\"twitter:label1\" content=\"Tiempo de lectura\" \/>\n\t<meta name=\"twitter:data1\" content=\"1 minuto\" \/>\n<script type=\"application\/ld+json\" class=\"yoast-schema-graph\">{\"@context\":\"https:\\\/\\\/schema.org\",\"@graph\":[{\"@type\":\"WebPage\",\"@id\":\"https:\\\/\\\/goguided.tours\\\/goto\\\/budapest-ezraider-tours\\\/\",\"url\":\"https:\\\/\\\/goguided.tours\\\/goto\\\/budapest-ezraider-tours\\\/\",\"name\":\"\u05e1\u05d9\u05d5\u05e8\u05d9 \u05d0\u05d9\u05d6\u05d9\u05e8\u05d9\u05d9\u05d3\u05e8 \u05d1\u05d1\u05d5\u05d3\u05e4\u05e9\u05d8 \u05d1\u05e2\u05d1\u05e8\u05d9\u05ea | \u05d0\u05d8\u05e8\u05e7\u05e6\u05d9\u05d4 \u05de\u05d2\u05e0\u05d9\u05d1\u05d4 \u05d1\u05e0\u05d5\u05d7\u05d5\u05ea \u05e9\u05dc\u05da!\",\"isPartOf\":{\"@id\":\"https:\\\/\\\/goguided.tours\\\/#website\"},\"primaryImageOfPage\":{\"@id\":\"https:\\\/\\\/goguided.tours\\\/goto\\\/budapest-ezraider-tours\\\/#primaryimage\"},\"image\":{\"@id\":\"https:\\\/\\\/goguided.tours\\\/goto\\\/budapest-ezraider-tours\\\/#primaryimage\"},\"thumbnailUrl\":\"https:\\\/\\\/goguided.tours\\\/wp-content\\\/uploads\\\/2025\\\/05\\\/2-1.jpg\",\"datePublished\":\"2025-05-25T10:33:39+00:00\",\"dateModified\":\"2026-04-10T09:23:58+00:00\",\"description\":\"\u05e1\u05d9\u05d5\u05e8 \u05d0\u05d9\u05d6\u05d9\u05e8\u05d9\u05d9\u05d3\u05e8 (4 \u05d2\u05dc\u05d2\u05dc\u05d9\u05dd, \u05db\u05db\u05d4 \u05e9\u05d4\u05db\u05d9 \u05e0\u05d5\u05d7 \u05d5\u05de\u05e2\u05d5\u05dc\u05d4 \u05dc\u05de\u05e9\u05e4\u05d7\u05d5\u05ea) \u05d1\u05d9\u05df \u05e1\u05de\u05d8\u05d0\u05d5\u05ea \u05e2\u05ea\u05d9\u05e7\u05d5\u05ea, \u05d2\u05e9\u05e8\u05d9 \u05e2\u05e0\u05e7 \u05d5\u05d1\u05e0\u05d9\u05d9\u05e0\u05d9\u05dd \u05de\u05e4\u05d5\u05d0\u05e8\u05d9\u05dd, \u05e2\u05e6\u05d9\u05e8\u05d5\u05ea \u05dc\u05ea\u05de\u05d5\u05e0\u05d5\u05ea \u05de\u05d3\u05d4\u05d9\u05de\u05d5\u05ea, \u05e1\u05d1\u05d9\u05d1 \u05d0\u05e8\u05de\u05d5\u05df \u05d1\u05d5\u05d3\u05d4, \u05d5\u05e2\u05d5\u05d3.\",\"breadcrumb\":{\"@id\":\"https:\\\/\\\/goguided.tours\\\/goto\\\/budapest-ezraider-tours\\\/#breadcrumb\"},\"inLanguage\":\"es\",\"potentialAction\":[{\"@type\":\"ReadAction\",\"target\":[\"https:\\\/\\\/goguided.tours\\\/goto\\\/budapest-ezraider-tours\\\/\"]}]},{\"@type\":\"ImageObject\",\"inLanguage\":\"es\",\"@id\":\"https:\\\/\\\/goguided.tours\\\/goto\\\/budapest-ezraider-tours\\\/#primaryimage\",\"url\":\"https:\\\/\\\/goguided.tours\\\/wp-content\\\/uploads\\\/2025\\\/05\\\/2-1.jpg\",\"contentUrl\":\"https:\\\/\\\/goguided.tours\\\/wp-content\\\/uploads\\\/2025\\\/05\\\/2-1.jpg\",\"width\":774,\"height\":516,\"caption\":\"\u05e1\u05d9\u05d5\u05e8\u05d9 \u05d0\u05d9\u05d6\u05d9\u05e8\u05d9\u05d9\u05d3\u05e8 \u05d1\u05d1\u05d5\u05d3\u05e4\u05e9\u05d8 - \u05e4\u05e1\u05dc \u05e1\u05d9\u05e1\u05d9 \u05d4\u05e0\u05e1\u05d9\u05db\u05d4\"},{\"@type\":\"BreadcrumbList\",\"@id\":\"https:\\\/\\\/goguided.tours\\\/goto\\\/budapest-ezraider-tours\\\/#breadcrumb\",\"itemListElement\":[{\"@type\":\"ListItem\",\"position\":1,\"name\":\"\u05d3\u05e3 \u05d4\u05d1\u05d9\u05ea\",\"item\":\"https:\\\/\\\/goguided.tours\\\/\"},{\"@type\":\"ListItem\",\"position\":2,\"name\":\"\u05db\u05dc \u05d4\u05e4\u05e2\u05d9\u05dc\u05d5\u05d9\u05d5\u05ea\",\"item\":\"https:\\\/\\\/goguided.tours\\\/shop\\\/\"},{\"@type\":\"ListItem\",\"position\":3,\"name\":\"\u05e1\u05d9\u05d5\u05e8 \u05d0\u05d9\u05d6\u05d9\u05e8\u05d9\u05d9\u05d3\u05e8 \u05d1\u05d1\u05d5\u05d3\u05e4\u05e9\u05d8 | \u05d0\u05d8\u05e8\u05e7\u05e6\u05d9\u05d4 \u05de\u05d2\u05e0\u05d9\u05d1\u05d4 \u05d1\u05e0\u05d5\u05d7\u05d5\u05ea \u05e9\u05dc\u05da\"}]},{\"@type\":\"WebSite\",\"@id\":\"https:\\\/\\\/goguided.tours\\\/#website\",\"url\":\"https:\\\/\\\/goguided.tours\\\/\",\"name\":\"Go Guided\",\"description\":\"\",\"publisher\":{\"@id\":\"https:\\\/\\\/goguided.tours\\\/#organization\"},\"potentialAction\":[{\"@type\":\"SearchAction\",\"target\":{\"@type\":\"EntryPoint\",\"urlTemplate\":\"https:\\\/\\\/goguided.tours\\\/?s={search_term_string}\"},\"query-input\":{\"@type\":\"PropertyValueSpecification\",\"valueRequired\":true,\"valueName\":\"search_term_string\"}}],\"inLanguage\":\"es\"},{\"@type\":\"Organization\",\"@id\":\"https:\\\/\\\/goguided.tours\\\/#organization\",\"name\":\"GoGuided\",\"url\":\"https:\\\/\\\/goguided.tours\\\/\",\"logo\":{\"@type\":\"ImageObject\",\"inLanguage\":\"es\",\"@id\":\"https:\\\/\\\/goguided.tours\\\/#\\\/schema\\\/logo\\\/image\\\/\",\"url\":\"https:\\\/\\\/goguided.tours\\\/wp-content\\\/uploads\\\/2025\\\/05\\\/cropped-logo-guided.jpg\",\"contentUrl\":\"https:\\\/\\\/goguided.tours\\\/wp-content\\\/uploads\\\/2025\\\/05\\\/cropped-logo-guided.jpg\",\"width\":500,\"height\":143,\"caption\":\"GoGuided\"},\"image\":{\"@id\":\"https:\\\/\\\/goguided.tours\\\/#\\\/schema\\\/logo\\\/image\\\/\"},\"sameAs\":[\"https:\\\/\\\/www.facebook.com\\\/profile.php?id=61556958375391\",\"http:\\\/\\\/www.youtube.com\\\/@Guided-Tours\",\"https:\\\/\\\/www.instagram.com\\\/goguided.he\\\/\",\"https:\\\/\\\/www.tiktok.com\\\/@goguided.he\"]}]}<\/script>\n<!-- \/ Yoast SEO plugin. -->","yoast_head_json":{"title":"Recorridos en Easy Rider por Budapest en espa\u00f1ol | \u00a1Una atracci\u00f3n genial a tu medida!","description":"Recorrido en Isuraider (4 ruedas, lo m\u00e1s c\u00f3modo y excelente para familias) entre callejuelas antiguas, puentes gigantescos y edificios majestuosos, paradas para tomar fotos incre\u00edbles, alrededor del Palacio de Buda y mucho m\u00e1s.","robots":{"index":"index","follow":"follow","max-snippet":"max-snippet:-1","max-image-preview":"max-image-preview:large","max-video-preview":"max-video-preview:-1"},"canonical":"https:\/\/goguided.tours\/es\/goto\/budapest-ezraider-tours\/","og_locale":"es_ES","og_type":"article","og_title":"\u05e1\u05d9\u05d5\u05e8\u05d9 \u05d0\u05d9\u05d6\u05d9\u05e8\u05d9\u05d9\u05d3\u05e8 \u05d1\u05d1\u05d5\u05d3\u05e4\u05e9\u05d8 \u05d1\u05e2\u05d1\u05e8\u05d9\u05ea | \u05d0\u05d8\u05e8\u05e7\u05e6\u05d9\u05d4 \u05de\u05d2\u05e0\u05d9\u05d1\u05d4 \u05d1\u05e0\u05d5\u05d7\u05d5\u05ea \u05e9\u05dc\u05da!","og_description":"\u05e1\u05d9\u05d5\u05e8 \u05d0\u05d9\u05d6\u05d9\u05e8\u05d9\u05d9\u05d3\u05e8 (4 \u05d2\u05dc\u05d2\u05dc\u05d9\u05dd, \u05db\u05db\u05d4 \u05e9\u05d4\u05db\u05d9 \u05e0\u05d5\u05d7 \u05d5\u05de\u05e2\u05d5\u05dc\u05d4 \u05dc\u05de\u05e9\u05e4\u05d7\u05d5\u05ea) \u05d1\u05d9\u05df \u05e1\u05de\u05d8\u05d0\u05d5\u05ea \u05e2\u05ea\u05d9\u05e7\u05d5\u05ea, \u05d2\u05e9\u05e8\u05d9 \u05e2\u05e0\u05e7 \u05d5\u05d1\u05e0\u05d9\u05d9\u05e0\u05d9\u05dd \u05de\u05e4\u05d5\u05d0\u05e8\u05d9\u05dd, \u05e2\u05e6\u05d9\u05e8\u05d5\u05ea \u05dc\u05ea\u05de\u05d5\u05e0\u05d5\u05ea \u05de\u05d3\u05d4\u05d9\u05de\u05d5\u05ea, \u05e1\u05d1\u05d9\u05d1 \u05d0\u05e8\u05de\u05d5\u05df \u05d1\u05d5\u05d3\u05d4, \u05d5\u05e2\u05d5\u05d3.","og_url":"https:\/\/goguided.tours\/es\/goto\/budapest-ezraider-tours\/","og_site_name":"Go Guided","article_publisher":"https:\/\/www.facebook.com\/profile.php?id=61556958375391","article_modified_time":"2026-04-10T09:23:58+00:00","og_image":[{"width":752,"height":564,"url":"https:\/\/goguided.tours\/wp-content\/uploads\/2025\/05\/5d3694ae-5f1b-41e1-affe-e2067fd35ab6-1-1.jpg","type":"image\/jpeg"}],"twitter_card":"summary_large_image","twitter_misc":{"Tiempo de lectura":"1 minuto"},"schema":{"@context":"https:\/\/schema.org","@graph":[{"@type":"WebPage","@id":"https:\/\/goguided.tours\/goto\/budapest-ezraider-tours\/","url":"https:\/\/goguided.tours\/goto\/budapest-ezraider-tours\/","name":"Recorridos en Easy Rider por Budapest en espa\u00f1ol | \u00a1Una atracci\u00f3n genial a tu medida!","isPartOf":{"@id":"https:\/\/goguided.tours\/#website"},"primaryImageOfPage":{"@id":"https:\/\/goguided.tours\/goto\/budapest-ezraider-tours\/#primaryimage"},"image":{"@id":"https:\/\/goguided.tours\/goto\/budapest-ezraider-tours\/#primaryimage"},"thumbnailUrl":"https:\/\/goguided.tours\/wp-content\/uploads\/2025\/05\/2-1.jpg","datePublished":"2025-05-25T10:33:39+00:00","dateModified":"2026-04-10T09:23:58+00:00","description":"Recorrido en Isuraider (4 ruedas, lo m\u00e1s c\u00f3modo y excelente para familias) entre callejuelas antiguas, puentes gigantescos y edificios majestuosos, paradas para tomar fotos incre\u00edbles, alrededor del Palacio de Buda y mucho m\u00e1s.","breadcrumb":{"@id":"https:\/\/goguided.tours\/goto\/budapest-ezraider-tours\/#breadcrumb"},"inLanguage":"es","potentialAction":[{"@type":"ReadAction","target":["https:\/\/goguided.tours\/goto\/budapest-ezraider-tours\/"]}]},{"@type":"ImageObject","inLanguage":"es","@id":"https:\/\/goguided.tours\/goto\/budapest-ezraider-tours\/#primaryimage","url":"https:\/\/goguided.tours\/wp-content\/uploads\/2025\/05\/2-1.jpg","contentUrl":"https:\/\/goguided.tours\/wp-content\/uploads\/2025\/05\/2-1.jpg","width":774,"height":516,"caption":"\u05e1\u05d9\u05d5\u05e8\u05d9 \u05d0\u05d9\u05d6\u05d9\u05e8\u05d9\u05d9\u05d3\u05e8 \u05d1\u05d1\u05d5\u05d3\u05e4\u05e9\u05d8 - \u05e4\u05e1\u05dc \u05e1\u05d9\u05e1\u05d9 \u05d4\u05e0\u05e1\u05d9\u05db\u05d4"},{"@type":"BreadcrumbList","@id":"https:\/\/goguided.tours\/goto\/budapest-ezraider-tours\/#breadcrumb","itemListElement":[{"@type":"ListItem","position":1,"name":"\u05d3\u05e3 \u05d4\u05d1\u05d9\u05ea","item":"https:\/\/goguided.tours\/"},{"@type":"ListItem","position":2,"name":"\u05db\u05dc \u05d4\u05e4\u05e2\u05d9\u05dc\u05d5\u05d9\u05d5\u05ea","item":"https:\/\/goguided.tours\/shop\/"},{"@type":"ListItem","position":3,"name":"\u05e1\u05d9\u05d5\u05e8 \u05d0\u05d9\u05d6\u05d9\u05e8\u05d9\u05d9\u05d3\u05e8 \u05d1\u05d1\u05d5\u05d3\u05e4\u05e9\u05d8 | \u05d0\u05d8\u05e8\u05e7\u05e6\u05d9\u05d4 \u05de\u05d2\u05e0\u05d9\u05d1\u05d4 \u05d1\u05e0\u05d5\u05d7\u05d5\u05ea \u05e9\u05dc\u05da"}]},{"@type":"WebSite","@id":"https:\/\/goguided.tours\/#website","url":"https:\/\/goguided.tours\/","name":"Gu\u00eda Go","description":"","publisher":{"@id":"https:\/\/goguided.tours\/#organization"},"potentialAction":[{"@type":"SearchAction","target":{"@type":"EntryPoint","urlTemplate":"https:\/\/goguided.tours\/?s={search_term_string}"},"query-input":{"@type":"PropertyValueSpecification","valueRequired":true,"valueName":"search_term_string"}}],"inLanguage":"es"},{"@type":"Organization","@id":"https:\/\/goguided.tours\/#organization","name":"GoGuided","url":"https:\/\/goguided.tours\/","logo":{"@type":"ImageObject","inLanguage":"es","@id":"https:\/\/goguided.tours\/#\/schema\/logo\/image\/","url":"https:\/\/goguided.tours\/wp-content\/uploads\/2025\/05\/cropped-logo-guided.jpg","contentUrl":"https:\/\/goguided.tours\/wp-content\/uploads\/2025\/05\/cropped-logo-guided.jpg","width":500,"height":143,"caption":"GoGuided"},"image":{"@id":"https:\/\/goguided.tours\/#\/schema\/logo\/image\/"},"sameAs":["https:\/\/www.facebook.com\/profile.php?id=61556958375391","http:\/\/www.youtube.com\/@Guided-Tours","https:\/\/www.instagram.com\/goguided.he\/","https:\/\/www.tiktok.com\/@goguided.he"]}]}},"_links":{"self":[{"href":"https:\/\/goguided.tours\/es\/wp-json\/wp\/v2\/product\/12983","targetHints":{"allow":["GET"]}}],"collection":[{"href":"https:\/\/goguided.tours\/es\/wp-json\/wp\/v2\/product"}],"about":[{"href":"https:\/\/goguided.tours\/es\/wp-json\/wp\/v2\/types\/product"}],"author":[{"embeddable":true,"href":"https:\/\/goguided.tours\/es\/wp-json\/wp\/v2\/users\/17"}],"version-history":[{"count":33,"href":"https:\/\/goguided.tours\/es\/wp-json\/wp\/v2\/product\/12983\/revisions"}],"predecessor-version":[{"id":21187,"href":"https:\/\/goguided.tours\/es\/wp-json\/wp\/v2\/product\/12983\/revisions\/21187"}],"wp:featuredmedia":[{"embeddable":true,"href":"https:\/\/goguided.tours\/es\/wp-json\/wp\/v2\/media\/13926"}],"wp:attachment":[{"href":"https:\/\/goguided.tours\/es\/wp-json\/wp\/v2\/media?parent=12983"}],"wp:term":[{"taxonomy":"tour_area","embeddable":true,"href":"https:\/\/goguided.tours\/es\/wp-json\/wp\/v2\/tour_area?post=12983"},{"taxonomy":"tour_days","embeddable":true,"href":"https:\/\/goguided.tours\/es\/wp-json\/wp\/v2\/tour_days?post=12983"},{"taxonomy":"goto_type","embeddable":true,"href":"https:\/\/goguided.tours\/es\/wp-json\/wp\/v2\/goto_type?post=12983"},{"taxonomy":"tour_type","embeddable":true,"href":"https:\/\/goguided.tours\/es\/wp-json\/wp\/v2\/tour_type?post=12983"},{"taxonomy":"supported-language","embeddable":true,"href":"https:\/\/goguided.tours\/es\/wp-json\/wp\/v2\/supported-language?post=12983"},{"taxonomy":"product_cat","embeddable":true,"href":"https:\/\/goguided.tours\/es\/wp-json\/wp\/v2\/product_cat?post=12983"},{"taxonomy":"product_tag","embeddable":true,"href":"https:\/\/goguided.tours\/es\/wp-json\/wp\/v2\/product_tag?post=12983"},{"taxonomy":"activity_combo","embeddable":true,"href":"https:\/\/goguided.tours\/es\/wp-json\/wp\/v2\/activity_combo?post=12983"}],"curies":[{"name":"wp","href":"https:\/\/api.w.org\/{rel}","templated":true}]}}