{"id":12991,"date":"2025-05-25T13:33:39","date_gmt":"2025-05-25T10:33:39","guid":{"rendered":"https:\/\/goguided.tours\/?post_type=product&#038;p=12991"},"modified":"2025-08-17T14:26:39","modified_gmt":"2025-08-17T11:26:39","slug":"visita-semiguiada-a-tesalonica","status":"publish","type":"product","link":"https:\/\/goguided.tours\/es\/goto\/semi-guided-thessaloniki-tour\/","title":{"rendered":"Viaje semiorganizado a Tesal\u00f3nica"},"excerpt":{"rendered":"<p><strong>\u00bfSue\u00f1as con unas aut\u00e9nticas vacaciones griegas?<\/strong><br \/>\n<strong>\u00a1Acomp\u00e1\u00f1anos a disfrutar de unos d\u00edas m\u00e1gicos en Grecia con Shimon Parnas!<\/strong><\/p>\n<p>Cuatro d\u00edas de actividades fascinantes y divertidas organizadas por Shimon Parnas, una conocida personalidad de la radio y la televisi\u00f3n y un gran amante de Grecia.<br \/>\n<strong>16\/09\/2024 \u2013 13\/09\/2024, de viernes a lunes.<\/strong><br \/>\n* Usted reserva su vuelo y hotel por separado. Frans solo se encarga del traslado de las actividades.<br \/>\n** Ya est\u00e1 abierta la inscripci\u00f3n para el viaje de noviembre con Frans. <span style=\"text-decoration: underline;\">Tambi\u00e9n en Atenas<\/span>De mi\u00e9rcoles a lunes, entre el 18 y el 13 de noviembre. \ud83d\uddd3<\/p>\n<p>&nbsp;<\/p>\n<p style=\"text-align: right;\"><strong>En un escenario de Tesal\u00f3nica:<\/strong><br \/>\n\u2705Glicaria \u2705Stelios Dionisio \u2705Peggy Zina \u2705Kostas Macadounas \u2705Papadopoulos Pizza \u2705Christos Nikolopoulos<br \/>\n\u00bfCu\u00e1ndo fue la \u00faltima vez que viste tantas estrellas griegas en un mismo escenario?<br \/>\n<strong>Una gran celebraci\u00f3n griega: El compositor y maestro del bouzouki, Christos Nikolopoulos, celebrar\u00e1 60 a\u00f1os de actividad musical con un concierto especial en Tesal\u00f3nica junto a un elenco estelar.<\/strong> Quienes vienen a cantar en su honor.<br \/>\nEl programa forma parte de un aut\u00e9ntico fin de semana griego que tendr\u00e1 lugar en Sal\u00f3nica, organizado por el periodista y presentador Shimon Parnas.<\/p>\n<p><strong>Adem\u00e1s del gran espect\u00e1culo griego al que os llevar\u00e1 Shimon Parnas, el programa en Tesal\u00f3nica incluye un tour de degustaci\u00f3n, un recorrido por la juder\u00eda de Tesal\u00f3nica, un tour musical, una fascinante conferencia sobre los grandes amantes de la m\u00fasica griega y concluiremos las vacaciones con una velada en una taberna animada por Shimon Parnas.<\/strong><\/p>\n<p>\u00a1Una oportunidad \u00fanica en la vida para experimentar la aut\u00e9ntica Grecia!<\/p>","protected":false},"author":12,"featured_media":14747,"template":"","meta":{"_acf_changed":false,"_wp_rev_ctl_limit":""},"tour_area":[],"tour_days":[],"goto_type":[119],"tour_type":[],"supported-language":[67],"product_cat":[15],"product_tag":[],"activity_combo":[156],"class_list":{"0":"post-12991","1":"product","2":"type-product","3":"status-publish","4":"has-post-thumbnail","6":"goto_type-tours","7":"supported-language-hebrew","8":"product_cat-uncategorized","9":"activity_combo-uncategorized","11":"first","12":"instock","13":"shipping-taxable","14":"purchasable","15":"product-type-simple"},"acf":[],"yoast_head":"<!-- This site is optimized with the Yoast SEO plugin v27.4 - https:\/\/yoast.com\/product\/yoast-seo-wordpress\/ -->\n<title>\u05d8\u05d9\u05d5\u05dc \u05d7\u05e6\u05d9 \u05de\u05d0\u05d5\u05e8\u05d2\u05df \u05dc\u05e1\u05dc\u05d5\u05e0\u05d9\u05e7\u05d9 \u05d1\u05d4\u05e0\u05d7\u05d9\u05d9\u05ea \u05e9\u05de\u05e2\u05d5\u05df \u05e4\u05e8\u05e0\u05e1! \u05e9\u05d1\u05d5\u05e2 \u05d9\u05d5\u05d5\u05e0\u05d9 \u05e7\u05e1\u05d5\u05dd<\/title>\n<meta name=\"description\" content=\"\u05e9\u05d1\u05d5\u05e2 \u05e9\u05dc \u05e4\u05e2\u05d9\u05dc\u05d5\u05d9\u05d5\u05ea \u05de\u05e8\u05ea\u05e7\u05d5\u05ea \u05d5\u05de\u05d9\u05d4\u05e0\u05d5\u05ea \u05e2\u05dd \u05e9\u05de\u05e2\u05d5\u05df \u05e4\u05e8\u05e0\u05e1 \u05d5\u05d7\u05d2\u05d9\u05d2\u05d4 \u05d9\u05d5\u05d5\u05e0\u05d9\u05ea \u05d2\u05d3\u05d5\u05dc\u05d4: \u05d4\u05de\u05dc\u05d7\u05d9\u05df \u05d5\u05d0\u05d5\u05de\u05df \u05d4\u05d1\u05d5\u05d6\u05d5\u05e7\u05d9, \u05db\u05e8\u05d9\u05e1\u05d8\u05d5\u05e1 \u05e0\u05d9\u05e7\u05d5\u05dc\u05d5\u05e4\u05d5\u05dc\u05d5\u05e1, \u05d9\u05d7\u05d2\u05d5\u05d2 60 \u05e9\u05e0\u05d5\u05ea \u05e4\u05e2\u05d9\u05dc\u05d5\u05ea go \u05e1\u05d5\u05dc\u05dc\u05ea \u05d4\u05db\u05d5\u05db\u05d1\u05d9\u05dd\" \/>\n<meta name=\"robots\" content=\"index, follow, max-snippet:-1, max-image-preview:large, max-video-preview:-1\" \/>\n<link rel=\"canonical\" href=\"https:\/\/goguided.tours\/es\/goto\/visita-semiguiada-a-tesalonica\/\" \/>\n<meta property=\"og:locale\" content=\"es_ES\" \/>\n<meta property=\"og:type\" content=\"article\" \/>\n<meta property=\"og:title\" content=\"\u05d8\u05d9\u05d5\u05dc \u05d7\u05e6\u05d9 \u05de\u05d0\u05d5\u05e8\u05d2\u05df \u05dc\u05e1\u05dc\u05d5\u05e0\u05d9\u05e7\u05d9 \u05d1\u05d4\u05e0\u05d7\u05d9\u05d9\u05ea \u05e9\u05de\u05e2\u05d5\u05df \u05e4\u05e8\u05e0\u05e1! \u05e9\u05d1\u05d5\u05e2 \u05d9\u05d5\u05d5\u05e0\u05d9 \u05e7\u05e1\u05d5\u05dd\" \/>\n<meta property=\"og:description\" content=\"\u05e9\u05d1\u05d5\u05e2 \u05e9\u05dc \u05e4\u05e2\u05d9\u05dc\u05d5\u05d9\u05d5\u05ea \u05de\u05e8\u05ea\u05e7\u05d5\u05ea \u05d5\u05de\u05d9\u05d4\u05e0\u05d5\u05ea \u05e2\u05dd \u05e9\u05de\u05e2\u05d5\u05df \u05e4\u05e8\u05e0\u05e1 \u05d5\u05d7\u05d2\u05d9\u05d2\u05d4 \u05d9\u05d5\u05d5\u05e0\u05d9\u05ea \u05d2\u05d3\u05d5\u05dc\u05d4: \u05d4\u05de\u05dc\u05d7\u05d9\u05df \u05d5\u05d0\u05d5\u05de\u05df \u05d4\u05d1\u05d5\u05d6\u05d5\u05e7\u05d9, \u05db\u05e8\u05d9\u05e1\u05d8\u05d5\u05e1 \u05e0\u05d9\u05e7\u05d5\u05dc\u05d5\u05e4\u05d5\u05dc\u05d5\u05e1, \u05d9\u05d7\u05d2\u05d5\u05d2 60 \u05e9\u05e0\u05d5\u05ea \u05e4\u05e2\u05d9\u05dc\u05d5\u05ea go \u05e1\u05d5\u05dc\u05dc\u05ea \u05d4\u05db\u05d5\u05db\u05d1\u05d9\u05dd\" \/>\n<meta property=\"og:url\" content=\"https:\/\/goguided.tours\/es\/goto\/visita-semiguiada-a-tesalonica\/\" \/>\n<meta property=\"og:site_name\" content=\"Go Guided\" \/>\n<meta property=\"article:publisher\" content=\"https:\/\/www.facebook.com\/profile.php?id=61556958375391\" \/>\n<meta property=\"article:modified_time\" content=\"2025-08-17T11:26:39+00:00\" \/>\n<meta property=\"og:image\" content=\"https:\/\/goguided.tours\/wp-content\/uploads\/2025\/05\/A-semi-organized-trip-in-Thessaloniki-16-1.jpg\" \/>\n\t<meta property=\"og:image:width\" content=\"1005\" \/>\n\t<meta property=\"og:image:height\" content=\"670\" \/>\n\t<meta property=\"og:image:type\" content=\"image\/jpeg\" \/>\n<meta name=\"twitter:card\" content=\"summary_large_image\" \/>\n<meta name=\"twitter:label1\" content=\"Tiempo de lectura\" \/>\n\t<meta name=\"twitter:data1\" content=\"1 minuto\" \/>\n<script type=\"application\/ld+json\" class=\"yoast-schema-graph\">{\"@context\":\"https:\\\/\\\/schema.org\",\"@graph\":[{\"@type\":\"WebPage\",\"@id\":\"https:\\\/\\\/goguided.tours\\\/goto\\\/semi-guided-thessaloniki-tour\\\/\",\"url\":\"https:\\\/\\\/goguided.tours\\\/goto\\\/semi-guided-thessaloniki-tour\\\/\",\"name\":\"\u05d8\u05d9\u05d5\u05dc \u05d7\u05e6\u05d9 \u05de\u05d0\u05d5\u05e8\u05d2\u05df \u05dc\u05e1\u05dc\u05d5\u05e0\u05d9\u05e7\u05d9 \u05d1\u05d4\u05e0\u05d7\u05d9\u05d9\u05ea \u05e9\u05de\u05e2\u05d5\u05df \u05e4\u05e8\u05e0\u05e1! \u05e9\u05d1\u05d5\u05e2 \u05d9\u05d5\u05d5\u05e0\u05d9 \u05e7\u05e1\u05d5\u05dd\",\"isPartOf\":{\"@id\":\"https:\\\/\\\/goguided.tours\\\/#website\"},\"primaryImageOfPage\":{\"@id\":\"https:\\\/\\\/goguided.tours\\\/goto\\\/semi-guided-thessaloniki-tour\\\/#primaryimage\"},\"image\":{\"@id\":\"https:\\\/\\\/goguided.tours\\\/goto\\\/semi-guided-thessaloniki-tour\\\/#primaryimage\"},\"thumbnailUrl\":\"https:\\\/\\\/goguided.tours\\\/wp-content\\\/uploads\\\/2025\\\/05\\\/Shimon-Farnes.jpg\",\"datePublished\":\"2025-05-25T10:33:39+00:00\",\"dateModified\":\"2025-08-17T11:26:39+00:00\",\"description\":\"\u05e9\u05d1\u05d5\u05e2 \u05e9\u05dc \u05e4\u05e2\u05d9\u05dc\u05d5\u05d9\u05d5\u05ea \u05de\u05e8\u05ea\u05e7\u05d5\u05ea \u05d5\u05de\u05d9\u05d4\u05e0\u05d5\u05ea \u05e2\u05dd \u05e9\u05de\u05e2\u05d5\u05df \u05e4\u05e8\u05e0\u05e1 \u05d5\u05d7\u05d2\u05d9\u05d2\u05d4 \u05d9\u05d5\u05d5\u05e0\u05d9\u05ea \u05d2\u05d3\u05d5\u05dc\u05d4: \u05d4\u05de\u05dc\u05d7\u05d9\u05df \u05d5\u05d0\u05d5\u05de\u05df \u05d4\u05d1\u05d5\u05d6\u05d5\u05e7\u05d9, \u05db\u05e8\u05d9\u05e1\u05d8\u05d5\u05e1 \u05e0\u05d9\u05e7\u05d5\u05dc\u05d5\u05e4\u05d5\u05dc\u05d5\u05e1, \u05d9\u05d7\u05d2\u05d5\u05d2 60 \u05e9\u05e0\u05d5\u05ea \u05e4\u05e2\u05d9\u05dc\u05d5\u05ea go \u05e1\u05d5\u05dc\u05dc\u05ea \u05d4\u05db\u05d5\u05db\u05d1\u05d9\u05dd\",\"breadcrumb\":{\"@id\":\"https:\\\/\\\/goguided.tours\\\/goto\\\/semi-guided-thessaloniki-tour\\\/#breadcrumb\"},\"inLanguage\":\"es\",\"potentialAction\":[{\"@type\":\"ReadAction\",\"target\":[\"https:\\\/\\\/goguided.tours\\\/goto\\\/semi-guided-thessaloniki-tour\\\/\"]}]},{\"@type\":\"ImageObject\",\"inLanguage\":\"es\",\"@id\":\"https:\\\/\\\/goguided.tours\\\/goto\\\/semi-guided-thessaloniki-tour\\\/#primaryimage\",\"url\":\"https:\\\/\\\/goguided.tours\\\/wp-content\\\/uploads\\\/2025\\\/05\\\/Shimon-Farnes.jpg\",\"contentUrl\":\"https:\\\/\\\/goguided.tours\\\/wp-content\\\/uploads\\\/2025\\\/05\\\/Shimon-Farnes.jpg\",\"width\":604,\"height\":335,\"caption\":\"\u05e9\u05de\u05e2\u05d5\u05df \u05e4\u05e8\u05e0\u05e1 - \u05d8\u05d9\u05d5\u05dc \u05d7\u05e6\u05d9 \u05de\u05d0\u05d5\u05e8\u05d2\u05df \u05dc\u05e1\u05dc\u05d5\u05e0\u05d9\u05e7\u05d9\"},{\"@type\":\"BreadcrumbList\",\"@id\":\"https:\\\/\\\/goguided.tours\\\/goto\\\/semi-guided-thessaloniki-tour\\\/#breadcrumb\",\"itemListElement\":[{\"@type\":\"ListItem\",\"position\":1,\"name\":\"\u05d3\u05e3 \u05d4\u05d1\u05d9\u05ea\",\"item\":\"https:\\\/\\\/goguided.tours\\\/\"},{\"@type\":\"ListItem\",\"position\":2,\"name\":\"\u05db\u05dc \u05d4\u05e4\u05e2\u05d9\u05dc\u05d5\u05d9\u05d5\u05ea\",\"item\":\"https:\\\/\\\/goguided.tours\\\/shop\\\/\"},{\"@type\":\"ListItem\",\"position\":3,\"name\":\"\u05d8\u05d9\u05d5\u05dc \u05d7\u05e6\u05d9 \u05de\u05d0\u05d5\u05e8\u05d2\u05df \u05dc\u05e1\u05dc\u05d5\u05e0\u05d9\u05e7\u05d9\"}]},{\"@type\":\"WebSite\",\"@id\":\"https:\\\/\\\/goguided.tours\\\/#website\",\"url\":\"https:\\\/\\\/goguided.tours\\\/\",\"name\":\"Go Guided\",\"description\":\"\",\"publisher\":{\"@id\":\"https:\\\/\\\/goguided.tours\\\/#organization\"},\"potentialAction\":[{\"@type\":\"SearchAction\",\"target\":{\"@type\":\"EntryPoint\",\"urlTemplate\":\"https:\\\/\\\/goguided.tours\\\/?s={search_term_string}\"},\"query-input\":{\"@type\":\"PropertyValueSpecification\",\"valueRequired\":true,\"valueName\":\"search_term_string\"}}],\"inLanguage\":\"es\"},{\"@type\":\"Organization\",\"@id\":\"https:\\\/\\\/goguided.tours\\\/#organization\",\"name\":\"GoGuided\",\"url\":\"https:\\\/\\\/goguided.tours\\\/\",\"logo\":{\"@type\":\"ImageObject\",\"inLanguage\":\"es\",\"@id\":\"https:\\\/\\\/goguided.tours\\\/#\\\/schema\\\/logo\\\/image\\\/\",\"url\":\"https:\\\/\\\/goguided.tours\\\/wp-content\\\/uploads\\\/2025\\\/05\\\/cropped-logo-guided.jpg\",\"contentUrl\":\"https:\\\/\\\/goguided.tours\\\/wp-content\\\/uploads\\\/2025\\\/05\\\/cropped-logo-guided.jpg\",\"width\":500,\"height\":143,\"caption\":\"GoGuided\"},\"image\":{\"@id\":\"https:\\\/\\\/goguided.tours\\\/#\\\/schema\\\/logo\\\/image\\\/\"},\"sameAs\":[\"https:\\\/\\\/www.facebook.com\\\/profile.php?id=61556958375391\",\"http:\\\/\\\/www.youtube.com\\\/@Guided-Tours\",\"https:\\\/\\\/www.instagram.com\\\/goguided.he\\\/\",\"https:\\\/\\\/www.tiktok.com\\\/@goguided.he\"]}]}<\/script>\n<!-- \/ Yoast SEO plugin. -->","yoast_head_json":{"title":"\u00a1Viaje semi-organizado a Sal\u00f3nica con Shimon Peres como gu\u00eda! Una semana m\u00e1gica en Grecia.","description":"Una semana de actividades interesantes y divertidas con Shimon Peres y una gran fiesta griega: el compositor y artista de bouzouki, Christos Nikolopoulos, celebrar\u00e1 60 a\u00f1os de carrera. Go, bater\u00eda de las estrellas","robots":{"index":"index","follow":"follow","max-snippet":"max-snippet:-1","max-image-preview":"max-image-preview:large","max-video-preview":"max-video-preview:-1"},"canonical":"https:\/\/goguided.tours\/es\/goto\/visita-semiguiada-a-tesalonica\/","og_locale":"es_ES","og_type":"article","og_title":"\u05d8\u05d9\u05d5\u05dc \u05d7\u05e6\u05d9 \u05de\u05d0\u05d5\u05e8\u05d2\u05df \u05dc\u05e1\u05dc\u05d5\u05e0\u05d9\u05e7\u05d9 \u05d1\u05d4\u05e0\u05d7\u05d9\u05d9\u05ea \u05e9\u05de\u05e2\u05d5\u05df \u05e4\u05e8\u05e0\u05e1! \u05e9\u05d1\u05d5\u05e2 \u05d9\u05d5\u05d5\u05e0\u05d9 \u05e7\u05e1\u05d5\u05dd","og_description":"\u05e9\u05d1\u05d5\u05e2 \u05e9\u05dc \u05e4\u05e2\u05d9\u05dc\u05d5\u05d9\u05d5\u05ea \u05de\u05e8\u05ea\u05e7\u05d5\u05ea \u05d5\u05de\u05d9\u05d4\u05e0\u05d5\u05ea \u05e2\u05dd \u05e9\u05de\u05e2\u05d5\u05df \u05e4\u05e8\u05e0\u05e1 \u05d5\u05d7\u05d2\u05d9\u05d2\u05d4 \u05d9\u05d5\u05d5\u05e0\u05d9\u05ea \u05d2\u05d3\u05d5\u05dc\u05d4: \u05d4\u05de\u05dc\u05d7\u05d9\u05df \u05d5\u05d0\u05d5\u05de\u05df \u05d4\u05d1\u05d5\u05d6\u05d5\u05e7\u05d9, \u05db\u05e8\u05d9\u05e1\u05d8\u05d5\u05e1 \u05e0\u05d9\u05e7\u05d5\u05dc\u05d5\u05e4\u05d5\u05dc\u05d5\u05e1, \u05d9\u05d7\u05d2\u05d5\u05d2 60 \u05e9\u05e0\u05d5\u05ea \u05e4\u05e2\u05d9\u05dc\u05d5\u05ea go \u05e1\u05d5\u05dc\u05dc\u05ea \u05d4\u05db\u05d5\u05db\u05d1\u05d9\u05dd","og_url":"https:\/\/goguided.tours\/es\/goto\/visita-semiguiada-a-tesalonica\/","og_site_name":"Go Guided","article_publisher":"https:\/\/www.facebook.com\/profile.php?id=61556958375391","article_modified_time":"2025-08-17T11:26:39+00:00","og_image":[{"width":1005,"height":670,"url":"https:\/\/goguided.tours\/wp-content\/uploads\/2025\/05\/A-semi-organized-trip-in-Thessaloniki-16-1.jpg","type":"image\/jpeg"}],"twitter_card":"summary_large_image","twitter_misc":{"Tiempo de lectura":"1 minuto"},"schema":{"@context":"https:\/\/schema.org","@graph":[{"@type":"WebPage","@id":"https:\/\/goguided.tours\/goto\/semi-guided-thessaloniki-tour\/","url":"https:\/\/goguided.tours\/goto\/semi-guided-thessaloniki-tour\/","name":"\u00a1Viaje semi-organizado a Sal\u00f3nica con Shimon Peres como gu\u00eda! Una semana m\u00e1gica en Grecia.","isPartOf":{"@id":"https:\/\/goguided.tours\/#website"},"primaryImageOfPage":{"@id":"https:\/\/goguided.tours\/goto\/semi-guided-thessaloniki-tour\/#primaryimage"},"image":{"@id":"https:\/\/goguided.tours\/goto\/semi-guided-thessaloniki-tour\/#primaryimage"},"thumbnailUrl":"https:\/\/goguided.tours\/wp-content\/uploads\/2025\/05\/Shimon-Farnes.jpg","datePublished":"2025-05-25T10:33:39+00:00","dateModified":"2025-08-17T11:26:39+00:00","description":"Una semana de actividades interesantes y divertidas con Shimon Peres y una gran fiesta griega: el compositor y artista de bouzouki, Christos Nikolopoulos, celebrar\u00e1 60 a\u00f1os de carrera. Go, bater\u00eda de las estrellas","breadcrumb":{"@id":"https:\/\/goguided.tours\/goto\/semi-guided-thessaloniki-tour\/#breadcrumb"},"inLanguage":"es","potentialAction":[{"@type":"ReadAction","target":["https:\/\/goguided.tours\/goto\/semi-guided-thessaloniki-tour\/"]}]},{"@type":"ImageObject","inLanguage":"es","@id":"https:\/\/goguided.tours\/goto\/semi-guided-thessaloniki-tour\/#primaryimage","url":"https:\/\/goguided.tours\/wp-content\/uploads\/2025\/05\/Shimon-Farnes.jpg","contentUrl":"https:\/\/goguided.tours\/wp-content\/uploads\/2025\/05\/Shimon-Farnes.jpg","width":604,"height":335,"caption":"\u05e9\u05de\u05e2\u05d5\u05df \u05e4\u05e8\u05e0\u05e1 - \u05d8\u05d9\u05d5\u05dc \u05d7\u05e6\u05d9 \u05de\u05d0\u05d5\u05e8\u05d2\u05df \u05dc\u05e1\u05dc\u05d5\u05e0\u05d9\u05e7\u05d9"},{"@type":"BreadcrumbList","@id":"https:\/\/goguided.tours\/goto\/semi-guided-thessaloniki-tour\/#breadcrumb","itemListElement":[{"@type":"ListItem","position":1,"name":"\u05d3\u05e3 \u05d4\u05d1\u05d9\u05ea","item":"https:\/\/goguided.tours\/"},{"@type":"ListItem","position":2,"name":"\u05db\u05dc \u05d4\u05e4\u05e2\u05d9\u05dc\u05d5\u05d9\u05d5\u05ea","item":"https:\/\/goguided.tours\/shop\/"},{"@type":"ListItem","position":3,"name":"\u05d8\u05d9\u05d5\u05dc \u05d7\u05e6\u05d9 \u05de\u05d0\u05d5\u05e8\u05d2\u05df \u05dc\u05e1\u05dc\u05d5\u05e0\u05d9\u05e7\u05d9"}]},{"@type":"WebSite","@id":"https:\/\/goguided.tours\/#website","url":"https:\/\/goguided.tours\/","name":"Gu\u00eda Go","description":"","publisher":{"@id":"https:\/\/goguided.tours\/#organization"},"potentialAction":[{"@type":"SearchAction","target":{"@type":"EntryPoint","urlTemplate":"https:\/\/goguided.tours\/?s={search_term_string}"},"query-input":{"@type":"PropertyValueSpecification","valueRequired":true,"valueName":"search_term_string"}}],"inLanguage":"es"},{"@type":"Organization","@id":"https:\/\/goguided.tours\/#organization","name":"GoGuided","url":"https:\/\/goguided.tours\/","logo":{"@type":"ImageObject","inLanguage":"es","@id":"https:\/\/goguided.tours\/#\/schema\/logo\/image\/","url":"https:\/\/goguided.tours\/wp-content\/uploads\/2025\/05\/cropped-logo-guided.jpg","contentUrl":"https:\/\/goguided.tours\/wp-content\/uploads\/2025\/05\/cropped-logo-guided.jpg","width":500,"height":143,"caption":"GoGuided"},"image":{"@id":"https:\/\/goguided.tours\/#\/schema\/logo\/image\/"},"sameAs":["https:\/\/www.facebook.com\/profile.php?id=61556958375391","http:\/\/www.youtube.com\/@Guided-Tours","https:\/\/www.instagram.com\/goguided.he\/","https:\/\/www.tiktok.com\/@goguided.he"]}]}},"_links":{"self":[{"href":"https:\/\/goguided.tours\/es\/wp-json\/wp\/v2\/product\/12991","targetHints":{"allow":["GET"]}}],"collection":[{"href":"https:\/\/goguided.tours\/es\/wp-json\/wp\/v2\/product"}],"about":[{"href":"https:\/\/goguided.tours\/es\/wp-json\/wp\/v2\/types\/product"}],"author":[{"embeddable":true,"href":"https:\/\/goguided.tours\/es\/wp-json\/wp\/v2\/users\/12"}],"version-history":[{"count":0,"href":"https:\/\/goguided.tours\/es\/wp-json\/wp\/v2\/product\/12991\/revisions"}],"wp:featuredmedia":[{"embeddable":true,"href":"https:\/\/goguided.tours\/es\/wp-json\/wp\/v2\/media\/14747"}],"wp:attachment":[{"href":"https:\/\/goguided.tours\/es\/wp-json\/wp\/v2\/media?parent=12991"}],"wp:term":[{"taxonomy":"tour_area","embeddable":true,"href":"https:\/\/goguided.tours\/es\/wp-json\/wp\/v2\/tour_area?post=12991"},{"taxonomy":"tour_days","embeddable":true,"href":"https:\/\/goguided.tours\/es\/wp-json\/wp\/v2\/tour_days?post=12991"},{"taxonomy":"goto_type","embeddable":true,"href":"https:\/\/goguided.tours\/es\/wp-json\/wp\/v2\/goto_type?post=12991"},{"taxonomy":"tour_type","embeddable":true,"href":"https:\/\/goguided.tours\/es\/wp-json\/wp\/v2\/tour_type?post=12991"},{"taxonomy":"supported-language","embeddable":true,"href":"https:\/\/goguided.tours\/es\/wp-json\/wp\/v2\/supported-language?post=12991"},{"taxonomy":"product_cat","embeddable":true,"href":"https:\/\/goguided.tours\/es\/wp-json\/wp\/v2\/product_cat?post=12991"},{"taxonomy":"product_tag","embeddable":true,"href":"https:\/\/goguided.tours\/es\/wp-json\/wp\/v2\/product_tag?post=12991"},{"taxonomy":"activity_combo","embeddable":true,"href":"https:\/\/goguided.tours\/es\/wp-json\/wp\/v2\/activity_combo?post=12991"}],"curies":[{"name":"wp","href":"https:\/\/api.w.org\/{rel}","templated":true}]}}