{"id":12992,"date":"2025-05-25T13:33:39","date_gmt":"2025-05-25T10:33:39","guid":{"rendered":"https:\/\/goguided.tours\/?post_type=product&#038;p=12992"},"modified":"2026-04-10T18:47:28","modified_gmt":"2026-04-10T15:47:28","slug":"tour-gastronomico-por-napoles","status":"publish","type":"product","link":"https:\/\/goguided.tours\/es\/goto\/naples-food-tour\/","title":{"rendered":"Recorrido gastron\u00f3mico por N\u00e1poles | Con una gu\u00eda napolitana de pura cepa"},"excerpt":{"rendered":"<p style=\"direction: rtl;\">Damas y caballeros, si a\u00fan no han tenido la oportunidad de probar N\u00e1poles, perm\u00edtannos llevarlos a una experiencia \u00fanica y deliciosa, porque esto es N\u00e1poles. No solo es incre\u00edblemente deliciosa, sino que tiene una esencia c\u00e1lida y llega directo al coraz\u00f3n, as\u00ed, sin preguntar.<\/p>\n<p>Te llevaremos a descubrir los coloridos y deliciosos callejones de la ciudad m\u00e1s fascinante de Italia. Te prometemos que te dejar\u00e1 huella y despertar\u00e1 tu curiosidad por probar cada vez m\u00e1s.<\/p>\n<p>El recorrido es apto para personas curiosas y hambrientas, a las que se les da bien comer y caminar.<\/p>\n<p>El recorrido se realiza en el Barrio Espa\u00f1ol de N\u00e1poles. Si, como yo, eres al\u00e9rgico a las trampas para turistas, este es el tour perfecto para ti.<\/p>","protected":false},"author":19,"featured_media":13776,"template":"","meta":{"_acf_changed":false,"_wp_rev_ctl_limit":""},"tour_area":[],"tour_days":[],"goto_type":[119],"tour_type":[72],"supported-language":[68],"product_cat":[102],"product_tag":[],"activity_combo":[163,166],"class_list":{"0":"post-12992","1":"product","2":"type-product","3":"status-publish","4":"has-post-thumbnail","6":"goto_type-tours","7":"tour_type-food","8":"supported-language-english","9":"product_cat-napoli","10":"activity_combo-italy","11":"activity_combo-napoli","13":"first","14":"instock","15":"sold-individually","16":"shipping-taxable","17":"purchasable","18":"product-type-booking"},"acf":[],"yoast_head":"<!-- This site is optimized with the Yoast SEO plugin v27.4 - https:\/\/yoast.com\/product\/yoast-seo-wordpress\/ -->\n<title>\u05e1\u05d9\u05d5\u05e8 \u05e7\u05d5\u05dc\u05d9\u05e0\u05e8\u05d9 \u05d1\u05e0\u05d0\u05e4\u05d5\u05dc\u05d9 - \u05e2\u05dd \u05de\u05d3\u05e8\u05d9\u05db\u05d4 \u05e0\u05d0\u05e4\u05d5\u05dc\u05d9\u05d8\u05e0\u05d9\u05ea \u05d0\u05e1\u05dc\u05d9\u05ea!<\/title>\n<meta name=\"description\" content=\"\u05ea\u05e8\u05e9\u05d5 \u05dc\u05e0\u05d5 \u05dc\u05e7\u05d7\u05ea \u05d0\u05ea\u05db\u05dd \u05dc\u05d7\u05d5\u05d5\u05d9\u05d4 \u05d7\u05d3 \u05e4\u05e2\u05de\u05d9\u05ea \u05d5\u05d8\u05e2\u05d9\u05de\u05d4 \u05dc\u05d0\u05dc\u05dc\u05d4, \u05db\u05d9 \u05d6\u05d0\u05ea\u05d9 \u05e0\u05d0\u05e4\u05d5\u05dc\u05d9, \u05d4\u05d9\u05d0 \u05dc\u05d0 \u05e8\u05e7 \u05d8\u05e2\u05d9\u05de\u05d4 \u05d1\u05d8\u05d9\u05e8\u05d5\u05e3, \u05d4\u05d9\u05d0 \u05d9\u05e9 \u05dc\u05d4 \u05d3\u05dd \u05d7\u05dd \u05d5\u05d4\u05d9\u05d0 \u05e0\u05db\u05e0\u05e1\u05ea \u05d9\u05e9\u05e8 \u05dc\u05dc\u05d1, \u05db\u05db\u05d4, \u05d1\u05dc\u05d9 \u05dc\u05e9\u05d0\u05d5\u05dc...\" \/>\n<meta name=\"robots\" content=\"index, follow, max-snippet:-1, max-image-preview:large, max-video-preview:-1\" \/>\n<link rel=\"canonical\" href=\"https:\/\/goguided.tours\/es\/goto\/tour-gastronomico-por-napoles\/\" \/>\n<meta property=\"og:locale\" content=\"es_ES\" \/>\n<meta property=\"og:type\" content=\"article\" \/>\n<meta property=\"og:title\" content=\"\u05e1\u05d9\u05d5\u05e8 \u05e7\u05d5\u05dc\u05d9\u05e0\u05e8\u05d9 \u05d1\u05e0\u05d0\u05e4\u05d5\u05dc\u05d9 - \u05e2\u05dd \u05de\u05d3\u05e8\u05d9\u05db\u05d4 \u05e0\u05d0\u05e4\u05d5\u05dc\u05d9\u05d8\u05e0\u05d9\u05ea \u05d0\u05e1\u05dc\u05d9\u05ea!\" \/>\n<meta property=\"og:description\" content=\"\u05ea\u05e8\u05e9\u05d5 \u05dc\u05e0\u05d5 \u05dc\u05e7\u05d7\u05ea \u05d0\u05ea\u05db\u05dd \u05dc\u05d7\u05d5\u05d5\u05d9\u05d4 \u05d7\u05d3 \u05e4\u05e2\u05de\u05d9\u05ea \u05d5\u05d8\u05e2\u05d9\u05de\u05d4 \u05dc\u05d0\u05dc\u05dc\u05d4, \u05db\u05d9 \u05d6\u05d0\u05ea\u05d9 \u05e0\u05d0\u05e4\u05d5\u05dc\u05d9, \u05d4\u05d9\u05d0 \u05dc\u05d0 \u05e8\u05e7 \u05d8\u05e2\u05d9\u05de\u05d4 \u05d1\u05d8\u05d9\u05e8\u05d5\u05e3, \u05d4\u05d9\u05d0 \u05d9\u05e9 \u05dc\u05d4 \u05d3\u05dd \u05d7\u05dd \u05d5\u05d4\u05d9\u05d0 \u05e0\u05db\u05e0\u05e1\u05ea \u05d9\u05e9\u05e8 \u05dc\u05dc\u05d1, \u05db\u05db\u05d4, \u05d1\u05dc\u05d9 \u05dc\u05e9\u05d0\u05d5\u05dc...\" \/>\n<meta property=\"og:url\" content=\"https:\/\/goguided.tours\/es\/goto\/tour-gastronomico-por-napoles\/\" \/>\n<meta property=\"og:site_name\" content=\"Go Guided\" \/>\n<meta property=\"article:publisher\" content=\"https:\/\/www.facebook.com\/profile.php?id=61556958375391\" \/>\n<meta property=\"article:modified_time\" content=\"2026-04-10T15:47:28+00:00\" \/>\n<meta property=\"og:image\" content=\"https:\/\/goguided.tours\/wp-content\/uploads\/2025\/05\/Food-tour-in-Naples-2.jpg\" \/>\n\t<meta property=\"og:image:width\" content=\"473\" \/>\n\t<meta property=\"og:image:height\" content=\"842\" \/>\n\t<meta property=\"og:image:type\" content=\"image\/jpeg\" \/>\n<meta name=\"twitter:card\" content=\"summary_large_image\" \/>\n<meta name=\"twitter:label1\" content=\"Tiempo de lectura\" \/>\n\t<meta name=\"twitter:data1\" content=\"1 minuto\" \/>\n<script type=\"application\/ld+json\" class=\"yoast-schema-graph\">{\"@context\":\"https:\\\/\\\/schema.org\",\"@graph\":[{\"@type\":\"WebPage\",\"@id\":\"https:\\\/\\\/goguided.tours\\\/goto\\\/naples-food-tour\\\/\",\"url\":\"https:\\\/\\\/goguided.tours\\\/goto\\\/naples-food-tour\\\/\",\"name\":\"\u05e1\u05d9\u05d5\u05e8 \u05e7\u05d5\u05dc\u05d9\u05e0\u05e8\u05d9 \u05d1\u05e0\u05d0\u05e4\u05d5\u05dc\u05d9 - \u05e2\u05dd \u05de\u05d3\u05e8\u05d9\u05db\u05d4 \u05e0\u05d0\u05e4\u05d5\u05dc\u05d9\u05d8\u05e0\u05d9\u05ea \u05d0\u05e1\u05dc\u05d9\u05ea!\",\"isPartOf\":{\"@id\":\"https:\\\/\\\/goguided.tours\\\/#website\"},\"primaryImageOfPage\":{\"@id\":\"https:\\\/\\\/goguided.tours\\\/goto\\\/naples-food-tour\\\/#primaryimage\"},\"image\":{\"@id\":\"https:\\\/\\\/goguided.tours\\\/goto\\\/naples-food-tour\\\/#primaryimage\"},\"thumbnailUrl\":\"https:\\\/\\\/goguided.tours\\\/wp-content\\\/uploads\\\/2025\\\/05\\\/Food-tour-in-Naples-14.jpg\",\"datePublished\":\"2025-05-25T10:33:39+00:00\",\"dateModified\":\"2026-04-10T15:47:28+00:00\",\"description\":\"\u05ea\u05e8\u05e9\u05d5 \u05dc\u05e0\u05d5 \u05dc\u05e7\u05d7\u05ea \u05d0\u05ea\u05db\u05dd \u05dc\u05d7\u05d5\u05d5\u05d9\u05d4 \u05d7\u05d3 \u05e4\u05e2\u05de\u05d9\u05ea \u05d5\u05d8\u05e2\u05d9\u05de\u05d4 \u05dc\u05d0\u05dc\u05dc\u05d4, \u05db\u05d9 \u05d6\u05d0\u05ea\u05d9 \u05e0\u05d0\u05e4\u05d5\u05dc\u05d9, \u05d4\u05d9\u05d0 \u05dc\u05d0 \u05e8\u05e7 \u05d8\u05e2\u05d9\u05de\u05d4 \u05d1\u05d8\u05d9\u05e8\u05d5\u05e3, \u05d4\u05d9\u05d0 \u05d9\u05e9 \u05dc\u05d4 \u05d3\u05dd \u05d7\u05dd \u05d5\u05d4\u05d9\u05d0 \u05e0\u05db\u05e0\u05e1\u05ea \u05d9\u05e9\u05e8 \u05dc\u05dc\u05d1, \u05db\u05db\u05d4, \u05d1\u05dc\u05d9 \u05dc\u05e9\u05d0\u05d5\u05dc...\",\"breadcrumb\":{\"@id\":\"https:\\\/\\\/goguided.tours\\\/goto\\\/naples-food-tour\\\/#breadcrumb\"},\"inLanguage\":\"es\",\"potentialAction\":[{\"@type\":\"ReadAction\",\"target\":[\"https:\\\/\\\/goguided.tours\\\/goto\\\/naples-food-tour\\\/\"]}]},{\"@type\":\"ImageObject\",\"inLanguage\":\"es\",\"@id\":\"https:\\\/\\\/goguided.tours\\\/goto\\\/naples-food-tour\\\/#primaryimage\",\"url\":\"https:\\\/\\\/goguided.tours\\\/wp-content\\\/uploads\\\/2025\\\/05\\\/Food-tour-in-Naples-14.jpg\",\"contentUrl\":\"https:\\\/\\\/goguided.tours\\\/wp-content\\\/uploads\\\/2025\\\/05\\\/Food-tour-in-Naples-14.jpg\",\"width\":990,\"height\":1320,\"caption\":\"\u05e4\u05e8\u05d7 \u05e7\u05d9\u05e9\u05d5\u05d0 | \u05e1\u05d9\u05d5\u05e8 \u05d0\u05d5\u05db\u05dc \u05d1\u05e0\u05d0\u05e4\u05d5\u05dc\u05d9\"},{\"@type\":\"BreadcrumbList\",\"@id\":\"https:\\\/\\\/goguided.tours\\\/goto\\\/naples-food-tour\\\/#breadcrumb\",\"itemListElement\":[{\"@type\":\"ListItem\",\"position\":1,\"name\":\"\u05d3\u05e3 \u05d4\u05d1\u05d9\u05ea\",\"item\":\"https:\\\/\\\/goguided.tours\\\/\"},{\"@type\":\"ListItem\",\"position\":2,\"name\":\"\u05db\u05dc \u05d4\u05e4\u05e2\u05d9\u05dc\u05d5\u05d9\u05d5\u05ea\",\"item\":\"https:\\\/\\\/goguided.tours\\\/shop\\\/\"},{\"@type\":\"ListItem\",\"position\":3,\"name\":\"\u05e1\u05d9\u05d5\u05e8 \u05e7\u05d5\u05dc\u05d9\u05e0\u05e8\u05d9 \u05d1\u05e0\u05d0\u05e4\u05d5\u05dc\u05d9 | \u05e2\u05dd \u05de\u05d3\u05e8\u05d9\u05db\u05d4 \u05e0\u05d0\u05e4\u05d5\u05dc\u05d9\u05d8\u05e0\u05d9\u05ea \u05d0\u05e1\u05dc\u05d9\u05ea\"}]},{\"@type\":\"WebSite\",\"@id\":\"https:\\\/\\\/goguided.tours\\\/#website\",\"url\":\"https:\\\/\\\/goguided.tours\\\/\",\"name\":\"Go Guided\",\"description\":\"\",\"publisher\":{\"@id\":\"https:\\\/\\\/goguided.tours\\\/#organization\"},\"potentialAction\":[{\"@type\":\"SearchAction\",\"target\":{\"@type\":\"EntryPoint\",\"urlTemplate\":\"https:\\\/\\\/goguided.tours\\\/?s={search_term_string}\"},\"query-input\":{\"@type\":\"PropertyValueSpecification\",\"valueRequired\":true,\"valueName\":\"search_term_string\"}}],\"inLanguage\":\"es\"},{\"@type\":\"Organization\",\"@id\":\"https:\\\/\\\/goguided.tours\\\/#organization\",\"name\":\"GoGuided\",\"url\":\"https:\\\/\\\/goguided.tours\\\/\",\"logo\":{\"@type\":\"ImageObject\",\"inLanguage\":\"es\",\"@id\":\"https:\\\/\\\/goguided.tours\\\/#\\\/schema\\\/logo\\\/image\\\/\",\"url\":\"https:\\\/\\\/goguided.tours\\\/wp-content\\\/uploads\\\/2025\\\/05\\\/cropped-logo-guided.jpg\",\"contentUrl\":\"https:\\\/\\\/goguided.tours\\\/wp-content\\\/uploads\\\/2025\\\/05\\\/cropped-logo-guided.jpg\",\"width\":500,\"height\":143,\"caption\":\"GoGuided\"},\"image\":{\"@id\":\"https:\\\/\\\/goguided.tours\\\/#\\\/schema\\\/logo\\\/image\\\/\"},\"sameAs\":[\"https:\\\/\\\/www.facebook.com\\\/profile.php?id=61556958375391\",\"http:\\\/\\\/www.youtube.com\\\/@Guided-Tours\",\"https:\\\/\\\/www.instagram.com\\\/goguided.he\\\/\",\"https:\\\/\\\/www.tiktok.com\\\/@goguided.he\"]}]}<\/script>\n<!-- \/ Yoast SEO plugin. -->","yoast_head_json":{"title":"Tour gastron\u00f3mico por N\u00e1poles, con una gu\u00eda napolitana aut\u00e9ntica.","description":"Perm\u00edtanos llevarlo a una experiencia \u00fanica y deliciosa, porque esta napolitana no solo es incre\u00edblemente sabrosa, sino que tambi\u00e9n tiene sangre caliente y llega directamente al coraz\u00f3n, sin preguntar...","robots":{"index":"index","follow":"follow","max-snippet":"max-snippet:-1","max-image-preview":"max-image-preview:large","max-video-preview":"max-video-preview:-1"},"canonical":"https:\/\/goguided.tours\/es\/goto\/tour-gastronomico-por-napoles\/","og_locale":"es_ES","og_type":"article","og_title":"\u05e1\u05d9\u05d5\u05e8 \u05e7\u05d5\u05dc\u05d9\u05e0\u05e8\u05d9 \u05d1\u05e0\u05d0\u05e4\u05d5\u05dc\u05d9 - \u05e2\u05dd \u05de\u05d3\u05e8\u05d9\u05db\u05d4 \u05e0\u05d0\u05e4\u05d5\u05dc\u05d9\u05d8\u05e0\u05d9\u05ea \u05d0\u05e1\u05dc\u05d9\u05ea!","og_description":"\u05ea\u05e8\u05e9\u05d5 \u05dc\u05e0\u05d5 \u05dc\u05e7\u05d7\u05ea \u05d0\u05ea\u05db\u05dd \u05dc\u05d7\u05d5\u05d5\u05d9\u05d4 \u05d7\u05d3 \u05e4\u05e2\u05de\u05d9\u05ea \u05d5\u05d8\u05e2\u05d9\u05de\u05d4 \u05dc\u05d0\u05dc\u05dc\u05d4, \u05db\u05d9 \u05d6\u05d0\u05ea\u05d9 \u05e0\u05d0\u05e4\u05d5\u05dc\u05d9, \u05d4\u05d9\u05d0 \u05dc\u05d0 \u05e8\u05e7 \u05d8\u05e2\u05d9\u05de\u05d4 \u05d1\u05d8\u05d9\u05e8\u05d5\u05e3, \u05d4\u05d9\u05d0 \u05d9\u05e9 \u05dc\u05d4 \u05d3\u05dd \u05d7\u05dd \u05d5\u05d4\u05d9\u05d0 \u05e0\u05db\u05e0\u05e1\u05ea \u05d9\u05e9\u05e8 \u05dc\u05dc\u05d1, \u05db\u05db\u05d4, \u05d1\u05dc\u05d9 \u05dc\u05e9\u05d0\u05d5\u05dc...","og_url":"https:\/\/goguided.tours\/es\/goto\/tour-gastronomico-por-napoles\/","og_site_name":"Go Guided","article_publisher":"https:\/\/www.facebook.com\/profile.php?id=61556958375391","article_modified_time":"2026-04-10T15:47:28+00:00","og_image":[{"width":473,"height":842,"url":"https:\/\/goguided.tours\/wp-content\/uploads\/2025\/05\/Food-tour-in-Naples-2.jpg","type":"image\/jpeg"}],"twitter_card":"summary_large_image","twitter_misc":{"Tiempo de lectura":"1 minuto"},"schema":{"@context":"https:\/\/schema.org","@graph":[{"@type":"WebPage","@id":"https:\/\/goguided.tours\/goto\/naples-food-tour\/","url":"https:\/\/goguided.tours\/goto\/naples-food-tour\/","name":"Tour gastron\u00f3mico por N\u00e1poles, con una gu\u00eda napolitana aut\u00e9ntica.","isPartOf":{"@id":"https:\/\/goguided.tours\/#website"},"primaryImageOfPage":{"@id":"https:\/\/goguided.tours\/goto\/naples-food-tour\/#primaryimage"},"image":{"@id":"https:\/\/goguided.tours\/goto\/naples-food-tour\/#primaryimage"},"thumbnailUrl":"https:\/\/goguided.tours\/wp-content\/uploads\/2025\/05\/Food-tour-in-Naples-14.jpg","datePublished":"2025-05-25T10:33:39+00:00","dateModified":"2026-04-10T15:47:28+00:00","description":"Perm\u00edtanos llevarlo a una experiencia \u00fanica y deliciosa, porque esta napolitana no solo es incre\u00edblemente sabrosa, sino que tambi\u00e9n tiene sangre caliente y llega directamente al coraz\u00f3n, sin preguntar...","breadcrumb":{"@id":"https:\/\/goguided.tours\/goto\/naples-food-tour\/#breadcrumb"},"inLanguage":"es","potentialAction":[{"@type":"ReadAction","target":["https:\/\/goguided.tours\/goto\/naples-food-tour\/"]}]},{"@type":"ImageObject","inLanguage":"es","@id":"https:\/\/goguided.tours\/goto\/naples-food-tour\/#primaryimage","url":"https:\/\/goguided.tours\/wp-content\/uploads\/2025\/05\/Food-tour-in-Naples-14.jpg","contentUrl":"https:\/\/goguided.tours\/wp-content\/uploads\/2025\/05\/Food-tour-in-Naples-14.jpg","width":990,"height":1320,"caption":"\u05e4\u05e8\u05d7 \u05e7\u05d9\u05e9\u05d5\u05d0 | \u05e1\u05d9\u05d5\u05e8 \u05d0\u05d5\u05db\u05dc \u05d1\u05e0\u05d0\u05e4\u05d5\u05dc\u05d9"},{"@type":"BreadcrumbList","@id":"https:\/\/goguided.tours\/goto\/naples-food-tour\/#breadcrumb","itemListElement":[{"@type":"ListItem","position":1,"name":"\u05d3\u05e3 \u05d4\u05d1\u05d9\u05ea","item":"https:\/\/goguided.tours\/"},{"@type":"ListItem","position":2,"name":"\u05db\u05dc \u05d4\u05e4\u05e2\u05d9\u05dc\u05d5\u05d9\u05d5\u05ea","item":"https:\/\/goguided.tours\/shop\/"},{"@type":"ListItem","position":3,"name":"\u05e1\u05d9\u05d5\u05e8 \u05e7\u05d5\u05dc\u05d9\u05e0\u05e8\u05d9 \u05d1\u05e0\u05d0\u05e4\u05d5\u05dc\u05d9 | \u05e2\u05dd \u05de\u05d3\u05e8\u05d9\u05db\u05d4 \u05e0\u05d0\u05e4\u05d5\u05dc\u05d9\u05d8\u05e0\u05d9\u05ea \u05d0\u05e1\u05dc\u05d9\u05ea"}]},{"@type":"WebSite","@id":"https:\/\/goguided.tours\/#website","url":"https:\/\/goguided.tours\/","name":"Gu\u00eda Go","description":"","publisher":{"@id":"https:\/\/goguided.tours\/#organization"},"potentialAction":[{"@type":"SearchAction","target":{"@type":"EntryPoint","urlTemplate":"https:\/\/goguided.tours\/?s={search_term_string}"},"query-input":{"@type":"PropertyValueSpecification","valueRequired":true,"valueName":"search_term_string"}}],"inLanguage":"es"},{"@type":"Organization","@id":"https:\/\/goguided.tours\/#organization","name":"GoGuided","url":"https:\/\/goguided.tours\/","logo":{"@type":"ImageObject","inLanguage":"es","@id":"https:\/\/goguided.tours\/#\/schema\/logo\/image\/","url":"https:\/\/goguided.tours\/wp-content\/uploads\/2025\/05\/cropped-logo-guided.jpg","contentUrl":"https:\/\/goguided.tours\/wp-content\/uploads\/2025\/05\/cropped-logo-guided.jpg","width":500,"height":143,"caption":"GoGuided"},"image":{"@id":"https:\/\/goguided.tours\/#\/schema\/logo\/image\/"},"sameAs":["https:\/\/www.facebook.com\/profile.php?id=61556958375391","http:\/\/www.youtube.com\/@Guided-Tours","https:\/\/www.instagram.com\/goguided.he\/","https:\/\/www.tiktok.com\/@goguided.he"]}]}},"_links":{"self":[{"href":"https:\/\/goguided.tours\/es\/wp-json\/wp\/v2\/product\/12992","targetHints":{"allow":["GET"]}}],"collection":[{"href":"https:\/\/goguided.tours\/es\/wp-json\/wp\/v2\/product"}],"about":[{"href":"https:\/\/goguided.tours\/es\/wp-json\/wp\/v2\/types\/product"}],"author":[{"embeddable":true,"href":"https:\/\/goguided.tours\/es\/wp-json\/wp\/v2\/users\/19"}],"version-history":[{"count":7,"href":"https:\/\/goguided.tours\/es\/wp-json\/wp\/v2\/product\/12992\/revisions"}],"predecessor-version":[{"id":21239,"href":"https:\/\/goguided.tours\/es\/wp-json\/wp\/v2\/product\/12992\/revisions\/21239"}],"wp:featuredmedia":[{"embeddable":true,"href":"https:\/\/goguided.tours\/es\/wp-json\/wp\/v2\/media\/13776"}],"wp:attachment":[{"href":"https:\/\/goguided.tours\/es\/wp-json\/wp\/v2\/media?parent=12992"}],"wp:term":[{"taxonomy":"tour_area","embeddable":true,"href":"https:\/\/goguided.tours\/es\/wp-json\/wp\/v2\/tour_area?post=12992"},{"taxonomy":"tour_days","embeddable":true,"href":"https:\/\/goguided.tours\/es\/wp-json\/wp\/v2\/tour_days?post=12992"},{"taxonomy":"goto_type","embeddable":true,"href":"https:\/\/goguided.tours\/es\/wp-json\/wp\/v2\/goto_type?post=12992"},{"taxonomy":"tour_type","embeddable":true,"href":"https:\/\/goguided.tours\/es\/wp-json\/wp\/v2\/tour_type?post=12992"},{"taxonomy":"supported-language","embeddable":true,"href":"https:\/\/goguided.tours\/es\/wp-json\/wp\/v2\/supported-language?post=12992"},{"taxonomy":"product_cat","embeddable":true,"href":"https:\/\/goguided.tours\/es\/wp-json\/wp\/v2\/product_cat?post=12992"},{"taxonomy":"product_tag","embeddable":true,"href":"https:\/\/goguided.tours\/es\/wp-json\/wp\/v2\/product_tag?post=12992"},{"taxonomy":"activity_combo","embeddable":true,"href":"https:\/\/goguided.tours\/es\/wp-json\/wp\/v2\/activity_combo?post=12992"}],"curies":[{"name":"wp","href":"https:\/\/api.w.org\/{rel}","templated":true}]}}