{"id":13034,"date":"2025-05-25T13:33:57","date_gmt":"2025-05-25T10:33:57","guid":{"rendered":"https:\/\/goguided.tours\/?post_type=product&#038;p=13034"},"modified":"2026-04-06T19:36:29","modified_gmt":"2026-04-06T16:36:29","slug":"visita-guiada-por-los-barrios-ultraortodoxos-de-jerusalen","status":"publish","type":"product","link":"https:\/\/goguided.tours\/es\/goto\/jerusalem-ultra-orthodox-neighborhoods-tour\/","title":{"rendered":"Visita guiada por los barrios ultraortodoxos de Jerusal\u00e9n | Mea Shearim y el mundo ultraortodoxo desde dentro"},"excerpt":{"rendered":"<p>\u05d7\u05de\u05d9\u05e9\u05d9 \u05d1\u05e2\u05e8\u05d1 (\u05d0\u05d5 \u05db\u05e4\u05d9 \u05e9\u05e0\u05d4\u05d5\u05d2 \u05dc\u05d5\u05de\u05e8 \u05d1\u05e2\u05d5\u05dc\u05dd \u05d4\u05d7\u05e8\u05d3\u05d9: &#8220;\u05dc\u05d9\u05dc \u05e9\u05d9\u05e9\u05d9&#8221;) \u05d4\u05d5\u05d0 \u05d6\u05de\u05df \u05de\u05d0\u05d5\u05d3 \u05de\u05d9\u05d5\u05d7\u05d3. \u05db\u05d5\u05dc\u05dd \u05d1\u05e2\u05d9\u05e6\u05d5\u05de\u05df \u05e9\u05dc \u05d4\u05d4\u05db\u05e0\u05d5\u05ea \u05dc\u05e9\u05d1\u05ea \u05d5\u05d1\u05d7\u05d5\u05e8\u05d9 \u05d4\u05d9\u05e9\u05d9\u05d1\u05d4 \u05e9\u05e0\u05e9\u05d0\u05e8\u05d9\u05dd \u05e2\u05e8\u05d9\u05dd \u05db\u05dc \u05d4\u05dc\u05d9\u05dc\u05d4 \u05e7\u05d5\u05e4\u05e6\u05d9\u05dd \u05dc\u05d0\u05db\u05d5\u05dc \u05e6&#8217;\u05d5\u05dc\u05e0\u05d8. \u05d1\u05d7\u05d3\u05e9\u05d5\u05ea \u05db\u05dc \u05d4\u05d6\u05de\u05df \u05de\u05d3\u05d1\u05e8\u05d9\u05dd \u05e2\u05dc \u05d4\u05d7\u05e8\u05d3\u05d9\u05dd \u05d0\u05d1\u05dc \u05e2\u05d3 \u05db\u05de\u05d4 \u05d0\u05e0\u05d7\u05e0\u05d5 \u05d1\u05d0\u05de\u05ea \u05de\u05db\u05d9\u05e8\u05d9\u05dd \u05d0\u05d5\u05ea\u05dd? \u05e0\u05d3\u05d1\u05e8 \u05e2\u05dc \u05d4\u05e2\u05d1\u05e8, \u05d4\u05d5\u05d5\u05d4 \u05d5\u05d4\u05e2\u05ea\u05d9\u05d3 \u05e9\u05dc \u05d4\u05d7\u05d1\u05e8\u05d4 \u05d4\u05d7\u05e8\u05d3\u05d9\u05ea.<\/p>","protected":false},"author":5,"featured_media":14721,"template":"","meta":{"_acf_changed":false,"_wp_rev_ctl_limit":""},"tour_area":[205],"tour_days":[],"goto_type":[119],"tour_type":[178],"supported-language":[68,67],"product_cat":[89],"product_tag":[],"activity_combo":[155,152],"class_list":{"0":"post-13034","1":"product","2":"type-product","3":"status-publish","4":"has-post-thumbnail","6":"tour_area-mea-shearim","7":"goto_type-tours","8":"tour_type-haredim","9":"supported-language-english","10":"supported-language-hebrew","11":"product_cat-jerusalem","12":"activity_combo-jerusalem","13":"activity_combo-israel","15":"first","16":"instock","17":"shipping-taxable","18":"purchasable","19":"product-type-simple"},"acf":[],"yoast_head":"<!-- This site is optimized with the Yoast SEO plugin v27.4 - https:\/\/yoast.com\/product\/yoast-seo-wordpress\/ -->\n<title>\u05e1\u05d9\u05d5\u05e8 \u05d1\u05e9\u05db\u05d5\u05e0\u05d5\u05ea \u05d4\u05d7\u05e8\u05d3\u05d9\u05d5\u05ea \u05e9\u05dc \u05d9\u05e8\u05d5\u05e9\u05dc\u05d9\u05dd | \u05de\u05d0\u05d4 \u05e9\u05e2\u05e8\u05d9\u05dd \u05d5\u05d4\u05e2\u05d5\u05dc\u05dd \u05d4\u05d7\u05e8\u05d3\u05d9 \u05de\u05d1\u05e4\u05e0\u05d9\u05dd<\/title>\n<meta name=\"description\" content=\"\u05de\u05d0\u05d4 \u05e9\u05e2\u05e8\u05d9\u05dd, \u05d6\u05db\u05e8\u05d5\u05df \u05de\u05e9\u05d4 \u05d5\u05d2\u05d0\u05d5\u05dc\u05d4. \u05de\u05e4\u05d2\u05e9 \u05e2\u05dd \u05d4\u05e7\u05d4\u05d9\u05dc\u05d5\u05ea, \u05d1\u05ea\u05d9 \u05d4\u05de\u05d3\u05e8\u05e9, \u05d4\u05e1\u05d9\u05e4\u05d5\u05e8\u05d9\u05dd \u05d5\u05d4\u05d7\u05d9\u05d9\u05dd \u05e9\u05de\u05d0\u05d7\u05d5\u05e8\u05d9 \u05d9\u05e8\u05d5\u05e9\u05dc\u05d9\u05dd \u05d4\u05d7\u05e8\u05d3\u05d9\u05ea. \u05d0\u05e4\u05e9\u05e8\u05d5\u05ea \u05dc\u05d0\u05db\u05d5\u05dc \u05e6&#039;\u05d5\u05dc\u05e0\u05d8, \u05d1\u05de\u05d0\u05e4\u05d9\u05d4, \u05de\u05e2\u05d3\u05e0\u05d9\u05d4 \u05d5\u05e2\u05d5\u05d3 \u05de\u05d0\u05db\u05dc\u05d9\u05dd \u05de\u05e1\u05d5\u05e8\u05ea\u05d9\u05d9\u05dd.\" \/>\n<meta name=\"robots\" content=\"index, follow, max-snippet:-1, max-image-preview:large, max-video-preview:-1\" \/>\n<link rel=\"canonical\" href=\"https:\/\/goguided.tours\/es\/goto\/visita-guiada-por-los-barrios-ultraortodoxos-de-jerusalen\/\" \/>\n<meta property=\"og:locale\" content=\"es_ES\" \/>\n<meta property=\"og:type\" content=\"article\" \/>\n<meta property=\"og:title\" content=\"\u05e1\u05d9\u05d5\u05e8 \u05d1\u05e9\u05db\u05d5\u05e0\u05d5\u05ea \u05d4\u05d7\u05e8\u05d3\u05d9\u05d5\u05ea \u05e9\u05dc \u05d9\u05e8\u05d5\u05e9\u05dc\u05d9\u05dd | \u05de\u05d0\u05d4 \u05e9\u05e2\u05e8\u05d9\u05dd \u05d5\u05d4\u05e2\u05d5\u05dc\u05dd \u05d4\u05d7\u05e8\u05d3\u05d9 \u05de\u05d1\u05e4\u05e0\u05d9\u05dd\" \/>\n<meta property=\"og:description\" content=\"\u05de\u05d0\u05d4 \u05e9\u05e2\u05e8\u05d9\u05dd, \u05d6\u05db\u05e8\u05d5\u05df \u05de\u05e9\u05d4 \u05d5\u05d2\u05d0\u05d5\u05dc\u05d4. \u05de\u05e4\u05d2\u05e9 \u05e2\u05dd \u05d4\u05e7\u05d4\u05d9\u05dc\u05d5\u05ea, \u05d1\u05ea\u05d9 \u05d4\u05de\u05d3\u05e8\u05e9, \u05d4\u05e1\u05d9\u05e4\u05d5\u05e8\u05d9\u05dd \u05d5\u05d4\u05d7\u05d9\u05d9\u05dd \u05e9\u05de\u05d0\u05d7\u05d5\u05e8\u05d9 \u05d9\u05e8\u05d5\u05e9\u05dc\u05d9\u05dd \u05d4\u05d7\u05e8\u05d3\u05d9\u05ea. \u05d0\u05e4\u05e9\u05e8\u05d5\u05ea \u05dc\u05d0\u05db\u05d5\u05dc \u05e6&#039;\u05d5\u05dc\u05e0\u05d8, \u05d1\u05de\u05d0\u05e4\u05d9\u05d4, \u05de\u05e2\u05d3\u05e0\u05d9\u05d4 \u05d5\u05e2\u05d5\u05d3 \u05de\u05d0\u05db\u05dc\u05d9\u05dd \u05de\u05e1\u05d5\u05e8\u05ea\u05d9\u05d9\u05dd.\" \/>\n<meta property=\"og:url\" content=\"https:\/\/goguided.tours\/es\/goto\/visita-guiada-por-los-barrios-ultraortodoxos-de-jerusalen\/\" \/>\n<meta property=\"og:site_name\" content=\"Go Guided\" \/>\n<meta property=\"article:publisher\" content=\"https:\/\/www.facebook.com\/profile.php?id=61556958375391\" \/>\n<meta property=\"article:modified_time\" content=\"2026-04-06T16:36:29+00:00\" \/>\n<meta property=\"og:image\" content=\"https:\/\/goguided.tours\/wp-content\/uploads\/2025\/05\/A-tour-of-the-ultra-orthodox-neighborhoods-of-Jerusalem.jpg\" \/>\n\t<meta property=\"og:image:width\" content=\"899\" \/>\n\t<meta property=\"og:image:height\" content=\"899\" \/>\n\t<meta property=\"og:image:type\" content=\"image\/jpeg\" \/>\n<meta name=\"twitter:card\" content=\"summary_large_image\" \/>\n<meta name=\"twitter:label1\" content=\"Tiempo de lectura\" \/>\n\t<meta name=\"twitter:data1\" content=\"1 minuto\" \/>\n<script type=\"application\/ld+json\" class=\"yoast-schema-graph\">{\"@context\":\"https:\\\/\\\/schema.org\",\"@graph\":[{\"@type\":\"WebPage\",\"@id\":\"https:\\\/\\\/goguided.tours\\\/goto\\\/jerusalem-ultra-orthodox-neighborhoods-tour\\\/\",\"url\":\"https:\\\/\\\/goguided.tours\\\/goto\\\/jerusalem-ultra-orthodox-neighborhoods-tour\\\/\",\"name\":\"\u05e1\u05d9\u05d5\u05e8 \u05d1\u05e9\u05db\u05d5\u05e0\u05d5\u05ea \u05d4\u05d7\u05e8\u05d3\u05d9\u05d5\u05ea \u05e9\u05dc \u05d9\u05e8\u05d5\u05e9\u05dc\u05d9\u05dd | \u05de\u05d0\u05d4 \u05e9\u05e2\u05e8\u05d9\u05dd \u05d5\u05d4\u05e2\u05d5\u05dc\u05dd \u05d4\u05d7\u05e8\u05d3\u05d9 \u05de\u05d1\u05e4\u05e0\u05d9\u05dd\",\"isPartOf\":{\"@id\":\"https:\\\/\\\/goguided.tours\\\/#website\"},\"primaryImageOfPage\":{\"@id\":\"https:\\\/\\\/goguided.tours\\\/goto\\\/jerusalem-ultra-orthodox-neighborhoods-tour\\\/#primaryimage\"},\"image\":{\"@id\":\"https:\\\/\\\/goguided.tours\\\/goto\\\/jerusalem-ultra-orthodox-neighborhoods-tour\\\/#primaryimage\"},\"thumbnailUrl\":\"https:\\\/\\\/goguided.tours\\\/wp-content\\\/uploads\\\/2025\\\/05\\\/A-tour-of-the-ultra-orthodox-neighborhoods-of-Jerusalem-18-e1754974434259.jpg\",\"datePublished\":\"2025-05-25T10:33:57+00:00\",\"dateModified\":\"2026-04-06T16:36:29+00:00\",\"description\":\"\u05de\u05d0\u05d4 \u05e9\u05e2\u05e8\u05d9\u05dd, \u05d6\u05db\u05e8\u05d5\u05df \u05de\u05e9\u05d4 \u05d5\u05d2\u05d0\u05d5\u05dc\u05d4. \u05de\u05e4\u05d2\u05e9 \u05e2\u05dd \u05d4\u05e7\u05d4\u05d9\u05dc\u05d5\u05ea, \u05d1\u05ea\u05d9 \u05d4\u05de\u05d3\u05e8\u05e9, \u05d4\u05e1\u05d9\u05e4\u05d5\u05e8\u05d9\u05dd \u05d5\u05d4\u05d7\u05d9\u05d9\u05dd \u05e9\u05de\u05d0\u05d7\u05d5\u05e8\u05d9 \u05d9\u05e8\u05d5\u05e9\u05dc\u05d9\u05dd \u05d4\u05d7\u05e8\u05d3\u05d9\u05ea. \u05d0\u05e4\u05e9\u05e8\u05d5\u05ea \u05dc\u05d0\u05db\u05d5\u05dc \u05e6'\u05d5\u05dc\u05e0\u05d8, \u05d1\u05de\u05d0\u05e4\u05d9\u05d4, \u05de\u05e2\u05d3\u05e0\u05d9\u05d4 \u05d5\u05e2\u05d5\u05d3 \u05de\u05d0\u05db\u05dc\u05d9\u05dd \u05de\u05e1\u05d5\u05e8\u05ea\u05d9\u05d9\u05dd.\",\"breadcrumb\":{\"@id\":\"https:\\\/\\\/goguided.tours\\\/goto\\\/jerusalem-ultra-orthodox-neighborhoods-tour\\\/#breadcrumb\"},\"inLanguage\":\"es\",\"potentialAction\":[{\"@type\":\"ReadAction\",\"target\":[\"https:\\\/\\\/goguided.tours\\\/goto\\\/jerusalem-ultra-orthodox-neighborhoods-tour\\\/\"]}]},{\"@type\":\"ImageObject\",\"inLanguage\":\"es\",\"@id\":\"https:\\\/\\\/goguided.tours\\\/goto\\\/jerusalem-ultra-orthodox-neighborhoods-tour\\\/#primaryimage\",\"url\":\"https:\\\/\\\/goguided.tours\\\/wp-content\\\/uploads\\\/2025\\\/05\\\/A-tour-of-the-ultra-orthodox-neighborhoods-of-Jerusalem-18-e1754974434259.jpg\",\"contentUrl\":\"https:\\\/\\\/goguided.tours\\\/wp-content\\\/uploads\\\/2025\\\/05\\\/A-tour-of-the-ultra-orthodox-neighborhoods-of-Jerusalem-18-e1754974434259.jpg\",\"width\":770,\"height\":527,\"caption\":\"\u05e1\u05d9\u05d5\u05e8 \u05d1\u05e9\u05db\u05d5\u05e0\u05d5\u05ea \u05d4\u05d7\u05e8\u05d3\u05d9\u05d5\u05ea \u05e9\u05dc \u05d9\u05e8\u05d5\u05e9\u05dc\u05d9\u05dd\"},{\"@type\":\"BreadcrumbList\",\"@id\":\"https:\\\/\\\/goguided.tours\\\/goto\\\/jerusalem-ultra-orthodox-neighborhoods-tour\\\/#breadcrumb\",\"itemListElement\":[{\"@type\":\"ListItem\",\"position\":1,\"name\":\"\u05d3\u05e3 \u05d4\u05d1\u05d9\u05ea\",\"item\":\"https:\\\/\\\/goguided.tours\\\/\"},{\"@type\":\"ListItem\",\"position\":2,\"name\":\"\u05db\u05dc \u05d4\u05e4\u05e2\u05d9\u05dc\u05d5\u05d9\u05d5\u05ea\",\"item\":\"https:\\\/\\\/goguided.tours\\\/shop\\\/\"},{\"@type\":\"ListItem\",\"position\":3,\"name\":\"\u05e1\u05d9\u05d5\u05e8 \u05d1\u05e9\u05db\u05d5\u05e0\u05d5\u05ea \u05d4\u05d7\u05e8\u05d3\u05d9\u05d5\u05ea \u05e9\u05dc \u05d9\u05e8\u05d5\u05e9\u05dc\u05d9\u05dd | \u05de\u05d0\u05d4 \u05e9\u05e2\u05e8\u05d9\u05dd \u05d5\u05d4\u05e2\u05d5\u05dc\u05dd \u05d4\u05d7\u05e8\u05d3\u05d9 \u05de\u05d1\u05e4\u05e0\u05d9\u05dd\"}]},{\"@type\":\"WebSite\",\"@id\":\"https:\\\/\\\/goguided.tours\\\/#website\",\"url\":\"https:\\\/\\\/goguided.tours\\\/\",\"name\":\"Go Guided\",\"description\":\"\",\"publisher\":{\"@id\":\"https:\\\/\\\/goguided.tours\\\/#organization\"},\"potentialAction\":[{\"@type\":\"SearchAction\",\"target\":{\"@type\":\"EntryPoint\",\"urlTemplate\":\"https:\\\/\\\/goguided.tours\\\/?s={search_term_string}\"},\"query-input\":{\"@type\":\"PropertyValueSpecification\",\"valueRequired\":true,\"valueName\":\"search_term_string\"}}],\"inLanguage\":\"es\"},{\"@type\":\"Organization\",\"@id\":\"https:\\\/\\\/goguided.tours\\\/#organization\",\"name\":\"GoGuided\",\"url\":\"https:\\\/\\\/goguided.tours\\\/\",\"logo\":{\"@type\":\"ImageObject\",\"inLanguage\":\"es\",\"@id\":\"https:\\\/\\\/goguided.tours\\\/#\\\/schema\\\/logo\\\/image\\\/\",\"url\":\"https:\\\/\\\/goguided.tours\\\/wp-content\\\/uploads\\\/2025\\\/05\\\/cropped-logo-guided.jpg\",\"contentUrl\":\"https:\\\/\\\/goguided.tours\\\/wp-content\\\/uploads\\\/2025\\\/05\\\/cropped-logo-guided.jpg\",\"width\":500,\"height\":143,\"caption\":\"GoGuided\"},\"image\":{\"@id\":\"https:\\\/\\\/goguided.tours\\\/#\\\/schema\\\/logo\\\/image\\\/\"},\"sameAs\":[\"https:\\\/\\\/www.facebook.com\\\/profile.php?id=61556958375391\",\"http:\\\/\\\/www.youtube.com\\\/@Guided-Tours\",\"https:\\\/\\\/www.instagram.com\\\/goguided.he\\\/\",\"https:\\\/\\\/www.tiktok.com\\\/@goguided.he\"]}]}<\/script>\n<!-- \/ Yoast SEO plugin. -->","yoast_head_json":{"title":"Visita guiada por los barrios ultraortodoxos de Jerusal\u00e9n | Mea Shearim y el mundo ultraortodoxo desde dentro","description":"Mea Shearim, Zikhron Moshe y Geula. Encuentro con las comunidades, los institutos religiosos, las historias y la vida detr\u00e1s de la Jerusal\u00e9n ortodoxa. Posibilidad de comer cholent, en la panader\u00eda, en la charcuter\u00eda y otros platos tradicionales.","robots":{"index":"index","follow":"follow","max-snippet":"max-snippet:-1","max-image-preview":"max-image-preview:large","max-video-preview":"max-video-preview:-1"},"canonical":"https:\/\/goguided.tours\/es\/goto\/visita-guiada-por-los-barrios-ultraortodoxos-de-jerusalen\/","og_locale":"es_ES","og_type":"article","og_title":"\u05e1\u05d9\u05d5\u05e8 \u05d1\u05e9\u05db\u05d5\u05e0\u05d5\u05ea \u05d4\u05d7\u05e8\u05d3\u05d9\u05d5\u05ea \u05e9\u05dc \u05d9\u05e8\u05d5\u05e9\u05dc\u05d9\u05dd | \u05de\u05d0\u05d4 \u05e9\u05e2\u05e8\u05d9\u05dd \u05d5\u05d4\u05e2\u05d5\u05dc\u05dd \u05d4\u05d7\u05e8\u05d3\u05d9 \u05de\u05d1\u05e4\u05e0\u05d9\u05dd","og_description":"\u05de\u05d0\u05d4 \u05e9\u05e2\u05e8\u05d9\u05dd, \u05d6\u05db\u05e8\u05d5\u05df \u05de\u05e9\u05d4 \u05d5\u05d2\u05d0\u05d5\u05dc\u05d4. \u05de\u05e4\u05d2\u05e9 \u05e2\u05dd \u05d4\u05e7\u05d4\u05d9\u05dc\u05d5\u05ea, \u05d1\u05ea\u05d9 \u05d4\u05de\u05d3\u05e8\u05e9, \u05d4\u05e1\u05d9\u05e4\u05d5\u05e8\u05d9\u05dd \u05d5\u05d4\u05d7\u05d9\u05d9\u05dd \u05e9\u05de\u05d0\u05d7\u05d5\u05e8\u05d9 \u05d9\u05e8\u05d5\u05e9\u05dc\u05d9\u05dd \u05d4\u05d7\u05e8\u05d3\u05d9\u05ea. \u05d0\u05e4\u05e9\u05e8\u05d5\u05ea \u05dc\u05d0\u05db\u05d5\u05dc \u05e6'\u05d5\u05dc\u05e0\u05d8, \u05d1\u05de\u05d0\u05e4\u05d9\u05d4, \u05de\u05e2\u05d3\u05e0\u05d9\u05d4 \u05d5\u05e2\u05d5\u05d3 \u05de\u05d0\u05db\u05dc\u05d9\u05dd \u05de\u05e1\u05d5\u05e8\u05ea\u05d9\u05d9\u05dd.","og_url":"https:\/\/goguided.tours\/es\/goto\/visita-guiada-por-los-barrios-ultraortodoxos-de-jerusalen\/","og_site_name":"Go Guided","article_publisher":"https:\/\/www.facebook.com\/profile.php?id=61556958375391","article_modified_time":"2026-04-06T16:36:29+00:00","og_image":[{"width":899,"height":899,"url":"https:\/\/goguided.tours\/wp-content\/uploads\/2025\/05\/A-tour-of-the-ultra-orthodox-neighborhoods-of-Jerusalem.jpg","type":"image\/jpeg"}],"twitter_card":"summary_large_image","twitter_misc":{"Tiempo de lectura":"1 minuto"},"schema":{"@context":"https:\/\/schema.org","@graph":[{"@type":"WebPage","@id":"https:\/\/goguided.tours\/goto\/jerusalem-ultra-orthodox-neighborhoods-tour\/","url":"https:\/\/goguided.tours\/goto\/jerusalem-ultra-orthodox-neighborhoods-tour\/","name":"Visita guiada por los barrios ultraortodoxos de Jerusal\u00e9n | Mea Shearim y el mundo ultraortodoxo desde dentro","isPartOf":{"@id":"https:\/\/goguided.tours\/#website"},"primaryImageOfPage":{"@id":"https:\/\/goguided.tours\/goto\/jerusalem-ultra-orthodox-neighborhoods-tour\/#primaryimage"},"image":{"@id":"https:\/\/goguided.tours\/goto\/jerusalem-ultra-orthodox-neighborhoods-tour\/#primaryimage"},"thumbnailUrl":"https:\/\/goguided.tours\/wp-content\/uploads\/2025\/05\/A-tour-of-the-ultra-orthodox-neighborhoods-of-Jerusalem-18-e1754974434259.jpg","datePublished":"2025-05-25T10:33:57+00:00","dateModified":"2026-04-06T16:36:29+00:00","description":"Mea Shearim, Zikhron Moshe y Geula. Encuentro con las comunidades, los institutos religiosos, las historias y la vida detr\u00e1s de la Jerusal\u00e9n ortodoxa. Posibilidad de comer cholent, en la panader\u00eda, en la charcuter\u00eda y otros platos tradicionales.","breadcrumb":{"@id":"https:\/\/goguided.tours\/goto\/jerusalem-ultra-orthodox-neighborhoods-tour\/#breadcrumb"},"inLanguage":"es","potentialAction":[{"@type":"ReadAction","target":["https:\/\/goguided.tours\/goto\/jerusalem-ultra-orthodox-neighborhoods-tour\/"]}]},{"@type":"ImageObject","inLanguage":"es","@id":"https:\/\/goguided.tours\/goto\/jerusalem-ultra-orthodox-neighborhoods-tour\/#primaryimage","url":"https:\/\/goguided.tours\/wp-content\/uploads\/2025\/05\/A-tour-of-the-ultra-orthodox-neighborhoods-of-Jerusalem-18-e1754974434259.jpg","contentUrl":"https:\/\/goguided.tours\/wp-content\/uploads\/2025\/05\/A-tour-of-the-ultra-orthodox-neighborhoods-of-Jerusalem-18-e1754974434259.jpg","width":770,"height":527,"caption":"\u05e1\u05d9\u05d5\u05e8 \u05d1\u05e9\u05db\u05d5\u05e0\u05d5\u05ea \u05d4\u05d7\u05e8\u05d3\u05d9\u05d5\u05ea \u05e9\u05dc \u05d9\u05e8\u05d5\u05e9\u05dc\u05d9\u05dd"},{"@type":"BreadcrumbList","@id":"https:\/\/goguided.tours\/goto\/jerusalem-ultra-orthodox-neighborhoods-tour\/#breadcrumb","itemListElement":[{"@type":"ListItem","position":1,"name":"\u05d3\u05e3 \u05d4\u05d1\u05d9\u05ea","item":"https:\/\/goguided.tours\/"},{"@type":"ListItem","position":2,"name":"\u05db\u05dc \u05d4\u05e4\u05e2\u05d9\u05dc\u05d5\u05d9\u05d5\u05ea","item":"https:\/\/goguided.tours\/shop\/"},{"@type":"ListItem","position":3,"name":"\u05e1\u05d9\u05d5\u05e8 \u05d1\u05e9\u05db\u05d5\u05e0\u05d5\u05ea \u05d4\u05d7\u05e8\u05d3\u05d9\u05d5\u05ea \u05e9\u05dc \u05d9\u05e8\u05d5\u05e9\u05dc\u05d9\u05dd | \u05de\u05d0\u05d4 \u05e9\u05e2\u05e8\u05d9\u05dd \u05d5\u05d4\u05e2\u05d5\u05dc\u05dd \u05d4\u05d7\u05e8\u05d3\u05d9 \u05de\u05d1\u05e4\u05e0\u05d9\u05dd"}]},{"@type":"WebSite","@id":"https:\/\/goguided.tours\/#website","url":"https:\/\/goguided.tours\/","name":"Gu\u00eda Go","description":"","publisher":{"@id":"https:\/\/goguided.tours\/#organization"},"potentialAction":[{"@type":"SearchAction","target":{"@type":"EntryPoint","urlTemplate":"https:\/\/goguided.tours\/?s={search_term_string}"},"query-input":{"@type":"PropertyValueSpecification","valueRequired":true,"valueName":"search_term_string"}}],"inLanguage":"es"},{"@type":"Organization","@id":"https:\/\/goguided.tours\/#organization","name":"GoGuided","url":"https:\/\/goguided.tours\/","logo":{"@type":"ImageObject","inLanguage":"es","@id":"https:\/\/goguided.tours\/#\/schema\/logo\/image\/","url":"https:\/\/goguided.tours\/wp-content\/uploads\/2025\/05\/cropped-logo-guided.jpg","contentUrl":"https:\/\/goguided.tours\/wp-content\/uploads\/2025\/05\/cropped-logo-guided.jpg","width":500,"height":143,"caption":"GoGuided"},"image":{"@id":"https:\/\/goguided.tours\/#\/schema\/logo\/image\/"},"sameAs":["https:\/\/www.facebook.com\/profile.php?id=61556958375391","http:\/\/www.youtube.com\/@Guided-Tours","https:\/\/www.instagram.com\/goguided.he\/","https:\/\/www.tiktok.com\/@goguided.he"]}]}},"_links":{"self":[{"href":"https:\/\/goguided.tours\/es\/wp-json\/wp\/v2\/product\/13034","targetHints":{"allow":["GET"]}}],"collection":[{"href":"https:\/\/goguided.tours\/es\/wp-json\/wp\/v2\/product"}],"about":[{"href":"https:\/\/goguided.tours\/es\/wp-json\/wp\/v2\/types\/product"}],"author":[{"embeddable":true,"href":"https:\/\/goguided.tours\/es\/wp-json\/wp\/v2\/users\/5"}],"version-history":[{"count":8,"href":"https:\/\/goguided.tours\/es\/wp-json\/wp\/v2\/product\/13034\/revisions"}],"predecessor-version":[{"id":20944,"href":"https:\/\/goguided.tours\/es\/wp-json\/wp\/v2\/product\/13034\/revisions\/20944"}],"wp:featuredmedia":[{"embeddable":true,"href":"https:\/\/goguided.tours\/es\/wp-json\/wp\/v2\/media\/14721"}],"wp:attachment":[{"href":"https:\/\/goguided.tours\/es\/wp-json\/wp\/v2\/media?parent=13034"}],"wp:term":[{"taxonomy":"tour_area","embeddable":true,"href":"https:\/\/goguided.tours\/es\/wp-json\/wp\/v2\/tour_area?post=13034"},{"taxonomy":"tour_days","embeddable":true,"href":"https:\/\/goguided.tours\/es\/wp-json\/wp\/v2\/tour_days?post=13034"},{"taxonomy":"goto_type","embeddable":true,"href":"https:\/\/goguided.tours\/es\/wp-json\/wp\/v2\/goto_type?post=13034"},{"taxonomy":"tour_type","embeddable":true,"href":"https:\/\/goguided.tours\/es\/wp-json\/wp\/v2\/tour_type?post=13034"},{"taxonomy":"supported-language","embeddable":true,"href":"https:\/\/goguided.tours\/es\/wp-json\/wp\/v2\/supported-language?post=13034"},{"taxonomy":"product_cat","embeddable":true,"href":"https:\/\/goguided.tours\/es\/wp-json\/wp\/v2\/product_cat?post=13034"},{"taxonomy":"product_tag","embeddable":true,"href":"https:\/\/goguided.tours\/es\/wp-json\/wp\/v2\/product_tag?post=13034"},{"taxonomy":"activity_combo","embeddable":true,"href":"https:\/\/goguided.tours\/es\/wp-json\/wp\/v2\/activity_combo?post=13034"}],"curies":[{"name":"wp","href":"https:\/\/api.w.org\/{rel}","templated":true}]}}