{"id":13046,"date":"2025-05-25T13:33:57","date_gmt":"2025-05-25T10:33:57","guid":{"rendered":"https:\/\/goguided.tours\/?post_type=product&#038;p=13046"},"modified":"2026-04-06T19:50:07","modified_gmt":"2026-04-06T16:50:07","slug":"yemin-moshe-mishkenot-shaananim-tour","status":"publish","type":"product","link":"https:\/\/goguided.tours\/es\/goto\/yemin-moshe-mishkenot-shaananim-tour\/","title":{"rendered":"Recorrido por Mishkenot Sha&#039;ananim y Yemin Moshe, los barrios m\u00e1s antiguos de Jerusal\u00e9n"},"excerpt":{"rendered":"<div class=\"gmail_default\"><strong>Una experiencia divertida y enriquecedora en los barrios m\u00e1s antiguos de Jerusal\u00e9n: Mishkenot Sha&#039;ananim, Yemin Moshe y la colonia alemana.<\/strong><\/div>\n<div><\/div>\n<div class=\"gmail_default\">\n<p>Mishkenot Sha&#039;ananim, el primer barrio establecido fuera de los muros de la Ciudad Vieja, y Yemin Moshe, que se construy\u00f3 junto a \u00e9l: barrios antiguos, impresionantes y pastorales que lo invitan a un recorrido fascinante, inmerso en la historia de Jerusal\u00e9n y la Tierra de Israel.<\/p>\n<\/div>\n<div class=\"gmail_default\"><strong>Una visita guiada por el barrio nos revela las fascinantes historias desde los d\u00edas en que se abandonaron las murallas de la Ciudad Vieja hasta la construcci\u00f3n de los hermosos barrios que visitaremos.<\/strong><\/div>\n<p>\u25b6Te contamos sobre el barrio Hawaii:<br \/>\n\u00bfQui\u00e9nes eran los residentes que trabajaban duro?<br \/>\n\u00bfQu\u00e9 hizo Mois\u00e9s Montefiore para poblar el barrio?<\/p>\n<div>\u25c0 Observaremos las impresionantes vistas: el Valle de Hinom, las murallas de la Ciudad Vieja, el Monte Si\u00f3n y la Cinemateca de Jerusal\u00e9n.<\/div>\n<div>\n<p>&nbsp;<\/p>\n<p>Prep\u00e1rese para un fascinante recorrido por Jerusal\u00e9n, una experiencia divertida y enriquecedora en los pintorescos callejones de los barrios antiguos de Jerusal\u00e9n.<\/p>\n<\/div>","protected":false},"author":10,"featured_media":14732,"template":"","meta":{"_acf_changed":false,"_wp_rev_ctl_limit":""},"tour_area":[177],"tour_days":[],"goto_type":[119],"tour_type":[],"supported-language":[68,67],"product_cat":[89],"product_tag":[],"activity_combo":[155,152],"class_list":{"0":"post-13046","1":"product","2":"type-product","3":"status-publish","4":"has-post-thumbnail","6":"tour_area-mishkenot-shaananim","7":"goto_type-tours","8":"supported-language-english","9":"supported-language-hebrew","10":"product_cat-jerusalem","11":"activity_combo-jerusalem","12":"activity_combo-israel","14":"first","15":"instock","16":"shipping-taxable","17":"purchasable","18":"product-type-simple"},"acf":[],"yoast_head":"<!-- This site is optimized with the Yoast SEO plugin v27.4 - https:\/\/yoast.com\/product\/yoast-seo-wordpress\/ -->\n<title>\u05e1\u05d9\u05d5\u05e8 \u05d1\u05de\u05e9\u05db\u05e0\u05d5\u05ea \u05e9\u05d0\u05e0\u05e0\u05d9\u05dd \u05d5\u05d9\u05de\u05d9\u05df \u05de\u05e9\u05d4 \u2013 \u05d4\u05e9\u05db\u05d5\u05e0\u05d5\u05ea \u05d4\u05d5\u05d5\u05ea\u05d9\u05e7\u05d5\u05ea \u05e9\u05dc \u05d9\u05e8\u05d5\u05e9\u05dc\u05d9\u05dd<\/title>\n<meta name=\"description\" content=\"\u05d4\u05e1\u05d9\u05e4\u05d5\u05e8\u05d9\u05dd \u05d4\u05de\u05e8\u05ea\u05e7\u05d9\u05dd \u05de\u05d9\u05de\u05d9 \u05d4\u05d9\u05e6\u05d9\u05d0\u05d4 \u05de\u05d7\u05d5\u05de\u05d5\u05ea \u05d4\u05e2\u05d9\u05e8 \u05d4\u05e2\u05ea\u05d9\u05e7\u05d4 \u05d5\u05e2\u05d3 \u05dc\u05d1\u05e0\u05d9\u05d9\u05ea\u05df \u05e9\u05dc \u05d4\u05e9\u05db\u05d5\u05e0\u05d5\u05ea \u05d4\u05d9\u05e4\u05d5\u05ea \u05e9\u05d1\u05d4\u05df \u05e0\u05d1\u05e7\u05e8 \u2013 \u05e1\u05d9\u05d5\u05e8 \u05d8\u05d1\u05d5\u05dc \u05d1\u05d4\u05d9\u05e1\u05d8\u05d5\u05e8\u05d9\u05d4 \u05d9\u05e8\u05d5\u05e9\u05dc\u05de\u05d9\u05ea \u05d5\u05d0\u05e8\u05e5 \u05d9\u05e9\u05e8\u05d0\u05dc\u05d9\u05ea \u05d2\u05dd \u05d9\u05d7\u05d3\" \/>\n<meta name=\"robots\" content=\"index, follow, max-snippet:-1, max-image-preview:large, max-video-preview:-1\" \/>\n<link rel=\"canonical\" href=\"https:\/\/goguided.tours\/es\/goto\/yemin-moshe-mishkenot-shaananim-tour\/\" \/>\n<meta property=\"og:locale\" content=\"es_ES\" \/>\n<meta property=\"og:type\" content=\"article\" \/>\n<meta property=\"og:title\" content=\"\u05e1\u05d9\u05d5\u05e8 \u05d1\u05de\u05e9\u05db\u05e0\u05d5\u05ea \u05e9\u05d0\u05e0\u05e0\u05d9\u05dd \u05d5\u05d9\u05de\u05d9\u05df \u05de\u05e9\u05d4 \u2013 \u05d4\u05e9\u05db\u05d5\u05e0\u05d5\u05ea \u05d4\u05d5\u05d5\u05ea\u05d9\u05e7\u05d5\u05ea \u05e9\u05dc \u05d9\u05e8\u05d5\u05e9\u05dc\u05d9\u05dd\" \/>\n<meta property=\"og:description\" content=\"\u05d4\u05e1\u05d9\u05e4\u05d5\u05e8\u05d9\u05dd \u05d4\u05de\u05e8\u05ea\u05e7\u05d9\u05dd \u05de\u05d9\u05de\u05d9 \u05d4\u05d9\u05e6\u05d9\u05d0\u05d4 \u05de\u05d7\u05d5\u05de\u05d5\u05ea \u05d4\u05e2\u05d9\u05e8 \u05d4\u05e2\u05ea\u05d9\u05e7\u05d4 \u05d5\u05e2\u05d3 \u05dc\u05d1\u05e0\u05d9\u05d9\u05ea\u05df \u05e9\u05dc \u05d4\u05e9\u05db\u05d5\u05e0\u05d5\u05ea \u05d4\u05d9\u05e4\u05d5\u05ea \u05e9\u05d1\u05d4\u05df \u05e0\u05d1\u05e7\u05e8 \u2013 \u05e1\u05d9\u05d5\u05e8 \u05d8\u05d1\u05d5\u05dc \u05d1\u05d4\u05d9\u05e1\u05d8\u05d5\u05e8\u05d9\u05d4 \u05d9\u05e8\u05d5\u05e9\u05dc\u05de\u05d9\u05ea \u05d5\u05d0\u05e8\u05e5 \u05d9\u05e9\u05e8\u05d0\u05dc\u05d9\u05ea \u05d2\u05dd \u05d9\u05d7\u05d3\" \/>\n<meta property=\"og:url\" content=\"https:\/\/goguided.tours\/es\/goto\/yemin-moshe-mishkenot-shaananim-tour\/\" \/>\n<meta property=\"og:site_name\" content=\"Go Guided\" \/>\n<meta property=\"article:publisher\" content=\"https:\/\/www.facebook.com\/profile.php?id=61556958375391\" \/>\n<meta property=\"article:modified_time\" content=\"2026-04-06T16:50:07+00:00\" \/>\n<meta property=\"og:image\" content=\"https:\/\/goguided.tours\/wp-content\/uploads\/2025\/05\/WhatsApp-Image-2021-09-21-at-21.29.52-3.jpeg\" \/>\n\t<meta property=\"og:image:width\" content=\"1200\" \/>\n\t<meta property=\"og:image:height\" content=\"1600\" \/>\n\t<meta property=\"og:image:type\" content=\"image\/jpeg\" \/>\n<meta name=\"twitter:card\" content=\"summary_large_image\" \/>\n<meta name=\"twitter:label1\" content=\"Tiempo de lectura\" \/>\n\t<meta name=\"twitter:data1\" content=\"1 minuto\" \/>\n<script type=\"application\/ld+json\" class=\"yoast-schema-graph\">{\"@context\":\"https:\\\/\\\/schema.org\",\"@graph\":[{\"@type\":\"WebPage\",\"@id\":\"https:\\\/\\\/goguided.tours\\\/goto\\\/yemin-moshe-mishkenot-shaananim-tour\\\/\",\"url\":\"https:\\\/\\\/goguided.tours\\\/goto\\\/yemin-moshe-mishkenot-shaananim-tour\\\/\",\"name\":\"\u05e1\u05d9\u05d5\u05e8 \u05d1\u05de\u05e9\u05db\u05e0\u05d5\u05ea \u05e9\u05d0\u05e0\u05e0\u05d9\u05dd \u05d5\u05d9\u05de\u05d9\u05df \u05de\u05e9\u05d4 \u2013 \u05d4\u05e9\u05db\u05d5\u05e0\u05d5\u05ea \u05d4\u05d5\u05d5\u05ea\u05d9\u05e7\u05d5\u05ea \u05e9\u05dc \u05d9\u05e8\u05d5\u05e9\u05dc\u05d9\u05dd\",\"isPartOf\":{\"@id\":\"https:\\\/\\\/goguided.tours\\\/#website\"},\"primaryImageOfPage\":{\"@id\":\"https:\\\/\\\/goguided.tours\\\/goto\\\/yemin-moshe-mishkenot-shaananim-tour\\\/#primaryimage\"},\"image\":{\"@id\":\"https:\\\/\\\/goguided.tours\\\/goto\\\/yemin-moshe-mishkenot-shaananim-tour\\\/#primaryimage\"},\"thumbnailUrl\":\"https:\\\/\\\/goguided.tours\\\/wp-content\\\/uploads\\\/2025\\\/05\\\/Tour-of-Mishkenot-Shaananim-and-Yemin-Moshe.jpg\",\"datePublished\":\"2025-05-25T10:33:57+00:00\",\"dateModified\":\"2026-04-06T16:50:07+00:00\",\"description\":\"\u05d4\u05e1\u05d9\u05e4\u05d5\u05e8\u05d9\u05dd \u05d4\u05de\u05e8\u05ea\u05e7\u05d9\u05dd \u05de\u05d9\u05de\u05d9 \u05d4\u05d9\u05e6\u05d9\u05d0\u05d4 \u05de\u05d7\u05d5\u05de\u05d5\u05ea \u05d4\u05e2\u05d9\u05e8 \u05d4\u05e2\u05ea\u05d9\u05e7\u05d4 \u05d5\u05e2\u05d3 \u05dc\u05d1\u05e0\u05d9\u05d9\u05ea\u05df \u05e9\u05dc \u05d4\u05e9\u05db\u05d5\u05e0\u05d5\u05ea \u05d4\u05d9\u05e4\u05d5\u05ea \u05e9\u05d1\u05d4\u05df \u05e0\u05d1\u05e7\u05e8 \u2013 \u05e1\u05d9\u05d5\u05e8 \u05d8\u05d1\u05d5\u05dc \u05d1\u05d4\u05d9\u05e1\u05d8\u05d5\u05e8\u05d9\u05d4 \u05d9\u05e8\u05d5\u05e9\u05dc\u05de\u05d9\u05ea \u05d5\u05d0\u05e8\u05e5 \u05d9\u05e9\u05e8\u05d0\u05dc\u05d9\u05ea \u05d2\u05dd \u05d9\u05d7\u05d3\",\"breadcrumb\":{\"@id\":\"https:\\\/\\\/goguided.tours\\\/goto\\\/yemin-moshe-mishkenot-shaananim-tour\\\/#breadcrumb\"},\"inLanguage\":\"es\",\"potentialAction\":[{\"@type\":\"ReadAction\",\"target\":[\"https:\\\/\\\/goguided.tours\\\/goto\\\/yemin-moshe-mishkenot-shaananim-tour\\\/\"]}]},{\"@type\":\"ImageObject\",\"inLanguage\":\"es\",\"@id\":\"https:\\\/\\\/goguided.tours\\\/goto\\\/yemin-moshe-mishkenot-shaananim-tour\\\/#primaryimage\",\"url\":\"https:\\\/\\\/goguided.tours\\\/wp-content\\\/uploads\\\/2025\\\/05\\\/Tour-of-Mishkenot-Shaananim-and-Yemin-Moshe.jpg\",\"contentUrl\":\"https:\\\/\\\/goguided.tours\\\/wp-content\\\/uploads\\\/2025\\\/05\\\/Tour-of-Mishkenot-Shaananim-and-Yemin-Moshe.jpg\",\"width\":622,\"height\":933,\"caption\":\"\u05e1\u05d9\u05d5\u05e8 \u05d1\u05de\u05e9\u05db\u05e0\u05d5\u05ea \u05e9\u05d0\u05e0\u05e0\u05d9\u05dd \u05d5\u05d9\u05de\u05d9\u05df \u05de\u05e9\u05d4\"},{\"@type\":\"BreadcrumbList\",\"@id\":\"https:\\\/\\\/goguided.tours\\\/goto\\\/yemin-moshe-mishkenot-shaananim-tour\\\/#breadcrumb\",\"itemListElement\":[{\"@type\":\"ListItem\",\"position\":1,\"name\":\"\u05d3\u05e3 \u05d4\u05d1\u05d9\u05ea\",\"item\":\"https:\\\/\\\/goguided.tours\\\/\"},{\"@type\":\"ListItem\",\"position\":2,\"name\":\"\u05db\u05dc \u05d4\u05e4\u05e2\u05d9\u05dc\u05d5\u05d9\u05d5\u05ea\",\"item\":\"https:\\\/\\\/goguided.tours\\\/shop\\\/\"},{\"@type\":\"ListItem\",\"position\":3,\"name\":\"\u05e1\u05d9\u05d5\u05e8 \u05d1\u05de\u05e9\u05db\u05e0\u05d5\u05ea \u05e9\u05d0\u05e0\u05e0\u05d9\u05dd \u05d5\u05d9\u05de\u05d9\u05df \u05de\u05e9\u05d4 \u2013 \u05d4\u05e9\u05db\u05d5\u05e0\u05d5\u05ea \u05d4\u05d5\u05d5\u05ea\u05d9\u05e7\u05d5\u05ea \u05e9\u05dc \u05d9\u05e8\u05d5\u05e9\u05dc\u05d9\u05dd\"}]},{\"@type\":\"WebSite\",\"@id\":\"https:\\\/\\\/goguided.tours\\\/#website\",\"url\":\"https:\\\/\\\/goguided.tours\\\/\",\"name\":\"Go Guided\",\"description\":\"\",\"publisher\":{\"@id\":\"https:\\\/\\\/goguided.tours\\\/#organization\"},\"potentialAction\":[{\"@type\":\"SearchAction\",\"target\":{\"@type\":\"EntryPoint\",\"urlTemplate\":\"https:\\\/\\\/goguided.tours\\\/?s={search_term_string}\"},\"query-input\":{\"@type\":\"PropertyValueSpecification\",\"valueRequired\":true,\"valueName\":\"search_term_string\"}}],\"inLanguage\":\"es\"},{\"@type\":\"Organization\",\"@id\":\"https:\\\/\\\/goguided.tours\\\/#organization\",\"name\":\"GoGuided\",\"url\":\"https:\\\/\\\/goguided.tours\\\/\",\"logo\":{\"@type\":\"ImageObject\",\"inLanguage\":\"es\",\"@id\":\"https:\\\/\\\/goguided.tours\\\/#\\\/schema\\\/logo\\\/image\\\/\",\"url\":\"https:\\\/\\\/goguided.tours\\\/wp-content\\\/uploads\\\/2025\\\/05\\\/cropped-logo-guided.jpg\",\"contentUrl\":\"https:\\\/\\\/goguided.tours\\\/wp-content\\\/uploads\\\/2025\\\/05\\\/cropped-logo-guided.jpg\",\"width\":500,\"height\":143,\"caption\":\"GoGuided\"},\"image\":{\"@id\":\"https:\\\/\\\/goguided.tours\\\/#\\\/schema\\\/logo\\\/image\\\/\"},\"sameAs\":[\"https:\\\/\\\/www.facebook.com\\\/profile.php?id=61556958375391\",\"http:\\\/\\\/www.youtube.com\\\/@Guided-Tours\",\"https:\\\/\\\/www.instagram.com\\\/goguided.he\\\/\",\"https:\\\/\\\/www.tiktok.com\\\/@goguided.he\"]}]}<\/script>\n<!-- \/ Yoast SEO plugin. -->","yoast_head_json":{"title":"Recorrido por Mishkenot Sha&#039;ananim y Yemin Moshe, los barrios m\u00e1s antiguos de Jerusal\u00e9n","description":"Las fascinantes historias desde la salida de las murallas de la ciudad antigua hasta la construcci\u00f3n de los hermosos barrios que visitaremos: un recorrido impregnado de la historia de Jerusal\u00e9n y de Israel.","robots":{"index":"index","follow":"follow","max-snippet":"max-snippet:-1","max-image-preview":"max-image-preview:large","max-video-preview":"max-video-preview:-1"},"canonical":"https:\/\/goguided.tours\/es\/goto\/yemin-moshe-mishkenot-shaananim-tour\/","og_locale":"es_ES","og_type":"article","og_title":"\u05e1\u05d9\u05d5\u05e8 \u05d1\u05de\u05e9\u05db\u05e0\u05d5\u05ea \u05e9\u05d0\u05e0\u05e0\u05d9\u05dd \u05d5\u05d9\u05de\u05d9\u05df \u05de\u05e9\u05d4 \u2013 \u05d4\u05e9\u05db\u05d5\u05e0\u05d5\u05ea \u05d4\u05d5\u05d5\u05ea\u05d9\u05e7\u05d5\u05ea \u05e9\u05dc \u05d9\u05e8\u05d5\u05e9\u05dc\u05d9\u05dd","og_description":"\u05d4\u05e1\u05d9\u05e4\u05d5\u05e8\u05d9\u05dd \u05d4\u05de\u05e8\u05ea\u05e7\u05d9\u05dd \u05de\u05d9\u05de\u05d9 \u05d4\u05d9\u05e6\u05d9\u05d0\u05d4 \u05de\u05d7\u05d5\u05de\u05d5\u05ea \u05d4\u05e2\u05d9\u05e8 \u05d4\u05e2\u05ea\u05d9\u05e7\u05d4 \u05d5\u05e2\u05d3 \u05dc\u05d1\u05e0\u05d9\u05d9\u05ea\u05df \u05e9\u05dc \u05d4\u05e9\u05db\u05d5\u05e0\u05d5\u05ea \u05d4\u05d9\u05e4\u05d5\u05ea \u05e9\u05d1\u05d4\u05df \u05e0\u05d1\u05e7\u05e8 \u2013 \u05e1\u05d9\u05d5\u05e8 \u05d8\u05d1\u05d5\u05dc \u05d1\u05d4\u05d9\u05e1\u05d8\u05d5\u05e8\u05d9\u05d4 \u05d9\u05e8\u05d5\u05e9\u05dc\u05de\u05d9\u05ea \u05d5\u05d0\u05e8\u05e5 \u05d9\u05e9\u05e8\u05d0\u05dc\u05d9\u05ea \u05d2\u05dd \u05d9\u05d7\u05d3","og_url":"https:\/\/goguided.tours\/es\/goto\/yemin-moshe-mishkenot-shaananim-tour\/","og_site_name":"Go Guided","article_publisher":"https:\/\/www.facebook.com\/profile.php?id=61556958375391","article_modified_time":"2026-04-06T16:50:07+00:00","og_image":[{"width":1200,"height":1600,"url":"https:\/\/goguided.tours\/wp-content\/uploads\/2025\/05\/WhatsApp-Image-2021-09-21-at-21.29.52-3.jpeg","type":"image\/jpeg"}],"twitter_card":"summary_large_image","twitter_misc":{"Tiempo de lectura":"1 minuto"},"schema":{"@context":"https:\/\/schema.org","@graph":[{"@type":"WebPage","@id":"https:\/\/goguided.tours\/goto\/yemin-moshe-mishkenot-shaananim-tour\/","url":"https:\/\/goguided.tours\/goto\/yemin-moshe-mishkenot-shaananim-tour\/","name":"Recorrido por Mishkenot Sha&#039;ananim y Yemin Moshe, los barrios m\u00e1s antiguos de Jerusal\u00e9n","isPartOf":{"@id":"https:\/\/goguided.tours\/#website"},"primaryImageOfPage":{"@id":"https:\/\/goguided.tours\/goto\/yemin-moshe-mishkenot-shaananim-tour\/#primaryimage"},"image":{"@id":"https:\/\/goguided.tours\/goto\/yemin-moshe-mishkenot-shaananim-tour\/#primaryimage"},"thumbnailUrl":"https:\/\/goguided.tours\/wp-content\/uploads\/2025\/05\/Tour-of-Mishkenot-Shaananim-and-Yemin-Moshe.jpg","datePublished":"2025-05-25T10:33:57+00:00","dateModified":"2026-04-06T16:50:07+00:00","description":"Las fascinantes historias desde la salida de las murallas de la ciudad antigua hasta la construcci\u00f3n de los hermosos barrios que visitaremos: un recorrido impregnado de la historia de Jerusal\u00e9n y de Israel.","breadcrumb":{"@id":"https:\/\/goguided.tours\/goto\/yemin-moshe-mishkenot-shaananim-tour\/#breadcrumb"},"inLanguage":"es","potentialAction":[{"@type":"ReadAction","target":["https:\/\/goguided.tours\/goto\/yemin-moshe-mishkenot-shaananim-tour\/"]}]},{"@type":"ImageObject","inLanguage":"es","@id":"https:\/\/goguided.tours\/goto\/yemin-moshe-mishkenot-shaananim-tour\/#primaryimage","url":"https:\/\/goguided.tours\/wp-content\/uploads\/2025\/05\/Tour-of-Mishkenot-Shaananim-and-Yemin-Moshe.jpg","contentUrl":"https:\/\/goguided.tours\/wp-content\/uploads\/2025\/05\/Tour-of-Mishkenot-Shaananim-and-Yemin-Moshe.jpg","width":622,"height":933,"caption":"\u05e1\u05d9\u05d5\u05e8 \u05d1\u05de\u05e9\u05db\u05e0\u05d5\u05ea \u05e9\u05d0\u05e0\u05e0\u05d9\u05dd \u05d5\u05d9\u05de\u05d9\u05df \u05de\u05e9\u05d4"},{"@type":"BreadcrumbList","@id":"https:\/\/goguided.tours\/goto\/yemin-moshe-mishkenot-shaananim-tour\/#breadcrumb","itemListElement":[{"@type":"ListItem","position":1,"name":"\u05d3\u05e3 \u05d4\u05d1\u05d9\u05ea","item":"https:\/\/goguided.tours\/"},{"@type":"ListItem","position":2,"name":"\u05db\u05dc \u05d4\u05e4\u05e2\u05d9\u05dc\u05d5\u05d9\u05d5\u05ea","item":"https:\/\/goguided.tours\/shop\/"},{"@type":"ListItem","position":3,"name":"\u05e1\u05d9\u05d5\u05e8 \u05d1\u05de\u05e9\u05db\u05e0\u05d5\u05ea \u05e9\u05d0\u05e0\u05e0\u05d9\u05dd \u05d5\u05d9\u05de\u05d9\u05df \u05de\u05e9\u05d4 \u2013 \u05d4\u05e9\u05db\u05d5\u05e0\u05d5\u05ea \u05d4\u05d5\u05d5\u05ea\u05d9\u05e7\u05d5\u05ea \u05e9\u05dc \u05d9\u05e8\u05d5\u05e9\u05dc\u05d9\u05dd"}]},{"@type":"WebSite","@id":"https:\/\/goguided.tours\/#website","url":"https:\/\/goguided.tours\/","name":"Gu\u00eda Go","description":"","publisher":{"@id":"https:\/\/goguided.tours\/#organization"},"potentialAction":[{"@type":"SearchAction","target":{"@type":"EntryPoint","urlTemplate":"https:\/\/goguided.tours\/?s={search_term_string}"},"query-input":{"@type":"PropertyValueSpecification","valueRequired":true,"valueName":"search_term_string"}}],"inLanguage":"es"},{"@type":"Organization","@id":"https:\/\/goguided.tours\/#organization","name":"GoGuided","url":"https:\/\/goguided.tours\/","logo":{"@type":"ImageObject","inLanguage":"es","@id":"https:\/\/goguided.tours\/#\/schema\/logo\/image\/","url":"https:\/\/goguided.tours\/wp-content\/uploads\/2025\/05\/cropped-logo-guided.jpg","contentUrl":"https:\/\/goguided.tours\/wp-content\/uploads\/2025\/05\/cropped-logo-guided.jpg","width":500,"height":143,"caption":"GoGuided"},"image":{"@id":"https:\/\/goguided.tours\/#\/schema\/logo\/image\/"},"sameAs":["https:\/\/www.facebook.com\/profile.php?id=61556958375391","http:\/\/www.youtube.com\/@Guided-Tours","https:\/\/www.instagram.com\/goguided.he\/","https:\/\/www.tiktok.com\/@goguided.he"]}]}},"_links":{"self":[{"href":"https:\/\/goguided.tours\/es\/wp-json\/wp\/v2\/product\/13046","targetHints":{"allow":["GET"]}}],"collection":[{"href":"https:\/\/goguided.tours\/es\/wp-json\/wp\/v2\/product"}],"about":[{"href":"https:\/\/goguided.tours\/es\/wp-json\/wp\/v2\/types\/product"}],"author":[{"embeddable":true,"href":"https:\/\/goguided.tours\/es\/wp-json\/wp\/v2\/users\/10"}],"version-history":[{"count":3,"href":"https:\/\/goguided.tours\/es\/wp-json\/wp\/v2\/product\/13046\/revisions"}],"predecessor-version":[{"id":20971,"href":"https:\/\/goguided.tours\/es\/wp-json\/wp\/v2\/product\/13046\/revisions\/20971"}],"wp:featuredmedia":[{"embeddable":true,"href":"https:\/\/goguided.tours\/es\/wp-json\/wp\/v2\/media\/14732"}],"wp:attachment":[{"href":"https:\/\/goguided.tours\/es\/wp-json\/wp\/v2\/media?parent=13046"}],"wp:term":[{"taxonomy":"tour_area","embeddable":true,"href":"https:\/\/goguided.tours\/es\/wp-json\/wp\/v2\/tour_area?post=13046"},{"taxonomy":"tour_days","embeddable":true,"href":"https:\/\/goguided.tours\/es\/wp-json\/wp\/v2\/tour_days?post=13046"},{"taxonomy":"goto_type","embeddable":true,"href":"https:\/\/goguided.tours\/es\/wp-json\/wp\/v2\/goto_type?post=13046"},{"taxonomy":"tour_type","embeddable":true,"href":"https:\/\/goguided.tours\/es\/wp-json\/wp\/v2\/tour_type?post=13046"},{"taxonomy":"supported-language","embeddable":true,"href":"https:\/\/goguided.tours\/es\/wp-json\/wp\/v2\/supported-language?post=13046"},{"taxonomy":"product_cat","embeddable":true,"href":"https:\/\/goguided.tours\/es\/wp-json\/wp\/v2\/product_cat?post=13046"},{"taxonomy":"product_tag","embeddable":true,"href":"https:\/\/goguided.tours\/es\/wp-json\/wp\/v2\/product_tag?post=13046"},{"taxonomy":"activity_combo","embeddable":true,"href":"https:\/\/goguided.tours\/es\/wp-json\/wp\/v2\/activity_combo?post=13046"}],"curies":[{"name":"wp","href":"https:\/\/api.w.org\/{rel}","templated":true}]}}