{"id":13055,"date":"2025-05-25T13:33:57","date_gmt":"2025-05-25T10:33:57","guid":{"rendered":"https:\/\/goguided.tours\/?post_type=product&#038;p=13055"},"modified":"2026-04-10T13:04:11","modified_gmt":"2026-04-10T10:04:11","slug":"ciudad-de-corfu-y-recorrido-judio","status":"publish","type":"product","link":"https:\/\/goguided.tours\/es\/goto\/corfu-city-and-jewish-tour\/","title":{"rendered":"Visita combinada para conocer la ciudad y la comunidad jud\u00eda de Corf\u00fa | Todos los momentos de crisis y crecimiento de Corf\u00fa"},"excerpt":{"rendered":"<p><strong>\u05dc\u05d0 \u05dc\u05e2\u05d5\u05d3 \u05f4\u05e1\u05d9\u05d5\u05e8 \u05de\u05e9\u05e2\u05de\u05dd\u05f4 &#8211; \u05d9\u05e9 \u05dc\u05db\u05dd \u05d0\u05ea \u05d4\u05d4\u05d6\u05d3\u05de\u05e0\u05d5\u05ea \u05e2\u05db\u05e9\u05d9\u05d5 \u05dc\u05e8\u05d0\u05d5\u05ea \u05d5\u05dc\u05e9\u05de\u05d5\u05e2 \u05d0\u05ea \u05db\u05dc \u05e0\u05e7\u05d5\u05d3\u05d5\u05ea \u05d4\u05de\u05e9\u05d1\u05e8 \u05d5\u05d4\u05e6\u05de\u05d9\u05d7\u05d4 \u05e9\u05dc \u05e7\u05d5\u05e8\u05e4\u05d5..<\/strong><\/p>\n<p>Visitar\u00e1s la antigua fortaleza, considerada uno de los s\u00edmbolos m\u00e1s importantes de Corf\u00fa, el ayuntamiento hist\u00f3rico, escuchar\u00e1s sobre la historia romana y c\u00f3mo era el control durante la era napole\u00f3nica... \u00bfHizo crecer Corf\u00fa o la destruy\u00f3?<\/p>\n<p>\u00bfQu\u00e9 pas\u00f3 con los jud\u00edos durante el Holocausto?<br \/>\n\u00bfCu\u00e1l es la historia... y d\u00f3nde est\u00e1n hoy?<br \/>\nLa historia te tocar\u00e1 el coraz\u00f3n y te har\u00e1 estremecer.<\/p>\n<p><strong>\u05e1\u05d9\u05d5\u05e8 \u05d6\u05d4 \u05d0\u05d9\u05e0\u05d5 \u05e2\u05d5\u05e1\u05e7 \u05e8\u05e7 \u05d1\u05e1\u05d9\u05d5\u05e8\u05d9\u05dd \u05d1\u05d0\u05ea\u05e8\u05d9\u05dd &#8211; \u05d4\u05d5\u05d0 \u05e2\u05d5\u05e1\u05e7 \u05d1\u05ea\u05d7\u05d5\u05e9\u05ea \u05d9\u05d5\u05d5\u05df \u05d1\u05d0\u05de\u05ea! \u05e0\u05e9\u05dc\u05d1 \u05de\u05d5\u05d6\u05d9\u05e7\u05d4 \u05de\u05e7\u05d5\u05de\u05d9\u05ea, \u05de\u05d0\u05db\u05dc\u05d9\u05dd \u05d5\u05de\u05e1\u05d5\u05e8\u05d5\u05ea &#8211; \u05d7\u05d5\u05d5\u05d9\u05d4 \u05d9\u05d5\u05d5\u05e0\u05d9\u05ea \u05dc\u05d0\u05d5\u05e8\u05da \u05db\u05dc \u05d4\u05d3\u05e8\u05da!<\/strong><\/p>","protected":false},"author":29,"featured_media":13390,"template":"","meta":{"_acf_changed":false,"_wp_rev_ctl_limit":""},"tour_area":[172],"tour_days":[],"goto_type":[119],"tour_type":[],"supported-language":[68,67],"product_cat":[113],"product_tag":[],"activity_combo":[157,158],"class_list":{"0":"post-13055","1":"product","2":"type-product","3":"status-publish","4":"has-post-thumbnail","6":"tour_area-in-the-city","7":"goto_type-tours","8":"supported-language-english","9":"supported-language-hebrew","10":"product_cat-corfu","11":"activity_combo-greece","12":"activity_combo-corfu","14":"first","15":"instock","16":"shipping-taxable","17":"purchasable","18":"product-type-simple"},"acf":[],"yoast_head":"<!-- This site is optimized with the Yoast SEO plugin v27.4 - https:\/\/yoast.com\/product\/yoast-seo-wordpress\/ -->\n<title>\u05e1\u05d9\u05d5\u05e8 \u05de\u05e9\u05d5\u05dc\u05d1 \u05dc\u05d4\u05db\u05e8\u05ea \u05d4\u05e2\u05d9\u05e8 \u05d5\u05d9\u05d4\u05d3\u05d5\u05ea \u05e7\u05d5\u05e8\u05e4\u05d5 | \u05db\u05dc \u05e0\u05e7\u05d5\u05d3\u05d5\u05ea \u05d4\u05de\u05e9\u05d1\u05e8 \u05d5\u05d4\u05e6\u05de\u05d9\u05d7\u05d4 \u05e9\u05dc \u05e7\u05d5\u05e8\u05e4\u05d5<\/title>\n<meta name=\"description\" content=\"\u05dc\u05e8\u05d0\u05d5\u05ea \u05d5\u05dc\u05e9\u05de\u05d5\u05e2 \u05d0\u05ea \u05db\u05dc \u05e0\u05e7\u05d5\u05d3\u05d5\u05ea \u05d4\u05de\u05e9\u05d1\u05e8 \u05d5\u05d4\u05e6\u05de\u05d9\u05d7\u05d4 \u05e9\u05dc \u05e7\u05d5\u05e8\u05e4\u05d5.. \u05d5\u05d2\u05dd, \u05de\u05d4 \u05e7\u05e8\u05d4 \u05dc\u05d9\u05d4\u05d5\u05d3\u05d9\u05dd \u05d1\u05ea\u05e7\u05d5\u05e4\u05ea \u05d4\u05e9\u05d5\u05d0\u05d4?\u05e0\u05e9\u05dc\u05d1 \u05de\u05d5\u05d6\u05d9\u05e7\u05d4 \u05de\u05e7\u05d5\u05de\u05d9\u05ea, \u05de\u05d0\u05db\u05dc\u05d9\u05dd \u05d5\u05de\u05e1\u05d5\u05e8\u05d5\u05ea - \u05d7\u05d5\u05d5\u05d9\u05d4 \u05d9\u05d5\u05d5\u05e0\u05d9\u05ea \u05dc\u05d0\u05d5\u05e8\u05da \u05db\u05dc \u05d4\u05d3\u05e8\u05da!\" \/>\n<meta name=\"robots\" content=\"index, follow, max-snippet:-1, max-image-preview:large, max-video-preview:-1\" \/>\n<link rel=\"canonical\" href=\"https:\/\/goguided.tours\/es\/goto\/ciudad-de-corfu-y-recorrido-judio\/\" \/>\n<meta property=\"og:locale\" content=\"es_ES\" \/>\n<meta property=\"og:type\" content=\"article\" \/>\n<meta property=\"og:title\" content=\"\u05e1\u05d9\u05d5\u05e8 \u05de\u05e9\u05d5\u05dc\u05d1 \u05dc\u05d4\u05db\u05e8\u05ea \u05d4\u05e2\u05d9\u05e8 \u05d5\u05d9\u05d4\u05d3\u05d5\u05ea \u05e7\u05d5\u05e8\u05e4\u05d5 | \u05db\u05dc \u05e0\u05e7\u05d5\u05d3\u05d5\u05ea \u05d4\u05de\u05e9\u05d1\u05e8 \u05d5\u05d4\u05e6\u05de\u05d9\u05d7\u05d4 \u05e9\u05dc \u05e7\u05d5\u05e8\u05e4\u05d5\" \/>\n<meta property=\"og:description\" content=\"\u05dc\u05e8\u05d0\u05d5\u05ea \u05d5\u05dc\u05e9\u05de\u05d5\u05e2 \u05d0\u05ea \u05db\u05dc \u05e0\u05e7\u05d5\u05d3\u05d5\u05ea \u05d4\u05de\u05e9\u05d1\u05e8 \u05d5\u05d4\u05e6\u05de\u05d9\u05d7\u05d4 \u05e9\u05dc \u05e7\u05d5\u05e8\u05e4\u05d5.. \u05d5\u05d2\u05dd, \u05de\u05d4 \u05e7\u05e8\u05d4 \u05dc\u05d9\u05d4\u05d5\u05d3\u05d9\u05dd \u05d1\u05ea\u05e7\u05d5\u05e4\u05ea \u05d4\u05e9\u05d5\u05d0\u05d4?\u05e0\u05e9\u05dc\u05d1 \u05de\u05d5\u05d6\u05d9\u05e7\u05d4 \u05de\u05e7\u05d5\u05de\u05d9\u05ea, \u05de\u05d0\u05db\u05dc\u05d9\u05dd \u05d5\u05de\u05e1\u05d5\u05e8\u05d5\u05ea - \u05d7\u05d5\u05d5\u05d9\u05d4 \u05d9\u05d5\u05d5\u05e0\u05d9\u05ea \u05dc\u05d0\u05d5\u05e8\u05da \u05db\u05dc \u05d4\u05d3\u05e8\u05da!\" \/>\n<meta property=\"og:url\" content=\"https:\/\/goguided.tours\/es\/goto\/ciudad-de-corfu-y-recorrido-judio\/\" \/>\n<meta property=\"og:site_name\" content=\"Go Guided\" \/>\n<meta property=\"article:publisher\" content=\"https:\/\/www.facebook.com\/profile.php?id=61556958375391\" \/>\n<meta property=\"article:modified_time\" content=\"2026-04-10T10:04:11+00:00\" \/>\n<meta property=\"og:image\" content=\"https:\/\/goguided.tours\/wp-content\/uploads\/2025\/05\/Get-to-know-Corfu-like-a-local-in-4-hours-12.jpg\" \/>\n\t<meta property=\"og:image:width\" content=\"1075\" \/>\n\t<meta property=\"og:image:height\" content=\"1433\" \/>\n\t<meta property=\"og:image:type\" content=\"image\/jpeg\" \/>\n<meta name=\"twitter:card\" content=\"summary_large_image\" \/>\n<meta name=\"twitter:label1\" content=\"Tiempo de lectura\" \/>\n\t<meta name=\"twitter:data1\" content=\"1 minuto\" \/>\n<script type=\"application\/ld+json\" class=\"yoast-schema-graph\">{\"@context\":\"https:\\\/\\\/schema.org\",\"@graph\":[{\"@type\":\"WebPage\",\"@id\":\"https:\\\/\\\/goguided.tours\\\/goto\\\/corfu-city-and-jewish-tour\\\/\",\"url\":\"https:\\\/\\\/goguided.tours\\\/goto\\\/corfu-city-and-jewish-tour\\\/\",\"name\":\"\u05e1\u05d9\u05d5\u05e8 \u05de\u05e9\u05d5\u05dc\u05d1 \u05dc\u05d4\u05db\u05e8\u05ea \u05d4\u05e2\u05d9\u05e8 \u05d5\u05d9\u05d4\u05d3\u05d5\u05ea \u05e7\u05d5\u05e8\u05e4\u05d5 | \u05db\u05dc \u05e0\u05e7\u05d5\u05d3\u05d5\u05ea \u05d4\u05de\u05e9\u05d1\u05e8 \u05d5\u05d4\u05e6\u05de\u05d9\u05d7\u05d4 \u05e9\u05dc \u05e7\u05d5\u05e8\u05e4\u05d5\",\"isPartOf\":{\"@id\":\"https:\\\/\\\/goguided.tours\\\/#website\"},\"primaryImageOfPage\":{\"@id\":\"https:\\\/\\\/goguided.tours\\\/goto\\\/corfu-city-and-jewish-tour\\\/#primaryimage\"},\"image\":{\"@id\":\"https:\\\/\\\/goguided.tours\\\/goto\\\/corfu-city-and-jewish-tour\\\/#primaryimage\"},\"thumbnailUrl\":\"https:\\\/\\\/goguided.tours\\\/wp-content\\\/uploads\\\/2025\\\/05\\\/Get-to-know-Corfu-like-a-local-in-4-hours-6.jpg\",\"datePublished\":\"2025-05-25T10:33:57+00:00\",\"dateModified\":\"2026-04-10T10:04:11+00:00\",\"description\":\"\u05dc\u05e8\u05d0\u05d5\u05ea \u05d5\u05dc\u05e9\u05de\u05d5\u05e2 \u05d0\u05ea \u05db\u05dc \u05e0\u05e7\u05d5\u05d3\u05d5\u05ea \u05d4\u05de\u05e9\u05d1\u05e8 \u05d5\u05d4\u05e6\u05de\u05d9\u05d7\u05d4 \u05e9\u05dc \u05e7\u05d5\u05e8\u05e4\u05d5.. \u05d5\u05d2\u05dd, \u05de\u05d4 \u05e7\u05e8\u05d4 \u05dc\u05d9\u05d4\u05d5\u05d3\u05d9\u05dd \u05d1\u05ea\u05e7\u05d5\u05e4\u05ea \u05d4\u05e9\u05d5\u05d0\u05d4?\u05e0\u05e9\u05dc\u05d1 \u05de\u05d5\u05d6\u05d9\u05e7\u05d4 \u05de\u05e7\u05d5\u05de\u05d9\u05ea, \u05de\u05d0\u05db\u05dc\u05d9\u05dd \u05d5\u05de\u05e1\u05d5\u05e8\u05d5\u05ea - \u05d7\u05d5\u05d5\u05d9\u05d4 \u05d9\u05d5\u05d5\u05e0\u05d9\u05ea \u05dc\u05d0\u05d5\u05e8\u05da \u05db\u05dc \u05d4\u05d3\u05e8\u05da!\",\"breadcrumb\":{\"@id\":\"https:\\\/\\\/goguided.tours\\\/goto\\\/corfu-city-and-jewish-tour\\\/#breadcrumb\"},\"inLanguage\":\"es\",\"potentialAction\":[{\"@type\":\"ReadAction\",\"target\":[\"https:\\\/\\\/goguided.tours\\\/goto\\\/corfu-city-and-jewish-tour\\\/\"]}]},{\"@type\":\"ImageObject\",\"inLanguage\":\"es\",\"@id\":\"https:\\\/\\\/goguided.tours\\\/goto\\\/corfu-city-and-jewish-tour\\\/#primaryimage\",\"url\":\"https:\\\/\\\/goguided.tours\\\/wp-content\\\/uploads\\\/2025\\\/05\\\/Get-to-know-Corfu-like-a-local-in-4-hours-6.jpg\",\"contentUrl\":\"https:\\\/\\\/goguided.tours\\\/wp-content\\\/uploads\\\/2025\\\/05\\\/Get-to-know-Corfu-like-a-local-in-4-hours-6.jpg\",\"width\":1075,\"height\":1433,\"caption\":\"\u05e1\u05d9\u05d5\u05e8 \u05de\u05e9\u05d5\u05dc\u05d1 \u05dc\u05d4\u05db\u05e8\u05ea \u05d4\u05e2\u05d9\u05e8 \u05d5\u05d9\u05d4\u05d3\u05d5\u05ea \u05e7\u05d5\u05e8\u05e4\u05d5\"},{\"@type\":\"BreadcrumbList\",\"@id\":\"https:\\\/\\\/goguided.tours\\\/goto\\\/corfu-city-and-jewish-tour\\\/#breadcrumb\",\"itemListElement\":[{\"@type\":\"ListItem\",\"position\":1,\"name\":\"\u05d3\u05e3 \u05d4\u05d1\u05d9\u05ea\",\"item\":\"https:\\\/\\\/goguided.tours\\\/\"},{\"@type\":\"ListItem\",\"position\":2,\"name\":\"\u05db\u05dc \u05d4\u05e4\u05e2\u05d9\u05dc\u05d5\u05d9\u05d5\u05ea\",\"item\":\"https:\\\/\\\/goguided.tours\\\/shop\\\/\"},{\"@type\":\"ListItem\",\"position\":3,\"name\":\"\u05e1\u05d9\u05d5\u05e8 \u05de\u05e9\u05d5\u05dc\u05d1 \u05dc\u05d4\u05db\u05e8\u05ea \u05d4\u05e2\u05d9\u05e8 \u05d5\u05d9\u05d4\u05d3\u05d5\u05ea \u05e7\u05d5\u05e8\u05e4\u05d5 | \u05db\u05dc \u05e0\u05e7\u05d5\u05d3\u05d5\u05ea \u05d4\u05de\u05e9\u05d1\u05e8 \u05d5\u05d4\u05e6\u05de\u05d9\u05d7\u05d4 \u05e9\u05dc \u05e7\u05d5\u05e8\u05e4\u05d5\"}]},{\"@type\":\"WebSite\",\"@id\":\"https:\\\/\\\/goguided.tours\\\/#website\",\"url\":\"https:\\\/\\\/goguided.tours\\\/\",\"name\":\"Go Guided\",\"description\":\"\",\"publisher\":{\"@id\":\"https:\\\/\\\/goguided.tours\\\/#organization\"},\"potentialAction\":[{\"@type\":\"SearchAction\",\"target\":{\"@type\":\"EntryPoint\",\"urlTemplate\":\"https:\\\/\\\/goguided.tours\\\/?s={search_term_string}\"},\"query-input\":{\"@type\":\"PropertyValueSpecification\",\"valueRequired\":true,\"valueName\":\"search_term_string\"}}],\"inLanguage\":\"es\"},{\"@type\":\"Organization\",\"@id\":\"https:\\\/\\\/goguided.tours\\\/#organization\",\"name\":\"GoGuided\",\"url\":\"https:\\\/\\\/goguided.tours\\\/\",\"logo\":{\"@type\":\"ImageObject\",\"inLanguage\":\"es\",\"@id\":\"https:\\\/\\\/goguided.tours\\\/#\\\/schema\\\/logo\\\/image\\\/\",\"url\":\"https:\\\/\\\/goguided.tours\\\/wp-content\\\/uploads\\\/2025\\\/05\\\/cropped-logo-guided.jpg\",\"contentUrl\":\"https:\\\/\\\/goguided.tours\\\/wp-content\\\/uploads\\\/2025\\\/05\\\/cropped-logo-guided.jpg\",\"width\":500,\"height\":143,\"caption\":\"GoGuided\"},\"image\":{\"@id\":\"https:\\\/\\\/goguided.tours\\\/#\\\/schema\\\/logo\\\/image\\\/\"},\"sameAs\":[\"https:\\\/\\\/www.facebook.com\\\/profile.php?id=61556958375391\",\"http:\\\/\\\/www.youtube.com\\\/@Guided-Tours\",\"https:\\\/\\\/www.instagram.com\\\/goguided.he\\\/\",\"https:\\\/\\\/www.tiktok.com\\\/@goguided.he\"]}]}<\/script>\n<!-- \/ Yoast SEO plugin. -->","yoast_head_json":{"title":"Visita combinada para conocer la ciudad y la comunidad jud\u00eda de Corf\u00fa | Todos los momentos de crisis y crecimiento de Corf\u00fa","description":"Ver y escuchar todos los puntos de crisis y crecimiento de Corf\u00fa... Y tambi\u00e9n, \u00bfqu\u00e9 les sucedi\u00f3 a los jud\u00edos durante el Holocausto? Combinaremos m\u00fasica local, comida y tradiciones: \u00a1una experiencia griega en todo momento!","robots":{"index":"index","follow":"follow","max-snippet":"max-snippet:-1","max-image-preview":"max-image-preview:large","max-video-preview":"max-video-preview:-1"},"canonical":"https:\/\/goguided.tours\/es\/goto\/ciudad-de-corfu-y-recorrido-judio\/","og_locale":"es_ES","og_type":"article","og_title":"\u05e1\u05d9\u05d5\u05e8 \u05de\u05e9\u05d5\u05dc\u05d1 \u05dc\u05d4\u05db\u05e8\u05ea \u05d4\u05e2\u05d9\u05e8 \u05d5\u05d9\u05d4\u05d3\u05d5\u05ea \u05e7\u05d5\u05e8\u05e4\u05d5 | \u05db\u05dc \u05e0\u05e7\u05d5\u05d3\u05d5\u05ea \u05d4\u05de\u05e9\u05d1\u05e8 \u05d5\u05d4\u05e6\u05de\u05d9\u05d7\u05d4 \u05e9\u05dc \u05e7\u05d5\u05e8\u05e4\u05d5","og_description":"\u05dc\u05e8\u05d0\u05d5\u05ea \u05d5\u05dc\u05e9\u05de\u05d5\u05e2 \u05d0\u05ea \u05db\u05dc \u05e0\u05e7\u05d5\u05d3\u05d5\u05ea \u05d4\u05de\u05e9\u05d1\u05e8 \u05d5\u05d4\u05e6\u05de\u05d9\u05d7\u05d4 \u05e9\u05dc \u05e7\u05d5\u05e8\u05e4\u05d5.. \u05d5\u05d2\u05dd, \u05de\u05d4 \u05e7\u05e8\u05d4 \u05dc\u05d9\u05d4\u05d5\u05d3\u05d9\u05dd \u05d1\u05ea\u05e7\u05d5\u05e4\u05ea \u05d4\u05e9\u05d5\u05d0\u05d4?\u05e0\u05e9\u05dc\u05d1 \u05de\u05d5\u05d6\u05d9\u05e7\u05d4 \u05de\u05e7\u05d5\u05de\u05d9\u05ea, \u05de\u05d0\u05db\u05dc\u05d9\u05dd \u05d5\u05de\u05e1\u05d5\u05e8\u05d5\u05ea - \u05d7\u05d5\u05d5\u05d9\u05d4 \u05d9\u05d5\u05d5\u05e0\u05d9\u05ea \u05dc\u05d0\u05d5\u05e8\u05da \u05db\u05dc \u05d4\u05d3\u05e8\u05da!","og_url":"https:\/\/goguided.tours\/es\/goto\/ciudad-de-corfu-y-recorrido-judio\/","og_site_name":"Go Guided","article_publisher":"https:\/\/www.facebook.com\/profile.php?id=61556958375391","article_modified_time":"2026-04-10T10:04:11+00:00","og_image":[{"width":1075,"height":1433,"url":"https:\/\/goguided.tours\/wp-content\/uploads\/2025\/05\/Get-to-know-Corfu-like-a-local-in-4-hours-12.jpg","type":"image\/jpeg"}],"twitter_card":"summary_large_image","twitter_misc":{"Tiempo de lectura":"1 minuto"},"schema":{"@context":"https:\/\/schema.org","@graph":[{"@type":"WebPage","@id":"https:\/\/goguided.tours\/goto\/corfu-city-and-jewish-tour\/","url":"https:\/\/goguided.tours\/goto\/corfu-city-and-jewish-tour\/","name":"Visita combinada para conocer la ciudad y la comunidad jud\u00eda de Corf\u00fa | Todos los momentos de crisis y crecimiento de Corf\u00fa","isPartOf":{"@id":"https:\/\/goguided.tours\/#website"},"primaryImageOfPage":{"@id":"https:\/\/goguided.tours\/goto\/corfu-city-and-jewish-tour\/#primaryimage"},"image":{"@id":"https:\/\/goguided.tours\/goto\/corfu-city-and-jewish-tour\/#primaryimage"},"thumbnailUrl":"https:\/\/goguided.tours\/wp-content\/uploads\/2025\/05\/Get-to-know-Corfu-like-a-local-in-4-hours-6.jpg","datePublished":"2025-05-25T10:33:57+00:00","dateModified":"2026-04-10T10:04:11+00:00","description":"Ver y escuchar todos los puntos de crisis y crecimiento de Corf\u00fa... Y tambi\u00e9n, \u00bfqu\u00e9 les sucedi\u00f3 a los jud\u00edos durante el Holocausto? Combinaremos m\u00fasica local, comida y tradiciones: \u00a1una experiencia griega en todo momento!","breadcrumb":{"@id":"https:\/\/goguided.tours\/goto\/corfu-city-and-jewish-tour\/#breadcrumb"},"inLanguage":"es","potentialAction":[{"@type":"ReadAction","target":["https:\/\/goguided.tours\/goto\/corfu-city-and-jewish-tour\/"]}]},{"@type":"ImageObject","inLanguage":"es","@id":"https:\/\/goguided.tours\/goto\/corfu-city-and-jewish-tour\/#primaryimage","url":"https:\/\/goguided.tours\/wp-content\/uploads\/2025\/05\/Get-to-know-Corfu-like-a-local-in-4-hours-6.jpg","contentUrl":"https:\/\/goguided.tours\/wp-content\/uploads\/2025\/05\/Get-to-know-Corfu-like-a-local-in-4-hours-6.jpg","width":1075,"height":1433,"caption":"\u05e1\u05d9\u05d5\u05e8 \u05de\u05e9\u05d5\u05dc\u05d1 \u05dc\u05d4\u05db\u05e8\u05ea \u05d4\u05e2\u05d9\u05e8 \u05d5\u05d9\u05d4\u05d3\u05d5\u05ea \u05e7\u05d5\u05e8\u05e4\u05d5"},{"@type":"BreadcrumbList","@id":"https:\/\/goguided.tours\/goto\/corfu-city-and-jewish-tour\/#breadcrumb","itemListElement":[{"@type":"ListItem","position":1,"name":"\u05d3\u05e3 \u05d4\u05d1\u05d9\u05ea","item":"https:\/\/goguided.tours\/"},{"@type":"ListItem","position":2,"name":"\u05db\u05dc \u05d4\u05e4\u05e2\u05d9\u05dc\u05d5\u05d9\u05d5\u05ea","item":"https:\/\/goguided.tours\/shop\/"},{"@type":"ListItem","position":3,"name":"\u05e1\u05d9\u05d5\u05e8 \u05de\u05e9\u05d5\u05dc\u05d1 \u05dc\u05d4\u05db\u05e8\u05ea \u05d4\u05e2\u05d9\u05e8 \u05d5\u05d9\u05d4\u05d3\u05d5\u05ea \u05e7\u05d5\u05e8\u05e4\u05d5 | \u05db\u05dc \u05e0\u05e7\u05d5\u05d3\u05d5\u05ea \u05d4\u05de\u05e9\u05d1\u05e8 \u05d5\u05d4\u05e6\u05de\u05d9\u05d7\u05d4 \u05e9\u05dc \u05e7\u05d5\u05e8\u05e4\u05d5"}]},{"@type":"WebSite","@id":"https:\/\/goguided.tours\/#website","url":"https:\/\/goguided.tours\/","name":"Gu\u00eda Go","description":"","publisher":{"@id":"https:\/\/goguided.tours\/#organization"},"potentialAction":[{"@type":"SearchAction","target":{"@type":"EntryPoint","urlTemplate":"https:\/\/goguided.tours\/?s={search_term_string}"},"query-input":{"@type":"PropertyValueSpecification","valueRequired":true,"valueName":"search_term_string"}}],"inLanguage":"es"},{"@type":"Organization","@id":"https:\/\/goguided.tours\/#organization","name":"GoGuided","url":"https:\/\/goguided.tours\/","logo":{"@type":"ImageObject","inLanguage":"es","@id":"https:\/\/goguided.tours\/#\/schema\/logo\/image\/","url":"https:\/\/goguided.tours\/wp-content\/uploads\/2025\/05\/cropped-logo-guided.jpg","contentUrl":"https:\/\/goguided.tours\/wp-content\/uploads\/2025\/05\/cropped-logo-guided.jpg","width":500,"height":143,"caption":"GoGuided"},"image":{"@id":"https:\/\/goguided.tours\/#\/schema\/logo\/image\/"},"sameAs":["https:\/\/www.facebook.com\/profile.php?id=61556958375391","http:\/\/www.youtube.com\/@Guided-Tours","https:\/\/www.instagram.com\/goguided.he\/","https:\/\/www.tiktok.com\/@goguided.he"]}]}},"_links":{"self":[{"href":"https:\/\/goguided.tours\/es\/wp-json\/wp\/v2\/product\/13055","targetHints":{"allow":["GET"]}}],"collection":[{"href":"https:\/\/goguided.tours\/es\/wp-json\/wp\/v2\/product"}],"about":[{"href":"https:\/\/goguided.tours\/es\/wp-json\/wp\/v2\/types\/product"}],"author":[{"embeddable":true,"href":"https:\/\/goguided.tours\/es\/wp-json\/wp\/v2\/users\/29"}],"version-history":[{"count":6,"href":"https:\/\/goguided.tours\/es\/wp-json\/wp\/v2\/product\/13055\/revisions"}],"predecessor-version":[{"id":21217,"href":"https:\/\/goguided.tours\/es\/wp-json\/wp\/v2\/product\/13055\/revisions\/21217"}],"wp:featuredmedia":[{"embeddable":true,"href":"https:\/\/goguided.tours\/es\/wp-json\/wp\/v2\/media\/13390"}],"wp:attachment":[{"href":"https:\/\/goguided.tours\/es\/wp-json\/wp\/v2\/media?parent=13055"}],"wp:term":[{"taxonomy":"tour_area","embeddable":true,"href":"https:\/\/goguided.tours\/es\/wp-json\/wp\/v2\/tour_area?post=13055"},{"taxonomy":"tour_days","embeddable":true,"href":"https:\/\/goguided.tours\/es\/wp-json\/wp\/v2\/tour_days?post=13055"},{"taxonomy":"goto_type","embeddable":true,"href":"https:\/\/goguided.tours\/es\/wp-json\/wp\/v2\/goto_type?post=13055"},{"taxonomy":"tour_type","embeddable":true,"href":"https:\/\/goguided.tours\/es\/wp-json\/wp\/v2\/tour_type?post=13055"},{"taxonomy":"supported-language","embeddable":true,"href":"https:\/\/goguided.tours\/es\/wp-json\/wp\/v2\/supported-language?post=13055"},{"taxonomy":"product_cat","embeddable":true,"href":"https:\/\/goguided.tours\/es\/wp-json\/wp\/v2\/product_cat?post=13055"},{"taxonomy":"product_tag","embeddable":true,"href":"https:\/\/goguided.tours\/es\/wp-json\/wp\/v2\/product_tag?post=13055"},{"taxonomy":"activity_combo","embeddable":true,"href":"https:\/\/goguided.tours\/es\/wp-json\/wp\/v2\/activity_combo?post=13055"}],"curies":[{"name":"wp","href":"https:\/\/api.w.org\/{rel}","templated":true}]}}