{"id":13056,"date":"2025-05-25T13:33:57","date_gmt":"2025-05-25T10:33:57","guid":{"rendered":"https:\/\/goguided.tours\/?post_type=product&#038;p=13056"},"modified":"2026-04-10T12:29:08","modified_gmt":"2026-04-10T09:29:08","slug":"excursion-de-un-dia-a-szentendre-en-el-recodo-del-danubio","status":"publish","type":"product","link":"https:\/\/goguided.tours\/es\/goto\/danube-bend-szentendre-day-tour\/","title":{"rendered":"Excursi\u00f3n de un d\u00eda al meandro del Danubio: el pueblo de artistas de Szentendre y la hist\u00f3rica ciudad de los caballeros, Visegr\u00e1d"},"excerpt":{"rendered":"<p><strong>Miradores, trineos de monta\u00f1a, antiguas fortalezas, almuerzo en un excelente restaurante local y \u00a1muchas otras sorpresas!<\/strong><\/p>\n<p>A trav\u00e9s de los pintorescos pueblos de la tradicional y verde campi\u00f1a del norte de Hungr\u00eda, espectaculares vistas del r\u00edo Danubio, una variedad de actividades y espect\u00e1culos para todas las edades, incluyendo &quot;<strong>Reuni\u00f3n de caballeros<\/strong>&quot;Un evento espectacular que incluye una reuni\u00f3n con los caballeros de la orden y luego un taller para caballeros con experiencia pr\u00e1ctica en el tiro con arco y flechas, lanzas, estrellas de batalla y m\u00e1s, junto con fascinantes sitios hist\u00f3ricos con vistas perfectas para fotos familiares.<\/p>\n<p>En una frase:<br \/>\n<span style=\"text-decoration: underline;\">El d\u00eda m\u00e1s agradable que tendr\u00e1s en vacaciones\ud83e\udef6\ud83c\udffb<\/span><\/p>","protected":false},"author":17,"featured_media":13377,"template":"","meta":{"_acf_changed":false,"_wp_rev_ctl_limit":""},"tour_area":[173],"tour_days":[250,254],"goto_type":[119],"tour_type":[],"supported-language":[68,67],"product_cat":[66],"product_tag":[],"activity_combo":[160,159],"class_list":{"0":"post-13056","1":"product","2":"type-product","3":"status-publish","4":"has-post-thumbnail","6":"tour_area-trip-outside-the-city","7":"tour_days-saturday","8":"tour_days-tuesday","9":"goto_type-tours","10":"supported-language-english","11":"supported-language-hebrew","12":"product_cat-budapest","13":"activity_combo-budapest","14":"activity_combo-hungary","16":"first","17":"instock","18":"shipping-taxable","19":"purchasable","20":"product-type-simple"},"acf":[],"yoast_head":"<!-- This site is optimized with the Yoast SEO plugin v27.4 - https:\/\/yoast.com\/product\/yoast-seo-wordpress\/ -->\n<title>\u05d8\u05d9\u05d5\u05dc \u05d9\u05d5\u05de\u05d9 \u05dc\u05d1\u05e8\u05da \u05d4\u05d3\u05e0\u05d5\u05d1\u05d4 \u05d1\u05e2\u05d1\u05e8\u05d9\u05ea | \u05de\u05d6\u05d7\u05dc\u05d5\u05ea \u05d4\u05e8\u05d9\u05dd \u05d5\u05de\u05e6\u05d5\u05d3\u05d5\u05ea \u05e2\u05ea\u05d9\u05e7\u05d5\u05ea<\/title>\n<meta name=\"description\" content=\"\u05d3\u05e8\u05da \u05d4\u05e2\u05d9\u05d9\u05e8\u05d5\u05ea \u05d4\u05e6\u05d9\u05d5\u05e8\u05d9\u05d5\u05ea \u05d1\u05d0\u05d9\u05d6\u05d5\u05e8 \u05d4\u05db\u05e4\u05e8\u05d9 \u05d4\u05de\u05e1\u05d5\u05e8\u05ea\u05d9, \u05de\u05e4\u05d2\u05e9 \u05d0\u05d1\u05d9\u05e8\u05d9\u05dd \u05de\u05e8\u05d4\u05d9\u05d1, \u05d0\u05e8\u05d5\u05d7\u05ea \u05e6\u05d4\u05e8\u05d9\u05d9\u05dd \u05d1\u05de\u05e1\u05e2\u05d3\u05d4 \u05de\u05e7\u05d5\u05de\u05d9\u05ea \u05e9\u05d5\u05d5\u05d4 \u05d5\u05e2\u05d5\u05d3 \u05d4\u05de\u05d5\u05df \u05d4\u05e4\u05ea\u05e2\u05d5\u05ea! \u05d4\u05d9\u05d5\u05dd \u05d4\u05db\u05d9 \u05de\u05d4\u05e0\u05d4 \u05e9\u05d9\u05d4\u05d9\u05d4 \u05dc\u05db\u05dd \u05d1\u05d7\u05d5\u05e4\u05e9\u05d4\ud83e\udef6\ud83c\udffb\" \/>\n<meta name=\"robots\" content=\"index, follow, max-snippet:-1, max-image-preview:large, max-video-preview:-1\" \/>\n<link rel=\"canonical\" href=\"https:\/\/goguided.tours\/es\/goto\/excursion-de-un-dia-a-szentendre-en-el-recodo-del-danubio\/\" \/>\n<meta property=\"og:locale\" content=\"es_ES\" \/>\n<meta property=\"og:type\" content=\"article\" \/>\n<meta property=\"og:title\" content=\"\u05d8\u05d9\u05d5\u05dc \u05d9\u05d5\u05de\u05d9 \u05dc\u05d1\u05e8\u05da \u05d4\u05d3\u05e0\u05d5\u05d1\u05d4 \u05d1\u05e2\u05d1\u05e8\u05d9\u05ea | \u05de\u05d6\u05d7\u05dc\u05d5\u05ea \u05d4\u05e8\u05d9\u05dd \u05d5\u05de\u05e6\u05d5\u05d3\u05d5\u05ea \u05e2\u05ea\u05d9\u05e7\u05d5\u05ea\" \/>\n<meta property=\"og:description\" content=\"\u05d3\u05e8\u05da \u05d4\u05e2\u05d9\u05d9\u05e8\u05d5\u05ea \u05d4\u05e6\u05d9\u05d5\u05e8\u05d9\u05d5\u05ea \u05d1\u05d0\u05d9\u05d6\u05d5\u05e8 \u05d4\u05db\u05e4\u05e8\u05d9 \u05d4\u05de\u05e1\u05d5\u05e8\u05ea\u05d9, \u05de\u05e4\u05d2\u05e9 \u05d0\u05d1\u05d9\u05e8\u05d9\u05dd \u05de\u05e8\u05d4\u05d9\u05d1, \u05d0\u05e8\u05d5\u05d7\u05ea \u05e6\u05d4\u05e8\u05d9\u05d9\u05dd \u05d1\u05de\u05e1\u05e2\u05d3\u05d4 \u05de\u05e7\u05d5\u05de\u05d9\u05ea \u05e9\u05d5\u05d5\u05d4 \u05d5\u05e2\u05d5\u05d3 \u05d4\u05de\u05d5\u05df \u05d4\u05e4\u05ea\u05e2\u05d5\u05ea! \u05d4\u05d9\u05d5\u05dd \u05d4\u05db\u05d9 \u05de\u05d4\u05e0\u05d4 \u05e9\u05d9\u05d4\u05d9\u05d4 \u05dc\u05db\u05dd \u05d1\u05d7\u05d5\u05e4\u05e9\u05d4\ud83e\udef6\ud83c\udffb\" \/>\n<meta property=\"og:url\" content=\"https:\/\/goguided.tours\/es\/goto\/excursion-de-un-dia-a-szentendre-en-el-recodo-del-danubio\/\" \/>\n<meta property=\"og:site_name\" content=\"Go Guided\" \/>\n<meta property=\"article:publisher\" content=\"https:\/\/www.facebook.com\/profile.php?id=61556958375391\" \/>\n<meta property=\"article:modified_time\" content=\"2026-04-10T09:29:08+00:00\" \/>\n<meta property=\"og:image\" content=\"https:\/\/goguided.tours\/wp-content\/uploads\/2025\/05\/Day-trip-to-the-Danube-Bend.jpg\" \/>\n\t<meta property=\"og:image:width\" content=\"475\" \/>\n\t<meta property=\"og:image:height\" content=\"317\" \/>\n\t<meta property=\"og:image:type\" content=\"image\/jpeg\" \/>\n<meta name=\"twitter:card\" content=\"summary_large_image\" \/>\n<meta name=\"twitter:label1\" content=\"Tiempo de lectura\" \/>\n\t<meta name=\"twitter:data1\" content=\"1 minuto\" \/>\n<script type=\"application\/ld+json\" class=\"yoast-schema-graph\">{\"@context\":\"https:\\\/\\\/schema.org\",\"@graph\":[{\"@type\":\"WebPage\",\"@id\":\"https:\\\/\\\/goguided.tours\\\/goto\\\/danube-bend-szentendre-day-tour\\\/\",\"url\":\"https:\\\/\\\/goguided.tours\\\/goto\\\/danube-bend-szentendre-day-tour\\\/\",\"name\":\"\u05d8\u05d9\u05d5\u05dc \u05d9\u05d5\u05de\u05d9 \u05dc\u05d1\u05e8\u05da \u05d4\u05d3\u05e0\u05d5\u05d1\u05d4 \u05d1\u05e2\u05d1\u05e8\u05d9\u05ea | \u05de\u05d6\u05d7\u05dc\u05d5\u05ea \u05d4\u05e8\u05d9\u05dd \u05d5\u05de\u05e6\u05d5\u05d3\u05d5\u05ea \u05e2\u05ea\u05d9\u05e7\u05d5\u05ea\",\"isPartOf\":{\"@id\":\"https:\\\/\\\/goguided.tours\\\/#website\"},\"primaryImageOfPage\":{\"@id\":\"https:\\\/\\\/goguided.tours\\\/goto\\\/danube-bend-szentendre-day-tour\\\/#primaryimage\"},\"image\":{\"@id\":\"https:\\\/\\\/goguided.tours\\\/goto\\\/danube-bend-szentendre-day-tour\\\/#primaryimage\"},\"thumbnailUrl\":\"https:\\\/\\\/goguided.tours\\\/wp-content\\\/uploads\\\/2025\\\/05\\\/Day-trip-to-the-Danube-Bend-3.jpg\",\"datePublished\":\"2025-05-25T10:33:57+00:00\",\"dateModified\":\"2026-04-10T09:29:08+00:00\",\"description\":\"\u05d3\u05e8\u05da \u05d4\u05e2\u05d9\u05d9\u05e8\u05d5\u05ea \u05d4\u05e6\u05d9\u05d5\u05e8\u05d9\u05d5\u05ea \u05d1\u05d0\u05d9\u05d6\u05d5\u05e8 \u05d4\u05db\u05e4\u05e8\u05d9 \u05d4\u05de\u05e1\u05d5\u05e8\u05ea\u05d9, \u05de\u05e4\u05d2\u05e9 \u05d0\u05d1\u05d9\u05e8\u05d9\u05dd \u05de\u05e8\u05d4\u05d9\u05d1, \u05d0\u05e8\u05d5\u05d7\u05ea \u05e6\u05d4\u05e8\u05d9\u05d9\u05dd \u05d1\u05de\u05e1\u05e2\u05d3\u05d4 \u05de\u05e7\u05d5\u05de\u05d9\u05ea \u05e9\u05d5\u05d5\u05d4 \u05d5\u05e2\u05d5\u05d3 \u05d4\u05de\u05d5\u05df \u05d4\u05e4\u05ea\u05e2\u05d5\u05ea! \u05d4\u05d9\u05d5\u05dd \u05d4\u05db\u05d9 \u05de\u05d4\u05e0\u05d4 \u05e9\u05d9\u05d4\u05d9\u05d4 \u05dc\u05db\u05dd \u05d1\u05d7\u05d5\u05e4\u05e9\u05d4\ud83e\udef6\ud83c\udffb\",\"breadcrumb\":{\"@id\":\"https:\\\/\\\/goguided.tours\\\/goto\\\/danube-bend-szentendre-day-tour\\\/#breadcrumb\"},\"inLanguage\":\"es\",\"potentialAction\":[{\"@type\":\"ReadAction\",\"target\":[\"https:\\\/\\\/goguided.tours\\\/goto\\\/danube-bend-szentendre-day-tour\\\/\"]}]},{\"@type\":\"ImageObject\",\"inLanguage\":\"es\",\"@id\":\"https:\\\/\\\/goguided.tours\\\/goto\\\/danube-bend-szentendre-day-tour\\\/#primaryimage\",\"url\":\"https:\\\/\\\/goguided.tours\\\/wp-content\\\/uploads\\\/2025\\\/05\\\/Day-trip-to-the-Danube-Bend-3.jpg\",\"contentUrl\":\"https:\\\/\\\/goguided.tours\\\/wp-content\\\/uploads\\\/2025\\\/05\\\/Day-trip-to-the-Danube-Bend-3.jpg\",\"width\":475,\"height\":317,\"caption\":\"\u05d8\u05d9\u05d5\u05dc \u05dc\u05d1\u05e8\u05da \u05d4\u05d3\u05e0\u05d5\u05d1\u05d4\"},{\"@type\":\"BreadcrumbList\",\"@id\":\"https:\\\/\\\/goguided.tours\\\/goto\\\/danube-bend-szentendre-day-tour\\\/#breadcrumb\",\"itemListElement\":[{\"@type\":\"ListItem\",\"position\":1,\"name\":\"\u05d3\u05e3 \u05d4\u05d1\u05d9\u05ea\",\"item\":\"https:\\\/\\\/goguided.tours\\\/\"},{\"@type\":\"ListItem\",\"position\":2,\"name\":\"\u05db\u05dc \u05d4\u05e4\u05e2\u05d9\u05dc\u05d5\u05d9\u05d5\u05ea\",\"item\":\"https:\\\/\\\/goguided.tours\\\/shop\\\/\"},{\"@type\":\"ListItem\",\"position\":3,\"name\":\"\u05d8\u05d9\u05d5\u05dc \u05d9\u05d5\u05de\u05d9 \u05dc\u05d1\u05e8\u05da \u05d4\u05d3\u05e0\u05d5\u05d1\u05d4 \u2013 \u05db\u05e4\u05e8 \u05d4\u05d0\u05de\u05e0\u05d9\u05dd \u05e1\u05e0\u05d8\u05d0\u05e0\u05d3\u05e8\u05d4 | \u05d5\u05e2\u05d9\u05e8 \u05d4\u05d0\u05d1\u05d9\u05e8\u05d9\u05dd \u05d4\u05d4\u05d9\u05e1\u05d8\u05d5\u05e8\u05d9\u05ea \u05d5\u05d9\u05e9\u05d2\u05e8\u05d0\u05d3\"}]},{\"@type\":\"WebSite\",\"@id\":\"https:\\\/\\\/goguided.tours\\\/#website\",\"url\":\"https:\\\/\\\/goguided.tours\\\/\",\"name\":\"Go Guided\",\"description\":\"\",\"publisher\":{\"@id\":\"https:\\\/\\\/goguided.tours\\\/#organization\"},\"potentialAction\":[{\"@type\":\"SearchAction\",\"target\":{\"@type\":\"EntryPoint\",\"urlTemplate\":\"https:\\\/\\\/goguided.tours\\\/?s={search_term_string}\"},\"query-input\":{\"@type\":\"PropertyValueSpecification\",\"valueRequired\":true,\"valueName\":\"search_term_string\"}}],\"inLanguage\":\"es\"},{\"@type\":\"Organization\",\"@id\":\"https:\\\/\\\/goguided.tours\\\/#organization\",\"name\":\"GoGuided\",\"url\":\"https:\\\/\\\/goguided.tours\\\/\",\"logo\":{\"@type\":\"ImageObject\",\"inLanguage\":\"es\",\"@id\":\"https:\\\/\\\/goguided.tours\\\/#\\\/schema\\\/logo\\\/image\\\/\",\"url\":\"https:\\\/\\\/goguided.tours\\\/wp-content\\\/uploads\\\/2025\\\/05\\\/cropped-logo-guided.jpg\",\"contentUrl\":\"https:\\\/\\\/goguided.tours\\\/wp-content\\\/uploads\\\/2025\\\/05\\\/cropped-logo-guided.jpg\",\"width\":500,\"height\":143,\"caption\":\"GoGuided\"},\"image\":{\"@id\":\"https:\\\/\\\/goguided.tours\\\/#\\\/schema\\\/logo\\\/image\\\/\"},\"sameAs\":[\"https:\\\/\\\/www.facebook.com\\\/profile.php?id=61556958375391\",\"http:\\\/\\\/www.youtube.com\\\/@Guided-Tours\",\"https:\\\/\\\/www.instagram.com\\\/goguided.he\\\/\",\"https:\\\/\\\/www.tiktok.com\\\/@goguided.he\"]}]}<\/script>\n<!-- \/ Yoast SEO plugin. -->","yoast_head_json":{"title":"Excursi\u00f3n de un d\u00eda al Danubio en hebreo | Trineos de monta\u00f1a y fortalezas antiguas","description":"Recorrido por pintorescos pueblos de la zona rural tradicional, espectacular encuentro con caballeros, almuerzo en un restaurante local y muchas m\u00e1s sorpresas. El d\u00eda m\u00e1s divertido de sus vacaciones.","robots":{"index":"index","follow":"follow","max-snippet":"max-snippet:-1","max-image-preview":"max-image-preview:large","max-video-preview":"max-video-preview:-1"},"canonical":"https:\/\/goguided.tours\/es\/goto\/excursion-de-un-dia-a-szentendre-en-el-recodo-del-danubio\/","og_locale":"es_ES","og_type":"article","og_title":"\u05d8\u05d9\u05d5\u05dc \u05d9\u05d5\u05de\u05d9 \u05dc\u05d1\u05e8\u05da \u05d4\u05d3\u05e0\u05d5\u05d1\u05d4 \u05d1\u05e2\u05d1\u05e8\u05d9\u05ea | \u05de\u05d6\u05d7\u05dc\u05d5\u05ea \u05d4\u05e8\u05d9\u05dd \u05d5\u05de\u05e6\u05d5\u05d3\u05d5\u05ea \u05e2\u05ea\u05d9\u05e7\u05d5\u05ea","og_description":"\u05d3\u05e8\u05da \u05d4\u05e2\u05d9\u05d9\u05e8\u05d5\u05ea \u05d4\u05e6\u05d9\u05d5\u05e8\u05d9\u05d5\u05ea \u05d1\u05d0\u05d9\u05d6\u05d5\u05e8 \u05d4\u05db\u05e4\u05e8\u05d9 \u05d4\u05de\u05e1\u05d5\u05e8\u05ea\u05d9, \u05de\u05e4\u05d2\u05e9 \u05d0\u05d1\u05d9\u05e8\u05d9\u05dd \u05de\u05e8\u05d4\u05d9\u05d1, \u05d0\u05e8\u05d5\u05d7\u05ea \u05e6\u05d4\u05e8\u05d9\u05d9\u05dd \u05d1\u05de\u05e1\u05e2\u05d3\u05d4 \u05de\u05e7\u05d5\u05de\u05d9\u05ea \u05e9\u05d5\u05d5\u05d4 \u05d5\u05e2\u05d5\u05d3 \u05d4\u05de\u05d5\u05df \u05d4\u05e4\u05ea\u05e2\u05d5\u05ea! \u05d4\u05d9\u05d5\u05dd \u05d4\u05db\u05d9 \u05de\u05d4\u05e0\u05d4 \u05e9\u05d9\u05d4\u05d9\u05d4 \u05dc\u05db\u05dd \u05d1\u05d7\u05d5\u05e4\u05e9\u05d4\ud83e\udef6\ud83c\udffb","og_url":"https:\/\/goguided.tours\/es\/goto\/excursion-de-un-dia-a-szentendre-en-el-recodo-del-danubio\/","og_site_name":"Go Guided","article_publisher":"https:\/\/www.facebook.com\/profile.php?id=61556958375391","article_modified_time":"2026-04-10T09:29:08+00:00","og_image":[{"width":475,"height":317,"url":"https:\/\/goguided.tours\/wp-content\/uploads\/2025\/05\/Day-trip-to-the-Danube-Bend.jpg","type":"image\/jpeg"}],"twitter_card":"summary_large_image","twitter_misc":{"Tiempo de lectura":"1 minuto"},"schema":{"@context":"https:\/\/schema.org","@graph":[{"@type":"WebPage","@id":"https:\/\/goguided.tours\/goto\/danube-bend-szentendre-day-tour\/","url":"https:\/\/goguided.tours\/goto\/danube-bend-szentendre-day-tour\/","name":"Excursi\u00f3n de un d\u00eda al Danubio en hebreo | Trineos de monta\u00f1a y fortalezas antiguas","isPartOf":{"@id":"https:\/\/goguided.tours\/#website"},"primaryImageOfPage":{"@id":"https:\/\/goguided.tours\/goto\/danube-bend-szentendre-day-tour\/#primaryimage"},"image":{"@id":"https:\/\/goguided.tours\/goto\/danube-bend-szentendre-day-tour\/#primaryimage"},"thumbnailUrl":"https:\/\/goguided.tours\/wp-content\/uploads\/2025\/05\/Day-trip-to-the-Danube-Bend-3.jpg","datePublished":"2025-05-25T10:33:57+00:00","dateModified":"2026-04-10T09:29:08+00:00","description":"Recorrido por pintorescos pueblos de la zona rural tradicional, espectacular encuentro con caballeros, almuerzo en un restaurante local y muchas m\u00e1s sorpresas. El d\u00eda m\u00e1s divertido de sus vacaciones.","breadcrumb":{"@id":"https:\/\/goguided.tours\/goto\/danube-bend-szentendre-day-tour\/#breadcrumb"},"inLanguage":"es","potentialAction":[{"@type":"ReadAction","target":["https:\/\/goguided.tours\/goto\/danube-bend-szentendre-day-tour\/"]}]},{"@type":"ImageObject","inLanguage":"es","@id":"https:\/\/goguided.tours\/goto\/danube-bend-szentendre-day-tour\/#primaryimage","url":"https:\/\/goguided.tours\/wp-content\/uploads\/2025\/05\/Day-trip-to-the-Danube-Bend-3.jpg","contentUrl":"https:\/\/goguided.tours\/wp-content\/uploads\/2025\/05\/Day-trip-to-the-Danube-Bend-3.jpg","width":475,"height":317,"caption":"\u05d8\u05d9\u05d5\u05dc \u05dc\u05d1\u05e8\u05da \u05d4\u05d3\u05e0\u05d5\u05d1\u05d4"},{"@type":"BreadcrumbList","@id":"https:\/\/goguided.tours\/goto\/danube-bend-szentendre-day-tour\/#breadcrumb","itemListElement":[{"@type":"ListItem","position":1,"name":"\u05d3\u05e3 \u05d4\u05d1\u05d9\u05ea","item":"https:\/\/goguided.tours\/"},{"@type":"ListItem","position":2,"name":"\u05db\u05dc \u05d4\u05e4\u05e2\u05d9\u05dc\u05d5\u05d9\u05d5\u05ea","item":"https:\/\/goguided.tours\/shop\/"},{"@type":"ListItem","position":3,"name":"\u05d8\u05d9\u05d5\u05dc \u05d9\u05d5\u05de\u05d9 \u05dc\u05d1\u05e8\u05da \u05d4\u05d3\u05e0\u05d5\u05d1\u05d4 \u2013 \u05db\u05e4\u05e8 \u05d4\u05d0\u05de\u05e0\u05d9\u05dd \u05e1\u05e0\u05d8\u05d0\u05e0\u05d3\u05e8\u05d4 | \u05d5\u05e2\u05d9\u05e8 \u05d4\u05d0\u05d1\u05d9\u05e8\u05d9\u05dd \u05d4\u05d4\u05d9\u05e1\u05d8\u05d5\u05e8\u05d9\u05ea \u05d5\u05d9\u05e9\u05d2\u05e8\u05d0\u05d3"}]},{"@type":"WebSite","@id":"https:\/\/goguided.tours\/#website","url":"https:\/\/goguided.tours\/","name":"Gu\u00eda Go","description":"","publisher":{"@id":"https:\/\/goguided.tours\/#organization"},"potentialAction":[{"@type":"SearchAction","target":{"@type":"EntryPoint","urlTemplate":"https:\/\/goguided.tours\/?s={search_term_string}"},"query-input":{"@type":"PropertyValueSpecification","valueRequired":true,"valueName":"search_term_string"}}],"inLanguage":"es"},{"@type":"Organization","@id":"https:\/\/goguided.tours\/#organization","name":"GoGuided","url":"https:\/\/goguided.tours\/","logo":{"@type":"ImageObject","inLanguage":"es","@id":"https:\/\/goguided.tours\/#\/schema\/logo\/image\/","url":"https:\/\/goguided.tours\/wp-content\/uploads\/2025\/05\/cropped-logo-guided.jpg","contentUrl":"https:\/\/goguided.tours\/wp-content\/uploads\/2025\/05\/cropped-logo-guided.jpg","width":500,"height":143,"caption":"GoGuided"},"image":{"@id":"https:\/\/goguided.tours\/#\/schema\/logo\/image\/"},"sameAs":["https:\/\/www.facebook.com\/profile.php?id=61556958375391","http:\/\/www.youtube.com\/@Guided-Tours","https:\/\/www.instagram.com\/goguided.he\/","https:\/\/www.tiktok.com\/@goguided.he"]}]}},"_links":{"self":[{"href":"https:\/\/goguided.tours\/es\/wp-json\/wp\/v2\/product\/13056","targetHints":{"allow":["GET"]}}],"collection":[{"href":"https:\/\/goguided.tours\/es\/wp-json\/wp\/v2\/product"}],"about":[{"href":"https:\/\/goguided.tours\/es\/wp-json\/wp\/v2\/types\/product"}],"author":[{"embeddable":true,"href":"https:\/\/goguided.tours\/es\/wp-json\/wp\/v2\/users\/17"}],"version-history":[{"count":21,"href":"https:\/\/goguided.tours\/es\/wp-json\/wp\/v2\/product\/13056\/revisions"}],"predecessor-version":[{"id":21191,"href":"https:\/\/goguided.tours\/es\/wp-json\/wp\/v2\/product\/13056\/revisions\/21191"}],"wp:featuredmedia":[{"embeddable":true,"href":"https:\/\/goguided.tours\/es\/wp-json\/wp\/v2\/media\/13377"}],"wp:attachment":[{"href":"https:\/\/goguided.tours\/es\/wp-json\/wp\/v2\/media?parent=13056"}],"wp:term":[{"taxonomy":"tour_area","embeddable":true,"href":"https:\/\/goguided.tours\/es\/wp-json\/wp\/v2\/tour_area?post=13056"},{"taxonomy":"tour_days","embeddable":true,"href":"https:\/\/goguided.tours\/es\/wp-json\/wp\/v2\/tour_days?post=13056"},{"taxonomy":"goto_type","embeddable":true,"href":"https:\/\/goguided.tours\/es\/wp-json\/wp\/v2\/goto_type?post=13056"},{"taxonomy":"tour_type","embeddable":true,"href":"https:\/\/goguided.tours\/es\/wp-json\/wp\/v2\/tour_type?post=13056"},{"taxonomy":"supported-language","embeddable":true,"href":"https:\/\/goguided.tours\/es\/wp-json\/wp\/v2\/supported-language?post=13056"},{"taxonomy":"product_cat","embeddable":true,"href":"https:\/\/goguided.tours\/es\/wp-json\/wp\/v2\/product_cat?post=13056"},{"taxonomy":"product_tag","embeddable":true,"href":"https:\/\/goguided.tours\/es\/wp-json\/wp\/v2\/product_tag?post=13056"},{"taxonomy":"activity_combo","embeddable":true,"href":"https:\/\/goguided.tours\/es\/wp-json\/wp\/v2\/activity_combo?post=13056"}],"curies":[{"name":"wp","href":"https:\/\/api.w.org\/{rel}","templated":true}]}}