{"id":13057,"date":"2025-05-25T13:33:57","date_gmt":"2025-05-25T10:33:57","guid":{"rendered":"https:\/\/goguided.tours\/?post_type=product&#038;p=13057"},"modified":"2026-04-06T19:45:44","modified_gmt":"2026-04-06T16:45:44","slug":"monte-de-los-olivos-monasterios-rusos-tour-arqueologico","status":"publish","type":"product","link":"https:\/\/goguided.tours\/es\/goto\/mount-of-olives-russian-monasteries-archaeology-tour\/","title":{"rendered":"Visita arqueol\u00f3gica a los monasterios rusos del Monte de los Olivos | Para los amantes de la antig\u00fcedad y los estudios en profundidad"},"excerpt":{"rendered":"<p><strong>Se espera que el recorrido sea de inter\u00e9s para un p\u00fablico amplio de todas las denominaciones y religiones, tanto laicas como jud\u00edas y cristianas. No es necesario entrar en las iglesias, pero s\u00ed se puede entrar en los monasterios.<\/strong><\/p>\n<p>\u2b24 \u05d4\u05d4\u05d9\u05e1\u05d8\u05d5\u05e8\u05d9\u05d4 \u05d4\u05de\u05e8\u05ea\u05e7\u05ea \u05e9\u05dc \u05de\u05e0\u05d6\u05e8 &#8220;\u05de\u05e8\u05d9\u05d4 \u05de\u05d2\u05d3\u05dc\u05e0\u05d4&#8221;<br \/>\n\u2b24 \u05e0\u05dc\u05de\u05d3 \u05e2\u05dc \u05d0\u05e8\u05db\u05d9\u05de\u05e0\u05d3\u05e8\u05d9\u05d8 \u05e7\u05e4\u05d5\u05e1\u05d8\u05d9\u05df \u05d4\u05e8\u05d5\u05e1\u05d9 \u05e9\u05d4\u05e7\u05d9\u05dd \u05d0\u05ea \u05d4\u05de\u05e0\u05d6\u05e8 &#8220;\u05d4\u05e2\u05dc\u05d9\u05d9\u05d4 \u05dc\u05e9\u05de\u05d9\u05dd&#8221;<br \/>\n\u2b24 \u05e0\u05d1\u05e7\u05e8 \u05d1\u05de\u05e2\u05e8\u05d4 \u05ea\u05ea \u05e7\u05e8\u05e7\u05e2\u05d9\u05ea, \u05e9\u05dd \u05e7\u05d1\u05d5\u05e8\u05d9\u05dd &#8220;\u05e9\u05dc\u05d5\u05e9\u05ea \u05e0\u05d1\u05d9\u05d0\u05d9 \u05d4\u05de\u05e7\u05e8\u05d0 \u05d4\u05d0\u05d7\u05e8\u05d5\u05e0\u05d9\u05dd&#8221;<\/p>","protected":false},"author":16,"featured_media":14714,"template":"","meta":{"_acf_changed":false,"_wp_rev_ctl_limit":""},"tour_area":[],"tour_days":[],"goto_type":[119],"tour_type":[219,170,97,109,110],"supported-language":[68,67,101],"product_cat":[89],"product_tag":[],"activity_combo":[155,152],"class_list":{"0":"post-13057","1":"product","2":"type-product","3":"status-publish","4":"has-post-thumbnail","6":"goto_type-tours","7":"tour_type-archaeology","8":"tour_type-saturday","9":"tour_type-history","10":"tour_type-churches","11":"tour_type-christianity","12":"supported-language-english","13":"supported-language-hebrew","14":"supported-language-russian","15":"product_cat-jerusalem","16":"activity_combo-jerusalem","17":"activity_combo-israel","19":"first","20":"instock","21":"shipping-taxable","22":"purchasable","23":"product-type-simple"},"acf":[],"yoast_head":"<!-- This site is optimized with the Yoast SEO plugin v27.4 - https:\/\/yoast.com\/product\/yoast-seo-wordpress\/ -->\n<title>\u05e1\u05d9\u05d5\u05e8 \u05d4\u05d0\u05e8\u05db\u05d9\u05d0\u05d5\u05dc\u05d5\u05d2\u05d9\u05d4 \u05e9\u05dc \u05d4\u05de\u05e0\u05d6\u05e8\u05d9\u05dd \u05d4\u05e8\u05d5\u05e1\u05d9\u05d9\u05dd \u05d1\u05d4\u05e8 \u05d4\u05d6\u05d9\u05ea\u05d9\u05dd | \u05dc\u05d0\u05d5\u05d4\u05d1\u05d9 \u05e2\u05ea\u05d9\u05e7\u05d5\u05ea \u05d5\u05dc\u05d9\u05de\u05d5\u05d3\u05d9 \u05e2\u05d5\u05de\u05e7<\/title>\n<meta name=\"description\" content=\"\u05dc\u05d0\u05d5\u05d4\u05d1\u05d9 \u05e2\u05ea\u05d9\u05e7\u05d5\u05ea \u05d5\u05e2\u05d5\u05de\u05e7: \u2b24 \u05d4\u05d4\u05d9\u05e1\u05d8\u05d5\u05e8\u05d9\u05d4 \u05e9\u05dc \u05de\u05e0\u05d6\u05e8 &quot;\u05de\u05e8\u05d9\u05d4 \u05de\u05d2\u05d3\u05dc\u05e0\u05d4&quot; \u2b24 \u05e7\u05e4\u05d5\u05e1\u05d8\u05d9\u05df \u05e9\u05d4\u05e7\u05d9\u05dd \u05d0\u05ea \u05de\u05e0\u05d6\u05e8 &quot;\u05d4\u05e2\u05dc\u05d9\u05d9\u05d4 \u05dc\u05e9\u05de\u05d9\u05dd&quot; \u2b24 \u05de\u05e2\u05e8\u05d4 \u05ea\u05ea \u05e7\u05e8\u05e7\u05e2\u05d9\u05ea, \u05e9\u05dd \u05e7\u05d1\u05d5\u05e8\u05d9\u05dd &quot;\u05e9\u05dc\u05d5\u05e9\u05ea \u05e0\u05d1\u05d9\u05d0\u05d9 \u05d4\u05de\u05e7\u05e8\u05d0 \u05d4\u05d0\u05d7\u05e8\u05d5\u05e0\u05d9\u05dd&quot;\" \/>\n<meta name=\"robots\" content=\"index, follow, max-snippet:-1, max-image-preview:large, max-video-preview:-1\" \/>\n<link rel=\"canonical\" href=\"https:\/\/goguided.tours\/es\/goto\/monte-de-los-olivos-monasterios-rusos-tour-arqueologico\/\" \/>\n<meta property=\"og:locale\" content=\"es_ES\" \/>\n<meta property=\"og:type\" content=\"article\" \/>\n<meta property=\"og:title\" content=\"\u05e1\u05d9\u05d5\u05e8 \u05d4\u05d0\u05e8\u05db\u05d9\u05d0\u05d5\u05dc\u05d5\u05d2\u05d9\u05d4 \u05e9\u05dc \u05d4\u05de\u05e0\u05d6\u05e8\u05d9\u05dd \u05d4\u05e8\u05d5\u05e1\u05d9\u05d9\u05dd \u05d1\u05d4\u05e8 \u05d4\u05d6\u05d9\u05ea\u05d9\u05dd | \u05dc\u05d0\u05d5\u05d4\u05d1\u05d9 \u05e2\u05ea\u05d9\u05e7\u05d5\u05ea \u05d5\u05dc\u05d9\u05de\u05d5\u05d3\u05d9 \u05e2\u05d5\u05de\u05e7\" \/>\n<meta property=\"og:description\" content=\"\u05dc\u05d0\u05d5\u05d4\u05d1\u05d9 \u05e2\u05ea\u05d9\u05e7\u05d5\u05ea \u05d5\u05e2\u05d5\u05de\u05e7: \u2b24 \u05d4\u05d4\u05d9\u05e1\u05d8\u05d5\u05e8\u05d9\u05d4 \u05e9\u05dc \u05de\u05e0\u05d6\u05e8 &quot;\u05de\u05e8\u05d9\u05d4 \u05de\u05d2\u05d3\u05dc\u05e0\u05d4&quot; \u2b24 \u05e7\u05e4\u05d5\u05e1\u05d8\u05d9\u05df \u05e9\u05d4\u05e7\u05d9\u05dd \u05d0\u05ea \u05de\u05e0\u05d6\u05e8 &quot;\u05d4\u05e2\u05dc\u05d9\u05d9\u05d4 \u05dc\u05e9\u05de\u05d9\u05dd&quot; \u2b24 \u05de\u05e2\u05e8\u05d4 \u05ea\u05ea \u05e7\u05e8\u05e7\u05e2\u05d9\u05ea, \u05e9\u05dd \u05e7\u05d1\u05d5\u05e8\u05d9\u05dd &quot;\u05e9\u05dc\u05d5\u05e9\u05ea \u05e0\u05d1\u05d9\u05d0\u05d9 \u05d4\u05de\u05e7\u05e8\u05d0 \u05d4\u05d0\u05d7\u05e8\u05d5\u05e0\u05d9\u05dd&quot;\" \/>\n<meta property=\"og:url\" content=\"https:\/\/goguided.tours\/es\/goto\/monte-de-los-olivos-monasterios-rusos-tour-arqueologico\/\" \/>\n<meta property=\"og:site_name\" content=\"Go Guided\" \/>\n<meta property=\"article:publisher\" content=\"https:\/\/www.facebook.com\/profile.php?id=61556958375391\" \/>\n<meta property=\"article:modified_time\" content=\"2026-04-06T16:45:44+00:00\" \/>\n<meta property=\"og:image\" content=\"https:\/\/goguided.tours\/wp-content\/uploads\/2025\/05\/Archaeology-Tour-of-Russian-Monasteries.jpg\" \/>\n\t<meta property=\"og:image:width\" content=\"700\" \/>\n\t<meta property=\"og:image:height\" content=\"394\" \/>\n\t<meta property=\"og:image:type\" content=\"image\/jpeg\" \/>\n<meta name=\"twitter:card\" content=\"summary_large_image\" \/>\n<meta name=\"twitter:label1\" content=\"Tiempo de lectura\" \/>\n\t<meta name=\"twitter:data1\" content=\"1 minuto\" \/>\n<script type=\"application\/ld+json\" class=\"yoast-schema-graph\">{\"@context\":\"https:\\\/\\\/schema.org\",\"@graph\":[{\"@type\":\"WebPage\",\"@id\":\"https:\\\/\\\/goguided.tours\\\/goto\\\/mount-of-olives-russian-monasteries-archaeology-tour\\\/\",\"url\":\"https:\\\/\\\/goguided.tours\\\/goto\\\/mount-of-olives-russian-monasteries-archaeology-tour\\\/\",\"name\":\"\u05e1\u05d9\u05d5\u05e8 \u05d4\u05d0\u05e8\u05db\u05d9\u05d0\u05d5\u05dc\u05d5\u05d2\u05d9\u05d4 \u05e9\u05dc \u05d4\u05de\u05e0\u05d6\u05e8\u05d9\u05dd \u05d4\u05e8\u05d5\u05e1\u05d9\u05d9\u05dd \u05d1\u05d4\u05e8 \u05d4\u05d6\u05d9\u05ea\u05d9\u05dd | \u05dc\u05d0\u05d5\u05d4\u05d1\u05d9 \u05e2\u05ea\u05d9\u05e7\u05d5\u05ea \u05d5\u05dc\u05d9\u05de\u05d5\u05d3\u05d9 \u05e2\u05d5\u05de\u05e7\",\"isPartOf\":{\"@id\":\"https:\\\/\\\/goguided.tours\\\/#website\"},\"primaryImageOfPage\":{\"@id\":\"https:\\\/\\\/goguided.tours\\\/goto\\\/mount-of-olives-russian-monasteries-archaeology-tour\\\/#primaryimage\"},\"image\":{\"@id\":\"https:\\\/\\\/goguided.tours\\\/goto\\\/mount-of-olives-russian-monasteries-archaeology-tour\\\/#primaryimage\"},\"thumbnailUrl\":\"https:\\\/\\\/goguided.tours\\\/wp-content\\\/uploads\\\/2025\\\/05\\\/Archaeology-Tour-of-Russian-Monasteries-17.jpg\",\"datePublished\":\"2025-05-25T10:33:57+00:00\",\"dateModified\":\"2026-04-06T16:45:44+00:00\",\"description\":\"\u05dc\u05d0\u05d5\u05d4\u05d1\u05d9 \u05e2\u05ea\u05d9\u05e7\u05d5\u05ea \u05d5\u05e2\u05d5\u05de\u05e7: \u2b24 \u05d4\u05d4\u05d9\u05e1\u05d8\u05d5\u05e8\u05d9\u05d4 \u05e9\u05dc \u05de\u05e0\u05d6\u05e8 \\\"\u05de\u05e8\u05d9\u05d4 \u05de\u05d2\u05d3\u05dc\u05e0\u05d4\\\" \u2b24 \u05e7\u05e4\u05d5\u05e1\u05d8\u05d9\u05df \u05e9\u05d4\u05e7\u05d9\u05dd \u05d0\u05ea \u05de\u05e0\u05d6\u05e8 \\\"\u05d4\u05e2\u05dc\u05d9\u05d9\u05d4 \u05dc\u05e9\u05de\u05d9\u05dd\\\" \u2b24 \u05de\u05e2\u05e8\u05d4 \u05ea\u05ea \u05e7\u05e8\u05e7\u05e2\u05d9\u05ea, \u05e9\u05dd \u05e7\u05d1\u05d5\u05e8\u05d9\u05dd \\\"\u05e9\u05dc\u05d5\u05e9\u05ea \u05e0\u05d1\u05d9\u05d0\u05d9 \u05d4\u05de\u05e7\u05e8\u05d0 \u05d4\u05d0\u05d7\u05e8\u05d5\u05e0\u05d9\u05dd\\\"\",\"breadcrumb\":{\"@id\":\"https:\\\/\\\/goguided.tours\\\/goto\\\/mount-of-olives-russian-monasteries-archaeology-tour\\\/#breadcrumb\"},\"inLanguage\":\"es\",\"potentialAction\":[{\"@type\":\"ReadAction\",\"target\":[\"https:\\\/\\\/goguided.tours\\\/goto\\\/mount-of-olives-russian-monasteries-archaeology-tour\\\/\"]}]},{\"@type\":\"ImageObject\",\"inLanguage\":\"es\",\"@id\":\"https:\\\/\\\/goguided.tours\\\/goto\\\/mount-of-olives-russian-monasteries-archaeology-tour\\\/#primaryimage\",\"url\":\"https:\\\/\\\/goguided.tours\\\/wp-content\\\/uploads\\\/2025\\\/05\\\/Archaeology-Tour-of-Russian-Monasteries-17.jpg\",\"contentUrl\":\"https:\\\/\\\/goguided.tours\\\/wp-content\\\/uploads\\\/2025\\\/05\\\/Archaeology-Tour-of-Russian-Monasteries-17.jpg\",\"width\":856,\"height\":897,\"caption\":\"\u05e1\u05d9\u05d5\u05e8 \u05d4\u05d0\u05e8\u05db\u05d9\u05d0\u05d5\u05dc\u05d5\u05d2\u05d9\u05d4 \u05e9\u05dc \u05d4\u05de\u05e0\u05d6\u05e8\u05d9\u05dd \u05d4\u05e8\u05d5\u05e1\u05d9\u05d9\u05dd \u05d1\u05d4\u05e8 \u05d4\u05d6\u05d9\u05ea\u05d9\u05dd\"},{\"@type\":\"BreadcrumbList\",\"@id\":\"https:\\\/\\\/goguided.tours\\\/goto\\\/mount-of-olives-russian-monasteries-archaeology-tour\\\/#breadcrumb\",\"itemListElement\":[{\"@type\":\"ListItem\",\"position\":1,\"name\":\"\u05d3\u05e3 \u05d4\u05d1\u05d9\u05ea\",\"item\":\"https:\\\/\\\/goguided.tours\\\/\"},{\"@type\":\"ListItem\",\"position\":2,\"name\":\"\u05db\u05dc \u05d4\u05e4\u05e2\u05d9\u05dc\u05d5\u05d9\u05d5\u05ea\",\"item\":\"https:\\\/\\\/goguided.tours\\\/shop\\\/\"},{\"@type\":\"ListItem\",\"position\":3,\"name\":\"\u05e1\u05d9\u05d5\u05e8 \u05d4\u05d0\u05e8\u05db\u05d9\u05d0\u05d5\u05dc\u05d5\u05d2\u05d9\u05d4 \u05e9\u05dc \u05d4\u05de\u05e0\u05d6\u05e8\u05d9\u05dd \u05d4\u05e8\u05d5\u05e1\u05d9\u05d9\u05dd \u05d1\u05d4\u05e8 \u05d4\u05d6\u05d9\u05ea\u05d9\u05dd | \u05dc\u05d0\u05d5\u05d4\u05d1\u05d9 \u05e2\u05ea\u05d9\u05e7\u05d5\u05ea \u05d5\u05dc\u05d9\u05de\u05d5\u05d3\u05d9 \u05e2\u05d5\u05de\u05e7\"}]},{\"@type\":\"WebSite\",\"@id\":\"https:\\\/\\\/goguided.tours\\\/#website\",\"url\":\"https:\\\/\\\/goguided.tours\\\/\",\"name\":\"Go Guided\",\"description\":\"\",\"publisher\":{\"@id\":\"https:\\\/\\\/goguided.tours\\\/#organization\"},\"potentialAction\":[{\"@type\":\"SearchAction\",\"target\":{\"@type\":\"EntryPoint\",\"urlTemplate\":\"https:\\\/\\\/goguided.tours\\\/?s={search_term_string}\"},\"query-input\":{\"@type\":\"PropertyValueSpecification\",\"valueRequired\":true,\"valueName\":\"search_term_string\"}}],\"inLanguage\":\"es\"},{\"@type\":\"Organization\",\"@id\":\"https:\\\/\\\/goguided.tours\\\/#organization\",\"name\":\"GoGuided\",\"url\":\"https:\\\/\\\/goguided.tours\\\/\",\"logo\":{\"@type\":\"ImageObject\",\"inLanguage\":\"es\",\"@id\":\"https:\\\/\\\/goguided.tours\\\/#\\\/schema\\\/logo\\\/image\\\/\",\"url\":\"https:\\\/\\\/goguided.tours\\\/wp-content\\\/uploads\\\/2025\\\/05\\\/cropped-logo-guided.jpg\",\"contentUrl\":\"https:\\\/\\\/goguided.tours\\\/wp-content\\\/uploads\\\/2025\\\/05\\\/cropped-logo-guided.jpg\",\"width\":500,\"height\":143,\"caption\":\"GoGuided\"},\"image\":{\"@id\":\"https:\\\/\\\/goguided.tours\\\/#\\\/schema\\\/logo\\\/image\\\/\"},\"sameAs\":[\"https:\\\/\\\/www.facebook.com\\\/profile.php?id=61556958375391\",\"http:\\\/\\\/www.youtube.com\\\/@Guided-Tours\",\"https:\\\/\\\/www.instagram.com\\\/goguided.he\\\/\",\"https:\\\/\\\/www.tiktok.com\\\/@goguided.he\"]}]}<\/script>\n<!-- \/ Yoast SEO plugin. -->","yoast_head_json":{"title":"Visita arqueol\u00f3gica a los monasterios rusos del Monte de los Olivos | Para los amantes de la antig\u00fcedad y los estudios en profundidad","description":"Para los amantes de las antig\u00fcedades y la profundidad: \u2b24 La historia del monasterio \"Mar\u00eda Magdalena\" \u2b24 Capustin, fundador del monasterio \"La Ascensi\u00f3n\" \u2b24 Una cueva subterr\u00e1nea, donde est\u00e1n enterrados \"los tres \u00faltimos profetas de la Biblia\"","robots":{"index":"index","follow":"follow","max-snippet":"max-snippet:-1","max-image-preview":"max-image-preview:large","max-video-preview":"max-video-preview:-1"},"canonical":"https:\/\/goguided.tours\/es\/goto\/monte-de-los-olivos-monasterios-rusos-tour-arqueologico\/","og_locale":"es_ES","og_type":"article","og_title":"\u05e1\u05d9\u05d5\u05e8 \u05d4\u05d0\u05e8\u05db\u05d9\u05d0\u05d5\u05dc\u05d5\u05d2\u05d9\u05d4 \u05e9\u05dc \u05d4\u05de\u05e0\u05d6\u05e8\u05d9\u05dd \u05d4\u05e8\u05d5\u05e1\u05d9\u05d9\u05dd \u05d1\u05d4\u05e8 \u05d4\u05d6\u05d9\u05ea\u05d9\u05dd | \u05dc\u05d0\u05d5\u05d4\u05d1\u05d9 \u05e2\u05ea\u05d9\u05e7\u05d5\u05ea \u05d5\u05dc\u05d9\u05de\u05d5\u05d3\u05d9 \u05e2\u05d5\u05de\u05e7","og_description":"\u05dc\u05d0\u05d5\u05d4\u05d1\u05d9 \u05e2\u05ea\u05d9\u05e7\u05d5\u05ea \u05d5\u05e2\u05d5\u05de\u05e7: \u2b24 \u05d4\u05d4\u05d9\u05e1\u05d8\u05d5\u05e8\u05d9\u05d4 \u05e9\u05dc \u05de\u05e0\u05d6\u05e8 \"\u05de\u05e8\u05d9\u05d4 \u05de\u05d2\u05d3\u05dc\u05e0\u05d4\" \u2b24 \u05e7\u05e4\u05d5\u05e1\u05d8\u05d9\u05df \u05e9\u05d4\u05e7\u05d9\u05dd \u05d0\u05ea \u05de\u05e0\u05d6\u05e8 \"\u05d4\u05e2\u05dc\u05d9\u05d9\u05d4 \u05dc\u05e9\u05de\u05d9\u05dd\" \u2b24 \u05de\u05e2\u05e8\u05d4 \u05ea\u05ea \u05e7\u05e8\u05e7\u05e2\u05d9\u05ea, \u05e9\u05dd \u05e7\u05d1\u05d5\u05e8\u05d9\u05dd \"\u05e9\u05dc\u05d5\u05e9\u05ea \u05e0\u05d1\u05d9\u05d0\u05d9 \u05d4\u05de\u05e7\u05e8\u05d0 \u05d4\u05d0\u05d7\u05e8\u05d5\u05e0\u05d9\u05dd\"","og_url":"https:\/\/goguided.tours\/es\/goto\/monte-de-los-olivos-monasterios-rusos-tour-arqueologico\/","og_site_name":"Go Guided","article_publisher":"https:\/\/www.facebook.com\/profile.php?id=61556958375391","article_modified_time":"2026-04-06T16:45:44+00:00","og_image":[{"width":700,"height":394,"url":"https:\/\/goguided.tours\/wp-content\/uploads\/2025\/05\/Archaeology-Tour-of-Russian-Monasteries.jpg","type":"image\/jpeg"}],"twitter_card":"summary_large_image","twitter_misc":{"Tiempo de lectura":"1 minuto"},"schema":{"@context":"https:\/\/schema.org","@graph":[{"@type":"WebPage","@id":"https:\/\/goguided.tours\/goto\/mount-of-olives-russian-monasteries-archaeology-tour\/","url":"https:\/\/goguided.tours\/goto\/mount-of-olives-russian-monasteries-archaeology-tour\/","name":"Visita arqueol\u00f3gica a los monasterios rusos del Monte de los Olivos | Para los amantes de la antig\u00fcedad y los estudios en profundidad","isPartOf":{"@id":"https:\/\/goguided.tours\/#website"},"primaryImageOfPage":{"@id":"https:\/\/goguided.tours\/goto\/mount-of-olives-russian-monasteries-archaeology-tour\/#primaryimage"},"image":{"@id":"https:\/\/goguided.tours\/goto\/mount-of-olives-russian-monasteries-archaeology-tour\/#primaryimage"},"thumbnailUrl":"https:\/\/goguided.tours\/wp-content\/uploads\/2025\/05\/Archaeology-Tour-of-Russian-Monasteries-17.jpg","datePublished":"2025-05-25T10:33:57+00:00","dateModified":"2026-04-06T16:45:44+00:00","description":"Para los amantes de las antig\u00fcedades y la profundidad: \u2b24 La historia del monasterio \"Mar\u00eda Magdalena\" \u2b24 Capustin, fundador del monasterio \"La Ascensi\u00f3n\" \u2b24 Una cueva subterr\u00e1nea, donde est\u00e1n enterrados \"los tres \u00faltimos profetas de la Biblia\"","breadcrumb":{"@id":"https:\/\/goguided.tours\/goto\/mount-of-olives-russian-monasteries-archaeology-tour\/#breadcrumb"},"inLanguage":"es","potentialAction":[{"@type":"ReadAction","target":["https:\/\/goguided.tours\/goto\/mount-of-olives-russian-monasteries-archaeology-tour\/"]}]},{"@type":"ImageObject","inLanguage":"es","@id":"https:\/\/goguided.tours\/goto\/mount-of-olives-russian-monasteries-archaeology-tour\/#primaryimage","url":"https:\/\/goguided.tours\/wp-content\/uploads\/2025\/05\/Archaeology-Tour-of-Russian-Monasteries-17.jpg","contentUrl":"https:\/\/goguided.tours\/wp-content\/uploads\/2025\/05\/Archaeology-Tour-of-Russian-Monasteries-17.jpg","width":856,"height":897,"caption":"\u05e1\u05d9\u05d5\u05e8 \u05d4\u05d0\u05e8\u05db\u05d9\u05d0\u05d5\u05dc\u05d5\u05d2\u05d9\u05d4 \u05e9\u05dc \u05d4\u05de\u05e0\u05d6\u05e8\u05d9\u05dd \u05d4\u05e8\u05d5\u05e1\u05d9\u05d9\u05dd \u05d1\u05d4\u05e8 \u05d4\u05d6\u05d9\u05ea\u05d9\u05dd"},{"@type":"BreadcrumbList","@id":"https:\/\/goguided.tours\/goto\/mount-of-olives-russian-monasteries-archaeology-tour\/#breadcrumb","itemListElement":[{"@type":"ListItem","position":1,"name":"\u05d3\u05e3 \u05d4\u05d1\u05d9\u05ea","item":"https:\/\/goguided.tours\/"},{"@type":"ListItem","position":2,"name":"\u05db\u05dc \u05d4\u05e4\u05e2\u05d9\u05dc\u05d5\u05d9\u05d5\u05ea","item":"https:\/\/goguided.tours\/shop\/"},{"@type":"ListItem","position":3,"name":"\u05e1\u05d9\u05d5\u05e8 \u05d4\u05d0\u05e8\u05db\u05d9\u05d0\u05d5\u05dc\u05d5\u05d2\u05d9\u05d4 \u05e9\u05dc \u05d4\u05de\u05e0\u05d6\u05e8\u05d9\u05dd \u05d4\u05e8\u05d5\u05e1\u05d9\u05d9\u05dd \u05d1\u05d4\u05e8 \u05d4\u05d6\u05d9\u05ea\u05d9\u05dd | \u05dc\u05d0\u05d5\u05d4\u05d1\u05d9 \u05e2\u05ea\u05d9\u05e7\u05d5\u05ea \u05d5\u05dc\u05d9\u05de\u05d5\u05d3\u05d9 \u05e2\u05d5\u05de\u05e7"}]},{"@type":"WebSite","@id":"https:\/\/goguided.tours\/#website","url":"https:\/\/goguided.tours\/","name":"Gu\u00eda Go","description":"","publisher":{"@id":"https:\/\/goguided.tours\/#organization"},"potentialAction":[{"@type":"SearchAction","target":{"@type":"EntryPoint","urlTemplate":"https:\/\/goguided.tours\/?s={search_term_string}"},"query-input":{"@type":"PropertyValueSpecification","valueRequired":true,"valueName":"search_term_string"}}],"inLanguage":"es"},{"@type":"Organization","@id":"https:\/\/goguided.tours\/#organization","name":"GoGuided","url":"https:\/\/goguided.tours\/","logo":{"@type":"ImageObject","inLanguage":"es","@id":"https:\/\/goguided.tours\/#\/schema\/logo\/image\/","url":"https:\/\/goguided.tours\/wp-content\/uploads\/2025\/05\/cropped-logo-guided.jpg","contentUrl":"https:\/\/goguided.tours\/wp-content\/uploads\/2025\/05\/cropped-logo-guided.jpg","width":500,"height":143,"caption":"GoGuided"},"image":{"@id":"https:\/\/goguided.tours\/#\/schema\/logo\/image\/"},"sameAs":["https:\/\/www.facebook.com\/profile.php?id=61556958375391","http:\/\/www.youtube.com\/@Guided-Tours","https:\/\/www.instagram.com\/goguided.he\/","https:\/\/www.tiktok.com\/@goguided.he"]}]}},"_links":{"self":[{"href":"https:\/\/goguided.tours\/es\/wp-json\/wp\/v2\/product\/13057","targetHints":{"allow":["GET"]}}],"collection":[{"href":"https:\/\/goguided.tours\/es\/wp-json\/wp\/v2\/product"}],"about":[{"href":"https:\/\/goguided.tours\/es\/wp-json\/wp\/v2\/types\/product"}],"author":[{"embeddable":true,"href":"https:\/\/goguided.tours\/es\/wp-json\/wp\/v2\/users\/16"}],"version-history":[{"count":20,"href":"https:\/\/goguided.tours\/es\/wp-json\/wp\/v2\/product\/13057\/revisions"}],"predecessor-version":[{"id":20962,"href":"https:\/\/goguided.tours\/es\/wp-json\/wp\/v2\/product\/13057\/revisions\/20962"}],"wp:featuredmedia":[{"embeddable":true,"href":"https:\/\/goguided.tours\/es\/wp-json\/wp\/v2\/media\/14714"}],"wp:attachment":[{"href":"https:\/\/goguided.tours\/es\/wp-json\/wp\/v2\/media?parent=13057"}],"wp:term":[{"taxonomy":"tour_area","embeddable":true,"href":"https:\/\/goguided.tours\/es\/wp-json\/wp\/v2\/tour_area?post=13057"},{"taxonomy":"tour_days","embeddable":true,"href":"https:\/\/goguided.tours\/es\/wp-json\/wp\/v2\/tour_days?post=13057"},{"taxonomy":"goto_type","embeddable":true,"href":"https:\/\/goguided.tours\/es\/wp-json\/wp\/v2\/goto_type?post=13057"},{"taxonomy":"tour_type","embeddable":true,"href":"https:\/\/goguided.tours\/es\/wp-json\/wp\/v2\/tour_type?post=13057"},{"taxonomy":"supported-language","embeddable":true,"href":"https:\/\/goguided.tours\/es\/wp-json\/wp\/v2\/supported-language?post=13057"},{"taxonomy":"product_cat","embeddable":true,"href":"https:\/\/goguided.tours\/es\/wp-json\/wp\/v2\/product_cat?post=13057"},{"taxonomy":"product_tag","embeddable":true,"href":"https:\/\/goguided.tours\/es\/wp-json\/wp\/v2\/product_tag?post=13057"},{"taxonomy":"activity_combo","embeddable":true,"href":"https:\/\/goguided.tours\/es\/wp-json\/wp\/v2\/activity_combo?post=13057"}],"curies":[{"name":"wp","href":"https:\/\/api.w.org\/{rel}","templated":true}]}}