{"id":13099,"date":"2025-05-25T13:34:16","date_gmt":"2025-05-25T10:34:16","guid":{"rendered":"https:\/\/goguided.tours\/?post_type=product&#038;p=13099"},"modified":"2025-08-17T14:26:30","modified_gmt":"2025-08-17T11:26:30","slug":"detras-de-las-camaras-visita-guiada-por-jaffa","status":"publish","type":"product","link":"https:\/\/goguided.tours\/es\/goto\/behind-the-scenes-jaffa-tour\/","title":{"rendered":"Recorrido entre bastidores por Jaffa"},"excerpt":{"rendered":"<p><strong>\u00bfTe apetece hacer un recorrido especial por Jaffa que no hayas visto antes?\u00a0<\/strong><br \/>\n\u00bfQuieres visitar el mercado griego, ver magn\u00edficos edificios de otras \u00e9pocas y conocer rincones escondidos?<br \/>\n\u00a1\u00danete al recorrido con mi t\u00edo a Jaffa detr\u00e1s de escena!<\/p>\n<p><strong>Todo el mundo conoce la antigua Jaffa, sus galer\u00edas, el puerto y el reloj, pero \u00bfqui\u00e9n conoce la Jaffa oculta?<\/strong> \u00bfJaffa entre bastidores, con los rincones \u00fanicos que le dan a Jaffa su encanto especial?<strong>\u00a0<\/strong><\/p>\n<p><strong>Durante el recorrido visitar\u00e1s<\/strong> En la antigua posada de Manoli, en el mercado griego, escuchar\u00e1 historias sobre las casas de ensue\u00f1o de los ricos en Jaffa de la era del Mandato en el \u00e1rea de Jerusalem Boulevard, conocer\u00e1 el vecindario de Noga y recorrer\u00e1 la colonia estadounidense de Jaffa, que da la sensaci\u00f3n de estar en el extranjero a la vuelta de la esquina y donde cada casa tiene una historia especial e incluso ver\u00e1 un complejo que combina una antigua casa de pozo y un prestigioso vecindario residencial.<\/p>","protected":false},"author":8,"featured_media":13113,"template":"","meta":{"_acf_changed":false,"_wp_rev_ctl_limit":""},"tour_area":[106],"tour_days":[],"goto_type":[119],"tour_type":[],"supported-language":[68,67],"product_cat":[83],"product_tag":[],"activity_combo":[152,153],"class_list":{"0":"post-13099","1":"product","2":"type-product","3":"status-publish","4":"has-post-thumbnail","6":"tour_area-jaffa-tours","7":"goto_type-tours","8":"supported-language-english","9":"supported-language-hebrew","10":"product_cat-tel-aviv","11":"activity_combo-israel","12":"activity_combo-tel-aviv","14":"first","15":"instock","16":"shipping-taxable","17":"purchasable","18":"product-type-simple"},"acf":[],"yoast_head":"<!-- This site is optimized with the Yoast SEO plugin v27.3 - https:\/\/yoast.com\/product\/yoast-seo-wordpress\/ -->\n<title>\u05e1\u05d9\u05d5\u05e8 \u05d9\u05e4\u05d5 \u05e9\u05de\u05d0\u05d7\u05d5\u05e8\u05d9 \u05d4\u05e7\u05dc\u05e2\u05d9\u05dd | \u05d9\u05e4\u05d5 \u05e9\u05dc\u05d0 \u05d4\u05db\u05e8\u05ea\u05dd<\/title>\n<meta name=\"description\" content=\"\u05d0\u05ea \u05d9\u05e4\u05d5 \u05d4\u05e2\u05ea\u05d9\u05e7\u05d4, \u05d4\u05d2\u05dc\u05e8\u05d9\u05d5\u05ea, \u05d4\u05e0\u05de\u05dc \u05d5\u05d4\u05e9\u05e2\u05d5\u05df \u05db\u05d5\u05dc\u05dd \u05de\u05db\u05d9\u05e8\u05d9\u05dd \u05d0\u05d1\u05dc \u05de\u05d9 \u05de\u05db\u05d9\u05e8 \u05d0\u05ea \u05d9\u05e4\u05d5 \u05d4\u05e0\u05e1\u05ea\u05e8\u05ea? \u05e8\u05d5\u05e6\u05d9\u05dd \u05dc\u05d1\u05e7\u05e8 \u05d1\u05e9\u05d5\u05e7 \u05d4\u05d9\u05d5\u05d5\u05e0\u05d9, \u05dc\u05e8\u05d0\u05d5\u05ea \u05de\u05d1\u05e0\u05d9 \u05e4\u05d0\u05e8 \u05de\u05ea\u05e7\u05d5\u05e4\u05d5\u05ea \u05d0\u05d7\u05e8\u05d5\u05ea \u05d5\u05e4\u05d9\u05e0\u05d5\u05ea \u05e0\u05e1\u05ea\u05e8\u05d5\u05ea?\u00a0\" \/>\n<meta name=\"robots\" content=\"index, follow, max-snippet:-1, max-image-preview:large, max-video-preview:-1\" \/>\n<link rel=\"canonical\" href=\"https:\/\/goguided.tours\/es\/goto\/detras-de-las-camaras-visita-guiada-por-jaffa\/\" \/>\n<meta property=\"og:locale\" content=\"es_ES\" \/>\n<meta property=\"og:type\" content=\"article\" \/>\n<meta property=\"og:title\" content=\"\u05e1\u05d9\u05d5\u05e8 \u05d9\u05e4\u05d5 \u05e9\u05de\u05d0\u05d7\u05d5\u05e8\u05d9 \u05d4\u05e7\u05dc\u05e2\u05d9\u05dd | \u05d9\u05e4\u05d5 \u05e9\u05dc\u05d0 \u05d4\u05db\u05e8\u05ea\u05dd\" \/>\n<meta property=\"og:description\" content=\"\u05d0\u05ea \u05d9\u05e4\u05d5 \u05d4\u05e2\u05ea\u05d9\u05e7\u05d4, \u05d4\u05d2\u05dc\u05e8\u05d9\u05d5\u05ea, \u05d4\u05e0\u05de\u05dc \u05d5\u05d4\u05e9\u05e2\u05d5\u05df \u05db\u05d5\u05dc\u05dd \u05de\u05db\u05d9\u05e8\u05d9\u05dd \u05d0\u05d1\u05dc \u05de\u05d9 \u05de\u05db\u05d9\u05e8 \u05d0\u05ea \u05d9\u05e4\u05d5 \u05d4\u05e0\u05e1\u05ea\u05e8\u05ea? \u05e8\u05d5\u05e6\u05d9\u05dd \u05dc\u05d1\u05e7\u05e8 \u05d1\u05e9\u05d5\u05e7 \u05d4\u05d9\u05d5\u05d5\u05e0\u05d9, \u05dc\u05e8\u05d0\u05d5\u05ea \u05de\u05d1\u05e0\u05d9 \u05e4\u05d0\u05e8 \u05de\u05ea\u05e7\u05d5\u05e4\u05d5\u05ea \u05d0\u05d7\u05e8\u05d5\u05ea \u05d5\u05e4\u05d9\u05e0\u05d5\u05ea \u05e0\u05e1\u05ea\u05e8\u05d5\u05ea?\u00a0\" \/>\n<meta property=\"og:url\" content=\"https:\/\/goguided.tours\/es\/goto\/detras-de-las-camaras-visita-guiada-por-jaffa\/\" \/>\n<meta property=\"og:site_name\" content=\"Go Guided\" \/>\n<meta property=\"article:publisher\" content=\"https:\/\/www.facebook.com\/profile.php?id=61556958375391\" \/>\n<meta property=\"article:modified_time\" content=\"2025-08-17T11:26:30+00:00\" \/>\n<meta property=\"og:image\" content=\"https:\/\/goguided.tours\/wp-content\/uploads\/2025\/05\/Behind-the-scenes-tour-of-Jaffa-10.webp\" \/>\n\t<meta property=\"og:image:width\" content=\"1032\" \/>\n\t<meta property=\"og:image:height\" content=\"562\" \/>\n\t<meta property=\"og:image:type\" content=\"image\/webp\" \/>\n<meta name=\"twitter:card\" content=\"summary_large_image\" \/>\n<meta name=\"twitter:label1\" content=\"Tiempo de lectura\" \/>\n\t<meta name=\"twitter:data1\" content=\"1 minuto\" \/>\n<script type=\"application\/ld+json\" class=\"yoast-schema-graph\">{\"@context\":\"https:\\\/\\\/schema.org\",\"@graph\":[{\"@type\":\"WebPage\",\"@id\":\"https:\\\/\\\/goguided.tours\\\/goto\\\/behind-the-scenes-jaffa-tour\\\/\",\"url\":\"https:\\\/\\\/goguided.tours\\\/goto\\\/behind-the-scenes-jaffa-tour\\\/\",\"name\":\"\u05e1\u05d9\u05d5\u05e8 \u05d9\u05e4\u05d5 \u05e9\u05de\u05d0\u05d7\u05d5\u05e8\u05d9 \u05d4\u05e7\u05dc\u05e2\u05d9\u05dd | \u05d9\u05e4\u05d5 \u05e9\u05dc\u05d0 \u05d4\u05db\u05e8\u05ea\u05dd\",\"isPartOf\":{\"@id\":\"https:\\\/\\\/goguided.tours\\\/#website\"},\"primaryImageOfPage\":{\"@id\":\"https:\\\/\\\/goguided.tours\\\/goto\\\/behind-the-scenes-jaffa-tour\\\/#primaryimage\"},\"image\":{\"@id\":\"https:\\\/\\\/goguided.tours\\\/goto\\\/behind-the-scenes-jaffa-tour\\\/#primaryimage\"},\"thumbnailUrl\":\"https:\\\/\\\/goguided.tours\\\/wp-content\\\/uploads\\\/2025\\\/05\\\/Behind-the-scenes-tour-of-Jaffa-10.webp\",\"datePublished\":\"2025-05-25T10:34:16+00:00\",\"dateModified\":\"2025-08-17T11:26:30+00:00\",\"description\":\"\u05d0\u05ea \u05d9\u05e4\u05d5 \u05d4\u05e2\u05ea\u05d9\u05e7\u05d4, \u05d4\u05d2\u05dc\u05e8\u05d9\u05d5\u05ea, \u05d4\u05e0\u05de\u05dc \u05d5\u05d4\u05e9\u05e2\u05d5\u05df \u05db\u05d5\u05dc\u05dd \u05de\u05db\u05d9\u05e8\u05d9\u05dd \u05d0\u05d1\u05dc \u05de\u05d9 \u05de\u05db\u05d9\u05e8 \u05d0\u05ea \u05d9\u05e4\u05d5 \u05d4\u05e0\u05e1\u05ea\u05e8\u05ea? \u05e8\u05d5\u05e6\u05d9\u05dd \u05dc\u05d1\u05e7\u05e8 \u05d1\u05e9\u05d5\u05e7 \u05d4\u05d9\u05d5\u05d5\u05e0\u05d9, \u05dc\u05e8\u05d0\u05d5\u05ea \u05de\u05d1\u05e0\u05d9 \u05e4\u05d0\u05e8 \u05de\u05ea\u05e7\u05d5\u05e4\u05d5\u05ea \u05d0\u05d7\u05e8\u05d5\u05ea \u05d5\u05e4\u05d9\u05e0\u05d5\u05ea \u05e0\u05e1\u05ea\u05e8\u05d5\u05ea?\u00a0\",\"breadcrumb\":{\"@id\":\"https:\\\/\\\/goguided.tours\\\/goto\\\/behind-the-scenes-jaffa-tour\\\/#breadcrumb\"},\"inLanguage\":\"es\",\"potentialAction\":[{\"@type\":\"ReadAction\",\"target\":[\"https:\\\/\\\/goguided.tours\\\/goto\\\/behind-the-scenes-jaffa-tour\\\/\"]}]},{\"@type\":\"ImageObject\",\"inLanguage\":\"es\",\"@id\":\"https:\\\/\\\/goguided.tours\\\/goto\\\/behind-the-scenes-jaffa-tour\\\/#primaryimage\",\"url\":\"https:\\\/\\\/goguided.tours\\\/wp-content\\\/uploads\\\/2025\\\/05\\\/Behind-the-scenes-tour-of-Jaffa-10.webp\",\"contentUrl\":\"https:\\\/\\\/goguided.tours\\\/wp-content\\\/uploads\\\/2025\\\/05\\\/Behind-the-scenes-tour-of-Jaffa-10.webp\",\"width\":1032,\"height\":562,\"caption\":\"\u05e1\u05d9\u05d5\u05e8 \u05d9\u05e4\u05d5 \u05e9\u05de\u05d0\u05d7\u05d5\u05e8\u05d9 \u05d4\u05e7\u05dc\u05e2\u05d9\u05dd\"},{\"@type\":\"BreadcrumbList\",\"@id\":\"https:\\\/\\\/goguided.tours\\\/goto\\\/behind-the-scenes-jaffa-tour\\\/#breadcrumb\",\"itemListElement\":[{\"@type\":\"ListItem\",\"position\":1,\"name\":\"\u05d3\u05e3 \u05d4\u05d1\u05d9\u05ea\",\"item\":\"https:\\\/\\\/goguided.tours\\\/\"},{\"@type\":\"ListItem\",\"position\":2,\"name\":\"\u05db\u05dc \u05d4\u05e4\u05e2\u05d9\u05dc\u05d5\u05d9\u05d5\u05ea\",\"item\":\"https:\\\/\\\/goguided.tours\\\/shop\\\/\"},{\"@type\":\"ListItem\",\"position\":3,\"name\":\"\u05e1\u05d9\u05d5\u05e8 \u05d9\u05e4\u05d5 \u05e9\u05de\u05d0\u05d7\u05d5\u05e8\u05d9 \u05d4\u05e7\u05dc\u05e2\u05d9\u05dd\"}]},{\"@type\":\"WebSite\",\"@id\":\"https:\\\/\\\/goguided.tours\\\/#website\",\"url\":\"https:\\\/\\\/goguided.tours\\\/\",\"name\":\"Go Guided\",\"description\":\"\",\"publisher\":{\"@id\":\"https:\\\/\\\/goguided.tours\\\/#organization\"},\"potentialAction\":[{\"@type\":\"SearchAction\",\"target\":{\"@type\":\"EntryPoint\",\"urlTemplate\":\"https:\\\/\\\/goguided.tours\\\/?s={search_term_string}\"},\"query-input\":{\"@type\":\"PropertyValueSpecification\",\"valueRequired\":true,\"valueName\":\"search_term_string\"}}],\"inLanguage\":\"es\"},{\"@type\":\"Organization\",\"@id\":\"https:\\\/\\\/goguided.tours\\\/#organization\",\"name\":\"GoGuided\",\"url\":\"https:\\\/\\\/goguided.tours\\\/\",\"logo\":{\"@type\":\"ImageObject\",\"inLanguage\":\"es\",\"@id\":\"https:\\\/\\\/goguided.tours\\\/#\\\/schema\\\/logo\\\/image\\\/\",\"url\":\"https:\\\/\\\/goguided.tours\\\/wp-content\\\/uploads\\\/2025\\\/05\\\/cropped-logo-guided.jpg\",\"contentUrl\":\"https:\\\/\\\/goguided.tours\\\/wp-content\\\/uploads\\\/2025\\\/05\\\/cropped-logo-guided.jpg\",\"width\":500,\"height\":143,\"caption\":\"GoGuided\"},\"image\":{\"@id\":\"https:\\\/\\\/goguided.tours\\\/#\\\/schema\\\/logo\\\/image\\\/\"},\"sameAs\":[\"https:\\\/\\\/www.facebook.com\\\/profile.php?id=61556958375391\",\"http:\\\/\\\/www.youtube.com\\\/@Guided-Tours\",\"https:\\\/\\\/www.instagram.com\\\/goguided.he\\\/\",\"https:\\\/\\\/www.tiktok.com\\\/@goguided.he\"]}]}<\/script>\n<!-- \/ Yoast SEO plugin. -->","yoast_head_json":{"title":"Recorrido por Jaffa detr\u00e1s de las c\u00e1maras | La Jaffa que no conoc\u00edas","description":"Todo el mundo conoce la antigua Jaffa, las galer\u00edas, el puerto y el reloj, pero \u00bfqui\u00e9n conoce la Jaffa oculta? \u00bfQuieres visitar el mercado griego, ver edificios majestuosos de otras \u00e9pocas y rincones ocultos?\u00a0","robots":{"index":"index","follow":"follow","max-snippet":"max-snippet:-1","max-image-preview":"max-image-preview:large","max-video-preview":"max-video-preview:-1"},"canonical":"https:\/\/goguided.tours\/es\/goto\/detras-de-las-camaras-visita-guiada-por-jaffa\/","og_locale":"es_ES","og_type":"article","og_title":"\u05e1\u05d9\u05d5\u05e8 \u05d9\u05e4\u05d5 \u05e9\u05de\u05d0\u05d7\u05d5\u05e8\u05d9 \u05d4\u05e7\u05dc\u05e2\u05d9\u05dd | \u05d9\u05e4\u05d5 \u05e9\u05dc\u05d0 \u05d4\u05db\u05e8\u05ea\u05dd","og_description":"\u05d0\u05ea \u05d9\u05e4\u05d5 \u05d4\u05e2\u05ea\u05d9\u05e7\u05d4, \u05d4\u05d2\u05dc\u05e8\u05d9\u05d5\u05ea, \u05d4\u05e0\u05de\u05dc \u05d5\u05d4\u05e9\u05e2\u05d5\u05df \u05db\u05d5\u05dc\u05dd \u05de\u05db\u05d9\u05e8\u05d9\u05dd \u05d0\u05d1\u05dc \u05de\u05d9 \u05de\u05db\u05d9\u05e8 \u05d0\u05ea \u05d9\u05e4\u05d5 \u05d4\u05e0\u05e1\u05ea\u05e8\u05ea? \u05e8\u05d5\u05e6\u05d9\u05dd \u05dc\u05d1\u05e7\u05e8 \u05d1\u05e9\u05d5\u05e7 \u05d4\u05d9\u05d5\u05d5\u05e0\u05d9, \u05dc\u05e8\u05d0\u05d5\u05ea \u05de\u05d1\u05e0\u05d9 \u05e4\u05d0\u05e8 \u05de\u05ea\u05e7\u05d5\u05e4\u05d5\u05ea \u05d0\u05d7\u05e8\u05d5\u05ea \u05d5\u05e4\u05d9\u05e0\u05d5\u05ea \u05e0\u05e1\u05ea\u05e8\u05d5\u05ea?\u00a0","og_url":"https:\/\/goguided.tours\/es\/goto\/detras-de-las-camaras-visita-guiada-por-jaffa\/","og_site_name":"Go Guided","article_publisher":"https:\/\/www.facebook.com\/profile.php?id=61556958375391","article_modified_time":"2025-08-17T11:26:30+00:00","og_image":[{"width":1032,"height":562,"url":"https:\/\/goguided.tours\/wp-content\/uploads\/2025\/05\/Behind-the-scenes-tour-of-Jaffa-10.webp","type":"image\/webp"}],"twitter_card":"summary_large_image","twitter_misc":{"Tiempo de lectura":"1 minuto"},"schema":{"@context":"https:\/\/schema.org","@graph":[{"@type":"WebPage","@id":"https:\/\/goguided.tours\/goto\/behind-the-scenes-jaffa-tour\/","url":"https:\/\/goguided.tours\/goto\/behind-the-scenes-jaffa-tour\/","name":"Recorrido por Jaffa detr\u00e1s de las c\u00e1maras | La Jaffa que no conoc\u00edas","isPartOf":{"@id":"https:\/\/goguided.tours\/#website"},"primaryImageOfPage":{"@id":"https:\/\/goguided.tours\/goto\/behind-the-scenes-jaffa-tour\/#primaryimage"},"image":{"@id":"https:\/\/goguided.tours\/goto\/behind-the-scenes-jaffa-tour\/#primaryimage"},"thumbnailUrl":"https:\/\/goguided.tours\/wp-content\/uploads\/2025\/05\/Behind-the-scenes-tour-of-Jaffa-10.webp","datePublished":"2025-05-25T10:34:16+00:00","dateModified":"2025-08-17T11:26:30+00:00","description":"Todo el mundo conoce la antigua Jaffa, las galer\u00edas, el puerto y el reloj, pero \u00bfqui\u00e9n conoce la Jaffa oculta? \u00bfQuieres visitar el mercado griego, ver edificios majestuosos de otras \u00e9pocas y rincones ocultos?\u00a0","breadcrumb":{"@id":"https:\/\/goguided.tours\/goto\/behind-the-scenes-jaffa-tour\/#breadcrumb"},"inLanguage":"es","potentialAction":[{"@type":"ReadAction","target":["https:\/\/goguided.tours\/goto\/behind-the-scenes-jaffa-tour\/"]}]},{"@type":"ImageObject","inLanguage":"es","@id":"https:\/\/goguided.tours\/goto\/behind-the-scenes-jaffa-tour\/#primaryimage","url":"https:\/\/goguided.tours\/wp-content\/uploads\/2025\/05\/Behind-the-scenes-tour-of-Jaffa-10.webp","contentUrl":"https:\/\/goguided.tours\/wp-content\/uploads\/2025\/05\/Behind-the-scenes-tour-of-Jaffa-10.webp","width":1032,"height":562,"caption":"\u05e1\u05d9\u05d5\u05e8 \u05d9\u05e4\u05d5 \u05e9\u05de\u05d0\u05d7\u05d5\u05e8\u05d9 \u05d4\u05e7\u05dc\u05e2\u05d9\u05dd"},{"@type":"BreadcrumbList","@id":"https:\/\/goguided.tours\/goto\/behind-the-scenes-jaffa-tour\/#breadcrumb","itemListElement":[{"@type":"ListItem","position":1,"name":"\u05d3\u05e3 \u05d4\u05d1\u05d9\u05ea","item":"https:\/\/goguided.tours\/"},{"@type":"ListItem","position":2,"name":"\u05db\u05dc \u05d4\u05e4\u05e2\u05d9\u05dc\u05d5\u05d9\u05d5\u05ea","item":"https:\/\/goguided.tours\/shop\/"},{"@type":"ListItem","position":3,"name":"\u05e1\u05d9\u05d5\u05e8 \u05d9\u05e4\u05d5 \u05e9\u05de\u05d0\u05d7\u05d5\u05e8\u05d9 \u05d4\u05e7\u05dc\u05e2\u05d9\u05dd"}]},{"@type":"WebSite","@id":"https:\/\/goguided.tours\/#website","url":"https:\/\/goguided.tours\/","name":"Gu\u00eda Go","description":"","publisher":{"@id":"https:\/\/goguided.tours\/#organization"},"potentialAction":[{"@type":"SearchAction","target":{"@type":"EntryPoint","urlTemplate":"https:\/\/goguided.tours\/?s={search_term_string}"},"query-input":{"@type":"PropertyValueSpecification","valueRequired":true,"valueName":"search_term_string"}}],"inLanguage":"es"},{"@type":"Organization","@id":"https:\/\/goguided.tours\/#organization","name":"GoGuided","url":"https:\/\/goguided.tours\/","logo":{"@type":"ImageObject","inLanguage":"es","@id":"https:\/\/goguided.tours\/#\/schema\/logo\/image\/","url":"https:\/\/goguided.tours\/wp-content\/uploads\/2025\/05\/cropped-logo-guided.jpg","contentUrl":"https:\/\/goguided.tours\/wp-content\/uploads\/2025\/05\/cropped-logo-guided.jpg","width":500,"height":143,"caption":"GoGuided"},"image":{"@id":"https:\/\/goguided.tours\/#\/schema\/logo\/image\/"},"sameAs":["https:\/\/www.facebook.com\/profile.php?id=61556958375391","http:\/\/www.youtube.com\/@Guided-Tours","https:\/\/www.instagram.com\/goguided.he\/","https:\/\/www.tiktok.com\/@goguided.he"]}]}},"_links":{"self":[{"href":"https:\/\/goguided.tours\/es\/wp-json\/wp\/v2\/product\/13099","targetHints":{"allow":["GET"]}}],"collection":[{"href":"https:\/\/goguided.tours\/es\/wp-json\/wp\/v2\/product"}],"about":[{"href":"https:\/\/goguided.tours\/es\/wp-json\/wp\/v2\/types\/product"}],"author":[{"embeddable":true,"href":"https:\/\/goguided.tours\/es\/wp-json\/wp\/v2\/users\/8"}],"version-history":[{"count":0,"href":"https:\/\/goguided.tours\/es\/wp-json\/wp\/v2\/product\/13099\/revisions"}],"wp:featuredmedia":[{"embeddable":true,"href":"https:\/\/goguided.tours\/es\/wp-json\/wp\/v2\/media\/13113"}],"wp:attachment":[{"href":"https:\/\/goguided.tours\/es\/wp-json\/wp\/v2\/media?parent=13099"}],"wp:term":[{"taxonomy":"tour_area","embeddable":true,"href":"https:\/\/goguided.tours\/es\/wp-json\/wp\/v2\/tour_area?post=13099"},{"taxonomy":"tour_days","embeddable":true,"href":"https:\/\/goguided.tours\/es\/wp-json\/wp\/v2\/tour_days?post=13099"},{"taxonomy":"goto_type","embeddable":true,"href":"https:\/\/goguided.tours\/es\/wp-json\/wp\/v2\/goto_type?post=13099"},{"taxonomy":"tour_type","embeddable":true,"href":"https:\/\/goguided.tours\/es\/wp-json\/wp\/v2\/tour_type?post=13099"},{"taxonomy":"supported-language","embeddable":true,"href":"https:\/\/goguided.tours\/es\/wp-json\/wp\/v2\/supported-language?post=13099"},{"taxonomy":"product_cat","embeddable":true,"href":"https:\/\/goguided.tours\/es\/wp-json\/wp\/v2\/product_cat?post=13099"},{"taxonomy":"product_tag","embeddable":true,"href":"https:\/\/goguided.tours\/es\/wp-json\/wp\/v2\/product_tag?post=13099"},{"taxonomy":"activity_combo","embeddable":true,"href":"https:\/\/goguided.tours\/es\/wp-json\/wp\/v2\/activity_combo?post=13099"}],"curies":[{"name":"wp","href":"https:\/\/api.w.org\/{rel}","templated":true}]}}