{"id":13100,"date":"2025-05-25T13:34:16","date_gmt":"2025-05-25T10:34:16","guid":{"rendered":"https:\/\/goguided.tours\/?post_type=product&#038;p=13100"},"modified":"2026-01-28T13:38:07","modified_gmt":"2026-01-28T11:38:07","slug":"aventuras-tour-charles-clermont-ganneau-jerusalen","status":"publish","type":"product","link":"https:\/\/goguided.tours\/es\/goto\/adventures-tour-charles-clermont-ganneau-jerusalem\/","title":{"rendered":"Las aventuras de Charles Clermont-Geno en Jerusal\u00e9n"},"excerpt":{"rendered":"<p>Ad\u00e9ntrate en la realidad del siglo XIX y sum\u00e9rgete en la atm\u00f3sfera de la Jerusal\u00e9n de aquella \u00e9poca: la vida de Charles Clermont-Gano, ling\u00fcista y arque\u00f3logo franc\u00e9s en Jerusal\u00e9n, su personalidad y su obra.<\/p>","protected":false},"author":16,"featured_media":14700,"template":"","meta":{"_acf_changed":false,"_wp_rev_ctl_limit":""},"tour_area":[96],"tour_days":[],"goto_type":[119],"tour_type":[219,97],"supported-language":[68,67,101],"product_cat":[89],"product_tag":[],"activity_combo":[155,152],"class_list":{"0":"post-13100","1":"product","2":"type-product","3":"status-publish","4":"has-post-thumbnail","6":"tour_area-old-town","7":"goto_type-tours","8":"tour_type-archaeology","9":"tour_type-history","10":"supported-language-english","11":"supported-language-hebrew","12":"supported-language-russian","13":"product_cat-jerusalem","14":"activity_combo-jerusalem","15":"activity_combo-israel","17":"first","18":"instock","19":"sold-individually","20":"shipping-taxable","21":"purchasable","22":"product-type-booking"},"acf":[],"yoast_head":"<!-- This site is optimized with the Yoast SEO plugin v27.4 - https:\/\/yoast.com\/product\/yoast-seo-wordpress\/ -->\n<title>\u05e1\u05d9\u05d5\u05e8 \u05d4\u05e8\u05e4\u05ea\u05e7\u05d0\u05d5\u05ea\u05d9\u05d5 \u05e9\u05dc \u05e9\u05d0\u05e8\u05dc \u05e7\u05dc\u05e8\u05de\u05d5\u05df-\u05d2\u05e0\u05d5 \u05d9\u05e8\u05d5\u05e9\u05dc\u05d9\u05dd<\/title>\n<meta name=\"description\" content=\"\u05dc\u05e2\u05d1\u05d5\u05e8 \u05dc\u05e8\u05d9\u05d0\u05dc\u05d9\u05d4 \u05e9\u05dc \u05d4\u05de\u05d0\u05d4 \u05d4-19 \u05d5\u05dc\u05e6\u05dc\u05d5\u05dc \u05dc\u05d0\u05d5\u05d5\u05d9\u05e8\u05d4 \u05e9\u05dc \u05d9\u05e8\u05d5\u05e9\u05dc\u05d9\u05dd \u05e9\u05dc \u05d0\u05d5\u05ea\u05dd \u05d9\u05de\u05d9\u05dd \u2013 \u05d7\u05d9\u05d9\u05d5 \u05e9\u05dc \u05e9\u05d0\u05e8\u05dc \u05e7\u05dc\u05e8\u05de\u05d5\u05df-\u05d2\u05d0\u05e0\u05d5 \u05e9\u05d4\u05d9\u05d4 \u05d1\u05dc\u05e9\u05df \u05d5\u05d0\u05e8\u05db\u05d9\u05d0\u05d5\u05dc\u05d5\u05d2 \u05e6\u05e8\u05e4\u05ea\u05d9 \u05d1\u05d9\u05e8\u05d5\u05e9\u05dc\u05d9\u05dd, \u05e2\u05dc \u05d0\u05d9\u05e9\u05d9\u05d5\u05ea\u05d5 \u05d5\u05e4\u05d5\u05e2\u05dc\u05d5.\" \/>\n<meta name=\"robots\" content=\"index, follow, max-snippet:-1, max-image-preview:large, max-video-preview:-1\" \/>\n<link rel=\"canonical\" href=\"https:\/\/goguided.tours\/es\/goto\/aventuras-tour-charles-clermont-ganneau-jerusalen\/\" \/>\n<meta property=\"og:locale\" content=\"es_ES\" \/>\n<meta property=\"og:type\" content=\"article\" \/>\n<meta property=\"og:title\" content=\"\u05e1\u05d9\u05d5\u05e8 \u05d4\u05e8\u05e4\u05ea\u05e7\u05d0\u05d5\u05ea\u05d9\u05d5 \u05e9\u05dc \u05e9\u05d0\u05e8\u05dc \u05e7\u05dc\u05e8\u05de\u05d5\u05df-\u05d2\u05e0\u05d5 \u05d9\u05e8\u05d5\u05e9\u05dc\u05d9\u05dd\" \/>\n<meta property=\"og:description\" content=\"\u05dc\u05e2\u05d1\u05d5\u05e8 \u05dc\u05e8\u05d9\u05d0\u05dc\u05d9\u05d4 \u05e9\u05dc \u05d4\u05de\u05d0\u05d4 \u05d4-19 \u05d5\u05dc\u05e6\u05dc\u05d5\u05dc \u05dc\u05d0\u05d5\u05d5\u05d9\u05e8\u05d4 \u05e9\u05dc \u05d9\u05e8\u05d5\u05e9\u05dc\u05d9\u05dd \u05e9\u05dc \u05d0\u05d5\u05ea\u05dd \u05d9\u05de\u05d9\u05dd \u2013 \u05d7\u05d9\u05d9\u05d5 \u05e9\u05dc \u05e9\u05d0\u05e8\u05dc \u05e7\u05dc\u05e8\u05de\u05d5\u05df-\u05d2\u05d0\u05e0\u05d5 \u05e9\u05d4\u05d9\u05d4 \u05d1\u05dc\u05e9\u05df \u05d5\u05d0\u05e8\u05db\u05d9\u05d0\u05d5\u05dc\u05d5\u05d2 \u05e6\u05e8\u05e4\u05ea\u05d9 \u05d1\u05d9\u05e8\u05d5\u05e9\u05dc\u05d9\u05dd, \u05e2\u05dc \u05d0\u05d9\u05e9\u05d9\u05d5\u05ea\u05d5 \u05d5\u05e4\u05d5\u05e2\u05dc\u05d5.\" \/>\n<meta property=\"og:url\" content=\"https:\/\/goguided.tours\/es\/goto\/aventuras-tour-charles-clermont-ganneau-jerusalen\/\" \/>\n<meta property=\"og:site_name\" content=\"Go Guided\" \/>\n<meta property=\"article:publisher\" content=\"https:\/\/www.facebook.com\/profile.php?id=61556958375391\" \/>\n<meta property=\"article:modified_time\" content=\"2026-01-28T11:38:07+00:00\" \/>\n<meta property=\"og:image\" content=\"https:\/\/goguided.tours\/wp-content\/uploads\/2025\/05\/Charles-Clermont-Genos-Adventures-Tour-Jerusalem-17.jpg\" \/>\n\t<meta property=\"og:image:width\" content=\"899\" \/>\n\t<meta property=\"og:image:height\" content=\"472\" \/>\n\t<meta property=\"og:image:type\" content=\"image\/jpeg\" \/>\n<meta name=\"twitter:card\" content=\"summary_large_image\" \/>\n<meta name=\"twitter:label1\" content=\"Tiempo de lectura\" \/>\n\t<meta name=\"twitter:data1\" content=\"1 minuto\" \/>\n<script type=\"application\/ld+json\" class=\"yoast-schema-graph\">{\"@context\":\"https:\\\/\\\/schema.org\",\"@graph\":[{\"@type\":\"WebPage\",\"@id\":\"https:\\\/\\\/goguided.tours\\\/goto\\\/adventures-tour-charles-clermont-ganneau-jerusalem\\\/\",\"url\":\"https:\\\/\\\/goguided.tours\\\/goto\\\/adventures-tour-charles-clermont-ganneau-jerusalem\\\/\",\"name\":\"\u05e1\u05d9\u05d5\u05e8 \u05d4\u05e8\u05e4\u05ea\u05e7\u05d0\u05d5\u05ea\u05d9\u05d5 \u05e9\u05dc \u05e9\u05d0\u05e8\u05dc \u05e7\u05dc\u05e8\u05de\u05d5\u05df-\u05d2\u05e0\u05d5 \u05d9\u05e8\u05d5\u05e9\u05dc\u05d9\u05dd\",\"isPartOf\":{\"@id\":\"https:\\\/\\\/goguided.tours\\\/#website\"},\"primaryImageOfPage\":{\"@id\":\"https:\\\/\\\/goguided.tours\\\/goto\\\/adventures-tour-charles-clermont-ganneau-jerusalem\\\/#primaryimage\"},\"image\":{\"@id\":\"https:\\\/\\\/goguided.tours\\\/goto\\\/adventures-tour-charles-clermont-ganneau-jerusalem\\\/#primaryimage\"},\"thumbnailUrl\":\"https:\\\/\\\/goguided.tours\\\/wp-content\\\/uploads\\\/2025\\\/05\\\/Charles-Clermont-Genos-Adventures-Tour-Jerusalem-4.jpg\",\"datePublished\":\"2025-05-25T10:34:16+00:00\",\"dateModified\":\"2026-01-28T11:38:07+00:00\",\"description\":\"\u05dc\u05e2\u05d1\u05d5\u05e8 \u05dc\u05e8\u05d9\u05d0\u05dc\u05d9\u05d4 \u05e9\u05dc \u05d4\u05de\u05d0\u05d4 \u05d4-19 \u05d5\u05dc\u05e6\u05dc\u05d5\u05dc \u05dc\u05d0\u05d5\u05d5\u05d9\u05e8\u05d4 \u05e9\u05dc \u05d9\u05e8\u05d5\u05e9\u05dc\u05d9\u05dd \u05e9\u05dc \u05d0\u05d5\u05ea\u05dd \u05d9\u05de\u05d9\u05dd \u2013 \u05d7\u05d9\u05d9\u05d5 \u05e9\u05dc \u05e9\u05d0\u05e8\u05dc \u05e7\u05dc\u05e8\u05de\u05d5\u05df-\u05d2\u05d0\u05e0\u05d5 \u05e9\u05d4\u05d9\u05d4 \u05d1\u05dc\u05e9\u05df \u05d5\u05d0\u05e8\u05db\u05d9\u05d0\u05d5\u05dc\u05d5\u05d2 \u05e6\u05e8\u05e4\u05ea\u05d9 \u05d1\u05d9\u05e8\u05d5\u05e9\u05dc\u05d9\u05dd, \u05e2\u05dc \u05d0\u05d9\u05e9\u05d9\u05d5\u05ea\u05d5 \u05d5\u05e4\u05d5\u05e2\u05dc\u05d5.\",\"breadcrumb\":{\"@id\":\"https:\\\/\\\/goguided.tours\\\/goto\\\/adventures-tour-charles-clermont-ganneau-jerusalem\\\/#breadcrumb\"},\"inLanguage\":\"es\",\"potentialAction\":[{\"@type\":\"ReadAction\",\"target\":[\"https:\\\/\\\/goguided.tours\\\/goto\\\/adventures-tour-charles-clermont-ganneau-jerusalem\\\/\"]}]},{\"@type\":\"ImageObject\",\"inLanguage\":\"es\",\"@id\":\"https:\\\/\\\/goguided.tours\\\/goto\\\/adventures-tour-charles-clermont-ganneau-jerusalem\\\/#primaryimage\",\"url\":\"https:\\\/\\\/goguided.tours\\\/wp-content\\\/uploads\\\/2025\\\/05\\\/Charles-Clermont-Genos-Adventures-Tour-Jerusalem-4.jpg\",\"contentUrl\":\"https:\\\/\\\/goguided.tours\\\/wp-content\\\/uploads\\\/2025\\\/05\\\/Charles-Clermont-Genos-Adventures-Tour-Jerusalem-4.jpg\",\"width\":907,\"height\":556,\"caption\":\"\u05e1\u05d9\u05d5\u05e8 \u05d4\u05e8\u05e4\u05ea\u05e7\u05d0\u05d5\u05ea\u05d9\u05d5 \u05e9\u05dc \u05e9\u05d0\u05e8\u05dc \u05e7\u05dc\u05e8\u05de\u05d5\u05df-\u05d2\u05e0\u05d5 \u05d9\u05e8\u05d5\u05e9\u05dc\u05d9\u05dd\"},{\"@type\":\"BreadcrumbList\",\"@id\":\"https:\\\/\\\/goguided.tours\\\/goto\\\/adventures-tour-charles-clermont-ganneau-jerusalem\\\/#breadcrumb\",\"itemListElement\":[{\"@type\":\"ListItem\",\"position\":1,\"name\":\"\u05d3\u05e3 \u05d4\u05d1\u05d9\u05ea\",\"item\":\"https:\\\/\\\/goguided.tours\\\/\"},{\"@type\":\"ListItem\",\"position\":2,\"name\":\"\u05db\u05dc \u05d4\u05e4\u05e2\u05d9\u05dc\u05d5\u05d9\u05d5\u05ea\",\"item\":\"https:\\\/\\\/goguided.tours\\\/shop\\\/\"},{\"@type\":\"ListItem\",\"position\":3,\"name\":\"\u05e1\u05d9\u05d5\u05e8 \u05d4\u05e8\u05e4\u05ea\u05e7\u05d0\u05d5\u05ea\u05d9\u05d5 \u05e9\u05dc \u05e9\u05d0\u05e8\u05dc \u05e7\u05dc\u05e8\u05de\u05d5\u05df-\u05d2\u05e0\u05d5 \u05d9\u05e8\u05d5\u05e9\u05dc\u05d9\u05dd\"}]},{\"@type\":\"WebSite\",\"@id\":\"https:\\\/\\\/goguided.tours\\\/#website\",\"url\":\"https:\\\/\\\/goguided.tours\\\/\",\"name\":\"Go Guided\",\"description\":\"\",\"publisher\":{\"@id\":\"https:\\\/\\\/goguided.tours\\\/#organization\"},\"potentialAction\":[{\"@type\":\"SearchAction\",\"target\":{\"@type\":\"EntryPoint\",\"urlTemplate\":\"https:\\\/\\\/goguided.tours\\\/?s={search_term_string}\"},\"query-input\":{\"@type\":\"PropertyValueSpecification\",\"valueRequired\":true,\"valueName\":\"search_term_string\"}}],\"inLanguage\":\"es\"},{\"@type\":\"Organization\",\"@id\":\"https:\\\/\\\/goguided.tours\\\/#organization\",\"name\":\"GoGuided\",\"url\":\"https:\\\/\\\/goguided.tours\\\/\",\"logo\":{\"@type\":\"ImageObject\",\"inLanguage\":\"es\",\"@id\":\"https:\\\/\\\/goguided.tours\\\/#\\\/schema\\\/logo\\\/image\\\/\",\"url\":\"https:\\\/\\\/goguided.tours\\\/wp-content\\\/uploads\\\/2025\\\/05\\\/cropped-logo-guided.jpg\",\"contentUrl\":\"https:\\\/\\\/goguided.tours\\\/wp-content\\\/uploads\\\/2025\\\/05\\\/cropped-logo-guided.jpg\",\"width\":500,\"height\":143,\"caption\":\"GoGuided\"},\"image\":{\"@id\":\"https:\\\/\\\/goguided.tours\\\/#\\\/schema\\\/logo\\\/image\\\/\"},\"sameAs\":[\"https:\\\/\\\/www.facebook.com\\\/profile.php?id=61556958375391\",\"http:\\\/\\\/www.youtube.com\\\/@Guided-Tours\",\"https:\\\/\\\/www.instagram.com\\\/goguided.he\\\/\",\"https:\\\/\\\/www.tiktok.com\\\/@goguided.he\"]}]}<\/script>\n<!-- \/ Yoast SEO plugin. -->","yoast_head_json":{"title":"Las aventuras de Charles Clermont-Geno en Jerusal\u00e9n","description":"Viaja a la realidad del siglo XIX y sum\u00e9rgete en el ambiente de la Jerusal\u00e9n de aquellos d\u00edas: la vida de Charles Clermont-Ganneau, ling\u00fcista y arque\u00f3logo franc\u00e9s en Jerusal\u00e9n, su personalidad y su obra.","robots":{"index":"index","follow":"follow","max-snippet":"max-snippet:-1","max-image-preview":"max-image-preview:large","max-video-preview":"max-video-preview:-1"},"canonical":"https:\/\/goguided.tours\/es\/goto\/aventuras-tour-charles-clermont-ganneau-jerusalen\/","og_locale":"es_ES","og_type":"article","og_title":"\u05e1\u05d9\u05d5\u05e8 \u05d4\u05e8\u05e4\u05ea\u05e7\u05d0\u05d5\u05ea\u05d9\u05d5 \u05e9\u05dc \u05e9\u05d0\u05e8\u05dc \u05e7\u05dc\u05e8\u05de\u05d5\u05df-\u05d2\u05e0\u05d5 \u05d9\u05e8\u05d5\u05e9\u05dc\u05d9\u05dd","og_description":"\u05dc\u05e2\u05d1\u05d5\u05e8 \u05dc\u05e8\u05d9\u05d0\u05dc\u05d9\u05d4 \u05e9\u05dc \u05d4\u05de\u05d0\u05d4 \u05d4-19 \u05d5\u05dc\u05e6\u05dc\u05d5\u05dc \u05dc\u05d0\u05d5\u05d5\u05d9\u05e8\u05d4 \u05e9\u05dc \u05d9\u05e8\u05d5\u05e9\u05dc\u05d9\u05dd \u05e9\u05dc \u05d0\u05d5\u05ea\u05dd \u05d9\u05de\u05d9\u05dd \u2013 \u05d7\u05d9\u05d9\u05d5 \u05e9\u05dc \u05e9\u05d0\u05e8\u05dc \u05e7\u05dc\u05e8\u05de\u05d5\u05df-\u05d2\u05d0\u05e0\u05d5 \u05e9\u05d4\u05d9\u05d4 \u05d1\u05dc\u05e9\u05df \u05d5\u05d0\u05e8\u05db\u05d9\u05d0\u05d5\u05dc\u05d5\u05d2 \u05e6\u05e8\u05e4\u05ea\u05d9 \u05d1\u05d9\u05e8\u05d5\u05e9\u05dc\u05d9\u05dd, \u05e2\u05dc \u05d0\u05d9\u05e9\u05d9\u05d5\u05ea\u05d5 \u05d5\u05e4\u05d5\u05e2\u05dc\u05d5.","og_url":"https:\/\/goguided.tours\/es\/goto\/aventuras-tour-charles-clermont-ganneau-jerusalen\/","og_site_name":"Go Guided","article_publisher":"https:\/\/www.facebook.com\/profile.php?id=61556958375391","article_modified_time":"2026-01-28T11:38:07+00:00","og_image":[{"width":899,"height":472,"url":"https:\/\/goguided.tours\/wp-content\/uploads\/2025\/05\/Charles-Clermont-Genos-Adventures-Tour-Jerusalem-17.jpg","type":"image\/jpeg"}],"twitter_card":"summary_large_image","twitter_misc":{"Tiempo de lectura":"1 minuto"},"schema":{"@context":"https:\/\/schema.org","@graph":[{"@type":"WebPage","@id":"https:\/\/goguided.tours\/goto\/adventures-tour-charles-clermont-ganneau-jerusalem\/","url":"https:\/\/goguided.tours\/goto\/adventures-tour-charles-clermont-ganneau-jerusalem\/","name":"Las aventuras de Charles Clermont-Geno en Jerusal\u00e9n","isPartOf":{"@id":"https:\/\/goguided.tours\/#website"},"primaryImageOfPage":{"@id":"https:\/\/goguided.tours\/goto\/adventures-tour-charles-clermont-ganneau-jerusalem\/#primaryimage"},"image":{"@id":"https:\/\/goguided.tours\/goto\/adventures-tour-charles-clermont-ganneau-jerusalem\/#primaryimage"},"thumbnailUrl":"https:\/\/goguided.tours\/wp-content\/uploads\/2025\/05\/Charles-Clermont-Genos-Adventures-Tour-Jerusalem-4.jpg","datePublished":"2025-05-25T10:34:16+00:00","dateModified":"2026-01-28T11:38:07+00:00","description":"Viaja a la realidad del siglo XIX y sum\u00e9rgete en el ambiente de la Jerusal\u00e9n de aquellos d\u00edas: la vida de Charles Clermont-Ganneau, ling\u00fcista y arque\u00f3logo franc\u00e9s en Jerusal\u00e9n, su personalidad y su obra.","breadcrumb":{"@id":"https:\/\/goguided.tours\/goto\/adventures-tour-charles-clermont-ganneau-jerusalem\/#breadcrumb"},"inLanguage":"es","potentialAction":[{"@type":"ReadAction","target":["https:\/\/goguided.tours\/goto\/adventures-tour-charles-clermont-ganneau-jerusalem\/"]}]},{"@type":"ImageObject","inLanguage":"es","@id":"https:\/\/goguided.tours\/goto\/adventures-tour-charles-clermont-ganneau-jerusalem\/#primaryimage","url":"https:\/\/goguided.tours\/wp-content\/uploads\/2025\/05\/Charles-Clermont-Genos-Adventures-Tour-Jerusalem-4.jpg","contentUrl":"https:\/\/goguided.tours\/wp-content\/uploads\/2025\/05\/Charles-Clermont-Genos-Adventures-Tour-Jerusalem-4.jpg","width":907,"height":556,"caption":"\u05e1\u05d9\u05d5\u05e8 \u05d4\u05e8\u05e4\u05ea\u05e7\u05d0\u05d5\u05ea\u05d9\u05d5 \u05e9\u05dc \u05e9\u05d0\u05e8\u05dc \u05e7\u05dc\u05e8\u05de\u05d5\u05df-\u05d2\u05e0\u05d5 \u05d9\u05e8\u05d5\u05e9\u05dc\u05d9\u05dd"},{"@type":"BreadcrumbList","@id":"https:\/\/goguided.tours\/goto\/adventures-tour-charles-clermont-ganneau-jerusalem\/#breadcrumb","itemListElement":[{"@type":"ListItem","position":1,"name":"\u05d3\u05e3 \u05d4\u05d1\u05d9\u05ea","item":"https:\/\/goguided.tours\/"},{"@type":"ListItem","position":2,"name":"\u05db\u05dc \u05d4\u05e4\u05e2\u05d9\u05dc\u05d5\u05d9\u05d5\u05ea","item":"https:\/\/goguided.tours\/shop\/"},{"@type":"ListItem","position":3,"name":"\u05e1\u05d9\u05d5\u05e8 \u05d4\u05e8\u05e4\u05ea\u05e7\u05d0\u05d5\u05ea\u05d9\u05d5 \u05e9\u05dc \u05e9\u05d0\u05e8\u05dc \u05e7\u05dc\u05e8\u05de\u05d5\u05df-\u05d2\u05e0\u05d5 \u05d9\u05e8\u05d5\u05e9\u05dc\u05d9\u05dd"}]},{"@type":"WebSite","@id":"https:\/\/goguided.tours\/#website","url":"https:\/\/goguided.tours\/","name":"Gu\u00eda Go","description":"","publisher":{"@id":"https:\/\/goguided.tours\/#organization"},"potentialAction":[{"@type":"SearchAction","target":{"@type":"EntryPoint","urlTemplate":"https:\/\/goguided.tours\/?s={search_term_string}"},"query-input":{"@type":"PropertyValueSpecification","valueRequired":true,"valueName":"search_term_string"}}],"inLanguage":"es"},{"@type":"Organization","@id":"https:\/\/goguided.tours\/#organization","name":"GoGuided","url":"https:\/\/goguided.tours\/","logo":{"@type":"ImageObject","inLanguage":"es","@id":"https:\/\/goguided.tours\/#\/schema\/logo\/image\/","url":"https:\/\/goguided.tours\/wp-content\/uploads\/2025\/05\/cropped-logo-guided.jpg","contentUrl":"https:\/\/goguided.tours\/wp-content\/uploads\/2025\/05\/cropped-logo-guided.jpg","width":500,"height":143,"caption":"GoGuided"},"image":{"@id":"https:\/\/goguided.tours\/#\/schema\/logo\/image\/"},"sameAs":["https:\/\/www.facebook.com\/profile.php?id=61556958375391","http:\/\/www.youtube.com\/@Guided-Tours","https:\/\/www.instagram.com\/goguided.he\/","https:\/\/www.tiktok.com\/@goguided.he"]}]}},"_links":{"self":[{"href":"https:\/\/goguided.tours\/es\/wp-json\/wp\/v2\/product\/13100","targetHints":{"allow":["GET"]}}],"collection":[{"href":"https:\/\/goguided.tours\/es\/wp-json\/wp\/v2\/product"}],"about":[{"href":"https:\/\/goguided.tours\/es\/wp-json\/wp\/v2\/types\/product"}],"author":[{"embeddable":true,"href":"https:\/\/goguided.tours\/es\/wp-json\/wp\/v2\/users\/16"}],"version-history":[{"count":6,"href":"https:\/\/goguided.tours\/es\/wp-json\/wp\/v2\/product\/13100\/revisions"}],"predecessor-version":[{"id":19910,"href":"https:\/\/goguided.tours\/es\/wp-json\/wp\/v2\/product\/13100\/revisions\/19910"}],"wp:featuredmedia":[{"embeddable":true,"href":"https:\/\/goguided.tours\/es\/wp-json\/wp\/v2\/media\/14700"}],"wp:attachment":[{"href":"https:\/\/goguided.tours\/es\/wp-json\/wp\/v2\/media?parent=13100"}],"wp:term":[{"taxonomy":"tour_area","embeddable":true,"href":"https:\/\/goguided.tours\/es\/wp-json\/wp\/v2\/tour_area?post=13100"},{"taxonomy":"tour_days","embeddable":true,"href":"https:\/\/goguided.tours\/es\/wp-json\/wp\/v2\/tour_days?post=13100"},{"taxonomy":"goto_type","embeddable":true,"href":"https:\/\/goguided.tours\/es\/wp-json\/wp\/v2\/goto_type?post=13100"},{"taxonomy":"tour_type","embeddable":true,"href":"https:\/\/goguided.tours\/es\/wp-json\/wp\/v2\/tour_type?post=13100"},{"taxonomy":"supported-language","embeddable":true,"href":"https:\/\/goguided.tours\/es\/wp-json\/wp\/v2\/supported-language?post=13100"},{"taxonomy":"product_cat","embeddable":true,"href":"https:\/\/goguided.tours\/es\/wp-json\/wp\/v2\/product_cat?post=13100"},{"taxonomy":"product_tag","embeddable":true,"href":"https:\/\/goguided.tours\/es\/wp-json\/wp\/v2\/product_tag?post=13100"},{"taxonomy":"activity_combo","embeddable":true,"href":"https:\/\/goguided.tours\/es\/wp-json\/wp\/v2\/activity_combo?post=13100"}],"curies":[{"name":"wp","href":"https:\/\/api.w.org\/{rel}","templated":true}]}}