{"id":13104,"date":"2025-05-25T13:34:16","date_gmt":"2025-05-25T10:34:16","guid":{"rendered":"https:\/\/goguided.tours\/?post_type=product&#038;p=13104"},"modified":"2026-04-06T15:10:11","modified_gmt":"2026-04-06T12:10:11","slug":"levinsky-plus-food-tour","status":"publish","type":"product","link":"https:\/\/goguided.tours\/es\/goto\/levinsky-plus-food-tour\/","title":{"rendered":"Recorrido gastron\u00f3mico por el mercado Levinski y el Parque de la V\u00eda | Gastronom\u00eda de todo el mundo con arte callejero"},"excerpt":{"rendered":"<p><strong>\u00bfQuieres probar el mercado m\u00e1s balc\u00e1nico del pa\u00eds?<\/strong><br \/>\n<strong>\u00bfQuieres combinar sabores de todo el mundo con la historia de uno de los mercados m\u00e1s coloridos del pa\u00eds?<\/strong><br \/>\n<strong>\u00bfEst\u00e1s interesado en combinar la gastronom\u00eda y el arte callejero?<\/strong><\/p>\n<p>\u05de\u05d5\u05d6\u05de\u05e0\u05d9\u05dd \u05dc\u05e1\u05d9\u05d5\u05e8 &#8220;\u05dc\u05d5\u05d9\u05e0\u05e1\u05e7\u05d9 \u05e4\u05dc\u05d5\u05e1&#8221; \u05d1\u05e9\u05d5\u05e7 \u05dc\u05d5\u05d9\u05e0\u05e1\u05e7\u05d9 \u05d5\u05e4\u05d0\u05e8\u05e7 \u05d4\u05de\u05e1\u05d9\u05dc\u05d4 \u05e2\u05dd \u05d3\u05d5\u05d3\u05d9 \u05d1\u05e8 \u05e1\u05dc\u05e2!<\/p>\n<p><strong>Comenzaremos el recorrido en el Mercado Levinsky, el mercado indiscutible de los inmigrantes balc\u00e1nicos. Les contaremos la historia del mercado y sus puestos, e incluiremos degustaciones de:<\/strong><\/p>\n<ul>\n<li>B\u00f3rax filo balc\u00e1nico con receta griega.<\/li>\n<li>Abordaremos el mundo de las especias, especialmente en el mercado con sabores igualmente sorprendentes.<\/li>\n<li>Conoceremos la historia de la delicatessen balc\u00e1nica con una historia relacionada con la iniciativa de una pareja de sobrevivientes del Holocausto con locos rellenos balc\u00e1nicos como pimientos rellenos de queso, hojas de parra rellenas, una variedad de quesos y salsas balc\u00e1nicas.<\/li>\n<li>\u05d0\u05ea \u05d4\u05e2\u05d5\u05dc\u05dd \u05d4\u05d1\u05dc\u05e7\u05e0\u05d9 \u05e0\u05e9\u05dc\u05d1 \u05e2\u05dd \u05d8\u05e2\u05d9\u05de\u05ea \u05e1\u05d1\u05d9\u05d7 \u05d9\u05d9\u05d7\u05d5\u05d3\u05d9\u05ea. \u05e7\u05d5\u05d1\u05d4 \u05d9\u05e8\u05d5\u05e9\u05dc\u05de\u05d9\u05ea \u05db\u05d5\u05e8\u05d3\u05d9\u05ea \u05d5\u05d0\u05e4\u05d9\u05dc\u05d5 \u05de\u05ea\u05d5\u05e7\u05d9\u05dd &#8220;\u05de\u05d9\u05d9\u05d3 \u05d0\u05d9\u05df \u05d0\u05de\u05e8\u05d9\u05e7\u05d4&#8221; \u05d0\u05d5 \u05dc\u05e4\u05d7\u05d5\u05ea \u05d1\u05e1\u05d2\u05e0\u05d5\u05df \u05d0\u05de\u05e8\u05d9\u05e7\u05d0\u05d9.<\/li>\n<\/ul>\n<p>&nbsp;<\/p>\n<p><strong>Despu\u00e9s de todas las degustaciones, finalizaremos la comida con un paseo \u00fanico por el parque ferroviario con:<\/strong><\/p>\n<ul>\n<li>La historia del parque.<\/li>\n<li>El tren a Jerusal\u00e9n.<\/li>\n<li>Arte callejero por todas partes.<\/li>\n<\/ul>","protected":false},"author":8,"featured_media":13164,"template":"","meta":{"_acf_changed":false,"_wp_rev_ctl_limit":""},"tour_area":[94],"tour_days":[],"goto_type":[119],"tour_type":[72],"supported-language":[68,67],"product_cat":[83],"product_tag":[],"activity_combo":[152,153],"class_list":{"0":"post-13104","1":"product","2":"type-product","3":"status-publish","4":"has-post-thumbnail","6":"tour_area-levinsky-market","7":"goto_type-tours","8":"tour_type-food","9":"supported-language-english","10":"supported-language-hebrew","11":"product_cat-tel-aviv","12":"activity_combo-israel","13":"activity_combo-tel-aviv","15":"first","16":"instock","17":"shipping-taxable","18":"purchasable","19":"product-type-simple"},"acf":[],"yoast_head":"<!-- This site is optimized with the Yoast SEO plugin v27.4 - https:\/\/yoast.com\/product\/yoast-seo-wordpress\/ -->\n<title>\u05e1\u05d9\u05d5\u05e8 \u05d0\u05d5\u05db\u05dc \u05d1\u05e9\u05d5\u05e7 \u05dc\u05d5\u05d9\u05e0\u05e1\u05e7\u05d9 \u05d5\u05e4\u05d0\u05e8\u05e7 \u05d4\u05de\u05e1\u05d9\u05dc\u05d4 | \u05e7\u05d5\u05dc\u05d9\u05e0\u05e8\u05d9\u05d4 \u05de\u05db\u05dc \u05d4\u05e2\u05d5\u05dc\u05dd \u05e2\u05dd \u05d0\u05de\u05e0\u05d5\u05ea \u05e8\u05d7\u05d5\u05d1<\/title>\n<meta name=\"description\" content=\"\u05e8\u05d5\u05e6\u05d9\u05dd \u05dc\u05d8\u05e2\u05d5\u05dd \u05d0\u05ea \u05d4\u05e9\u05d5\u05e7 \u05d4\u05db\u05d9 \u05d1\u05dc\u05e7\u05e0\u05d9 \u05d1\u05d0\u05e8\u05e5?\u05d1\u05d0 \u05dc\u05db\u05dd \u05dc\u05e9\u05dc\u05d1 \u05d8\u05e2\u05d9\u05de\u05d5\u05ea \u05de\u05db\u05dc \u05d4\u05e2\u05d5\u05dc\u05dd \u05e2\u05dd \u05e1\u05d9\u05e4\u05d5\u05e8 \u05d0\u05d7\u05d3 \u05d4\u05e9\u05d5\u05d5\u05e7\u05d9\u05dd \u05d4\u05db\u05d9 \u05e6\u05d1\u05e2\u05d5\u05e0\u05d9\u05d9\u05dd \u05d1\u05d0\u05e8\u05e5?\u05de\u05e2\u05e0\u05d9\u05d9\u05df \u05d0\u05ea\u05db\u05dd \u05dc\u05e9\u05dc\u05d1 \u05e7\u05d5\u05dc\u05d9\u05e0\u05e8\u05d9\u05d4 \u05d5\u05d0\u05de\u05e0\u05d5\u05ea \u05e8\u05d7\u05d5\u05d1?\" \/>\n<meta name=\"robots\" content=\"index, follow, max-snippet:-1, max-image-preview:large, max-video-preview:-1\" \/>\n<link rel=\"canonical\" href=\"https:\/\/goguided.tours\/es\/goto\/levinsky-plus-food-tour\/\" \/>\n<meta property=\"og:locale\" content=\"es_ES\" \/>\n<meta property=\"og:type\" content=\"article\" \/>\n<meta property=\"og:title\" content=\"\u05e1\u05d9\u05d5\u05e8 \u05d0\u05d5\u05db\u05dc \u05d1\u05e9\u05d5\u05e7 \u05dc\u05d5\u05d9\u05e0\u05e1\u05e7\u05d9 \u05d5\u05e4\u05d0\u05e8\u05e7 \u05d4\u05de\u05e1\u05d9\u05dc\u05d4 | \u05e7\u05d5\u05dc\u05d9\u05e0\u05e8\u05d9\u05d4 \u05de\u05db\u05dc \u05d4\u05e2\u05d5\u05dc\u05dd \u05e2\u05dd \u05d0\u05de\u05e0\u05d5\u05ea \u05e8\u05d7\u05d5\u05d1\" \/>\n<meta property=\"og:description\" content=\"\u05e8\u05d5\u05e6\u05d9\u05dd \u05dc\u05d8\u05e2\u05d5\u05dd \u05d0\u05ea \u05d4\u05e9\u05d5\u05e7 \u05d4\u05db\u05d9 \u05d1\u05dc\u05e7\u05e0\u05d9 \u05d1\u05d0\u05e8\u05e5?\u05d1\u05d0 \u05dc\u05db\u05dd \u05dc\u05e9\u05dc\u05d1 \u05d8\u05e2\u05d9\u05de\u05d5\u05ea \u05de\u05db\u05dc \u05d4\u05e2\u05d5\u05dc\u05dd \u05e2\u05dd \u05e1\u05d9\u05e4\u05d5\u05e8 \u05d0\u05d7\u05d3 \u05d4\u05e9\u05d5\u05d5\u05e7\u05d9\u05dd \u05d4\u05db\u05d9 \u05e6\u05d1\u05e2\u05d5\u05e0\u05d9\u05d9\u05dd \u05d1\u05d0\u05e8\u05e5?\u05de\u05e2\u05e0\u05d9\u05d9\u05df \u05d0\u05ea\u05db\u05dd \u05dc\u05e9\u05dc\u05d1 \u05e7\u05d5\u05dc\u05d9\u05e0\u05e8\u05d9\u05d4 \u05d5\u05d0\u05de\u05e0\u05d5\u05ea \u05e8\u05d7\u05d5\u05d1?\" \/>\n<meta property=\"og:url\" content=\"https:\/\/goguided.tours\/es\/goto\/levinsky-plus-food-tour\/\" \/>\n<meta property=\"og:site_name\" content=\"Go Guided\" \/>\n<meta property=\"article:publisher\" content=\"https:\/\/www.facebook.com\/profile.php?id=61556958375391\" \/>\n<meta property=\"article:modified_time\" content=\"2026-04-06T12:10:11+00:00\" \/>\n<meta property=\"og:image\" content=\"https:\/\/goguided.tours\/wp-content\/uploads\/2025\/05\/tour-of-the-levinsky-market-and-the-railway-park-11-e1746370546339.webp\" \/>\n\t<meta property=\"og:image:width\" content=\"836\" \/>\n\t<meta property=\"og:image:height\" content=\"421\" \/>\n\t<meta property=\"og:image:type\" content=\"image\/webp\" \/>\n<meta name=\"twitter:card\" content=\"summary_large_image\" \/>\n<meta name=\"twitter:label1\" content=\"Tiempo de lectura\" \/>\n\t<meta name=\"twitter:data1\" content=\"1 minuto\" \/>\n<script type=\"application\/ld+json\" class=\"yoast-schema-graph\">{\"@context\":\"https:\\\/\\\/schema.org\",\"@graph\":[{\"@type\":\"WebPage\",\"@id\":\"https:\\\/\\\/goguided.tours\\\/goto\\\/levinsky-plus-food-tour\\\/\",\"url\":\"https:\\\/\\\/goguided.tours\\\/goto\\\/levinsky-plus-food-tour\\\/\",\"name\":\"\u05e1\u05d9\u05d5\u05e8 \u05d0\u05d5\u05db\u05dc \u05d1\u05e9\u05d5\u05e7 \u05dc\u05d5\u05d9\u05e0\u05e1\u05e7\u05d9 \u05d5\u05e4\u05d0\u05e8\u05e7 \u05d4\u05de\u05e1\u05d9\u05dc\u05d4 | \u05e7\u05d5\u05dc\u05d9\u05e0\u05e8\u05d9\u05d4 \u05de\u05db\u05dc \u05d4\u05e2\u05d5\u05dc\u05dd \u05e2\u05dd \u05d0\u05de\u05e0\u05d5\u05ea \u05e8\u05d7\u05d5\u05d1\",\"isPartOf\":{\"@id\":\"https:\\\/\\\/goguided.tours\\\/#website\"},\"primaryImageOfPage\":{\"@id\":\"https:\\\/\\\/goguided.tours\\\/goto\\\/levinsky-plus-food-tour\\\/#primaryimage\"},\"image\":{\"@id\":\"https:\\\/\\\/goguided.tours\\\/goto\\\/levinsky-plus-food-tour\\\/#primaryimage\"},\"thumbnailUrl\":\"https:\\\/\\\/goguided.tours\\\/wp-content\\\/uploads\\\/2025\\\/05\\\/tour-of-the-levinsky-market-and-the-railway-park-5.webp\",\"datePublished\":\"2025-05-25T10:34:16+00:00\",\"dateModified\":\"2026-04-06T12:10:11+00:00\",\"description\":\"\u05e8\u05d5\u05e6\u05d9\u05dd \u05dc\u05d8\u05e2\u05d5\u05dd \u05d0\u05ea \u05d4\u05e9\u05d5\u05e7 \u05d4\u05db\u05d9 \u05d1\u05dc\u05e7\u05e0\u05d9 \u05d1\u05d0\u05e8\u05e5?\u05d1\u05d0 \u05dc\u05db\u05dd \u05dc\u05e9\u05dc\u05d1 \u05d8\u05e2\u05d9\u05de\u05d5\u05ea \u05de\u05db\u05dc \u05d4\u05e2\u05d5\u05dc\u05dd \u05e2\u05dd \u05e1\u05d9\u05e4\u05d5\u05e8 \u05d0\u05d7\u05d3 \u05d4\u05e9\u05d5\u05d5\u05e7\u05d9\u05dd \u05d4\u05db\u05d9 \u05e6\u05d1\u05e2\u05d5\u05e0\u05d9\u05d9\u05dd \u05d1\u05d0\u05e8\u05e5?\u05de\u05e2\u05e0\u05d9\u05d9\u05df \u05d0\u05ea\u05db\u05dd \u05dc\u05e9\u05dc\u05d1 \u05e7\u05d5\u05dc\u05d9\u05e0\u05e8\u05d9\u05d4 \u05d5\u05d0\u05de\u05e0\u05d5\u05ea \u05e8\u05d7\u05d5\u05d1?\",\"breadcrumb\":{\"@id\":\"https:\\\/\\\/goguided.tours\\\/goto\\\/levinsky-plus-food-tour\\\/#breadcrumb\"},\"inLanguage\":\"es\",\"potentialAction\":[{\"@type\":\"ReadAction\",\"target\":[\"https:\\\/\\\/goguided.tours\\\/goto\\\/levinsky-plus-food-tour\\\/\"]}]},{\"@type\":\"ImageObject\",\"inLanguage\":\"es\",\"@id\":\"https:\\\/\\\/goguided.tours\\\/goto\\\/levinsky-plus-food-tour\\\/#primaryimage\",\"url\":\"https:\\\/\\\/goguided.tours\\\/wp-content\\\/uploads\\\/2025\\\/05\\\/tour-of-the-levinsky-market-and-the-railway-park-5.webp\",\"contentUrl\":\"https:\\\/\\\/goguided.tours\\\/wp-content\\\/uploads\\\/2025\\\/05\\\/tour-of-the-levinsky-market-and-the-railway-park-5.webp\",\"width\":714,\"height\":536,\"caption\":\"\u05dc\u05d5\u05d9\u05e0\u05e1\u05e7\u05d9 \u05e4\u05dc\u05d5\u05e1: \u05e1\u05d9\u05d5\u05e8 \u05d0\u05d5\u05db\u05dc \u05d1\u05e9\u05d5\u05e7 \u05dc\u05d5\u05d9\u05e0\u05e1\u05e7\u05d9 \u05d5\u05e4\u05d0\u05e8\u05e7 \u05d4\u05de\u05e1\u05d9\u05dc\u05d4\"},{\"@type\":\"BreadcrumbList\",\"@id\":\"https:\\\/\\\/goguided.tours\\\/goto\\\/levinsky-plus-food-tour\\\/#breadcrumb\",\"itemListElement\":[{\"@type\":\"ListItem\",\"position\":1,\"name\":\"\u05d3\u05e3 \u05d4\u05d1\u05d9\u05ea\",\"item\":\"https:\\\/\\\/goguided.tours\\\/\"},{\"@type\":\"ListItem\",\"position\":2,\"name\":\"\u05db\u05dc \u05d4\u05e4\u05e2\u05d9\u05dc\u05d5\u05d9\u05d5\u05ea\",\"item\":\"https:\\\/\\\/goguided.tours\\\/shop\\\/\"},{\"@type\":\"ListItem\",\"position\":3,\"name\":\"\u05e1\u05d9\u05d5\u05e8 \u05d0\u05d5\u05db\u05dc \u05d1\u05e9\u05d5\u05e7 \u05dc\u05d5\u05d9\u05e0\u05e1\u05e7\u05d9 \u05d5\u05e4\u05d0\u05e8\u05e7 \u05d4\u05de\u05e1\u05d9\u05dc\u05d4 | \u05e7\u05d5\u05dc\u05d9\u05e0\u05e8\u05d9\u05d4 \u05de\u05db\u05dc \u05d4\u05e2\u05d5\u05dc\u05dd \u05e2\u05dd \u05d0\u05de\u05e0\u05d5\u05ea \u05e8\u05d7\u05d5\u05d1\"}]},{\"@type\":\"WebSite\",\"@id\":\"https:\\\/\\\/goguided.tours\\\/#website\",\"url\":\"https:\\\/\\\/goguided.tours\\\/\",\"name\":\"Go Guided\",\"description\":\"\",\"publisher\":{\"@id\":\"https:\\\/\\\/goguided.tours\\\/#organization\"},\"potentialAction\":[{\"@type\":\"SearchAction\",\"target\":{\"@type\":\"EntryPoint\",\"urlTemplate\":\"https:\\\/\\\/goguided.tours\\\/?s={search_term_string}\"},\"query-input\":{\"@type\":\"PropertyValueSpecification\",\"valueRequired\":true,\"valueName\":\"search_term_string\"}}],\"inLanguage\":\"es\"},{\"@type\":\"Organization\",\"@id\":\"https:\\\/\\\/goguided.tours\\\/#organization\",\"name\":\"GoGuided\",\"url\":\"https:\\\/\\\/goguided.tours\\\/\",\"logo\":{\"@type\":\"ImageObject\",\"inLanguage\":\"es\",\"@id\":\"https:\\\/\\\/goguided.tours\\\/#\\\/schema\\\/logo\\\/image\\\/\",\"url\":\"https:\\\/\\\/goguided.tours\\\/wp-content\\\/uploads\\\/2025\\\/05\\\/cropped-logo-guided.jpg\",\"contentUrl\":\"https:\\\/\\\/goguided.tours\\\/wp-content\\\/uploads\\\/2025\\\/05\\\/cropped-logo-guided.jpg\",\"width\":500,\"height\":143,\"caption\":\"GoGuided\"},\"image\":{\"@id\":\"https:\\\/\\\/goguided.tours\\\/#\\\/schema\\\/logo\\\/image\\\/\"},\"sameAs\":[\"https:\\\/\\\/www.facebook.com\\\/profile.php?id=61556958375391\",\"http:\\\/\\\/www.youtube.com\\\/@Guided-Tours\",\"https:\\\/\\\/www.instagram.com\\\/goguided.he\\\/\",\"https:\\\/\\\/www.tiktok.com\\\/@goguided.he\"]}]}<\/script>\n<!-- \/ Yoast SEO plugin. -->","yoast_head_json":{"title":"Recorrido gastron\u00f3mico por el mercado Levinski y el Parque de la V\u00eda | Gastronom\u00eda de todo el mundo con arte callejero","description":"\u00bfQuieres probar el mercado m\u00e1s balc\u00e1nico del pa\u00eds? \u00bfTe apetece combinar degustaciones de todo el mundo con uno de los mercados m\u00e1s coloridos del pa\u00eds? \u00bfTe interesa combinar la gastronom\u00eda y el arte callejero?","robots":{"index":"index","follow":"follow","max-snippet":"max-snippet:-1","max-image-preview":"max-image-preview:large","max-video-preview":"max-video-preview:-1"},"canonical":"https:\/\/goguided.tours\/es\/goto\/levinsky-plus-food-tour\/","og_locale":"es_ES","og_type":"article","og_title":"\u05e1\u05d9\u05d5\u05e8 \u05d0\u05d5\u05db\u05dc \u05d1\u05e9\u05d5\u05e7 \u05dc\u05d5\u05d9\u05e0\u05e1\u05e7\u05d9 \u05d5\u05e4\u05d0\u05e8\u05e7 \u05d4\u05de\u05e1\u05d9\u05dc\u05d4 | \u05e7\u05d5\u05dc\u05d9\u05e0\u05e8\u05d9\u05d4 \u05de\u05db\u05dc \u05d4\u05e2\u05d5\u05dc\u05dd \u05e2\u05dd \u05d0\u05de\u05e0\u05d5\u05ea \u05e8\u05d7\u05d5\u05d1","og_description":"\u05e8\u05d5\u05e6\u05d9\u05dd \u05dc\u05d8\u05e2\u05d5\u05dd \u05d0\u05ea \u05d4\u05e9\u05d5\u05e7 \u05d4\u05db\u05d9 \u05d1\u05dc\u05e7\u05e0\u05d9 \u05d1\u05d0\u05e8\u05e5?\u05d1\u05d0 \u05dc\u05db\u05dd \u05dc\u05e9\u05dc\u05d1 \u05d8\u05e2\u05d9\u05de\u05d5\u05ea \u05de\u05db\u05dc \u05d4\u05e2\u05d5\u05dc\u05dd \u05e2\u05dd \u05e1\u05d9\u05e4\u05d5\u05e8 \u05d0\u05d7\u05d3 \u05d4\u05e9\u05d5\u05d5\u05e7\u05d9\u05dd \u05d4\u05db\u05d9 \u05e6\u05d1\u05e2\u05d5\u05e0\u05d9\u05d9\u05dd \u05d1\u05d0\u05e8\u05e5?\u05de\u05e2\u05e0\u05d9\u05d9\u05df \u05d0\u05ea\u05db\u05dd \u05dc\u05e9\u05dc\u05d1 \u05e7\u05d5\u05dc\u05d9\u05e0\u05e8\u05d9\u05d4 \u05d5\u05d0\u05de\u05e0\u05d5\u05ea \u05e8\u05d7\u05d5\u05d1?","og_url":"https:\/\/goguided.tours\/es\/goto\/levinsky-plus-food-tour\/","og_site_name":"Go Guided","article_publisher":"https:\/\/www.facebook.com\/profile.php?id=61556958375391","article_modified_time":"2026-04-06T12:10:11+00:00","og_image":[{"width":836,"height":421,"url":"https:\/\/goguided.tours\/wp-content\/uploads\/2025\/05\/tour-of-the-levinsky-market-and-the-railway-park-11-e1746370546339.webp","type":"image\/webp"}],"twitter_card":"summary_large_image","twitter_misc":{"Tiempo de lectura":"1 minuto"},"schema":{"@context":"https:\/\/schema.org","@graph":[{"@type":"WebPage","@id":"https:\/\/goguided.tours\/goto\/levinsky-plus-food-tour\/","url":"https:\/\/goguided.tours\/goto\/levinsky-plus-food-tour\/","name":"Recorrido gastron\u00f3mico por el mercado Levinski y el Parque de la V\u00eda | Gastronom\u00eda de todo el mundo con arte callejero","isPartOf":{"@id":"https:\/\/goguided.tours\/#website"},"primaryImageOfPage":{"@id":"https:\/\/goguided.tours\/goto\/levinsky-plus-food-tour\/#primaryimage"},"image":{"@id":"https:\/\/goguided.tours\/goto\/levinsky-plus-food-tour\/#primaryimage"},"thumbnailUrl":"https:\/\/goguided.tours\/wp-content\/uploads\/2025\/05\/tour-of-the-levinsky-market-and-the-railway-park-5.webp","datePublished":"2025-05-25T10:34:16+00:00","dateModified":"2026-04-06T12:10:11+00:00","description":"\u00bfQuieres probar el mercado m\u00e1s balc\u00e1nico del pa\u00eds? \u00bfTe apetece combinar degustaciones de todo el mundo con uno de los mercados m\u00e1s coloridos del pa\u00eds? \u00bfTe interesa combinar la gastronom\u00eda y el arte callejero?","breadcrumb":{"@id":"https:\/\/goguided.tours\/goto\/levinsky-plus-food-tour\/#breadcrumb"},"inLanguage":"es","potentialAction":[{"@type":"ReadAction","target":["https:\/\/goguided.tours\/goto\/levinsky-plus-food-tour\/"]}]},{"@type":"ImageObject","inLanguage":"es","@id":"https:\/\/goguided.tours\/goto\/levinsky-plus-food-tour\/#primaryimage","url":"https:\/\/goguided.tours\/wp-content\/uploads\/2025\/05\/tour-of-the-levinsky-market-and-the-railway-park-5.webp","contentUrl":"https:\/\/goguided.tours\/wp-content\/uploads\/2025\/05\/tour-of-the-levinsky-market-and-the-railway-park-5.webp","width":714,"height":536,"caption":"\u05dc\u05d5\u05d9\u05e0\u05e1\u05e7\u05d9 \u05e4\u05dc\u05d5\u05e1: \u05e1\u05d9\u05d5\u05e8 \u05d0\u05d5\u05db\u05dc \u05d1\u05e9\u05d5\u05e7 \u05dc\u05d5\u05d9\u05e0\u05e1\u05e7\u05d9 \u05d5\u05e4\u05d0\u05e8\u05e7 \u05d4\u05de\u05e1\u05d9\u05dc\u05d4"},{"@type":"BreadcrumbList","@id":"https:\/\/goguided.tours\/goto\/levinsky-plus-food-tour\/#breadcrumb","itemListElement":[{"@type":"ListItem","position":1,"name":"\u05d3\u05e3 \u05d4\u05d1\u05d9\u05ea","item":"https:\/\/goguided.tours\/"},{"@type":"ListItem","position":2,"name":"\u05db\u05dc \u05d4\u05e4\u05e2\u05d9\u05dc\u05d5\u05d9\u05d5\u05ea","item":"https:\/\/goguided.tours\/shop\/"},{"@type":"ListItem","position":3,"name":"\u05e1\u05d9\u05d5\u05e8 \u05d0\u05d5\u05db\u05dc \u05d1\u05e9\u05d5\u05e7 \u05dc\u05d5\u05d9\u05e0\u05e1\u05e7\u05d9 \u05d5\u05e4\u05d0\u05e8\u05e7 \u05d4\u05de\u05e1\u05d9\u05dc\u05d4 | \u05e7\u05d5\u05dc\u05d9\u05e0\u05e8\u05d9\u05d4 \u05de\u05db\u05dc \u05d4\u05e2\u05d5\u05dc\u05dd \u05e2\u05dd \u05d0\u05de\u05e0\u05d5\u05ea \u05e8\u05d7\u05d5\u05d1"}]},{"@type":"WebSite","@id":"https:\/\/goguided.tours\/#website","url":"https:\/\/goguided.tours\/","name":"Gu\u00eda Go","description":"","publisher":{"@id":"https:\/\/goguided.tours\/#organization"},"potentialAction":[{"@type":"SearchAction","target":{"@type":"EntryPoint","urlTemplate":"https:\/\/goguided.tours\/?s={search_term_string}"},"query-input":{"@type":"PropertyValueSpecification","valueRequired":true,"valueName":"search_term_string"}}],"inLanguage":"es"},{"@type":"Organization","@id":"https:\/\/goguided.tours\/#organization","name":"GoGuided","url":"https:\/\/goguided.tours\/","logo":{"@type":"ImageObject","inLanguage":"es","@id":"https:\/\/goguided.tours\/#\/schema\/logo\/image\/","url":"https:\/\/goguided.tours\/wp-content\/uploads\/2025\/05\/cropped-logo-guided.jpg","contentUrl":"https:\/\/goguided.tours\/wp-content\/uploads\/2025\/05\/cropped-logo-guided.jpg","width":500,"height":143,"caption":"GoGuided"},"image":{"@id":"https:\/\/goguided.tours\/#\/schema\/logo\/image\/"},"sameAs":["https:\/\/www.facebook.com\/profile.php?id=61556958375391","http:\/\/www.youtube.com\/@Guided-Tours","https:\/\/www.instagram.com\/goguided.he\/","https:\/\/www.tiktok.com\/@goguided.he"]}]}},"_links":{"self":[{"href":"https:\/\/goguided.tours\/es\/wp-json\/wp\/v2\/product\/13104","targetHints":{"allow":["GET"]}}],"collection":[{"href":"https:\/\/goguided.tours\/es\/wp-json\/wp\/v2\/product"}],"about":[{"href":"https:\/\/goguided.tours\/es\/wp-json\/wp\/v2\/types\/product"}],"author":[{"embeddable":true,"href":"https:\/\/goguided.tours\/es\/wp-json\/wp\/v2\/users\/8"}],"version-history":[{"count":5,"href":"https:\/\/goguided.tours\/es\/wp-json\/wp\/v2\/product\/13104\/revisions"}],"predecessor-version":[{"id":20846,"href":"https:\/\/goguided.tours\/es\/wp-json\/wp\/v2\/product\/13104\/revisions\/20846"}],"wp:featuredmedia":[{"embeddable":true,"href":"https:\/\/goguided.tours\/es\/wp-json\/wp\/v2\/media\/13164"}],"wp:attachment":[{"href":"https:\/\/goguided.tours\/es\/wp-json\/wp\/v2\/media?parent=13104"}],"wp:term":[{"taxonomy":"tour_area","embeddable":true,"href":"https:\/\/goguided.tours\/es\/wp-json\/wp\/v2\/tour_area?post=13104"},{"taxonomy":"tour_days","embeddable":true,"href":"https:\/\/goguided.tours\/es\/wp-json\/wp\/v2\/tour_days?post=13104"},{"taxonomy":"goto_type","embeddable":true,"href":"https:\/\/goguided.tours\/es\/wp-json\/wp\/v2\/goto_type?post=13104"},{"taxonomy":"tour_type","embeddable":true,"href":"https:\/\/goguided.tours\/es\/wp-json\/wp\/v2\/tour_type?post=13104"},{"taxonomy":"supported-language","embeddable":true,"href":"https:\/\/goguided.tours\/es\/wp-json\/wp\/v2\/supported-language?post=13104"},{"taxonomy":"product_cat","embeddable":true,"href":"https:\/\/goguided.tours\/es\/wp-json\/wp\/v2\/product_cat?post=13104"},{"taxonomy":"product_tag","embeddable":true,"href":"https:\/\/goguided.tours\/es\/wp-json\/wp\/v2\/product_tag?post=13104"},{"taxonomy":"activity_combo","embeddable":true,"href":"https:\/\/goguided.tours\/es\/wp-json\/wp\/v2\/activity_combo?post=13104"}],"curies":[{"name":"wp","href":"https:\/\/api.w.org\/{rel}","templated":true}]}}