{"id":13107,"date":"2025-05-25T13:34:16","date_gmt":"2025-05-25T10:34:16","guid":{"rendered":"https:\/\/goguided.tours\/?post_type=product&#038;p=13107"},"modified":"2026-04-06T20:02:53","modified_gmt":"2026-04-06T17:02:53","slug":"recorrido-nocturno-por-los-grafitis-de-machane-yehuda","status":"publish","type":"product","link":"https:\/\/goguided.tours\/es\/goto\/machane-yehuda-night-graffiti-tour\/","title":{"rendered":"Recorrido nocturno por el grafitis del mercado de Mahane Yehuda | Los personajes m\u00edticos en las puertas de las tiendas"},"excerpt":{"rendered":"<p><strong>\u00bfQuieres experimentar el mercado de una manera un poco diferente?<\/strong><br \/>\n<strong>\u00bfEst\u00e1s interesado en experimentar un recorrido de graffitis nocturno poco convencional?<\/strong><br \/>\n<strong>\u00bfQuieres conocer las historias del mercado a trav\u00e9s de sus personajes mitol\u00f3gicos en las puertas de las tiendas?<\/strong><br \/>\n<strong>\u00bfTe gustar\u00eda combinar las historias con una copa de arak en un ambiente de Jerusal\u00e9n?<\/strong><br \/>\n<strong>\u00a1Est\u00e1s invitado a conocer el interior del mercado con el T\u00edo Bar Sela!<\/strong><\/p>\n<p>\u2b24 En el recorrido conoceremos el proyecto de arte callejero en el mercado, que ha transformado el mercado en un museo abierto con incre\u00edbles obras que cuentan la historia del mercado a trav\u00e9s de las figuras mitol\u00f3gicas del mercado, junto a figuras de Jerusal\u00e9n, l\u00edderes jud\u00edos, rabinos y cabalistas, y figuras internacionales.<\/p>\n<p>\u2b24 Realizaremos una gira entre el rabino Goren tocando el shofar, Uri Malmilian, Leonard Cohen, Golda Meir, Meir Lensky con el Templo de fondo, el rabino Chida, Yossi Banai, el rabino Yosef Rivlin, Maim\u00f3nides y m\u00e1s.<\/p>\n<p>\u2b24 Conectaremos las historias de las creaciones y las historias del mercado en una creaci\u00f3n especial de Jerusal\u00e9n y, por supuesto, nos conectaremos con el mundo de la vida nocturna de Jerusal\u00e9n con una copa de arak.<\/p>","protected":false},"author":8,"featured_media":13122,"template":"","meta":{"_acf_changed":false,"_wp_rev_ctl_limit":""},"tour_area":[91],"tour_days":[],"goto_type":[119],"tour_type":[93],"supported-language":[68,67],"product_cat":[89],"product_tag":[],"activity_combo":[155,152],"class_list":{"0":"post-13107","1":"product","2":"type-product","3":"status-publish","4":"has-post-thumbnail","6":"tour_area-mahane-yehuda","7":"goto_type-tours","8":"tour_type-graffiti","9":"supported-language-english","10":"supported-language-hebrew","11":"product_cat-jerusalem","12":"activity_combo-jerusalem","13":"activity_combo-israel","15":"first","16":"instock","17":"shipping-taxable","18":"purchasable","19":"product-type-simple"},"acf":[],"yoast_head":"<!-- This site is optimized with the Yoast SEO plugin v27.4 - https:\/\/yoast.com\/product\/yoast-seo-wordpress\/ -->\n<title>\u05e1\u05d9\u05d5\u05e8 \u05d2\u05e8\u05e4\u05d9\u05d8\u05d9 \u05dc\u05d9\u05dc\u05d9 \u05d1\u05e9\u05d5\u05e7 \u05de\u05d7\u05e0\u05d4 \u05d9\u05d4\u05d5\u05d3\u05d4 | \u05d4\u05d3\u05de\u05d5\u05d9\u05d5\u05ea \u05d4\u05de\u05d9\u05ea\u05d5\u05dc\u05d5\u05d2\u05d9\u05d5\u05ea \u05e2\u05dc \u05d3\u05dc\u05ea\u05d5\u05ea \u05d4\u05d7\u05e0\u05d5\u05d9\u05d5\u05ea<\/title>\n<meta name=\"description\" content=\"\u05e8\u05d5\u05e6\u05d9\u05dd \u05dc\u05d7\u05d5\u05d5\u05ea \u05d0\u05ea \u05d4\u05e9\u05d5\u05e7 \u05d0\u05d7\u05e8\u05ea? \u05de\u05e2\u05e0\u05d9\u05d9\u05df \u05d0\u05ea\u05db\u05dd \u05dc\u05d7\u05d5\u05d5\u05ea \u05e1\u05d9\u05d5\u05e8 \u05d2\u05e8\u05e4\u05d9\u05d8\u05d9 \u05dc\u05d9\u05dc\u05d9 \u05d5\u05dc\u05d0 \u05e9\u05d2\u05e8\u05ea\u05d9? \u05d1\u05d0 \u05dc\u05db\u05dd \u05dc\u05d4\u05db\u05d9\u05e8 \u05d0\u05ea \u05e1\u05d9\u05e4\u05d5\u05e8\u05d9 \u05d4\u05e9\u05d5\u05e7 \u05d3\u05e8\u05da \u05d4\u05d3\u05de\u05d5\u05d9\u05d5\u05ea \u05d4\u05de\u05d9\u05ea\u05d5\u05dc\u05d5\u05d2\u05d9\u05d5\u05ea \u05e9\u05dc\u05d5 \u05e2\u05dc \u05d3\u05dc\u05ea\u05d5\u05ea \u05d4\u05d7\u05e0\u05d5\u05d9\u05d5\u05ea?\" \/>\n<meta name=\"robots\" content=\"index, follow, max-snippet:-1, max-image-preview:large, max-video-preview:-1\" \/>\n<link rel=\"canonical\" href=\"https:\/\/goguided.tours\/es\/goto\/recorrido-nocturno-por-los-grafitis-de-machane-yehuda\/\" \/>\n<meta property=\"og:locale\" content=\"es_ES\" \/>\n<meta property=\"og:type\" content=\"article\" \/>\n<meta property=\"og:title\" content=\"\u05e1\u05d9\u05d5\u05e8 \u05d2\u05e8\u05e4\u05d9\u05d8\u05d9 \u05dc\u05d9\u05dc\u05d9 \u05d1\u05e9\u05d5\u05e7 \u05de\u05d7\u05e0\u05d4 \u05d9\u05d4\u05d5\u05d3\u05d4 | \u05d4\u05d3\u05de\u05d5\u05d9\u05d5\u05ea \u05d4\u05de\u05d9\u05ea\u05d5\u05dc\u05d5\u05d2\u05d9\u05d5\u05ea \u05e2\u05dc \u05d3\u05dc\u05ea\u05d5\u05ea \u05d4\u05d7\u05e0\u05d5\u05d9\u05d5\u05ea\" \/>\n<meta property=\"og:description\" content=\"\u05e8\u05d5\u05e6\u05d9\u05dd \u05dc\u05d7\u05d5\u05d5\u05ea \u05d0\u05ea \u05d4\u05e9\u05d5\u05e7 \u05d0\u05d7\u05e8\u05ea? \u05de\u05e2\u05e0\u05d9\u05d9\u05df \u05d0\u05ea\u05db\u05dd \u05dc\u05d7\u05d5\u05d5\u05ea \u05e1\u05d9\u05d5\u05e8 \u05d2\u05e8\u05e4\u05d9\u05d8\u05d9 \u05dc\u05d9\u05dc\u05d9 \u05d5\u05dc\u05d0 \u05e9\u05d2\u05e8\u05ea\u05d9? \u05d1\u05d0 \u05dc\u05db\u05dd \u05dc\u05d4\u05db\u05d9\u05e8 \u05d0\u05ea \u05e1\u05d9\u05e4\u05d5\u05e8\u05d9 \u05d4\u05e9\u05d5\u05e7 \u05d3\u05e8\u05da \u05d4\u05d3\u05de\u05d5\u05d9\u05d5\u05ea \u05d4\u05de\u05d9\u05ea\u05d5\u05dc\u05d5\u05d2\u05d9\u05d5\u05ea \u05e9\u05dc\u05d5 \u05e2\u05dc \u05d3\u05dc\u05ea\u05d5\u05ea \u05d4\u05d7\u05e0\u05d5\u05d9\u05d5\u05ea?\" \/>\n<meta property=\"og:url\" content=\"https:\/\/goguided.tours\/es\/goto\/recorrido-nocturno-por-los-grafitis-de-machane-yehuda\/\" \/>\n<meta property=\"og:site_name\" content=\"Go Guided\" \/>\n<meta property=\"article:publisher\" content=\"https:\/\/www.facebook.com\/profile.php?id=61556958375391\" \/>\n<meta property=\"article:modified_time\" content=\"2026-04-06T17:02:53+00:00\" \/>\n<meta property=\"og:image\" content=\"https:\/\/goguided.tours\/wp-content\/uploads\/2025\/05\/night-graffiti-tour-at-mahane-yehuda-market-5.jpg\" \/>\n\t<meta property=\"og:image:width\" content=\"845\" \/>\n\t<meta property=\"og:image:height\" content=\"633\" \/>\n\t<meta property=\"og:image:type\" content=\"image\/jpeg\" \/>\n<meta name=\"twitter:card\" content=\"summary_large_image\" \/>\n<meta name=\"twitter:label1\" content=\"Tiempo de lectura\" \/>\n\t<meta name=\"twitter:data1\" content=\"1 minuto\" \/>\n<script type=\"application\/ld+json\" class=\"yoast-schema-graph\">{\"@context\":\"https:\\\/\\\/schema.org\",\"@graph\":[{\"@type\":\"WebPage\",\"@id\":\"https:\\\/\\\/goguided.tours\\\/goto\\\/machane-yehuda-night-graffiti-tour\\\/\",\"url\":\"https:\\\/\\\/goguided.tours\\\/goto\\\/machane-yehuda-night-graffiti-tour\\\/\",\"name\":\"\u05e1\u05d9\u05d5\u05e8 \u05d2\u05e8\u05e4\u05d9\u05d8\u05d9 \u05dc\u05d9\u05dc\u05d9 \u05d1\u05e9\u05d5\u05e7 \u05de\u05d7\u05e0\u05d4 \u05d9\u05d4\u05d5\u05d3\u05d4 | \u05d4\u05d3\u05de\u05d5\u05d9\u05d5\u05ea \u05d4\u05de\u05d9\u05ea\u05d5\u05dc\u05d5\u05d2\u05d9\u05d5\u05ea \u05e2\u05dc \u05d3\u05dc\u05ea\u05d5\u05ea \u05d4\u05d7\u05e0\u05d5\u05d9\u05d5\u05ea\",\"isPartOf\":{\"@id\":\"https:\\\/\\\/goguided.tours\\\/#website\"},\"primaryImageOfPage\":{\"@id\":\"https:\\\/\\\/goguided.tours\\\/goto\\\/machane-yehuda-night-graffiti-tour\\\/#primaryimage\"},\"image\":{\"@id\":\"https:\\\/\\\/goguided.tours\\\/goto\\\/machane-yehuda-night-graffiti-tour\\\/#primaryimage\"},\"thumbnailUrl\":\"https:\\\/\\\/goguided.tours\\\/wp-content\\\/uploads\\\/2025\\\/05\\\/night-graffiti-tour-at-mahane-yehuda-market-.jpg\",\"datePublished\":\"2025-05-25T10:34:16+00:00\",\"dateModified\":\"2026-04-06T17:02:53+00:00\",\"description\":\"\u05e8\u05d5\u05e6\u05d9\u05dd \u05dc\u05d7\u05d5\u05d5\u05ea \u05d0\u05ea \u05d4\u05e9\u05d5\u05e7 \u05d0\u05d7\u05e8\u05ea? \u05de\u05e2\u05e0\u05d9\u05d9\u05df \u05d0\u05ea\u05db\u05dd \u05dc\u05d7\u05d5\u05d5\u05ea \u05e1\u05d9\u05d5\u05e8 \u05d2\u05e8\u05e4\u05d9\u05d8\u05d9 \u05dc\u05d9\u05dc\u05d9 \u05d5\u05dc\u05d0 \u05e9\u05d2\u05e8\u05ea\u05d9? \u05d1\u05d0 \u05dc\u05db\u05dd \u05dc\u05d4\u05db\u05d9\u05e8 \u05d0\u05ea \u05e1\u05d9\u05e4\u05d5\u05e8\u05d9 \u05d4\u05e9\u05d5\u05e7 \u05d3\u05e8\u05da \u05d4\u05d3\u05de\u05d5\u05d9\u05d5\u05ea \u05d4\u05de\u05d9\u05ea\u05d5\u05dc\u05d5\u05d2\u05d9\u05d5\u05ea \u05e9\u05dc\u05d5 \u05e2\u05dc \u05d3\u05dc\u05ea\u05d5\u05ea \u05d4\u05d7\u05e0\u05d5\u05d9\u05d5\u05ea?\",\"breadcrumb\":{\"@id\":\"https:\\\/\\\/goguided.tours\\\/goto\\\/machane-yehuda-night-graffiti-tour\\\/#breadcrumb\"},\"inLanguage\":\"es\",\"potentialAction\":[{\"@type\":\"ReadAction\",\"target\":[\"https:\\\/\\\/goguided.tours\\\/goto\\\/machane-yehuda-night-graffiti-tour\\\/\"]}]},{\"@type\":\"ImageObject\",\"inLanguage\":\"es\",\"@id\":\"https:\\\/\\\/goguided.tours\\\/goto\\\/machane-yehuda-night-graffiti-tour\\\/#primaryimage\",\"url\":\"https:\\\/\\\/goguided.tours\\\/wp-content\\\/uploads\\\/2025\\\/05\\\/night-graffiti-tour-at-mahane-yehuda-market-.jpg\",\"contentUrl\":\"https:\\\/\\\/goguided.tours\\\/wp-content\\\/uploads\\\/2025\\\/05\\\/night-graffiti-tour-at-mahane-yehuda-market-.jpg\",\"width\":529,\"height\":706,\"caption\":\"\u05d4\u05e4\u05e0\u05d9\u05dd \u05e9\u05dc \u05d4\u05e9\u05d5\u05e7: \u05e1\u05d9\u05d5\u05e8 \u05d2\u05e8\u05e4\u05d9\u05d8\u05d9 \u05dc\u05d9\u05dc\u05d9 \u05d1\u05e9\u05d5\u05e7 \u05de\u05d7\u05e0\u05d4 \u05d9\u05d4\u05d5\u05d3\u05d4\"},{\"@type\":\"BreadcrumbList\",\"@id\":\"https:\\\/\\\/goguided.tours\\\/goto\\\/machane-yehuda-night-graffiti-tour\\\/#breadcrumb\",\"itemListElement\":[{\"@type\":\"ListItem\",\"position\":1,\"name\":\"\u05d3\u05e3 \u05d4\u05d1\u05d9\u05ea\",\"item\":\"https:\\\/\\\/goguided.tours\\\/\"},{\"@type\":\"ListItem\",\"position\":2,\"name\":\"\u05db\u05dc \u05d4\u05e4\u05e2\u05d9\u05dc\u05d5\u05d9\u05d5\u05ea\",\"item\":\"https:\\\/\\\/goguided.tours\\\/shop\\\/\"},{\"@type\":\"ListItem\",\"position\":3,\"name\":\"\u05e1\u05d9\u05d5\u05e8 \u05d2\u05e8\u05e4\u05d9\u05d8\u05d9 \u05dc\u05d9\u05dc\u05d9 \u05d1\u05e9\u05d5\u05e7 \u05de\u05d7\u05e0\u05d4 \u05d9\u05d4\u05d5\u05d3\u05d4 | \u05d4\u05d3\u05de\u05d5\u05d9\u05d5\u05ea \u05d4\u05de\u05d9\u05ea\u05d5\u05dc\u05d5\u05d2\u05d9\u05d5\u05ea \u05e2\u05dc \u05d3\u05dc\u05ea\u05d5\u05ea \u05d4\u05d7\u05e0\u05d5\u05d9\u05d5\u05ea\"}]},{\"@type\":\"WebSite\",\"@id\":\"https:\\\/\\\/goguided.tours\\\/#website\",\"url\":\"https:\\\/\\\/goguided.tours\\\/\",\"name\":\"Go Guided\",\"description\":\"\",\"publisher\":{\"@id\":\"https:\\\/\\\/goguided.tours\\\/#organization\"},\"potentialAction\":[{\"@type\":\"SearchAction\",\"target\":{\"@type\":\"EntryPoint\",\"urlTemplate\":\"https:\\\/\\\/goguided.tours\\\/?s={search_term_string}\"},\"query-input\":{\"@type\":\"PropertyValueSpecification\",\"valueRequired\":true,\"valueName\":\"search_term_string\"}}],\"inLanguage\":\"es\"},{\"@type\":\"Organization\",\"@id\":\"https:\\\/\\\/goguided.tours\\\/#organization\",\"name\":\"GoGuided\",\"url\":\"https:\\\/\\\/goguided.tours\\\/\",\"logo\":{\"@type\":\"ImageObject\",\"inLanguage\":\"es\",\"@id\":\"https:\\\/\\\/goguided.tours\\\/#\\\/schema\\\/logo\\\/image\\\/\",\"url\":\"https:\\\/\\\/goguided.tours\\\/wp-content\\\/uploads\\\/2025\\\/05\\\/cropped-logo-guided.jpg\",\"contentUrl\":\"https:\\\/\\\/goguided.tours\\\/wp-content\\\/uploads\\\/2025\\\/05\\\/cropped-logo-guided.jpg\",\"width\":500,\"height\":143,\"caption\":\"GoGuided\"},\"image\":{\"@id\":\"https:\\\/\\\/goguided.tours\\\/#\\\/schema\\\/logo\\\/image\\\/\"},\"sameAs\":[\"https:\\\/\\\/www.facebook.com\\\/profile.php?id=61556958375391\",\"http:\\\/\\\/www.youtube.com\\\/@Guided-Tours\",\"https:\\\/\\\/www.instagram.com\\\/goguided.he\\\/\",\"https:\\\/\\\/www.tiktok.com\\\/@goguided.he\"]}]}<\/script>\n<!-- \/ Yoast SEO plugin. -->","yoast_head_json":{"title":"Recorrido nocturno por el grafitis del mercado de Mahane Yehuda | Los personajes m\u00edticos en las puertas de las tiendas","description":"\u00bfQuieres vivir el mercado de otra manera? \u00bfTe interesa hacer un tour nocturno de grafitis diferente? \u00bfTe apetece conocer las historias del mercado a trav\u00e9s de los personajes m\u00edticos que aparecen en las puertas de las tiendas?","robots":{"index":"index","follow":"follow","max-snippet":"max-snippet:-1","max-image-preview":"max-image-preview:large","max-video-preview":"max-video-preview:-1"},"canonical":"https:\/\/goguided.tours\/es\/goto\/recorrido-nocturno-por-los-grafitis-de-machane-yehuda\/","og_locale":"es_ES","og_type":"article","og_title":"\u05e1\u05d9\u05d5\u05e8 \u05d2\u05e8\u05e4\u05d9\u05d8\u05d9 \u05dc\u05d9\u05dc\u05d9 \u05d1\u05e9\u05d5\u05e7 \u05de\u05d7\u05e0\u05d4 \u05d9\u05d4\u05d5\u05d3\u05d4 | \u05d4\u05d3\u05de\u05d5\u05d9\u05d5\u05ea \u05d4\u05de\u05d9\u05ea\u05d5\u05dc\u05d5\u05d2\u05d9\u05d5\u05ea \u05e2\u05dc \u05d3\u05dc\u05ea\u05d5\u05ea \u05d4\u05d7\u05e0\u05d5\u05d9\u05d5\u05ea","og_description":"\u05e8\u05d5\u05e6\u05d9\u05dd \u05dc\u05d7\u05d5\u05d5\u05ea \u05d0\u05ea \u05d4\u05e9\u05d5\u05e7 \u05d0\u05d7\u05e8\u05ea? \u05de\u05e2\u05e0\u05d9\u05d9\u05df \u05d0\u05ea\u05db\u05dd \u05dc\u05d7\u05d5\u05d5\u05ea \u05e1\u05d9\u05d5\u05e8 \u05d2\u05e8\u05e4\u05d9\u05d8\u05d9 \u05dc\u05d9\u05dc\u05d9 \u05d5\u05dc\u05d0 \u05e9\u05d2\u05e8\u05ea\u05d9? \u05d1\u05d0 \u05dc\u05db\u05dd \u05dc\u05d4\u05db\u05d9\u05e8 \u05d0\u05ea \u05e1\u05d9\u05e4\u05d5\u05e8\u05d9 \u05d4\u05e9\u05d5\u05e7 \u05d3\u05e8\u05da \u05d4\u05d3\u05de\u05d5\u05d9\u05d5\u05ea \u05d4\u05de\u05d9\u05ea\u05d5\u05dc\u05d5\u05d2\u05d9\u05d5\u05ea \u05e9\u05dc\u05d5 \u05e2\u05dc \u05d3\u05dc\u05ea\u05d5\u05ea \u05d4\u05d7\u05e0\u05d5\u05d9\u05d5\u05ea?","og_url":"https:\/\/goguided.tours\/es\/goto\/recorrido-nocturno-por-los-grafitis-de-machane-yehuda\/","og_site_name":"Go Guided","article_publisher":"https:\/\/www.facebook.com\/profile.php?id=61556958375391","article_modified_time":"2026-04-06T17:02:53+00:00","og_image":[{"width":845,"height":633,"url":"https:\/\/goguided.tours\/wp-content\/uploads\/2025\/05\/night-graffiti-tour-at-mahane-yehuda-market-5.jpg","type":"image\/jpeg"}],"twitter_card":"summary_large_image","twitter_misc":{"Tiempo de lectura":"1 minuto"},"schema":{"@context":"https:\/\/schema.org","@graph":[{"@type":"WebPage","@id":"https:\/\/goguided.tours\/goto\/machane-yehuda-night-graffiti-tour\/","url":"https:\/\/goguided.tours\/goto\/machane-yehuda-night-graffiti-tour\/","name":"Recorrido nocturno por el grafitis del mercado de Mahane Yehuda | Los personajes m\u00edticos en las puertas de las tiendas","isPartOf":{"@id":"https:\/\/goguided.tours\/#website"},"primaryImageOfPage":{"@id":"https:\/\/goguided.tours\/goto\/machane-yehuda-night-graffiti-tour\/#primaryimage"},"image":{"@id":"https:\/\/goguided.tours\/goto\/machane-yehuda-night-graffiti-tour\/#primaryimage"},"thumbnailUrl":"https:\/\/goguided.tours\/wp-content\/uploads\/2025\/05\/night-graffiti-tour-at-mahane-yehuda-market-.jpg","datePublished":"2025-05-25T10:34:16+00:00","dateModified":"2026-04-06T17:02:53+00:00","description":"\u00bfQuieres vivir el mercado de otra manera? \u00bfTe interesa hacer un tour nocturno de grafitis diferente? \u00bfTe apetece conocer las historias del mercado a trav\u00e9s de los personajes m\u00edticos que aparecen en las puertas de las tiendas?","breadcrumb":{"@id":"https:\/\/goguided.tours\/goto\/machane-yehuda-night-graffiti-tour\/#breadcrumb"},"inLanguage":"es","potentialAction":[{"@type":"ReadAction","target":["https:\/\/goguided.tours\/goto\/machane-yehuda-night-graffiti-tour\/"]}]},{"@type":"ImageObject","inLanguage":"es","@id":"https:\/\/goguided.tours\/goto\/machane-yehuda-night-graffiti-tour\/#primaryimage","url":"https:\/\/goguided.tours\/wp-content\/uploads\/2025\/05\/night-graffiti-tour-at-mahane-yehuda-market-.jpg","contentUrl":"https:\/\/goguided.tours\/wp-content\/uploads\/2025\/05\/night-graffiti-tour-at-mahane-yehuda-market-.jpg","width":529,"height":706,"caption":"\u05d4\u05e4\u05e0\u05d9\u05dd \u05e9\u05dc \u05d4\u05e9\u05d5\u05e7: \u05e1\u05d9\u05d5\u05e8 \u05d2\u05e8\u05e4\u05d9\u05d8\u05d9 \u05dc\u05d9\u05dc\u05d9 \u05d1\u05e9\u05d5\u05e7 \u05de\u05d7\u05e0\u05d4 \u05d9\u05d4\u05d5\u05d3\u05d4"},{"@type":"BreadcrumbList","@id":"https:\/\/goguided.tours\/goto\/machane-yehuda-night-graffiti-tour\/#breadcrumb","itemListElement":[{"@type":"ListItem","position":1,"name":"\u05d3\u05e3 \u05d4\u05d1\u05d9\u05ea","item":"https:\/\/goguided.tours\/"},{"@type":"ListItem","position":2,"name":"\u05db\u05dc \u05d4\u05e4\u05e2\u05d9\u05dc\u05d5\u05d9\u05d5\u05ea","item":"https:\/\/goguided.tours\/shop\/"},{"@type":"ListItem","position":3,"name":"\u05e1\u05d9\u05d5\u05e8 \u05d2\u05e8\u05e4\u05d9\u05d8\u05d9 \u05dc\u05d9\u05dc\u05d9 \u05d1\u05e9\u05d5\u05e7 \u05de\u05d7\u05e0\u05d4 \u05d9\u05d4\u05d5\u05d3\u05d4 | \u05d4\u05d3\u05de\u05d5\u05d9\u05d5\u05ea \u05d4\u05de\u05d9\u05ea\u05d5\u05dc\u05d5\u05d2\u05d9\u05d5\u05ea \u05e2\u05dc \u05d3\u05dc\u05ea\u05d5\u05ea \u05d4\u05d7\u05e0\u05d5\u05d9\u05d5\u05ea"}]},{"@type":"WebSite","@id":"https:\/\/goguided.tours\/#website","url":"https:\/\/goguided.tours\/","name":"Gu\u00eda Go","description":"","publisher":{"@id":"https:\/\/goguided.tours\/#organization"},"potentialAction":[{"@type":"SearchAction","target":{"@type":"EntryPoint","urlTemplate":"https:\/\/goguided.tours\/?s={search_term_string}"},"query-input":{"@type":"PropertyValueSpecification","valueRequired":true,"valueName":"search_term_string"}}],"inLanguage":"es"},{"@type":"Organization","@id":"https:\/\/goguided.tours\/#organization","name":"GoGuided","url":"https:\/\/goguided.tours\/","logo":{"@type":"ImageObject","inLanguage":"es","@id":"https:\/\/goguided.tours\/#\/schema\/logo\/image\/","url":"https:\/\/goguided.tours\/wp-content\/uploads\/2025\/05\/cropped-logo-guided.jpg","contentUrl":"https:\/\/goguided.tours\/wp-content\/uploads\/2025\/05\/cropped-logo-guided.jpg","width":500,"height":143,"caption":"GoGuided"},"image":{"@id":"https:\/\/goguided.tours\/#\/schema\/logo\/image\/"},"sameAs":["https:\/\/www.facebook.com\/profile.php?id=61556958375391","http:\/\/www.youtube.com\/@Guided-Tours","https:\/\/www.instagram.com\/goguided.he\/","https:\/\/www.tiktok.com\/@goguided.he"]}]}},"_links":{"self":[{"href":"https:\/\/goguided.tours\/es\/wp-json\/wp\/v2\/product\/13107","targetHints":{"allow":["GET"]}}],"collection":[{"href":"https:\/\/goguided.tours\/es\/wp-json\/wp\/v2\/product"}],"about":[{"href":"https:\/\/goguided.tours\/es\/wp-json\/wp\/v2\/types\/product"}],"author":[{"embeddable":true,"href":"https:\/\/goguided.tours\/es\/wp-json\/wp\/v2\/users\/8"}],"version-history":[{"count":6,"href":"https:\/\/goguided.tours\/es\/wp-json\/wp\/v2\/product\/13107\/revisions"}],"predecessor-version":[{"id":21001,"href":"https:\/\/goguided.tours\/es\/wp-json\/wp\/v2\/product\/13107\/revisions\/21001"}],"wp:featuredmedia":[{"embeddable":true,"href":"https:\/\/goguided.tours\/es\/wp-json\/wp\/v2\/media\/13122"}],"wp:attachment":[{"href":"https:\/\/goguided.tours\/es\/wp-json\/wp\/v2\/media?parent=13107"}],"wp:term":[{"taxonomy":"tour_area","embeddable":true,"href":"https:\/\/goguided.tours\/es\/wp-json\/wp\/v2\/tour_area?post=13107"},{"taxonomy":"tour_days","embeddable":true,"href":"https:\/\/goguided.tours\/es\/wp-json\/wp\/v2\/tour_days?post=13107"},{"taxonomy":"goto_type","embeddable":true,"href":"https:\/\/goguided.tours\/es\/wp-json\/wp\/v2\/goto_type?post=13107"},{"taxonomy":"tour_type","embeddable":true,"href":"https:\/\/goguided.tours\/es\/wp-json\/wp\/v2\/tour_type?post=13107"},{"taxonomy":"supported-language","embeddable":true,"href":"https:\/\/goguided.tours\/es\/wp-json\/wp\/v2\/supported-language?post=13107"},{"taxonomy":"product_cat","embeddable":true,"href":"https:\/\/goguided.tours\/es\/wp-json\/wp\/v2\/product_cat?post=13107"},{"taxonomy":"product_tag","embeddable":true,"href":"https:\/\/goguided.tours\/es\/wp-json\/wp\/v2\/product_tag?post=13107"},{"taxonomy":"activity_combo","embeddable":true,"href":"https:\/\/goguided.tours\/es\/wp-json\/wp\/v2\/activity_combo?post=13107"}],"curies":[{"name":"wp","href":"https:\/\/api.w.org\/{rel}","templated":true}]}}