{"id":16413,"date":"2025-10-23T16:01:40","date_gmt":"2025-10-23T13:01:40","guid":{"rendered":"https:\/\/goguided.tours\/?post_type=product&#038;p=16413"},"modified":"2026-02-19T10:55:56","modified_gmt":"2026-02-19T08:55:56","slug":"vacaciones-en-grecia-con-shimon-parnes-carnaval-de-patras","status":"publish","type":"product","link":"https:\/\/goguided.tours\/es\/goto\/greek-vacation-with-shimon-parnes-patras-carnival\/","title":{"rendered":"\u00a1Unas vacaciones m\u00e1gicas en Grecia con Shimon Parnas en el Carnaval de Patras 2026!"},"excerpt":{"rendered":"","protected":false},"author":12,"featured_media":16415,"template":"","meta":{"_acf_changed":false,"_wp_rev_ctl_limit":""},"tour_area":[],"tour_days":[],"goto_type":[119],"tour_type":[],"supported-language":[67],"product_cat":[15],"product_tag":[],"activity_combo":[156],"class_list":{"0":"post-16413","1":"product","2":"type-product","3":"status-publish","4":"has-post-thumbnail","6":"goto_type-tours","7":"supported-language-hebrew","8":"product_cat-uncategorized","9":"activity_combo-uncategorized","11":"first","12":"instock","13":"shipping-taxable","14":"purchasable","15":"product-type-simple"},"acf":[],"yoast_head":"<!-- This site is optimized with the Yoast SEO plugin v27.4 - https:\/\/yoast.com\/product\/yoast-seo-wordpress\/ -->\n<title>\u05d7\u05d5\u05e4\u05e9\u05d4 \u05d9\u05d5\u05d5\u05e0\u05d9\u05ea \u05e7\u05e1\u05d5\u05de\u05d4 \u05e2\u05dd \u05e9\u05de\u05e2\u05d5\u05df \u05e4\u05e8\u05e0\u05e1 \u05d1\u05e7\u05e8\u05e0\u05d1\u05dc \u05e4\u05d8\u05e8\u05e1 2026! | \u05e9\u05d1\u05d5\u05e2 \u05e9\u05dc \u05d7\u05d2\u05d9\u05d2\u05d5\u05ea!<\/title>\n<meta name=\"description\" content=\"\u05e9\u05d1\u05d5\u05e2 \u05e9\u05dc \u05e7\u05e8\u05e0\u05d1\u05dc, \u05de\u05d5\u05d6\u05d9\u05e7\u05d4, \u05d0\u05d5\u05db\u05dc \u05d5\u05d7\u05d2\u05d9\u05d2\u05d5\u05ea \u2014 \u05d1\u05e2\u05d9\u05e8 \u05e4\u05d8\u05e8\u05e1 \u05e9\u05d1\u05e4\u05dc\u05d5\u05e4\u05d5\u05e0\u05e1, \u05d1\u05d6\u05de\u05df \u05d4\u05e7\u05e8\u05e0\u05d1\u05dc \u05d4\u05d2\u05d3\u05d5\u05dc \u05d1\u05d9\u05d5\u05ea\u05e8 \u05d1\u05d9\u05d5\u05d5\u05df! 18\u201323 \u05d1\u05e4\u05d1\u05e8\u05d5\u05d0\u05e8 2026 (\u05e8\u05d1\u05d9\u05e2\u05d9 \u05e2\u05d3 \u05e9\u05e0\u05d9). \u05d4\u05e8\u05e4\u05ea\u05e7\u05d4 \u05d9\u05d5\u05d5\u05e0\u05d9\u05ea \u05d7\u05d3\u05be\u05e4\u05e2\u05de\u05d9\u05ea.\" \/>\n<meta name=\"robots\" content=\"index, follow, max-snippet:-1, max-image-preview:large, max-video-preview:-1\" \/>\n<link rel=\"canonical\" href=\"https:\/\/goguided.tours\/es\/goto\/vacaciones-en-grecia-con-shimon-parnes-carnaval-de-patras\/\" \/>\n<meta property=\"og:locale\" content=\"es_ES\" \/>\n<meta property=\"og:type\" content=\"article\" \/>\n<meta property=\"og:title\" content=\"\u05d7\u05d5\u05e4\u05e9\u05d4 \u05d9\u05d5\u05d5\u05e0\u05d9\u05ea \u05e7\u05e1\u05d5\u05de\u05d4 \u05e2\u05dd \u05e9\u05de\u05e2\u05d5\u05df \u05e4\u05e8\u05e0\u05e1 \u05d1\u05e7\u05e8\u05e0\u05d1\u05dc \u05e4\u05d8\u05e8\u05e1 2026! | \u05e9\u05d1\u05d5\u05e2 \u05e9\u05dc \u05d7\u05d2\u05d9\u05d2\u05d5\u05ea!\" \/>\n<meta property=\"og:description\" content=\"\u05e9\u05d1\u05d5\u05e2 \u05e9\u05dc \u05e7\u05e8\u05e0\u05d1\u05dc, \u05de\u05d5\u05d6\u05d9\u05e7\u05d4, \u05d0\u05d5\u05db\u05dc \u05d5\u05d7\u05d2\u05d9\u05d2\u05d5\u05ea \u2014 \u05d1\u05e2\u05d9\u05e8 \u05e4\u05d8\u05e8\u05e1 \u05e9\u05d1\u05e4\u05dc\u05d5\u05e4\u05d5\u05e0\u05e1, \u05d1\u05d6\u05de\u05df \u05d4\u05e7\u05e8\u05e0\u05d1\u05dc \u05d4\u05d2\u05d3\u05d5\u05dc \u05d1\u05d9\u05d5\u05ea\u05e8 \u05d1\u05d9\u05d5\u05d5\u05df! 18\u201323 \u05d1\u05e4\u05d1\u05e8\u05d5\u05d0\u05e8 2026 (\u05e8\u05d1\u05d9\u05e2\u05d9 \u05e2\u05d3 \u05e9\u05e0\u05d9). \u05d4\u05e8\u05e4\u05ea\u05e7\u05d4 \u05d9\u05d5\u05d5\u05e0\u05d9\u05ea \u05d7\u05d3\u05be\u05e4\u05e2\u05de\u05d9\u05ea.\" \/>\n<meta property=\"og:url\" content=\"https:\/\/goguided.tours\/es\/goto\/vacaciones-en-grecia-con-shimon-parnes-carnaval-de-patras\/\" \/>\n<meta property=\"og:site_name\" content=\"Go Guided\" \/>\n<meta property=\"article:publisher\" content=\"https:\/\/www.facebook.com\/profile.php?id=61556958375391\" \/>\n<meta property=\"article:modified_time\" content=\"2026-02-19T08:55:56+00:00\" \/>\n<meta property=\"og:image\" content=\"https:\/\/goguided.tours\/wp-content\/uploads\/2025\/10\/\u05e7\u05e8\u05e0\u05d1\u05dc-\u05e4\u05d8\u05e8\u05e1-2026.png\" \/>\n\t<meta property=\"og:image:width\" content=\"536\" \/>\n\t<meta property=\"og:image:height\" content=\"524\" \/>\n\t<meta property=\"og:image:type\" content=\"image\/png\" \/>\n<meta name=\"twitter:card\" content=\"summary_large_image\" \/>\n<meta name=\"twitter:label1\" content=\"Tiempo de lectura\" \/>\n\t<meta name=\"twitter:data1\" content=\"1 minuto\" \/>\n<script type=\"application\/ld+json\" class=\"yoast-schema-graph\">{\"@context\":\"https:\\\/\\\/schema.org\",\"@graph\":[{\"@type\":\"WebPage\",\"@id\":\"https:\\\/\\\/goguided.tours\\\/goto\\\/greek-vacation-with-shimon-parnes-patras-carnival\\\/\",\"url\":\"https:\\\/\\\/goguided.tours\\\/goto\\\/greek-vacation-with-shimon-parnes-patras-carnival\\\/\",\"name\":\"\u05d7\u05d5\u05e4\u05e9\u05d4 \u05d9\u05d5\u05d5\u05e0\u05d9\u05ea \u05e7\u05e1\u05d5\u05de\u05d4 \u05e2\u05dd \u05e9\u05de\u05e2\u05d5\u05df \u05e4\u05e8\u05e0\u05e1 \u05d1\u05e7\u05e8\u05e0\u05d1\u05dc \u05e4\u05d8\u05e8\u05e1 2026! | \u05e9\u05d1\u05d5\u05e2 \u05e9\u05dc \u05d7\u05d2\u05d9\u05d2\u05d5\u05ea!\",\"isPartOf\":{\"@id\":\"https:\\\/\\\/goguided.tours\\\/#website\"},\"primaryImageOfPage\":{\"@id\":\"https:\\\/\\\/goguided.tours\\\/goto\\\/greek-vacation-with-shimon-parnes-patras-carnival\\\/#primaryimage\"},\"image\":{\"@id\":\"https:\\\/\\\/goguided.tours\\\/goto\\\/greek-vacation-with-shimon-parnes-patras-carnival\\\/#primaryimage\"},\"thumbnailUrl\":\"https:\\\/\\\/goguided.tours\\\/wp-content\\\/uploads\\\/2025\\\/10\\\/WhatsApp-Image-2025-10-23-at-08.33.41-1.jpeg\",\"datePublished\":\"2025-10-23T13:01:40+00:00\",\"dateModified\":\"2026-02-19T08:55:56+00:00\",\"description\":\"\u05e9\u05d1\u05d5\u05e2 \u05e9\u05dc \u05e7\u05e8\u05e0\u05d1\u05dc, \u05de\u05d5\u05d6\u05d9\u05e7\u05d4, \u05d0\u05d5\u05db\u05dc \u05d5\u05d7\u05d2\u05d9\u05d2\u05d5\u05ea \u2014 \u05d1\u05e2\u05d9\u05e8 \u05e4\u05d8\u05e8\u05e1 \u05e9\u05d1\u05e4\u05dc\u05d5\u05e4\u05d5\u05e0\u05e1, \u05d1\u05d6\u05de\u05df \u05d4\u05e7\u05e8\u05e0\u05d1\u05dc \u05d4\u05d2\u05d3\u05d5\u05dc \u05d1\u05d9\u05d5\u05ea\u05e8 \u05d1\u05d9\u05d5\u05d5\u05df! 18\u201323 \u05d1\u05e4\u05d1\u05e8\u05d5\u05d0\u05e8 2026 (\u05e8\u05d1\u05d9\u05e2\u05d9 \u05e2\u05d3 \u05e9\u05e0\u05d9). \u05d4\u05e8\u05e4\u05ea\u05e7\u05d4 \u05d9\u05d5\u05d5\u05e0\u05d9\u05ea \u05d7\u05d3\u05be\u05e4\u05e2\u05de\u05d9\u05ea.\",\"breadcrumb\":{\"@id\":\"https:\\\/\\\/goguided.tours\\\/goto\\\/greek-vacation-with-shimon-parnes-patras-carnival\\\/#breadcrumb\"},\"inLanguage\":\"es\",\"potentialAction\":[{\"@type\":\"ReadAction\",\"target\":[\"https:\\\/\\\/goguided.tours\\\/goto\\\/greek-vacation-with-shimon-parnes-patras-carnival\\\/\"]}]},{\"@type\":\"ImageObject\",\"inLanguage\":\"es\",\"@id\":\"https:\\\/\\\/goguided.tours\\\/goto\\\/greek-vacation-with-shimon-parnes-patras-carnival\\\/#primaryimage\",\"url\":\"https:\\\/\\\/goguided.tours\\\/wp-content\\\/uploads\\\/2025\\\/10\\\/WhatsApp-Image-2025-10-23-at-08.33.41-1.jpeg\",\"contentUrl\":\"https:\\\/\\\/goguided.tours\\\/wp-content\\\/uploads\\\/2025\\\/10\\\/WhatsApp-Image-2025-10-23-at-08.33.41-1.jpeg\",\"width\":747,\"height\":1600,\"caption\":\"\u05d7\u05d5\u05e4\u05e9\u05d4 \u05d9\u05d5\u05d5\u05e0\u05d9\u05ea \u05e7\u05e1\u05d5\u05de\u05d4 \u05e2\u05dd \u05e9\u05de\u05e2\u05d5\u05df \u05e4\u05e8\u05e0\u05e1 \u05d1\u05e7\u05e8\u05e0\u05d1\u05dc \u05e4\u05d8\u05e8\u05e1 2026!\"},{\"@type\":\"BreadcrumbList\",\"@id\":\"https:\\\/\\\/goguided.tours\\\/goto\\\/greek-vacation-with-shimon-parnes-patras-carnival\\\/#breadcrumb\",\"itemListElement\":[{\"@type\":\"ListItem\",\"position\":1,\"name\":\"\u05d3\u05e3 \u05d4\u05d1\u05d9\u05ea\",\"item\":\"https:\\\/\\\/goguided.tours\\\/\"},{\"@type\":\"ListItem\",\"position\":2,\"name\":\"\u05db\u05dc \u05d4\u05e4\u05e2\u05d9\u05dc\u05d5\u05d9\u05d5\u05ea\",\"item\":\"https:\\\/\\\/goguided.tours\\\/shop\\\/\"},{\"@type\":\"ListItem\",\"position\":3,\"name\":\"\u05d7\u05d5\u05e4\u05e9\u05d4 \u05d9\u05d5\u05d5\u05e0\u05d9\u05ea \u05e7\u05e1\u05d5\u05de\u05d4 \u05e2\u05dd \u05e9\u05de\u05e2\u05d5\u05df \u05e4\u05e8\u05e0\u05e1 \u05d1\u05e7\u05e8\u05e0\u05d1\u05dc \u05e4\u05d8\u05e8\u05e1 2026!\"}]},{\"@type\":\"WebSite\",\"@id\":\"https:\\\/\\\/goguided.tours\\\/#website\",\"url\":\"https:\\\/\\\/goguided.tours\\\/\",\"name\":\"Go Guided\",\"description\":\"\",\"publisher\":{\"@id\":\"https:\\\/\\\/goguided.tours\\\/#organization\"},\"potentialAction\":[{\"@type\":\"SearchAction\",\"target\":{\"@type\":\"EntryPoint\",\"urlTemplate\":\"https:\\\/\\\/goguided.tours\\\/?s={search_term_string}\"},\"query-input\":{\"@type\":\"PropertyValueSpecification\",\"valueRequired\":true,\"valueName\":\"search_term_string\"}}],\"inLanguage\":\"es\"},{\"@type\":\"Organization\",\"@id\":\"https:\\\/\\\/goguided.tours\\\/#organization\",\"name\":\"GoGuided\",\"url\":\"https:\\\/\\\/goguided.tours\\\/\",\"logo\":{\"@type\":\"ImageObject\",\"inLanguage\":\"es\",\"@id\":\"https:\\\/\\\/goguided.tours\\\/#\\\/schema\\\/logo\\\/image\\\/\",\"url\":\"https:\\\/\\\/goguided.tours\\\/wp-content\\\/uploads\\\/2025\\\/05\\\/cropped-logo-guided.jpg\",\"contentUrl\":\"https:\\\/\\\/goguided.tours\\\/wp-content\\\/uploads\\\/2025\\\/05\\\/cropped-logo-guided.jpg\",\"width\":500,\"height\":143,\"caption\":\"GoGuided\"},\"image\":{\"@id\":\"https:\\\/\\\/goguided.tours\\\/#\\\/schema\\\/logo\\\/image\\\/\"},\"sameAs\":[\"https:\\\/\\\/www.facebook.com\\\/profile.php?id=61556958375391\",\"http:\\\/\\\/www.youtube.com\\\/@Guided-Tours\",\"https:\\\/\\\/www.instagram.com\\\/goguided.he\\\/\",\"https:\\\/\\\/www.tiktok.com\\\/@goguided.he\"]}]}<\/script>\n<!-- \/ Yoast SEO plugin. -->","yoast_head_json":{"title":"\u00a1Unas vacaciones m\u00e1gicas en Grecia con Shimon Peres en el Carnaval de Patras 2026! | \u00a1Una semana de celebraciones!","description":"Una semana de carnaval, m\u00fasica, gastronom\u00eda y celebraciones en la ciudad de Patras, en el Peloponeso, \u00a1durante el carnaval m\u00e1s grande de Grecia! Del 18 al 23 de febrero de 2026 (de mi\u00e9rcoles a lunes). Una aventura griega \u00fanica.","robots":{"index":"index","follow":"follow","max-snippet":"max-snippet:-1","max-image-preview":"max-image-preview:large","max-video-preview":"max-video-preview:-1"},"canonical":"https:\/\/goguided.tours\/es\/goto\/vacaciones-en-grecia-con-shimon-parnes-carnaval-de-patras\/","og_locale":"es_ES","og_type":"article","og_title":"\u05d7\u05d5\u05e4\u05e9\u05d4 \u05d9\u05d5\u05d5\u05e0\u05d9\u05ea \u05e7\u05e1\u05d5\u05de\u05d4 \u05e2\u05dd \u05e9\u05de\u05e2\u05d5\u05df \u05e4\u05e8\u05e0\u05e1 \u05d1\u05e7\u05e8\u05e0\u05d1\u05dc \u05e4\u05d8\u05e8\u05e1 2026! | \u05e9\u05d1\u05d5\u05e2 \u05e9\u05dc \u05d7\u05d2\u05d9\u05d2\u05d5\u05ea!","og_description":"\u05e9\u05d1\u05d5\u05e2 \u05e9\u05dc \u05e7\u05e8\u05e0\u05d1\u05dc, \u05de\u05d5\u05d6\u05d9\u05e7\u05d4, \u05d0\u05d5\u05db\u05dc \u05d5\u05d7\u05d2\u05d9\u05d2\u05d5\u05ea \u2014 \u05d1\u05e2\u05d9\u05e8 \u05e4\u05d8\u05e8\u05e1 \u05e9\u05d1\u05e4\u05dc\u05d5\u05e4\u05d5\u05e0\u05e1, \u05d1\u05d6\u05de\u05df \u05d4\u05e7\u05e8\u05e0\u05d1\u05dc \u05d4\u05d2\u05d3\u05d5\u05dc \u05d1\u05d9\u05d5\u05ea\u05e8 \u05d1\u05d9\u05d5\u05d5\u05df! 18\u201323 \u05d1\u05e4\u05d1\u05e8\u05d5\u05d0\u05e8 2026 (\u05e8\u05d1\u05d9\u05e2\u05d9 \u05e2\u05d3 \u05e9\u05e0\u05d9). \u05d4\u05e8\u05e4\u05ea\u05e7\u05d4 \u05d9\u05d5\u05d5\u05e0\u05d9\u05ea \u05d7\u05d3\u05be\u05e4\u05e2\u05de\u05d9\u05ea.","og_url":"https:\/\/goguided.tours\/es\/goto\/vacaciones-en-grecia-con-shimon-parnes-carnaval-de-patras\/","og_site_name":"Go Guided","article_publisher":"https:\/\/www.facebook.com\/profile.php?id=61556958375391","article_modified_time":"2026-02-19T08:55:56+00:00","og_image":[{"width":536,"height":524,"url":"https:\/\/goguided.tours\/wp-content\/uploads\/2025\/10\/\u05e7\u05e8\u05e0\u05d1\u05dc-\u05e4\u05d8\u05e8\u05e1-2026.png","type":"image\/png"}],"twitter_card":"summary_large_image","twitter_misc":{"Tiempo de lectura":"1 minuto"},"schema":{"@context":"https:\/\/schema.org","@graph":[{"@type":"WebPage","@id":"https:\/\/goguided.tours\/goto\/greek-vacation-with-shimon-parnes-patras-carnival\/","url":"https:\/\/goguided.tours\/goto\/greek-vacation-with-shimon-parnes-patras-carnival\/","name":"\u00a1Unas vacaciones m\u00e1gicas en Grecia con Shimon Peres en el Carnaval de Patras 2026! | \u00a1Una semana de celebraciones!","isPartOf":{"@id":"https:\/\/goguided.tours\/#website"},"primaryImageOfPage":{"@id":"https:\/\/goguided.tours\/goto\/greek-vacation-with-shimon-parnes-patras-carnival\/#primaryimage"},"image":{"@id":"https:\/\/goguided.tours\/goto\/greek-vacation-with-shimon-parnes-patras-carnival\/#primaryimage"},"thumbnailUrl":"https:\/\/goguided.tours\/wp-content\/uploads\/2025\/10\/WhatsApp-Image-2025-10-23-at-08.33.41-1.jpeg","datePublished":"2025-10-23T13:01:40+00:00","dateModified":"2026-02-19T08:55:56+00:00","description":"Una semana de carnaval, m\u00fasica, gastronom\u00eda y celebraciones en la ciudad de Patras, en el Peloponeso, \u00a1durante el carnaval m\u00e1s grande de Grecia! Del 18 al 23 de febrero de 2026 (de mi\u00e9rcoles a lunes). Una aventura griega \u00fanica.","breadcrumb":{"@id":"https:\/\/goguided.tours\/goto\/greek-vacation-with-shimon-parnes-patras-carnival\/#breadcrumb"},"inLanguage":"es","potentialAction":[{"@type":"ReadAction","target":["https:\/\/goguided.tours\/goto\/greek-vacation-with-shimon-parnes-patras-carnival\/"]}]},{"@type":"ImageObject","inLanguage":"es","@id":"https:\/\/goguided.tours\/goto\/greek-vacation-with-shimon-parnes-patras-carnival\/#primaryimage","url":"https:\/\/goguided.tours\/wp-content\/uploads\/2025\/10\/WhatsApp-Image-2025-10-23-at-08.33.41-1.jpeg","contentUrl":"https:\/\/goguided.tours\/wp-content\/uploads\/2025\/10\/WhatsApp-Image-2025-10-23-at-08.33.41-1.jpeg","width":747,"height":1600,"caption":"\u05d7\u05d5\u05e4\u05e9\u05d4 \u05d9\u05d5\u05d5\u05e0\u05d9\u05ea \u05e7\u05e1\u05d5\u05de\u05d4 \u05e2\u05dd \u05e9\u05de\u05e2\u05d5\u05df \u05e4\u05e8\u05e0\u05e1 \u05d1\u05e7\u05e8\u05e0\u05d1\u05dc \u05e4\u05d8\u05e8\u05e1 2026!"},{"@type":"BreadcrumbList","@id":"https:\/\/goguided.tours\/goto\/greek-vacation-with-shimon-parnes-patras-carnival\/#breadcrumb","itemListElement":[{"@type":"ListItem","position":1,"name":"\u05d3\u05e3 \u05d4\u05d1\u05d9\u05ea","item":"https:\/\/goguided.tours\/"},{"@type":"ListItem","position":2,"name":"\u05db\u05dc \u05d4\u05e4\u05e2\u05d9\u05dc\u05d5\u05d9\u05d5\u05ea","item":"https:\/\/goguided.tours\/shop\/"},{"@type":"ListItem","position":3,"name":"\u05d7\u05d5\u05e4\u05e9\u05d4 \u05d9\u05d5\u05d5\u05e0\u05d9\u05ea \u05e7\u05e1\u05d5\u05de\u05d4 \u05e2\u05dd \u05e9\u05de\u05e2\u05d5\u05df \u05e4\u05e8\u05e0\u05e1 \u05d1\u05e7\u05e8\u05e0\u05d1\u05dc \u05e4\u05d8\u05e8\u05e1 2026!"}]},{"@type":"WebSite","@id":"https:\/\/goguided.tours\/#website","url":"https:\/\/goguided.tours\/","name":"Gu\u00eda Go","description":"","publisher":{"@id":"https:\/\/goguided.tours\/#organization"},"potentialAction":[{"@type":"SearchAction","target":{"@type":"EntryPoint","urlTemplate":"https:\/\/goguided.tours\/?s={search_term_string}"},"query-input":{"@type":"PropertyValueSpecification","valueRequired":true,"valueName":"search_term_string"}}],"inLanguage":"es"},{"@type":"Organization","@id":"https:\/\/goguided.tours\/#organization","name":"GoGuided","url":"https:\/\/goguided.tours\/","logo":{"@type":"ImageObject","inLanguage":"es","@id":"https:\/\/goguided.tours\/#\/schema\/logo\/image\/","url":"https:\/\/goguided.tours\/wp-content\/uploads\/2025\/05\/cropped-logo-guided.jpg","contentUrl":"https:\/\/goguided.tours\/wp-content\/uploads\/2025\/05\/cropped-logo-guided.jpg","width":500,"height":143,"caption":"GoGuided"},"image":{"@id":"https:\/\/goguided.tours\/#\/schema\/logo\/image\/"},"sameAs":["https:\/\/www.facebook.com\/profile.php?id=61556958375391","http:\/\/www.youtube.com\/@Guided-Tours","https:\/\/www.instagram.com\/goguided.he\/","https:\/\/www.tiktok.com\/@goguided.he"]}]}},"_links":{"self":[{"href":"https:\/\/goguided.tours\/es\/wp-json\/wp\/v2\/product\/16413","targetHints":{"allow":["GET"]}}],"collection":[{"href":"https:\/\/goguided.tours\/es\/wp-json\/wp\/v2\/product"}],"about":[{"href":"https:\/\/goguided.tours\/es\/wp-json\/wp\/v2\/types\/product"}],"author":[{"embeddable":true,"href":"https:\/\/goguided.tours\/es\/wp-json\/wp\/v2\/users\/12"}],"version-history":[{"count":22,"href":"https:\/\/goguided.tours\/es\/wp-json\/wp\/v2\/product\/16413\/revisions"}],"predecessor-version":[{"id":18470,"href":"https:\/\/goguided.tours\/es\/wp-json\/wp\/v2\/product\/16413\/revisions\/18470"}],"wp:featuredmedia":[{"embeddable":true,"href":"https:\/\/goguided.tours\/es\/wp-json\/wp\/v2\/media\/16415"}],"wp:attachment":[{"href":"https:\/\/goguided.tours\/es\/wp-json\/wp\/v2\/media?parent=16413"}],"wp:term":[{"taxonomy":"tour_area","embeddable":true,"href":"https:\/\/goguided.tours\/es\/wp-json\/wp\/v2\/tour_area?post=16413"},{"taxonomy":"tour_days","embeddable":true,"href":"https:\/\/goguided.tours\/es\/wp-json\/wp\/v2\/tour_days?post=16413"},{"taxonomy":"goto_type","embeddable":true,"href":"https:\/\/goguided.tours\/es\/wp-json\/wp\/v2\/goto_type?post=16413"},{"taxonomy":"tour_type","embeddable":true,"href":"https:\/\/goguided.tours\/es\/wp-json\/wp\/v2\/tour_type?post=16413"},{"taxonomy":"supported-language","embeddable":true,"href":"https:\/\/goguided.tours\/es\/wp-json\/wp\/v2\/supported-language?post=16413"},{"taxonomy":"product_cat","embeddable":true,"href":"https:\/\/goguided.tours\/es\/wp-json\/wp\/v2\/product_cat?post=16413"},{"taxonomy":"product_tag","embeddable":true,"href":"https:\/\/goguided.tours\/es\/wp-json\/wp\/v2\/product_tag?post=16413"},{"taxonomy":"activity_combo","embeddable":true,"href":"https:\/\/goguided.tours\/es\/wp-json\/wp\/v2\/activity_combo?post=16413"}],"curies":[{"name":"wp","href":"https:\/\/api.w.org\/{rel}","templated":true}]}}