{"id":16583,"date":"2025-10-29T11:33:55","date_gmt":"2025-10-29T09:33:55","guid":{"rendered":"https:\/\/goguided.tours\/?post_type=product&#038;p=16583"},"modified":"2025-11-29T20:08:20","modified_gmt":"2025-11-29T18:08:20","slug":"recorrido-gastronomico-por-el-mercadillo-de-jaffa-durante-todo-el-dia","status":"publish","type":"product","link":"https:\/\/goguided.tours\/es\/goto\/around-the-clock-in-jaffa-tasting-tour-in-the-flea-market\/","title":{"rendered":"Recorrido gastron\u00f3mico por Jaffa las 24 horas: Visita degustativa al complejo del mercado de pulgas"},"excerpt":{"rendered":"","protected":false},"author":22,"featured_media":16587,"template":"","meta":{"_acf_changed":false,"_wp_rev_ctl_limit":""},"tour_area":[106,181,107],"tour_days":[],"goto_type":[119],"tour_type":[72],"supported-language":[68,67],"product_cat":[83],"product_tag":[],"activity_combo":[152,153],"class_list":{"0":"post-16583","1":"product","2":"type-product","3":"status-publish","4":"has-post-thumbnail","6":"tour_area-jaffa-tours","7":"tour_area-yafo-old-city","8":"tour_area-jaffa-flea-market","9":"goto_type-tours","10":"tour_type-food","11":"supported-language-english","12":"supported-language-hebrew","13":"product_cat-tel-aviv","14":"activity_combo-israel","15":"activity_combo-tel-aviv","17":"first","18":"instock","19":"shipping-taxable","20":"product-type-simple"},"acf":[],"yoast_head":"<!-- This site is optimized with the Yoast SEO plugin v27.4 - https:\/\/yoast.com\/product\/yoast-seo-wordpress\/ -->\n<title>\u05e1\u05d1\u05d9\u05d1 \u05d4\u05e9\u05e2\u05d5\u05df \u05d1\u05d9\u05e4\u05d5 \u2013 \u05e1\u05d9\u05d5\u05e8 \u05d8\u05e2\u05d9\u05de\u05d5\u05ea \u05d1\u05de\u05ea\u05d7\u05dd \u05e9\u05d5\u05e7 \u05d4\u05e4\u05e9\u05e4\u05e9\u05d9\u05dd |<\/title>\n<meta name=\"description\" content=\"\u05d4\u05e1\u05de\u05d8\u05d0\u05d5\u05ea, \u05d3\u05d5\u05db\u05e0\u05d9 \u05d4\u05de\u05de\u05db\u05e8 \u05d5\u05d4\u05d0\u05ea\u05e8\u05d9\u05dd \u05d4\u05d4\u05d9\u05e1\u05d8\u05d5\u05e8\u05d9\u05d9\u05dd \u05e9\u05dc \u05e9\u05d5\u05e7 \u05d4\u05e4\u05e9\u05e4\u05e9\u05d9\u05dd. \u05e0\u05d8\u05e2\u05dd \u05de\u05d0\u05e4\u05d9\u05dd \u05d1\u05dc\u05e7\u05e0\u05d9\u05dd, \u05d2\u05dc\u05d9\u05d3\u05d4 \u05de\u05e9\u05d5\u05d1\u05d7\u05ea \u05d5\u05e2\u05d5\u05d3 \u05d5\u05e0\u05d1\u05e7\u05e8 \u05d1\u05de\u05ea\u05d7\u05dd \u05d4\u05e8\u05d5\u05d1\u05e2, \u05d1\u05db\u05d9\u05db\u05e8 \u05d4\u05e9\u05e2\u05d5\u05df, \u05d1\u05e9\u05d5\u05e7 \u05d4\u05d9\u05d5\u05d5\u05e0\u05d9 \u05d5\u05e2\u05d5\u05d3\" \/>\n<meta name=\"robots\" content=\"index, follow, max-snippet:-1, max-image-preview:large, max-video-preview:-1\" \/>\n<link rel=\"canonical\" href=\"https:\/\/goguided.tours\/es\/goto\/recorrido-gastronomico-por-el-mercadillo-de-jaffa-durante-todo-el-dia\/\" \/>\n<meta property=\"og:locale\" content=\"es_ES\" \/>\n<meta property=\"og:type\" content=\"article\" \/>\n<meta property=\"og:title\" content=\"\u05e1\u05d1\u05d9\u05d1 \u05d4\u05e9\u05e2\u05d5\u05df \u05d1\u05d9\u05e4\u05d5 \u2013 \u05e1\u05d9\u05d5\u05e8 \u05d8\u05e2\u05d9\u05de\u05d5\u05ea \u05d1\u05de\u05ea\u05d7\u05dd \u05e9\u05d5\u05e7 \u05d4\u05e4\u05e9\u05e4\u05e9\u05d9\u05dd |\" \/>\n<meta property=\"og:description\" content=\"\u05d4\u05e1\u05de\u05d8\u05d0\u05d5\u05ea, \u05d3\u05d5\u05db\u05e0\u05d9 \u05d4\u05de\u05de\u05db\u05e8 \u05d5\u05d4\u05d0\u05ea\u05e8\u05d9\u05dd \u05d4\u05d4\u05d9\u05e1\u05d8\u05d5\u05e8\u05d9\u05d9\u05dd \u05e9\u05dc \u05e9\u05d5\u05e7 \u05d4\u05e4\u05e9\u05e4\u05e9\u05d9\u05dd. \u05e0\u05d8\u05e2\u05dd \u05de\u05d0\u05e4\u05d9\u05dd \u05d1\u05dc\u05e7\u05e0\u05d9\u05dd, \u05d2\u05dc\u05d9\u05d3\u05d4 \u05de\u05e9\u05d5\u05d1\u05d7\u05ea \u05d5\u05e2\u05d5\u05d3 \u05d5\u05e0\u05d1\u05e7\u05e8 \u05d1\u05de\u05ea\u05d7\u05dd \u05d4\u05e8\u05d5\u05d1\u05e2, \u05d1\u05db\u05d9\u05db\u05e8 \u05d4\u05e9\u05e2\u05d5\u05df, \u05d1\u05e9\u05d5\u05e7 \u05d4\u05d9\u05d5\u05d5\u05e0\u05d9 \u05d5\u05e2\u05d5\u05d3\" \/>\n<meta property=\"og:url\" content=\"https:\/\/goguided.tours\/es\/goto\/recorrido-gastronomico-por-el-mercadillo-de-jaffa-durante-todo-el-dia\/\" \/>\n<meta property=\"og:site_name\" content=\"Go Guided\" \/>\n<meta property=\"article:publisher\" content=\"https:\/\/www.facebook.com\/profile.php?id=61556958375391\" \/>\n<meta property=\"article:modified_time\" content=\"2025-11-29T18:08:20+00:00\" \/>\n<meta property=\"og:image\" content=\"https:\/\/goguided.tours\/wp-content\/uploads\/2025\/10\/imgi_21_yafolev04.jpg\" \/>\n\t<meta property=\"og:image:width\" content=\"1000\" \/>\n\t<meta property=\"og:image:height\" content=\"750\" \/>\n\t<meta property=\"og:image:type\" content=\"image\/jpeg\" \/>\n<meta name=\"twitter:card\" content=\"summary_large_image\" \/>\n<meta name=\"twitter:label1\" content=\"Tiempo de lectura\" \/>\n\t<meta name=\"twitter:data1\" content=\"1 minuto\" \/>\n<script type=\"application\/ld+json\" class=\"yoast-schema-graph\">{\"@context\":\"https:\\\/\\\/schema.org\",\"@graph\":[{\"@type\":\"WebPage\",\"@id\":\"https:\\\/\\\/goguided.tours\\\/goto\\\/around-the-clock-in-jaffa-tasting-tour-in-the-flea-market\\\/\",\"url\":\"https:\\\/\\\/goguided.tours\\\/goto\\\/around-the-clock-in-jaffa-tasting-tour-in-the-flea-market\\\/\",\"name\":\"\u05e1\u05d1\u05d9\u05d1 \u05d4\u05e9\u05e2\u05d5\u05df \u05d1\u05d9\u05e4\u05d5 \u2013 \u05e1\u05d9\u05d5\u05e8 \u05d8\u05e2\u05d9\u05de\u05d5\u05ea \u05d1\u05de\u05ea\u05d7\u05dd \u05e9\u05d5\u05e7 \u05d4\u05e4\u05e9\u05e4\u05e9\u05d9\u05dd |\",\"isPartOf\":{\"@id\":\"https:\\\/\\\/goguided.tours\\\/#website\"},\"primaryImageOfPage\":{\"@id\":\"https:\\\/\\\/goguided.tours\\\/goto\\\/around-the-clock-in-jaffa-tasting-tour-in-the-flea-market\\\/#primaryimage\"},\"image\":{\"@id\":\"https:\\\/\\\/goguided.tours\\\/goto\\\/around-the-clock-in-jaffa-tasting-tour-in-the-flea-market\\\/#primaryimage\"},\"thumbnailUrl\":\"https:\\\/\\\/goguided.tours\\\/wp-content\\\/uploads\\\/2025\\\/10\\\/imgi_19_yafolev07.webp\",\"datePublished\":\"2025-10-29T09:33:55+00:00\",\"dateModified\":\"2025-11-29T18:08:20+00:00\",\"description\":\"\u05d4\u05e1\u05de\u05d8\u05d0\u05d5\u05ea, \u05d3\u05d5\u05db\u05e0\u05d9 \u05d4\u05de\u05de\u05db\u05e8 \u05d5\u05d4\u05d0\u05ea\u05e8\u05d9\u05dd \u05d4\u05d4\u05d9\u05e1\u05d8\u05d5\u05e8\u05d9\u05d9\u05dd \u05e9\u05dc \u05e9\u05d5\u05e7 \u05d4\u05e4\u05e9\u05e4\u05e9\u05d9\u05dd. \u05e0\u05d8\u05e2\u05dd \u05de\u05d0\u05e4\u05d9\u05dd \u05d1\u05dc\u05e7\u05e0\u05d9\u05dd, \u05d2\u05dc\u05d9\u05d3\u05d4 \u05de\u05e9\u05d5\u05d1\u05d7\u05ea \u05d5\u05e2\u05d5\u05d3 \u05d5\u05e0\u05d1\u05e7\u05e8 \u05d1\u05de\u05ea\u05d7\u05dd \u05d4\u05e8\u05d5\u05d1\u05e2, \u05d1\u05db\u05d9\u05db\u05e8 \u05d4\u05e9\u05e2\u05d5\u05df, \u05d1\u05e9\u05d5\u05e7 \u05d4\u05d9\u05d5\u05d5\u05e0\u05d9 \u05d5\u05e2\u05d5\u05d3\",\"breadcrumb\":{\"@id\":\"https:\\\/\\\/goguided.tours\\\/goto\\\/around-the-clock-in-jaffa-tasting-tour-in-the-flea-market\\\/#breadcrumb\"},\"inLanguage\":\"es\",\"potentialAction\":[{\"@type\":\"ReadAction\",\"target\":[\"https:\\\/\\\/goguided.tours\\\/goto\\\/around-the-clock-in-jaffa-tasting-tour-in-the-flea-market\\\/\"]}]},{\"@type\":\"ImageObject\",\"inLanguage\":\"es\",\"@id\":\"https:\\\/\\\/goguided.tours\\\/goto\\\/around-the-clock-in-jaffa-tasting-tour-in-the-flea-market\\\/#primaryimage\",\"url\":\"https:\\\/\\\/goguided.tours\\\/wp-content\\\/uploads\\\/2025\\\/10\\\/imgi_19_yafolev07.webp\",\"contentUrl\":\"https:\\\/\\\/goguided.tours\\\/wp-content\\\/uploads\\\/2025\\\/10\\\/imgi_19_yafolev07.webp\",\"width\":750,\"height\":1000,\"caption\":\"\u05e1\u05d1\u05d9\u05d1 \u05d4\u05e9\u05e2\u05d5\u05df \u05d1\u05d9\u05e4\u05d5 \u2013 \u05e1\u05d9\u05d5\u05e8 \u05d8\u05e2\u05d9\u05de\u05d5\u05ea \u05d1\u05de\u05ea\u05d7\u05dd \u05e9\u05d5\u05e7 \u05d4\u05e4\u05e9\u05e4\u05e9\u05d9\u05dd\"},{\"@type\":\"BreadcrumbList\",\"@id\":\"https:\\\/\\\/goguided.tours\\\/goto\\\/around-the-clock-in-jaffa-tasting-tour-in-the-flea-market\\\/#breadcrumb\",\"itemListElement\":[{\"@type\":\"ListItem\",\"position\":1,\"name\":\"\u05d3\u05e3 \u05d4\u05d1\u05d9\u05ea\",\"item\":\"https:\\\/\\\/goguided.tours\\\/\"},{\"@type\":\"ListItem\",\"position\":2,\"name\":\"\u05db\u05dc \u05d4\u05e4\u05e2\u05d9\u05dc\u05d5\u05d9\u05d5\u05ea\",\"item\":\"https:\\\/\\\/goguided.tours\\\/shop\\\/\"},{\"@type\":\"ListItem\",\"position\":3,\"name\":\"\u05e1\u05d1\u05d9\u05d1 \u05d4\u05e9\u05e2\u05d5\u05df \u05d1\u05d9\u05e4\u05d5 \u2013 \u05e1\u05d9\u05d5\u05e8 \u05d8\u05e2\u05d9\u05de\u05d5\u05ea \u05d1\u05de\u05ea\u05d7\u05dd \u05e9\u05d5\u05e7 \u05d4\u05e4\u05e9\u05e4\u05e9\u05d9\u05dd\"}]},{\"@type\":\"WebSite\",\"@id\":\"https:\\\/\\\/goguided.tours\\\/#website\",\"url\":\"https:\\\/\\\/goguided.tours\\\/\",\"name\":\"Go Guided\",\"description\":\"\",\"publisher\":{\"@id\":\"https:\\\/\\\/goguided.tours\\\/#organization\"},\"potentialAction\":[{\"@type\":\"SearchAction\",\"target\":{\"@type\":\"EntryPoint\",\"urlTemplate\":\"https:\\\/\\\/goguided.tours\\\/?s={search_term_string}\"},\"query-input\":{\"@type\":\"PropertyValueSpecification\",\"valueRequired\":true,\"valueName\":\"search_term_string\"}}],\"inLanguage\":\"es\"},{\"@type\":\"Organization\",\"@id\":\"https:\\\/\\\/goguided.tours\\\/#organization\",\"name\":\"GoGuided\",\"url\":\"https:\\\/\\\/goguided.tours\\\/\",\"logo\":{\"@type\":\"ImageObject\",\"inLanguage\":\"es\",\"@id\":\"https:\\\/\\\/goguided.tours\\\/#\\\/schema\\\/logo\\\/image\\\/\",\"url\":\"https:\\\/\\\/goguided.tours\\\/wp-content\\\/uploads\\\/2025\\\/05\\\/cropped-logo-guided.jpg\",\"contentUrl\":\"https:\\\/\\\/goguided.tours\\\/wp-content\\\/uploads\\\/2025\\\/05\\\/cropped-logo-guided.jpg\",\"width\":500,\"height\":143,\"caption\":\"GoGuided\"},\"image\":{\"@id\":\"https:\\\/\\\/goguided.tours\\\/#\\\/schema\\\/logo\\\/image\\\/\"},\"sameAs\":[\"https:\\\/\\\/www.facebook.com\\\/profile.php?id=61556958375391\",\"http:\\\/\\\/www.youtube.com\\\/@Guided-Tours\",\"https:\\\/\\\/www.instagram.com\\\/goguided.he\\\/\",\"https:\\\/\\\/www.tiktok.com\\\/@goguided.he\"]}]}<\/script>\n<!-- \/ Yoast SEO plugin. -->","yoast_head_json":{"title":"Alrededor del reloj en Jaffa: recorrido gastron\u00f3mico por el mercado de las pulgas |","description":"Las callejuelas, los puestos y los lugares hist\u00f3ricos del mercado de las pulgas. Probaremos pasteles balc\u00e1nicos, helados de primera y visitaremos el barrio, la plaza del reloj, el mercado griego y m\u00e1s.","robots":{"index":"index","follow":"follow","max-snippet":"max-snippet:-1","max-image-preview":"max-image-preview:large","max-video-preview":"max-video-preview:-1"},"canonical":"https:\/\/goguided.tours\/es\/goto\/recorrido-gastronomico-por-el-mercadillo-de-jaffa-durante-todo-el-dia\/","og_locale":"es_ES","og_type":"article","og_title":"\u05e1\u05d1\u05d9\u05d1 \u05d4\u05e9\u05e2\u05d5\u05df \u05d1\u05d9\u05e4\u05d5 \u2013 \u05e1\u05d9\u05d5\u05e8 \u05d8\u05e2\u05d9\u05de\u05d5\u05ea \u05d1\u05de\u05ea\u05d7\u05dd \u05e9\u05d5\u05e7 \u05d4\u05e4\u05e9\u05e4\u05e9\u05d9\u05dd |","og_description":"\u05d4\u05e1\u05de\u05d8\u05d0\u05d5\u05ea, \u05d3\u05d5\u05db\u05e0\u05d9 \u05d4\u05de\u05de\u05db\u05e8 \u05d5\u05d4\u05d0\u05ea\u05e8\u05d9\u05dd \u05d4\u05d4\u05d9\u05e1\u05d8\u05d5\u05e8\u05d9\u05d9\u05dd \u05e9\u05dc \u05e9\u05d5\u05e7 \u05d4\u05e4\u05e9\u05e4\u05e9\u05d9\u05dd. \u05e0\u05d8\u05e2\u05dd \u05de\u05d0\u05e4\u05d9\u05dd \u05d1\u05dc\u05e7\u05e0\u05d9\u05dd, \u05d2\u05dc\u05d9\u05d3\u05d4 \u05de\u05e9\u05d5\u05d1\u05d7\u05ea \u05d5\u05e2\u05d5\u05d3 \u05d5\u05e0\u05d1\u05e7\u05e8 \u05d1\u05de\u05ea\u05d7\u05dd \u05d4\u05e8\u05d5\u05d1\u05e2, \u05d1\u05db\u05d9\u05db\u05e8 \u05d4\u05e9\u05e2\u05d5\u05df, \u05d1\u05e9\u05d5\u05e7 \u05d4\u05d9\u05d5\u05d5\u05e0\u05d9 \u05d5\u05e2\u05d5\u05d3","og_url":"https:\/\/goguided.tours\/es\/goto\/recorrido-gastronomico-por-el-mercadillo-de-jaffa-durante-todo-el-dia\/","og_site_name":"Go Guided","article_publisher":"https:\/\/www.facebook.com\/profile.php?id=61556958375391","article_modified_time":"2025-11-29T18:08:20+00:00","og_image":[{"width":1000,"height":750,"url":"https:\/\/goguided.tours\/wp-content\/uploads\/2025\/10\/imgi_21_yafolev04.jpg","type":"image\/jpeg"}],"twitter_card":"summary_large_image","twitter_misc":{"Tiempo de lectura":"1 minuto"},"schema":{"@context":"https:\/\/schema.org","@graph":[{"@type":"WebPage","@id":"https:\/\/goguided.tours\/goto\/around-the-clock-in-jaffa-tasting-tour-in-the-flea-market\/","url":"https:\/\/goguided.tours\/goto\/around-the-clock-in-jaffa-tasting-tour-in-the-flea-market\/","name":"Alrededor del reloj en Jaffa: recorrido gastron\u00f3mico por el mercado de las pulgas |","isPartOf":{"@id":"https:\/\/goguided.tours\/#website"},"primaryImageOfPage":{"@id":"https:\/\/goguided.tours\/goto\/around-the-clock-in-jaffa-tasting-tour-in-the-flea-market\/#primaryimage"},"image":{"@id":"https:\/\/goguided.tours\/goto\/around-the-clock-in-jaffa-tasting-tour-in-the-flea-market\/#primaryimage"},"thumbnailUrl":"https:\/\/goguided.tours\/wp-content\/uploads\/2025\/10\/imgi_19_yafolev07.webp","datePublished":"2025-10-29T09:33:55+00:00","dateModified":"2025-11-29T18:08:20+00:00","description":"Las callejuelas, los puestos y los lugares hist\u00f3ricos del mercado de las pulgas. Probaremos pasteles balc\u00e1nicos, helados de primera y visitaremos el barrio, la plaza del reloj, el mercado griego y m\u00e1s.","breadcrumb":{"@id":"https:\/\/goguided.tours\/goto\/around-the-clock-in-jaffa-tasting-tour-in-the-flea-market\/#breadcrumb"},"inLanguage":"es","potentialAction":[{"@type":"ReadAction","target":["https:\/\/goguided.tours\/goto\/around-the-clock-in-jaffa-tasting-tour-in-the-flea-market\/"]}]},{"@type":"ImageObject","inLanguage":"es","@id":"https:\/\/goguided.tours\/goto\/around-the-clock-in-jaffa-tasting-tour-in-the-flea-market\/#primaryimage","url":"https:\/\/goguided.tours\/wp-content\/uploads\/2025\/10\/imgi_19_yafolev07.webp","contentUrl":"https:\/\/goguided.tours\/wp-content\/uploads\/2025\/10\/imgi_19_yafolev07.webp","width":750,"height":1000,"caption":"\u05e1\u05d1\u05d9\u05d1 \u05d4\u05e9\u05e2\u05d5\u05df \u05d1\u05d9\u05e4\u05d5 \u2013 \u05e1\u05d9\u05d5\u05e8 \u05d8\u05e2\u05d9\u05de\u05d5\u05ea \u05d1\u05de\u05ea\u05d7\u05dd \u05e9\u05d5\u05e7 \u05d4\u05e4\u05e9\u05e4\u05e9\u05d9\u05dd"},{"@type":"BreadcrumbList","@id":"https:\/\/goguided.tours\/goto\/around-the-clock-in-jaffa-tasting-tour-in-the-flea-market\/#breadcrumb","itemListElement":[{"@type":"ListItem","position":1,"name":"\u05d3\u05e3 \u05d4\u05d1\u05d9\u05ea","item":"https:\/\/goguided.tours\/"},{"@type":"ListItem","position":2,"name":"\u05db\u05dc \u05d4\u05e4\u05e2\u05d9\u05dc\u05d5\u05d9\u05d5\u05ea","item":"https:\/\/goguided.tours\/shop\/"},{"@type":"ListItem","position":3,"name":"\u05e1\u05d1\u05d9\u05d1 \u05d4\u05e9\u05e2\u05d5\u05df \u05d1\u05d9\u05e4\u05d5 \u2013 \u05e1\u05d9\u05d5\u05e8 \u05d8\u05e2\u05d9\u05de\u05d5\u05ea \u05d1\u05de\u05ea\u05d7\u05dd \u05e9\u05d5\u05e7 \u05d4\u05e4\u05e9\u05e4\u05e9\u05d9\u05dd"}]},{"@type":"WebSite","@id":"https:\/\/goguided.tours\/#website","url":"https:\/\/goguided.tours\/","name":"Gu\u00eda Go","description":"","publisher":{"@id":"https:\/\/goguided.tours\/#organization"},"potentialAction":[{"@type":"SearchAction","target":{"@type":"EntryPoint","urlTemplate":"https:\/\/goguided.tours\/?s={search_term_string}"},"query-input":{"@type":"PropertyValueSpecification","valueRequired":true,"valueName":"search_term_string"}}],"inLanguage":"es"},{"@type":"Organization","@id":"https:\/\/goguided.tours\/#organization","name":"GoGuided","url":"https:\/\/goguided.tours\/","logo":{"@type":"ImageObject","inLanguage":"es","@id":"https:\/\/goguided.tours\/#\/schema\/logo\/image\/","url":"https:\/\/goguided.tours\/wp-content\/uploads\/2025\/05\/cropped-logo-guided.jpg","contentUrl":"https:\/\/goguided.tours\/wp-content\/uploads\/2025\/05\/cropped-logo-guided.jpg","width":500,"height":143,"caption":"GoGuided"},"image":{"@id":"https:\/\/goguided.tours\/#\/schema\/logo\/image\/"},"sameAs":["https:\/\/www.facebook.com\/profile.php?id=61556958375391","http:\/\/www.youtube.com\/@Guided-Tours","https:\/\/www.instagram.com\/goguided.he\/","https:\/\/www.tiktok.com\/@goguided.he"]}]}},"_links":{"self":[{"href":"https:\/\/goguided.tours\/es\/wp-json\/wp\/v2\/product\/16583","targetHints":{"allow":["GET"]}}],"collection":[{"href":"https:\/\/goguided.tours\/es\/wp-json\/wp\/v2\/product"}],"about":[{"href":"https:\/\/goguided.tours\/es\/wp-json\/wp\/v2\/types\/product"}],"author":[{"embeddable":true,"href":"https:\/\/goguided.tours\/es\/wp-json\/wp\/v2\/users\/22"}],"version-history":[{"count":6,"href":"https:\/\/goguided.tours\/es\/wp-json\/wp\/v2\/product\/16583\/revisions"}],"predecessor-version":[{"id":16594,"href":"https:\/\/goguided.tours\/es\/wp-json\/wp\/v2\/product\/16583\/revisions\/16594"}],"wp:featuredmedia":[{"embeddable":true,"href":"https:\/\/goguided.tours\/es\/wp-json\/wp\/v2\/media\/16587"}],"wp:attachment":[{"href":"https:\/\/goguided.tours\/es\/wp-json\/wp\/v2\/media?parent=16583"}],"wp:term":[{"taxonomy":"tour_area","embeddable":true,"href":"https:\/\/goguided.tours\/es\/wp-json\/wp\/v2\/tour_area?post=16583"},{"taxonomy":"tour_days","embeddable":true,"href":"https:\/\/goguided.tours\/es\/wp-json\/wp\/v2\/tour_days?post=16583"},{"taxonomy":"goto_type","embeddable":true,"href":"https:\/\/goguided.tours\/es\/wp-json\/wp\/v2\/goto_type?post=16583"},{"taxonomy":"tour_type","embeddable":true,"href":"https:\/\/goguided.tours\/es\/wp-json\/wp\/v2\/tour_type?post=16583"},{"taxonomy":"supported-language","embeddable":true,"href":"https:\/\/goguided.tours\/es\/wp-json\/wp\/v2\/supported-language?post=16583"},{"taxonomy":"product_cat","embeddable":true,"href":"https:\/\/goguided.tours\/es\/wp-json\/wp\/v2\/product_cat?post=16583"},{"taxonomy":"product_tag","embeddable":true,"href":"https:\/\/goguided.tours\/es\/wp-json\/wp\/v2\/product_tag?post=16583"},{"taxonomy":"activity_combo","embeddable":true,"href":"https:\/\/goguided.tours\/es\/wp-json\/wp\/v2\/activity_combo?post=16583"}],"curies":[{"name":"wp","href":"https:\/\/api.w.org\/{rel}","templated":true}]}}