{"id":17771,"date":"2025-11-27T13:23:44","date_gmt":"2025-11-27T11:23:44","guid":{"rendered":"https:\/\/goguided.tours\/?post_type=product&#038;p=17771"},"modified":"2026-04-06T17:32:23","modified_gmt":"2026-04-06T14:32:23","slug":"alterman-dizengoff-city-artist-tour","status":"publish","type":"product","link":"https:\/\/goguided.tours\/es\/goto\/alterman-dizengoff-city-artist-tour\/","title":{"rendered":"Recorrido por Dizengoff dedicado a Alterman: el artista de la ciudad | El caballero de la poes\u00eda y el periodismo de opini\u00f3n"},"excerpt":{"rendered":"","protected":false},"author":45,"featured_media":17772,"template":"","meta":{"_acf_changed":false,"_wp_rev_ctl_limit":""},"tour_area":[],"tour_days":[],"goto_type":[119],"tour_type":[221],"supported-language":[68,67],"product_cat":[83],"product_tag":[],"activity_combo":[152,153],"class_list":{"0":"post-17771","1":"product","2":"type-product","3":"status-publish","4":"has-post-thumbnail","6":"goto_type-tours","7":"tour_type-poetry-and-literature","8":"supported-language-english","9":"supported-language-hebrew","10":"product_cat-tel-aviv","11":"activity_combo-israel","12":"activity_combo-tel-aviv","14":"first","15":"instock","16":"shipping-taxable","17":"product-type-simple"},"acf":[],"yoast_head":"<!-- This site is optimized with the Yoast SEO plugin v27.4 - https:\/\/yoast.com\/product\/yoast-seo-wordpress\/ -->\n<title>\u05e1\u05d9\u05d5\u05e8 \u05d0\u05dc\u05ea\u05e8\u05de\u05df \u05d1\u05d3\u05d9\u05d6\u05e0\u05d2\u05d5\u05e3 - \u05d0\u05de\u05df \u05d4\u05e2\u05d9\u05e8 | \u05d0\u05d1\u05d9\u05e8 \u05d4\u05e9\u05d9\u05e8\u05d4 \u05d5\u05d4\u05e4\u05d5\u05d1\u05dc\u05d9\u05e6\u05d9\u05e1\u05d8\u05d9\u05e7\u05d4 \u05d4\u05e2\u05d9\u05ea\u05d5\u05e0\u05d0\u05d9\u05ea<\/title>\n<meta name=\"description\" content=\"\u05d4\u05e1\u05d9\u05d5\u05e8 \u05d9\u05e2\u05e1\u05d5\u05e7 \u05d1\u05d1\u05d9\u05d5\u05d2\u05e8\u05e4\u05d9\u05d4 \u05e2\u05dc \u05d4\u05de\u05e9\u05d5\u05e8\u05e8 \u05d4\u05d3\u05d2\u05d5\u05dc, \u05d1\u05d7\u05d9\u05d9\u05d5 \u05d5\u05e4\u05e2\u05d9\u05dc\u05d5\u05ea\u05d5 \u05e9\u05dc \u05e0\u05ea\u05df \u05d0\u05dc\u05ea\u05e8\u05de\u05df \u05dc\u05d0\u05d5\u05e8\u05da \u05ea\u05d7\u05e0\u05d5\u05ea \u05e9\u05d5\u05e0\u05d5\u05ea \u05d1\u05e8\u05d7\u05d5\u05d1, \u05e2\u05dc \u05d9\u05e6\u05d9\u05e8\u05d5\u05ea\u05d9\u05d5, \u05d1\u05d3\u05d1\u05e8\u05d9\u05dd \u05e9\u05db\u05ea\u05d1 \u05d5\u05d4\u05e9\u05d9\u05e8\u05d9\u05dd \u05d4\u05ea\u05dc \u05d0\u05d1\u05d9\u05d1\u05d9\u05dd \u05d4\u05de\u05d5\u05d1\u05d4\u05e7\u05d9\u05dd.\" \/>\n<meta name=\"robots\" content=\"index, follow, max-snippet:-1, max-image-preview:large, max-video-preview:-1\" \/>\n<link rel=\"canonical\" href=\"https:\/\/goguided.tours\/es\/goto\/alterman-dizengoff-city-artist-tour\/\" \/>\n<meta property=\"og:locale\" content=\"es_ES\" \/>\n<meta property=\"og:type\" content=\"article\" \/>\n<meta property=\"og:title\" content=\"\u05e1\u05d9\u05d5\u05e8 \u05d0\u05dc\u05ea\u05e8\u05de\u05df \u05d1\u05d3\u05d9\u05d6\u05e0\u05d2\u05d5\u05e3 - \u05d0\u05de\u05df \u05d4\u05e2\u05d9\u05e8 | \u05d0\u05d1\u05d9\u05e8 \u05d4\u05e9\u05d9\u05e8\u05d4 \u05d5\u05d4\u05e4\u05d5\u05d1\u05dc\u05d9\u05e6\u05d9\u05e1\u05d8\u05d9\u05e7\u05d4 \u05d4\u05e2\u05d9\u05ea\u05d5\u05e0\u05d0\u05d9\u05ea\" \/>\n<meta property=\"og:description\" content=\"\u05d4\u05e1\u05d9\u05d5\u05e8 \u05d9\u05e2\u05e1\u05d5\u05e7 \u05d1\u05d1\u05d9\u05d5\u05d2\u05e8\u05e4\u05d9\u05d4 \u05e2\u05dc \u05d4\u05de\u05e9\u05d5\u05e8\u05e8 \u05d4\u05d3\u05d2\u05d5\u05dc, \u05d1\u05d7\u05d9\u05d9\u05d5 \u05d5\u05e4\u05e2\u05d9\u05dc\u05d5\u05ea\u05d5 \u05e9\u05dc \u05e0\u05ea\u05df \u05d0\u05dc\u05ea\u05e8\u05de\u05df \u05dc\u05d0\u05d5\u05e8\u05da \u05ea\u05d7\u05e0\u05d5\u05ea \u05e9\u05d5\u05e0\u05d5\u05ea \u05d1\u05e8\u05d7\u05d5\u05d1, \u05e2\u05dc \u05d9\u05e6\u05d9\u05e8\u05d5\u05ea\u05d9\u05d5, \u05d1\u05d3\u05d1\u05e8\u05d9\u05dd \u05e9\u05db\u05ea\u05d1 \u05d5\u05d4\u05e9\u05d9\u05e8\u05d9\u05dd \u05d4\u05ea\u05dc \u05d0\u05d1\u05d9\u05d1\u05d9\u05dd \u05d4\u05de\u05d5\u05d1\u05d4\u05e7\u05d9\u05dd.\" \/>\n<meta property=\"og:url\" content=\"https:\/\/goguided.tours\/es\/goto\/alterman-dizengoff-city-artist-tour\/\" \/>\n<meta property=\"og:site_name\" content=\"Go Guided\" \/>\n<meta property=\"article:publisher\" content=\"https:\/\/www.facebook.com\/profile.php?id=61556958375391\" \/>\n<meta property=\"article:modified_time\" content=\"2026-04-06T14:32:23+00:00\" \/>\n<meta property=\"og:image\" content=\"https:\/\/goguided.tours\/wp-content\/uploads\/2025\/11\/\u05e1\u05d9\u05d5\u05e8-\u05d0\u05dc\u05ea\u05e8\u05de\u05df-\u05d1\u05d3\u05d9\u05d6\u05e0\u05d2\u05d5\u05e3-\u05d0\u05de\u05df-\u05d4\u05e2\u05d9\u05e8.webp\" \/>\n\t<meta property=\"og:image:width\" content=\"566\" \/>\n\t<meta property=\"og:image:height\" content=\"349\" \/>\n\t<meta property=\"og:image:type\" content=\"image\/webp\" \/>\n<meta name=\"twitter:card\" content=\"summary_large_image\" \/>\n<meta name=\"twitter:label1\" content=\"Tiempo de lectura\" \/>\n\t<meta name=\"twitter:data1\" content=\"1 minuto\" \/>\n<script type=\"application\/ld+json\" class=\"yoast-schema-graph\">{\"@context\":\"https:\\\/\\\/schema.org\",\"@graph\":[{\"@type\":\"WebPage\",\"@id\":\"https:\\\/\\\/goguided.tours\\\/goto\\\/alterman-dizengoff-city-artist-tour\\\/\",\"url\":\"https:\\\/\\\/goguided.tours\\\/goto\\\/alterman-dizengoff-city-artist-tour\\\/\",\"name\":\"\u05e1\u05d9\u05d5\u05e8 \u05d0\u05dc\u05ea\u05e8\u05de\u05df \u05d1\u05d3\u05d9\u05d6\u05e0\u05d2\u05d5\u05e3 - \u05d0\u05de\u05df \u05d4\u05e2\u05d9\u05e8 | \u05d0\u05d1\u05d9\u05e8 \u05d4\u05e9\u05d9\u05e8\u05d4 \u05d5\u05d4\u05e4\u05d5\u05d1\u05dc\u05d9\u05e6\u05d9\u05e1\u05d8\u05d9\u05e7\u05d4 \u05d4\u05e2\u05d9\u05ea\u05d5\u05e0\u05d0\u05d9\u05ea\",\"isPartOf\":{\"@id\":\"https:\\\/\\\/goguided.tours\\\/#website\"},\"primaryImageOfPage\":{\"@id\":\"https:\\\/\\\/goguided.tours\\\/goto\\\/alterman-dizengoff-city-artist-tour\\\/#primaryimage\"},\"image\":{\"@id\":\"https:\\\/\\\/goguided.tours\\\/goto\\\/alterman-dizengoff-city-artist-tour\\\/#primaryimage\"},\"thumbnailUrl\":\"https:\\\/\\\/goguided.tours\\\/wp-content\\\/uploads\\\/2025\\\/11\\\/\u05e1\u05d9\u05d5\u05e8-\u05d0\u05dc\u05ea\u05e8\u05de\u05df-\u05d1\u05d3\u05d9\u05d6\u05e0\u05d2\u05d5\u05e3-\u05d0\u05de\u05df-\u05d4\u05e2\u05d9\u05e8.webp\",\"datePublished\":\"2025-11-27T11:23:44+00:00\",\"dateModified\":\"2026-04-06T14:32:23+00:00\",\"description\":\"\u05d4\u05e1\u05d9\u05d5\u05e8 \u05d9\u05e2\u05e1\u05d5\u05e7 \u05d1\u05d1\u05d9\u05d5\u05d2\u05e8\u05e4\u05d9\u05d4 \u05e2\u05dc \u05d4\u05de\u05e9\u05d5\u05e8\u05e8 \u05d4\u05d3\u05d2\u05d5\u05dc, \u05d1\u05d7\u05d9\u05d9\u05d5 \u05d5\u05e4\u05e2\u05d9\u05dc\u05d5\u05ea\u05d5 \u05e9\u05dc \u05e0\u05ea\u05df \u05d0\u05dc\u05ea\u05e8\u05de\u05df \u05dc\u05d0\u05d5\u05e8\u05da \u05ea\u05d7\u05e0\u05d5\u05ea \u05e9\u05d5\u05e0\u05d5\u05ea \u05d1\u05e8\u05d7\u05d5\u05d1, \u05e2\u05dc \u05d9\u05e6\u05d9\u05e8\u05d5\u05ea\u05d9\u05d5, \u05d1\u05d3\u05d1\u05e8\u05d9\u05dd \u05e9\u05db\u05ea\u05d1 \u05d5\u05d4\u05e9\u05d9\u05e8\u05d9\u05dd \u05d4\u05ea\u05dc \u05d0\u05d1\u05d9\u05d1\u05d9\u05dd \u05d4\u05de\u05d5\u05d1\u05d4\u05e7\u05d9\u05dd.\",\"breadcrumb\":{\"@id\":\"https:\\\/\\\/goguided.tours\\\/goto\\\/alterman-dizengoff-city-artist-tour\\\/#breadcrumb\"},\"inLanguage\":\"es\",\"potentialAction\":[{\"@type\":\"ReadAction\",\"target\":[\"https:\\\/\\\/goguided.tours\\\/goto\\\/alterman-dizengoff-city-artist-tour\\\/\"]}]},{\"@type\":\"ImageObject\",\"inLanguage\":\"es\",\"@id\":\"https:\\\/\\\/goguided.tours\\\/goto\\\/alterman-dizengoff-city-artist-tour\\\/#primaryimage\",\"url\":\"https:\\\/\\\/goguided.tours\\\/wp-content\\\/uploads\\\/2025\\\/11\\\/\u05e1\u05d9\u05d5\u05e8-\u05d0\u05dc\u05ea\u05e8\u05de\u05df-\u05d1\u05d3\u05d9\u05d6\u05e0\u05d2\u05d5\u05e3-\u05d0\u05de\u05df-\u05d4\u05e2\u05d9\u05e8.webp\",\"contentUrl\":\"https:\\\/\\\/goguided.tours\\\/wp-content\\\/uploads\\\/2025\\\/11\\\/\u05e1\u05d9\u05d5\u05e8-\u05d0\u05dc\u05ea\u05e8\u05de\u05df-\u05d1\u05d3\u05d9\u05d6\u05e0\u05d2\u05d5\u05e3-\u05d0\u05de\u05df-\u05d4\u05e2\u05d9\u05e8.webp\",\"width\":566,\"height\":349,\"caption\":\"\u05e1\u05d9\u05d5\u05e8 \u05d0\u05dc\u05ea\u05e8\u05de\u05df \u05d1\u05d3\u05d9\u05d6\u05e0\u05d2\u05d5\u05e3 - \u05d0\u05de\u05df \u05d4\u05e2\u05d9\u05e8\"},{\"@type\":\"BreadcrumbList\",\"@id\":\"https:\\\/\\\/goguided.tours\\\/goto\\\/alterman-dizengoff-city-artist-tour\\\/#breadcrumb\",\"itemListElement\":[{\"@type\":\"ListItem\",\"position\":1,\"name\":\"\u05d3\u05e3 \u05d4\u05d1\u05d9\u05ea\",\"item\":\"https:\\\/\\\/goguided.tours\\\/\"},{\"@type\":\"ListItem\",\"position\":2,\"name\":\"\u05db\u05dc \u05d4\u05e4\u05e2\u05d9\u05dc\u05d5\u05d9\u05d5\u05ea\",\"item\":\"https:\\\/\\\/goguided.tours\\\/shop\\\/\"},{\"@type\":\"ListItem\",\"position\":3,\"name\":\"\u05e1\u05d9\u05d5\u05e8 \u05d0\u05dc\u05ea\u05e8\u05de\u05df \u05d1\u05d3\u05d9\u05d6\u05e0\u05d2\u05d5\u05e3 &#8211; \u05d0\u05de\u05df \u05d4\u05e2\u05d9\u05e8 | \u05d0\u05d1\u05d9\u05e8 \u05d4\u05e9\u05d9\u05e8\u05d4 \u05d5\u05d4\u05e4\u05d5\u05d1\u05dc\u05d9\u05e6\u05d9\u05e1\u05d8\u05d9\u05e7\u05d4 \u05d4\u05e2\u05d9\u05ea\u05d5\u05e0\u05d0\u05d9\u05ea\"}]},{\"@type\":\"WebSite\",\"@id\":\"https:\\\/\\\/goguided.tours\\\/#website\",\"url\":\"https:\\\/\\\/goguided.tours\\\/\",\"name\":\"Go Guided\",\"description\":\"\",\"publisher\":{\"@id\":\"https:\\\/\\\/goguided.tours\\\/#organization\"},\"potentialAction\":[{\"@type\":\"SearchAction\",\"target\":{\"@type\":\"EntryPoint\",\"urlTemplate\":\"https:\\\/\\\/goguided.tours\\\/?s={search_term_string}\"},\"query-input\":{\"@type\":\"PropertyValueSpecification\",\"valueRequired\":true,\"valueName\":\"search_term_string\"}}],\"inLanguage\":\"es\"},{\"@type\":\"Organization\",\"@id\":\"https:\\\/\\\/goguided.tours\\\/#organization\",\"name\":\"GoGuided\",\"url\":\"https:\\\/\\\/goguided.tours\\\/\",\"logo\":{\"@type\":\"ImageObject\",\"inLanguage\":\"es\",\"@id\":\"https:\\\/\\\/goguided.tours\\\/#\\\/schema\\\/logo\\\/image\\\/\",\"url\":\"https:\\\/\\\/goguided.tours\\\/wp-content\\\/uploads\\\/2025\\\/05\\\/cropped-logo-guided.jpg\",\"contentUrl\":\"https:\\\/\\\/goguided.tours\\\/wp-content\\\/uploads\\\/2025\\\/05\\\/cropped-logo-guided.jpg\",\"width\":500,\"height\":143,\"caption\":\"GoGuided\"},\"image\":{\"@id\":\"https:\\\/\\\/goguided.tours\\\/#\\\/schema\\\/logo\\\/image\\\/\"},\"sameAs\":[\"https:\\\/\\\/www.facebook.com\\\/profile.php?id=61556958375391\",\"http:\\\/\\\/www.youtube.com\\\/@Guided-Tours\",\"https:\\\/\\\/www.instagram.com\\\/goguided.he\\\/\",\"https:\\\/\\\/www.tiktok.com\\\/@goguided.he\"]}]}<\/script>\n<!-- \/ Yoast SEO plugin. -->","yoast_head_json":{"title":"Recorrido por Dizengoff en honor a Alterman, artista de la ciudad | Caballero de la poes\u00eda y el periodismo","description":"El recorrido tratar\u00e1 sobre la biograf\u00eda del gran poeta, la vida y obra de Nathan Alterman a lo largo de diferentes paradas en la calle, sus creaciones, sus escritos y sus poemas m\u00e1s emblem\u00e1ticos sobre Tel Aviv.","robots":{"index":"index","follow":"follow","max-snippet":"max-snippet:-1","max-image-preview":"max-image-preview:large","max-video-preview":"max-video-preview:-1"},"canonical":"https:\/\/goguided.tours\/es\/goto\/alterman-dizengoff-city-artist-tour\/","og_locale":"es_ES","og_type":"article","og_title":"\u05e1\u05d9\u05d5\u05e8 \u05d0\u05dc\u05ea\u05e8\u05de\u05df \u05d1\u05d3\u05d9\u05d6\u05e0\u05d2\u05d5\u05e3 - \u05d0\u05de\u05df \u05d4\u05e2\u05d9\u05e8 | \u05d0\u05d1\u05d9\u05e8 \u05d4\u05e9\u05d9\u05e8\u05d4 \u05d5\u05d4\u05e4\u05d5\u05d1\u05dc\u05d9\u05e6\u05d9\u05e1\u05d8\u05d9\u05e7\u05d4 \u05d4\u05e2\u05d9\u05ea\u05d5\u05e0\u05d0\u05d9\u05ea","og_description":"\u05d4\u05e1\u05d9\u05d5\u05e8 \u05d9\u05e2\u05e1\u05d5\u05e7 \u05d1\u05d1\u05d9\u05d5\u05d2\u05e8\u05e4\u05d9\u05d4 \u05e2\u05dc \u05d4\u05de\u05e9\u05d5\u05e8\u05e8 \u05d4\u05d3\u05d2\u05d5\u05dc, \u05d1\u05d7\u05d9\u05d9\u05d5 \u05d5\u05e4\u05e2\u05d9\u05dc\u05d5\u05ea\u05d5 \u05e9\u05dc \u05e0\u05ea\u05df \u05d0\u05dc\u05ea\u05e8\u05de\u05df \u05dc\u05d0\u05d5\u05e8\u05da \u05ea\u05d7\u05e0\u05d5\u05ea \u05e9\u05d5\u05e0\u05d5\u05ea \u05d1\u05e8\u05d7\u05d5\u05d1, \u05e2\u05dc \u05d9\u05e6\u05d9\u05e8\u05d5\u05ea\u05d9\u05d5, \u05d1\u05d3\u05d1\u05e8\u05d9\u05dd \u05e9\u05db\u05ea\u05d1 \u05d5\u05d4\u05e9\u05d9\u05e8\u05d9\u05dd \u05d4\u05ea\u05dc \u05d0\u05d1\u05d9\u05d1\u05d9\u05dd \u05d4\u05de\u05d5\u05d1\u05d4\u05e7\u05d9\u05dd.","og_url":"https:\/\/goguided.tours\/es\/goto\/alterman-dizengoff-city-artist-tour\/","og_site_name":"Go Guided","article_publisher":"https:\/\/www.facebook.com\/profile.php?id=61556958375391","article_modified_time":"2026-04-06T14:32:23+00:00","og_image":[{"width":566,"height":349,"url":"https:\/\/goguided.tours\/wp-content\/uploads\/2025\/11\/\u05e1\u05d9\u05d5\u05e8-\u05d0\u05dc\u05ea\u05e8\u05de\u05df-\u05d1\u05d3\u05d9\u05d6\u05e0\u05d2\u05d5\u05e3-\u05d0\u05de\u05df-\u05d4\u05e2\u05d9\u05e8.webp","type":"image\/webp"}],"twitter_card":"summary_large_image","twitter_misc":{"Tiempo de lectura":"1 minuto"},"schema":{"@context":"https:\/\/schema.org","@graph":[{"@type":"WebPage","@id":"https:\/\/goguided.tours\/goto\/alterman-dizengoff-city-artist-tour\/","url":"https:\/\/goguided.tours\/goto\/alterman-dizengoff-city-artist-tour\/","name":"Recorrido por Dizengoff en honor a Alterman, artista de la ciudad | Caballero de la poes\u00eda y el periodismo","isPartOf":{"@id":"https:\/\/goguided.tours\/#website"},"primaryImageOfPage":{"@id":"https:\/\/goguided.tours\/goto\/alterman-dizengoff-city-artist-tour\/#primaryimage"},"image":{"@id":"https:\/\/goguided.tours\/goto\/alterman-dizengoff-city-artist-tour\/#primaryimage"},"thumbnailUrl":"https:\/\/goguided.tours\/wp-content\/uploads\/2025\/11\/\u05e1\u05d9\u05d5\u05e8-\u05d0\u05dc\u05ea\u05e8\u05de\u05df-\u05d1\u05d3\u05d9\u05d6\u05e0\u05d2\u05d5\u05e3-\u05d0\u05de\u05df-\u05d4\u05e2\u05d9\u05e8.webp","datePublished":"2025-11-27T11:23:44+00:00","dateModified":"2026-04-06T14:32:23+00:00","description":"El recorrido tratar\u00e1 sobre la biograf\u00eda del gran poeta, la vida y obra de Nathan Alterman a lo largo de diferentes paradas en la calle, sus creaciones, sus escritos y sus poemas m\u00e1s emblem\u00e1ticos sobre Tel Aviv.","breadcrumb":{"@id":"https:\/\/goguided.tours\/goto\/alterman-dizengoff-city-artist-tour\/#breadcrumb"},"inLanguage":"es","potentialAction":[{"@type":"ReadAction","target":["https:\/\/goguided.tours\/goto\/alterman-dizengoff-city-artist-tour\/"]}]},{"@type":"ImageObject","inLanguage":"es","@id":"https:\/\/goguided.tours\/goto\/alterman-dizengoff-city-artist-tour\/#primaryimage","url":"https:\/\/goguided.tours\/wp-content\/uploads\/2025\/11\/\u05e1\u05d9\u05d5\u05e8-\u05d0\u05dc\u05ea\u05e8\u05de\u05df-\u05d1\u05d3\u05d9\u05d6\u05e0\u05d2\u05d5\u05e3-\u05d0\u05de\u05df-\u05d4\u05e2\u05d9\u05e8.webp","contentUrl":"https:\/\/goguided.tours\/wp-content\/uploads\/2025\/11\/\u05e1\u05d9\u05d5\u05e8-\u05d0\u05dc\u05ea\u05e8\u05de\u05df-\u05d1\u05d3\u05d9\u05d6\u05e0\u05d2\u05d5\u05e3-\u05d0\u05de\u05df-\u05d4\u05e2\u05d9\u05e8.webp","width":566,"height":349,"caption":"\u05e1\u05d9\u05d5\u05e8 \u05d0\u05dc\u05ea\u05e8\u05de\u05df \u05d1\u05d3\u05d9\u05d6\u05e0\u05d2\u05d5\u05e3 - \u05d0\u05de\u05df \u05d4\u05e2\u05d9\u05e8"},{"@type":"BreadcrumbList","@id":"https:\/\/goguided.tours\/goto\/alterman-dizengoff-city-artist-tour\/#breadcrumb","itemListElement":[{"@type":"ListItem","position":1,"name":"\u05d3\u05e3 \u05d4\u05d1\u05d9\u05ea","item":"https:\/\/goguided.tours\/"},{"@type":"ListItem","position":2,"name":"\u05db\u05dc \u05d4\u05e4\u05e2\u05d9\u05dc\u05d5\u05d9\u05d5\u05ea","item":"https:\/\/goguided.tours\/shop\/"},{"@type":"ListItem","position":3,"name":"\u05e1\u05d9\u05d5\u05e8 \u05d0\u05dc\u05ea\u05e8\u05de\u05df \u05d1\u05d3\u05d9\u05d6\u05e0\u05d2\u05d5\u05e3 &#8211; \u05d0\u05de\u05df \u05d4\u05e2\u05d9\u05e8 | \u05d0\u05d1\u05d9\u05e8 \u05d4\u05e9\u05d9\u05e8\u05d4 \u05d5\u05d4\u05e4\u05d5\u05d1\u05dc\u05d9\u05e6\u05d9\u05e1\u05d8\u05d9\u05e7\u05d4 \u05d4\u05e2\u05d9\u05ea\u05d5\u05e0\u05d0\u05d9\u05ea"}]},{"@type":"WebSite","@id":"https:\/\/goguided.tours\/#website","url":"https:\/\/goguided.tours\/","name":"Gu\u00eda Go","description":"","publisher":{"@id":"https:\/\/goguided.tours\/#organization"},"potentialAction":[{"@type":"SearchAction","target":{"@type":"EntryPoint","urlTemplate":"https:\/\/goguided.tours\/?s={search_term_string}"},"query-input":{"@type":"PropertyValueSpecification","valueRequired":true,"valueName":"search_term_string"}}],"inLanguage":"es"},{"@type":"Organization","@id":"https:\/\/goguided.tours\/#organization","name":"GoGuided","url":"https:\/\/goguided.tours\/","logo":{"@type":"ImageObject","inLanguage":"es","@id":"https:\/\/goguided.tours\/#\/schema\/logo\/image\/","url":"https:\/\/goguided.tours\/wp-content\/uploads\/2025\/05\/cropped-logo-guided.jpg","contentUrl":"https:\/\/goguided.tours\/wp-content\/uploads\/2025\/05\/cropped-logo-guided.jpg","width":500,"height":143,"caption":"GoGuided"},"image":{"@id":"https:\/\/goguided.tours\/#\/schema\/logo\/image\/"},"sameAs":["https:\/\/www.facebook.com\/profile.php?id=61556958375391","http:\/\/www.youtube.com\/@Guided-Tours","https:\/\/www.instagram.com\/goguided.he\/","https:\/\/www.tiktok.com\/@goguided.he"]}]}},"_links":{"self":[{"href":"https:\/\/goguided.tours\/es\/wp-json\/wp\/v2\/product\/17771","targetHints":{"allow":["GET"]}}],"collection":[{"href":"https:\/\/goguided.tours\/es\/wp-json\/wp\/v2\/product"}],"about":[{"href":"https:\/\/goguided.tours\/es\/wp-json\/wp\/v2\/types\/product"}],"author":[{"embeddable":true,"href":"https:\/\/goguided.tours\/es\/wp-json\/wp\/v2\/users\/45"}],"version-history":[{"count":19,"href":"https:\/\/goguided.tours\/es\/wp-json\/wp\/v2\/product\/17771\/revisions"}],"predecessor-version":[{"id":20909,"href":"https:\/\/goguided.tours\/es\/wp-json\/wp\/v2\/product\/17771\/revisions\/20909"}],"wp:featuredmedia":[{"embeddable":true,"href":"https:\/\/goguided.tours\/es\/wp-json\/wp\/v2\/media\/17772"}],"wp:attachment":[{"href":"https:\/\/goguided.tours\/es\/wp-json\/wp\/v2\/media?parent=17771"}],"wp:term":[{"taxonomy":"tour_area","embeddable":true,"href":"https:\/\/goguided.tours\/es\/wp-json\/wp\/v2\/tour_area?post=17771"},{"taxonomy":"tour_days","embeddable":true,"href":"https:\/\/goguided.tours\/es\/wp-json\/wp\/v2\/tour_days?post=17771"},{"taxonomy":"goto_type","embeddable":true,"href":"https:\/\/goguided.tours\/es\/wp-json\/wp\/v2\/goto_type?post=17771"},{"taxonomy":"tour_type","embeddable":true,"href":"https:\/\/goguided.tours\/es\/wp-json\/wp\/v2\/tour_type?post=17771"},{"taxonomy":"supported-language","embeddable":true,"href":"https:\/\/goguided.tours\/es\/wp-json\/wp\/v2\/supported-language?post=17771"},{"taxonomy":"product_cat","embeddable":true,"href":"https:\/\/goguided.tours\/es\/wp-json\/wp\/v2\/product_cat?post=17771"},{"taxonomy":"product_tag","embeddable":true,"href":"https:\/\/goguided.tours\/es\/wp-json\/wp\/v2\/product_tag?post=17771"},{"taxonomy":"activity_combo","embeddable":true,"href":"https:\/\/goguided.tours\/es\/wp-json\/wp\/v2\/activity_combo?post=17771"}],"curies":[{"name":"wp","href":"https:\/\/api.w.org\/{rel}","templated":true}]}}