{"id":18065,"date":"2025-12-01T15:12:54","date_gmt":"2025-12-01T13:12:54","guid":{"rendered":"https:\/\/goguided.tours\/?post_type=product&#038;p=18065"},"modified":"2025-12-01T15:25:38","modified_gmt":"2025-12-01T13:25:38","slug":"luces-de-hanukkah-visitas-guiadas-comunidad-haredi-de-bnei-brak","status":"publish","type":"product","link":"https:\/\/goguided.tours\/es\/goto\/hanukkah-lights-tours-bnei-brak-haredi-community\/","title":{"rendered":"Recorridos por las luminarias de Januc\u00e1 en Bnei Brak y la comunidad ultraortodoxa"},"excerpt":{"rendered":"","protected":false},"author":24,"featured_media":18066,"template":"","meta":{"_acf_changed":false,"_wp_rev_ctl_limit":""},"tour_area":[],"tour_days":[],"goto_type":[119],"tour_type":[122,178],"supported-language":[68,67],"product_cat":[121],"product_tag":[],"activity_combo":[154,152],"class_list":{"0":"post-18065","1":"product","2":"type-product","3":"status-publish","4":"has-post-thumbnail","6":"goto_type-tours","7":"tour_type-menorahs","8":"tour_type-haredim","9":"supported-language-english","10":"supported-language-hebrew","11":"product_cat-bnei-brak","12":"activity_combo-bnei-brak","13":"activity_combo-israel","15":"first","16":"instock","17":"shipping-taxable","18":"purchasable","19":"product-type-simple"},"acf":[],"yoast_head":"<!-- This site is optimized with the Yoast SEO plugin v27.4 - https:\/\/yoast.com\/product\/yoast-seo-wordpress\/ -->\n<title>\u05e1\u05d9\u05d5\u05e8\u05d9 \u05d7\u05e0\u05d5\u05db\u05d9\u05d5\u05ea \u05de\u05d5\u05d0\u05e8\u05d9\u05dd \u05d1\u05d1\u05e0\u05d9 \u05d1\u05e8\u05e7 \u05d5\u05d4\u05d7\u05d1\u05e8\u05d4 \u05d4\u05d7\u05e8\u05d3\u05d9\u05ea | \u05d7\u05e6\u05e8\u05d5\u05ea \u05d7\u05e1\u05d9\u05d3\u05d9\u05d5\u05ea \u05d5\u05d0\u05d5\u05e8 \u05d4\u05d7\u05e0\u05d5\u05db\u05d4<\/title>\n<meta name=\"description\" content=\"\u05d7\u05d5\u05d5\u05d9\u05d4 \u05de\u05e8\u05d2\u05e9\u05ea \u05d1\u05d1\u05e0\u05d9 \u05d1\u05e8\u05e7: \u05d4\u05e6\u05e6\u05d4 \u05dc\u05d7\u05e6\u05e8\u05d5\u05ea \u05d4\u05d7\u05e1\u05d9\u05d3\u05d9\u05d5\u05ea, \u05e6\u05dc\u05d9\u05dc\u05d9 \u05d4\u05d7\u05e0\u05d5\u05db\u05d4 \u05d5\u05d7\u05e0\u05d5\u05db\u05d9\u05d5\u05ea \u05de\u05e8\u05d4\u05d9\u05d1\u05d5\u05ea. \u05e1\u05d9\u05d5\u05e8\u05d9\u05dd \u05d1-15, 16, 17, 18 \u05d5-21 \u05d1\u05d3\u05e6\u05de\u05d1\u05e8 2025, \u05d1\u05d9\u05df \u05d4\u05e9\u05e2\u05d5\u05ea 17:30\u201320:00.\" \/>\n<meta name=\"robots\" content=\"index, follow, max-snippet:-1, max-image-preview:large, max-video-preview:-1\" \/>\n<link rel=\"canonical\" href=\"https:\/\/goguided.tours\/es\/goto\/luces-de-hanukkah-visitas-guiadas-comunidad-haredi-de-bnei-brak\/\" \/>\n<meta property=\"og:locale\" content=\"es_ES\" \/>\n<meta property=\"og:type\" content=\"article\" \/>\n<meta property=\"og:title\" content=\"\u05e1\u05d9\u05d5\u05e8\u05d9 \u05d7\u05e0\u05d5\u05db\u05d9\u05d5\u05ea \u05de\u05d5\u05d0\u05e8\u05d9\u05dd \u05d1\u05d1\u05e0\u05d9 \u05d1\u05e8\u05e7 \u05d5\u05d4\u05d7\u05d1\u05e8\u05d4 \u05d4\u05d7\u05e8\u05d3\u05d9\u05ea | \u05d7\u05e6\u05e8\u05d5\u05ea \u05d7\u05e1\u05d9\u05d3\u05d9\u05d5\u05ea \u05d5\u05d0\u05d5\u05e8 \u05d4\u05d7\u05e0\u05d5\u05db\u05d4\" \/>\n<meta property=\"og:description\" content=\"\u05d7\u05d5\u05d5\u05d9\u05d4 \u05de\u05e8\u05d2\u05e9\u05ea \u05d1\u05d1\u05e0\u05d9 \u05d1\u05e8\u05e7: \u05d4\u05e6\u05e6\u05d4 \u05dc\u05d7\u05e6\u05e8\u05d5\u05ea \u05d4\u05d7\u05e1\u05d9\u05d3\u05d9\u05d5\u05ea, \u05e6\u05dc\u05d9\u05dc\u05d9 \u05d4\u05d7\u05e0\u05d5\u05db\u05d4 \u05d5\u05d7\u05e0\u05d5\u05db\u05d9\u05d5\u05ea \u05de\u05e8\u05d4\u05d9\u05d1\u05d5\u05ea. \u05e1\u05d9\u05d5\u05e8\u05d9\u05dd \u05d1-15, 16, 17, 18 \u05d5-21 \u05d1\u05d3\u05e6\u05de\u05d1\u05e8 2025, \u05d1\u05d9\u05df \u05d4\u05e9\u05e2\u05d5\u05ea 17:30\u201320:00.\" \/>\n<meta property=\"og:url\" content=\"https:\/\/goguided.tours\/es\/goto\/luces-de-hanukkah-visitas-guiadas-comunidad-haredi-de-bnei-brak\/\" \/>\n<meta property=\"og:site_name\" content=\"Go Guided\" \/>\n<meta property=\"article:publisher\" content=\"https:\/\/www.facebook.com\/profile.php?id=61556958375391\" \/>\n<meta property=\"article:modified_time\" content=\"2025-12-01T13:25:38+00:00\" \/>\n<meta property=\"og:image\" content=\"https:\/\/goguided.tours\/wp-content\/uploads\/2025\/12\/\u05e1\u05d9\u05d5\u05e8\u05d9-\u05d7\u05e0\u05d5\u05db\u05d9\u05d5\u05ea-\u05de\u05d5\u05d0\u05e8\u05d9\u05dd-\u05d1\u05d1\u05e0\u05d9-\u05d1\u05e8\u05e7-\u05d5\u05d4\u05d7\u05d1\u05e8\u05d4-\u05d4\u05d7\u05e8\u05d3\u05d9\u05ea.webp\" \/>\n\t<meta property=\"og:image:width\" content=\"1000\" \/>\n\t<meta property=\"og:image:height\" content=\"750\" \/>\n\t<meta property=\"og:image:type\" content=\"image\/webp\" \/>\n<meta name=\"twitter:card\" content=\"summary_large_image\" \/>\n<meta name=\"twitter:label1\" content=\"Tiempo de lectura\" \/>\n\t<meta name=\"twitter:data1\" content=\"1 minuto\" \/>\n<script type=\"application\/ld+json\" class=\"yoast-schema-graph\">{\"@context\":\"https:\\\/\\\/schema.org\",\"@graph\":[{\"@type\":\"WebPage\",\"@id\":\"https:\\\/\\\/goguided.tours\\\/goto\\\/hanukkah-lights-tours-bnei-brak-haredi-community\\\/\",\"url\":\"https:\\\/\\\/goguided.tours\\\/goto\\\/hanukkah-lights-tours-bnei-brak-haredi-community\\\/\",\"name\":\"\u05e1\u05d9\u05d5\u05e8\u05d9 \u05d7\u05e0\u05d5\u05db\u05d9\u05d5\u05ea \u05de\u05d5\u05d0\u05e8\u05d9\u05dd \u05d1\u05d1\u05e0\u05d9 \u05d1\u05e8\u05e7 \u05d5\u05d4\u05d7\u05d1\u05e8\u05d4 \u05d4\u05d7\u05e8\u05d3\u05d9\u05ea | \u05d7\u05e6\u05e8\u05d5\u05ea \u05d7\u05e1\u05d9\u05d3\u05d9\u05d5\u05ea \u05d5\u05d0\u05d5\u05e8 \u05d4\u05d7\u05e0\u05d5\u05db\u05d4\",\"isPartOf\":{\"@id\":\"https:\\\/\\\/goguided.tours\\\/#website\"},\"primaryImageOfPage\":{\"@id\":\"https:\\\/\\\/goguided.tours\\\/goto\\\/hanukkah-lights-tours-bnei-brak-haredi-community\\\/#primaryimage\"},\"image\":{\"@id\":\"https:\\\/\\\/goguided.tours\\\/goto\\\/hanukkah-lights-tours-bnei-brak-haredi-community\\\/#primaryimage\"},\"thumbnailUrl\":\"https:\\\/\\\/goguided.tours\\\/wp-content\\\/uploads\\\/2025\\\/12\\\/\u05e1\u05d9\u05d5\u05e8\u05d9-\u05d7\u05e0\u05d5\u05db\u05d9\u05d5\u05ea-\u05de\u05d5\u05d0\u05e8\u05d9\u05dd-\u05d1\u05d1\u05e0\u05d9-\u05d1\u05e8\u05e7-\u05d5\u05d4\u05d7\u05d1\u05e8\u05d4-\u05d4\u05d7\u05e8\u05d3\u05d9\u05ea.webp\",\"datePublished\":\"2025-12-01T13:12:54+00:00\",\"dateModified\":\"2025-12-01T13:25:38+00:00\",\"description\":\"\u05d7\u05d5\u05d5\u05d9\u05d4 \u05de\u05e8\u05d2\u05e9\u05ea \u05d1\u05d1\u05e0\u05d9 \u05d1\u05e8\u05e7: \u05d4\u05e6\u05e6\u05d4 \u05dc\u05d7\u05e6\u05e8\u05d5\u05ea \u05d4\u05d7\u05e1\u05d9\u05d3\u05d9\u05d5\u05ea, \u05e6\u05dc\u05d9\u05dc\u05d9 \u05d4\u05d7\u05e0\u05d5\u05db\u05d4 \u05d5\u05d7\u05e0\u05d5\u05db\u05d9\u05d5\u05ea \u05de\u05e8\u05d4\u05d9\u05d1\u05d5\u05ea. \u05e1\u05d9\u05d5\u05e8\u05d9\u05dd \u05d1-15, 16, 17, 18 \u05d5-21 \u05d1\u05d3\u05e6\u05de\u05d1\u05e8 2025, \u05d1\u05d9\u05df \u05d4\u05e9\u05e2\u05d5\u05ea 17:30\u201320:00.\",\"breadcrumb\":{\"@id\":\"https:\\\/\\\/goguided.tours\\\/goto\\\/hanukkah-lights-tours-bnei-brak-haredi-community\\\/#breadcrumb\"},\"inLanguage\":\"es\",\"potentialAction\":[{\"@type\":\"ReadAction\",\"target\":[\"https:\\\/\\\/goguided.tours\\\/goto\\\/hanukkah-lights-tours-bnei-brak-haredi-community\\\/\"]}]},{\"@type\":\"ImageObject\",\"inLanguage\":\"es\",\"@id\":\"https:\\\/\\\/goguided.tours\\\/goto\\\/hanukkah-lights-tours-bnei-brak-haredi-community\\\/#primaryimage\",\"url\":\"https:\\\/\\\/goguided.tours\\\/wp-content\\\/uploads\\\/2025\\\/12\\\/\u05e1\u05d9\u05d5\u05e8\u05d9-\u05d7\u05e0\u05d5\u05db\u05d9\u05d5\u05ea-\u05de\u05d5\u05d0\u05e8\u05d9\u05dd-\u05d1\u05d1\u05e0\u05d9-\u05d1\u05e8\u05e7-\u05d5\u05d4\u05d7\u05d1\u05e8\u05d4-\u05d4\u05d7\u05e8\u05d3\u05d9\u05ea.webp\",\"contentUrl\":\"https:\\\/\\\/goguided.tours\\\/wp-content\\\/uploads\\\/2025\\\/12\\\/\u05e1\u05d9\u05d5\u05e8\u05d9-\u05d7\u05e0\u05d5\u05db\u05d9\u05d5\u05ea-\u05de\u05d5\u05d0\u05e8\u05d9\u05dd-\u05d1\u05d1\u05e0\u05d9-\u05d1\u05e8\u05e7-\u05d5\u05d4\u05d7\u05d1\u05e8\u05d4-\u05d4\u05d7\u05e8\u05d3\u05d9\u05ea.webp\",\"width\":1000,\"height\":750,\"caption\":\"\u05e1\u05d9\u05d5\u05e8\u05d9 \u05d7\u05e0\u05d5\u05db\u05d9\u05d5\u05ea \u05de\u05d5\u05d0\u05e8\u05d9\u05dd \u05d1\u05d1\u05e0\u05d9 \u05d1\u05e8\u05e7 \u05d5\u05d4\u05d7\u05d1\u05e8\u05d4 \u05d4\u05d7\u05e8\u05d3\u05d9\u05ea\"},{\"@type\":\"BreadcrumbList\",\"@id\":\"https:\\\/\\\/goguided.tours\\\/goto\\\/hanukkah-lights-tours-bnei-brak-haredi-community\\\/#breadcrumb\",\"itemListElement\":[{\"@type\":\"ListItem\",\"position\":1,\"name\":\"\u05d3\u05e3 \u05d4\u05d1\u05d9\u05ea\",\"item\":\"https:\\\/\\\/goguided.tours\\\/\"},{\"@type\":\"ListItem\",\"position\":2,\"name\":\"\u05db\u05dc \u05d4\u05e4\u05e2\u05d9\u05dc\u05d5\u05d9\u05d5\u05ea\",\"item\":\"https:\\\/\\\/goguided.tours\\\/shop\\\/\"},{\"@type\":\"ListItem\",\"position\":3,\"name\":\"\u05e1\u05d9\u05d5\u05e8\u05d9 \u05d7\u05e0\u05d5\u05db\u05d9\u05d5\u05ea \u05de\u05d5\u05d0\u05e8\u05d9\u05dd \u05d1\u05d1\u05e0\u05d9 \u05d1\u05e8\u05e7 \u05d5\u05d4\u05d7\u05d1\u05e8\u05d4 \u05d4\u05d7\u05e8\u05d3\u05d9\u05ea\"}]},{\"@type\":\"WebSite\",\"@id\":\"https:\\\/\\\/goguided.tours\\\/#website\",\"url\":\"https:\\\/\\\/goguided.tours\\\/\",\"name\":\"Go Guided\",\"description\":\"\",\"publisher\":{\"@id\":\"https:\\\/\\\/goguided.tours\\\/#organization\"},\"potentialAction\":[{\"@type\":\"SearchAction\",\"target\":{\"@type\":\"EntryPoint\",\"urlTemplate\":\"https:\\\/\\\/goguided.tours\\\/?s={search_term_string}\"},\"query-input\":{\"@type\":\"PropertyValueSpecification\",\"valueRequired\":true,\"valueName\":\"search_term_string\"}}],\"inLanguage\":\"es\"},{\"@type\":\"Organization\",\"@id\":\"https:\\\/\\\/goguided.tours\\\/#organization\",\"name\":\"GoGuided\",\"url\":\"https:\\\/\\\/goguided.tours\\\/\",\"logo\":{\"@type\":\"ImageObject\",\"inLanguage\":\"es\",\"@id\":\"https:\\\/\\\/goguided.tours\\\/#\\\/schema\\\/logo\\\/image\\\/\",\"url\":\"https:\\\/\\\/goguided.tours\\\/wp-content\\\/uploads\\\/2025\\\/05\\\/cropped-logo-guided.jpg\",\"contentUrl\":\"https:\\\/\\\/goguided.tours\\\/wp-content\\\/uploads\\\/2025\\\/05\\\/cropped-logo-guided.jpg\",\"width\":500,\"height\":143,\"caption\":\"GoGuided\"},\"image\":{\"@id\":\"https:\\\/\\\/goguided.tours\\\/#\\\/schema\\\/logo\\\/image\\\/\"},\"sameAs\":[\"https:\\\/\\\/www.facebook.com\\\/profile.php?id=61556958375391\",\"http:\\\/\\\/www.youtube.com\\\/@Guided-Tours\",\"https:\\\/\\\/www.instagram.com\\\/goguided.he\\\/\",\"https:\\\/\\\/www.tiktok.com\\\/@goguided.he\"]}]}<\/script>\n<!-- \/ Yoast SEO plugin. -->","yoast_head_json":{"title":"Recorridos por las luminarias de Januc\u00e1 en Bnei Brak y la comunidad ultraortodoxa | Patios jas\u00eddicos y la luz de Januc\u00e1","description":"Una experiencia emocionante en Bnei Brak: una mirada a los patios jas\u00eddicos, los sonidos de Januc\u00e1 y las impresionantes menor\u00e1s. Visitas guiadas los d\u00edas 15, 16, 17, 18 y 21 de diciembre de 2025, de 17:30 a 20:00.","robots":{"index":"index","follow":"follow","max-snippet":"max-snippet:-1","max-image-preview":"max-image-preview:large","max-video-preview":"max-video-preview:-1"},"canonical":"https:\/\/goguided.tours\/es\/goto\/luces-de-hanukkah-visitas-guiadas-comunidad-haredi-de-bnei-brak\/","og_locale":"es_ES","og_type":"article","og_title":"\u05e1\u05d9\u05d5\u05e8\u05d9 \u05d7\u05e0\u05d5\u05db\u05d9\u05d5\u05ea \u05de\u05d5\u05d0\u05e8\u05d9\u05dd \u05d1\u05d1\u05e0\u05d9 \u05d1\u05e8\u05e7 \u05d5\u05d4\u05d7\u05d1\u05e8\u05d4 \u05d4\u05d7\u05e8\u05d3\u05d9\u05ea | \u05d7\u05e6\u05e8\u05d5\u05ea \u05d7\u05e1\u05d9\u05d3\u05d9\u05d5\u05ea \u05d5\u05d0\u05d5\u05e8 \u05d4\u05d7\u05e0\u05d5\u05db\u05d4","og_description":"\u05d7\u05d5\u05d5\u05d9\u05d4 \u05de\u05e8\u05d2\u05e9\u05ea \u05d1\u05d1\u05e0\u05d9 \u05d1\u05e8\u05e7: \u05d4\u05e6\u05e6\u05d4 \u05dc\u05d7\u05e6\u05e8\u05d5\u05ea \u05d4\u05d7\u05e1\u05d9\u05d3\u05d9\u05d5\u05ea, \u05e6\u05dc\u05d9\u05dc\u05d9 \u05d4\u05d7\u05e0\u05d5\u05db\u05d4 \u05d5\u05d7\u05e0\u05d5\u05db\u05d9\u05d5\u05ea \u05de\u05e8\u05d4\u05d9\u05d1\u05d5\u05ea. \u05e1\u05d9\u05d5\u05e8\u05d9\u05dd \u05d1-15, 16, 17, 18 \u05d5-21 \u05d1\u05d3\u05e6\u05de\u05d1\u05e8 2025, \u05d1\u05d9\u05df \u05d4\u05e9\u05e2\u05d5\u05ea 17:30\u201320:00.","og_url":"https:\/\/goguided.tours\/es\/goto\/luces-de-hanukkah-visitas-guiadas-comunidad-haredi-de-bnei-brak\/","og_site_name":"Go Guided","article_publisher":"https:\/\/www.facebook.com\/profile.php?id=61556958375391","article_modified_time":"2025-12-01T13:25:38+00:00","og_image":[{"width":1000,"height":750,"url":"https:\/\/goguided.tours\/wp-content\/uploads\/2025\/12\/\u05e1\u05d9\u05d5\u05e8\u05d9-\u05d7\u05e0\u05d5\u05db\u05d9\u05d5\u05ea-\u05de\u05d5\u05d0\u05e8\u05d9\u05dd-\u05d1\u05d1\u05e0\u05d9-\u05d1\u05e8\u05e7-\u05d5\u05d4\u05d7\u05d1\u05e8\u05d4-\u05d4\u05d7\u05e8\u05d3\u05d9\u05ea.webp","type":"image\/webp"}],"twitter_card":"summary_large_image","twitter_misc":{"Tiempo de lectura":"1 minuto"},"schema":{"@context":"https:\/\/schema.org","@graph":[{"@type":"WebPage","@id":"https:\/\/goguided.tours\/goto\/hanukkah-lights-tours-bnei-brak-haredi-community\/","url":"https:\/\/goguided.tours\/goto\/hanukkah-lights-tours-bnei-brak-haredi-community\/","name":"Recorridos por las luminarias de Januc\u00e1 en Bnei Brak y la comunidad ultraortodoxa | Patios jas\u00eddicos y la luz de Januc\u00e1","isPartOf":{"@id":"https:\/\/goguided.tours\/#website"},"primaryImageOfPage":{"@id":"https:\/\/goguided.tours\/goto\/hanukkah-lights-tours-bnei-brak-haredi-community\/#primaryimage"},"image":{"@id":"https:\/\/goguided.tours\/goto\/hanukkah-lights-tours-bnei-brak-haredi-community\/#primaryimage"},"thumbnailUrl":"https:\/\/goguided.tours\/wp-content\/uploads\/2025\/12\/\u05e1\u05d9\u05d5\u05e8\u05d9-\u05d7\u05e0\u05d5\u05db\u05d9\u05d5\u05ea-\u05de\u05d5\u05d0\u05e8\u05d9\u05dd-\u05d1\u05d1\u05e0\u05d9-\u05d1\u05e8\u05e7-\u05d5\u05d4\u05d7\u05d1\u05e8\u05d4-\u05d4\u05d7\u05e8\u05d3\u05d9\u05ea.webp","datePublished":"2025-12-01T13:12:54+00:00","dateModified":"2025-12-01T13:25:38+00:00","description":"Una experiencia emocionante en Bnei Brak: una mirada a los patios jas\u00eddicos, los sonidos de Januc\u00e1 y las impresionantes menor\u00e1s. Visitas guiadas los d\u00edas 15, 16, 17, 18 y 21 de diciembre de 2025, de 17:30 a 20:00.","breadcrumb":{"@id":"https:\/\/goguided.tours\/goto\/hanukkah-lights-tours-bnei-brak-haredi-community\/#breadcrumb"},"inLanguage":"es","potentialAction":[{"@type":"ReadAction","target":["https:\/\/goguided.tours\/goto\/hanukkah-lights-tours-bnei-brak-haredi-community\/"]}]},{"@type":"ImageObject","inLanguage":"es","@id":"https:\/\/goguided.tours\/goto\/hanukkah-lights-tours-bnei-brak-haredi-community\/#primaryimage","url":"https:\/\/goguided.tours\/wp-content\/uploads\/2025\/12\/\u05e1\u05d9\u05d5\u05e8\u05d9-\u05d7\u05e0\u05d5\u05db\u05d9\u05d5\u05ea-\u05de\u05d5\u05d0\u05e8\u05d9\u05dd-\u05d1\u05d1\u05e0\u05d9-\u05d1\u05e8\u05e7-\u05d5\u05d4\u05d7\u05d1\u05e8\u05d4-\u05d4\u05d7\u05e8\u05d3\u05d9\u05ea.webp","contentUrl":"https:\/\/goguided.tours\/wp-content\/uploads\/2025\/12\/\u05e1\u05d9\u05d5\u05e8\u05d9-\u05d7\u05e0\u05d5\u05db\u05d9\u05d5\u05ea-\u05de\u05d5\u05d0\u05e8\u05d9\u05dd-\u05d1\u05d1\u05e0\u05d9-\u05d1\u05e8\u05e7-\u05d5\u05d4\u05d7\u05d1\u05e8\u05d4-\u05d4\u05d7\u05e8\u05d3\u05d9\u05ea.webp","width":1000,"height":750,"caption":"\u05e1\u05d9\u05d5\u05e8\u05d9 \u05d7\u05e0\u05d5\u05db\u05d9\u05d5\u05ea \u05de\u05d5\u05d0\u05e8\u05d9\u05dd \u05d1\u05d1\u05e0\u05d9 \u05d1\u05e8\u05e7 \u05d5\u05d4\u05d7\u05d1\u05e8\u05d4 \u05d4\u05d7\u05e8\u05d3\u05d9\u05ea"},{"@type":"BreadcrumbList","@id":"https:\/\/goguided.tours\/goto\/hanukkah-lights-tours-bnei-brak-haredi-community\/#breadcrumb","itemListElement":[{"@type":"ListItem","position":1,"name":"\u05d3\u05e3 \u05d4\u05d1\u05d9\u05ea","item":"https:\/\/goguided.tours\/"},{"@type":"ListItem","position":2,"name":"\u05db\u05dc \u05d4\u05e4\u05e2\u05d9\u05dc\u05d5\u05d9\u05d5\u05ea","item":"https:\/\/goguided.tours\/shop\/"},{"@type":"ListItem","position":3,"name":"\u05e1\u05d9\u05d5\u05e8\u05d9 \u05d7\u05e0\u05d5\u05db\u05d9\u05d5\u05ea \u05de\u05d5\u05d0\u05e8\u05d9\u05dd \u05d1\u05d1\u05e0\u05d9 \u05d1\u05e8\u05e7 \u05d5\u05d4\u05d7\u05d1\u05e8\u05d4 \u05d4\u05d7\u05e8\u05d3\u05d9\u05ea"}]},{"@type":"WebSite","@id":"https:\/\/goguided.tours\/#website","url":"https:\/\/goguided.tours\/","name":"Gu\u00eda Go","description":"","publisher":{"@id":"https:\/\/goguided.tours\/#organization"},"potentialAction":[{"@type":"SearchAction","target":{"@type":"EntryPoint","urlTemplate":"https:\/\/goguided.tours\/?s={search_term_string}"},"query-input":{"@type":"PropertyValueSpecification","valueRequired":true,"valueName":"search_term_string"}}],"inLanguage":"es"},{"@type":"Organization","@id":"https:\/\/goguided.tours\/#organization","name":"GoGuided","url":"https:\/\/goguided.tours\/","logo":{"@type":"ImageObject","inLanguage":"es","@id":"https:\/\/goguided.tours\/#\/schema\/logo\/image\/","url":"https:\/\/goguided.tours\/wp-content\/uploads\/2025\/05\/cropped-logo-guided.jpg","contentUrl":"https:\/\/goguided.tours\/wp-content\/uploads\/2025\/05\/cropped-logo-guided.jpg","width":500,"height":143,"caption":"GoGuided"},"image":{"@id":"https:\/\/goguided.tours\/#\/schema\/logo\/image\/"},"sameAs":["https:\/\/www.facebook.com\/profile.php?id=61556958375391","http:\/\/www.youtube.com\/@Guided-Tours","https:\/\/www.instagram.com\/goguided.he\/","https:\/\/www.tiktok.com\/@goguided.he"]}]}},"_links":{"self":[{"href":"https:\/\/goguided.tours\/es\/wp-json\/wp\/v2\/product\/18065","targetHints":{"allow":["GET"]}}],"collection":[{"href":"https:\/\/goguided.tours\/es\/wp-json\/wp\/v2\/product"}],"about":[{"href":"https:\/\/goguided.tours\/es\/wp-json\/wp\/v2\/types\/product"}],"author":[{"embeddable":true,"href":"https:\/\/goguided.tours\/es\/wp-json\/wp\/v2\/users\/24"}],"version-history":[{"count":9,"href":"https:\/\/goguided.tours\/es\/wp-json\/wp\/v2\/product\/18065\/revisions"}],"predecessor-version":[{"id":18075,"href":"https:\/\/goguided.tours\/es\/wp-json\/wp\/v2\/product\/18065\/revisions\/18075"}],"wp:featuredmedia":[{"embeddable":true,"href":"https:\/\/goguided.tours\/es\/wp-json\/wp\/v2\/media\/18066"}],"wp:attachment":[{"href":"https:\/\/goguided.tours\/es\/wp-json\/wp\/v2\/media?parent=18065"}],"wp:term":[{"taxonomy":"tour_area","embeddable":true,"href":"https:\/\/goguided.tours\/es\/wp-json\/wp\/v2\/tour_area?post=18065"},{"taxonomy":"tour_days","embeddable":true,"href":"https:\/\/goguided.tours\/es\/wp-json\/wp\/v2\/tour_days?post=18065"},{"taxonomy":"goto_type","embeddable":true,"href":"https:\/\/goguided.tours\/es\/wp-json\/wp\/v2\/goto_type?post=18065"},{"taxonomy":"tour_type","embeddable":true,"href":"https:\/\/goguided.tours\/es\/wp-json\/wp\/v2\/tour_type?post=18065"},{"taxonomy":"supported-language","embeddable":true,"href":"https:\/\/goguided.tours\/es\/wp-json\/wp\/v2\/supported-language?post=18065"},{"taxonomy":"product_cat","embeddable":true,"href":"https:\/\/goguided.tours\/es\/wp-json\/wp\/v2\/product_cat?post=18065"},{"taxonomy":"product_tag","embeddable":true,"href":"https:\/\/goguided.tours\/es\/wp-json\/wp\/v2\/product_tag?post=18065"},{"taxonomy":"activity_combo","embeddable":true,"href":"https:\/\/goguided.tours\/es\/wp-json\/wp\/v2\/activity_combo?post=18065"}],"curies":[{"name":"wp","href":"https:\/\/api.w.org\/{rel}","templated":true}]}}