{"id":18325,"date":"2025-12-17T17:21:03","date_gmt":"2025-12-17T15:21:03","guid":{"rendered":"https:\/\/goguided.tours\/?post_type=product&#038;p=18325"},"modified":"2026-04-10T18:50:16","modified_gmt":"2026-04-10T15:50:16","slug":"visita-guiada-por-el-arte-subterraneo-de-napoles","status":"publish","type":"product","link":"https:\/\/goguided.tours\/es\/goto\/naples-underground-art-metro-tour\/","title":{"rendered":"Arte bajo la superficie: recorrido por las estaciones de metro de N\u00e1poles"},"excerpt":{"rendered":"","protected":false},"author":50,"featured_media":18326,"template":"","meta":{"_acf_changed":false,"_wp_rev_ctl_limit":""},"tour_area":[],"tour_days":[],"goto_type":[119],"tour_type":[108,224],"supported-language":[222,68,223],"product_cat":[102],"product_tag":[],"activity_combo":[163,166],"class_list":{"0":"post-18325","1":"product","2":"type-product","3":"status-publish","4":"has-post-thumbnail","6":"goto_type-tours","7":"tour_type-architecture-tour","8":"tour_type-224","9":"supported-language-222","10":"supported-language-english","11":"supported-language-223","12":"product_cat-napoli","13":"activity_combo-italy","14":"activity_combo-napoli","16":"first","17":"instock","18":"shipping-taxable","19":"product-type-simple"},"acf":[],"yoast_head":"<!-- This site is optimized with the Yoast SEO plugin v27.4 - https:\/\/yoast.com\/product\/yoast-seo-wordpress\/ -->\n<title>\u05d0\u05de\u05e0\u05d5\u05ea \u05de\u05ea\u05d7\u05ea \u05dc\u05e4\u05e0\u05d9 \u05d4\u05e9\u05d8\u05d7 \u2013 \u05e1\u05d9\u05d5\u05e8 \u05d1\u05ea\u05d7\u05e0\u05d5\u05ea \u05d4\u05de\u05d8\u05e8\u05d5 \u05e9\u05dc \u05e0\u05d0\u05e4\u05d5\u05dc\u05d9<\/title>\n<meta name=\"description\" content=\"\u05e1\u05d9\u05d5\u05e8 \u05d0\u05de\u05e0\u05d5\u05ea\u05d9 \u05d1\u05ea\u05d7\u05e0\u05d5\u05ea \u05d4\u05de\u05d8\u05e8\u05d5 \u05e9\u05dc \u05e0\u05d0\u05e4\u05d5\u05dc\u05d9, \u05e9\u05d1\u05d4\u05df \u05d0\u05de\u05e0\u05d5\u05ea, \u05d0\u05d3\u05e8\u05d9\u05db\u05dc\u05d5\u05ea \u05d5\u05ea\u05db\u05e0\u05d5\u05df \u05e2\u05d9\u05e8\u05d5\u05e0\u05d9 \u05e0\u05e4\u05d2\u05e9\u05d9\u05dd. \u05e0\u05d1\u05e7\u05e8 \u05d1\u05ea\u05d7\u05e0\u05d5\u05ea \u05d4\u05de\u05e2\u05d5\u05e6\u05d1\u05d5\u05ea \u05d5\u05e0\u05d2\u05dc\u05d4 \u05d0\u05ea \u05d4\u05d3\u05d9\u05de\u05d5\u05d9 \u05d4\u05d7\u05d3\u05e9 \u05e9\u05dc \u05d4\u05e2\u05d9\u05e8 \u05de\u05ea\u05d7\u05ea \u05dc\u05e4\u05e0\u05d9 \u05d4\u05e9\u05d8\u05d7.\" \/>\n<meta name=\"robots\" content=\"index, follow, max-snippet:-1, max-image-preview:large, max-video-preview:-1\" \/>\n<link rel=\"canonical\" href=\"https:\/\/goguided.tours\/es\/goto\/visita-guiada-por-el-arte-subterraneo-de-napoles\/\" \/>\n<meta property=\"og:locale\" content=\"es_ES\" \/>\n<meta property=\"og:type\" content=\"article\" \/>\n<meta property=\"og:title\" content=\"\u05d0\u05de\u05e0\u05d5\u05ea \u05de\u05ea\u05d7\u05ea \u05dc\u05e4\u05e0\u05d9 \u05d4\u05e9\u05d8\u05d7 \u2013 \u05e1\u05d9\u05d5\u05e8 \u05d1\u05ea\u05d7\u05e0\u05d5\u05ea \u05d4\u05de\u05d8\u05e8\u05d5 \u05e9\u05dc \u05e0\u05d0\u05e4\u05d5\u05dc\u05d9\" \/>\n<meta property=\"og:description\" content=\"\u05e1\u05d9\u05d5\u05e8 \u05d0\u05de\u05e0\u05d5\u05ea\u05d9 \u05d1\u05ea\u05d7\u05e0\u05d5\u05ea \u05d4\u05de\u05d8\u05e8\u05d5 \u05e9\u05dc \u05e0\u05d0\u05e4\u05d5\u05dc\u05d9, \u05e9\u05d1\u05d4\u05df \u05d0\u05de\u05e0\u05d5\u05ea, \u05d0\u05d3\u05e8\u05d9\u05db\u05dc\u05d5\u05ea \u05d5\u05ea\u05db\u05e0\u05d5\u05df \u05e2\u05d9\u05e8\u05d5\u05e0\u05d9 \u05e0\u05e4\u05d2\u05e9\u05d9\u05dd. \u05e0\u05d1\u05e7\u05e8 \u05d1\u05ea\u05d7\u05e0\u05d5\u05ea \u05d4\u05de\u05e2\u05d5\u05e6\u05d1\u05d5\u05ea \u05d5\u05e0\u05d2\u05dc\u05d4 \u05d0\u05ea \u05d4\u05d3\u05d9\u05de\u05d5\u05d9 \u05d4\u05d7\u05d3\u05e9 \u05e9\u05dc \u05d4\u05e2\u05d9\u05e8 \u05de\u05ea\u05d7\u05ea \u05dc\u05e4\u05e0\u05d9 \u05d4\u05e9\u05d8\u05d7.\" \/>\n<meta property=\"og:url\" content=\"https:\/\/goguided.tours\/es\/goto\/visita-guiada-por-el-arte-subterraneo-de-napoles\/\" \/>\n<meta property=\"og:site_name\" content=\"Go Guided\" \/>\n<meta property=\"article:publisher\" content=\"https:\/\/www.facebook.com\/profile.php?id=61556958375391\" \/>\n<meta property=\"article:modified_time\" content=\"2026-04-10T15:50:16+00:00\" \/>\n<meta property=\"og:image\" content=\"https:\/\/goguided.tours\/wp-content\/uploads\/2025\/12\/imgi_7_mnmuseo.webp\" \/>\n\t<meta property=\"og:image:width\" content=\"250\" \/>\n\t<meta property=\"og:image:height\" content=\"150\" \/>\n\t<meta property=\"og:image:type\" content=\"image\/webp\" \/>\n<meta name=\"twitter:card\" content=\"summary_large_image\" \/>\n<meta name=\"twitter:label1\" content=\"Tiempo de lectura\" \/>\n\t<meta name=\"twitter:data1\" content=\"1 minuto\" \/>\n<script type=\"application\/ld+json\" class=\"yoast-schema-graph\">{\"@context\":\"https:\\\/\\\/schema.org\",\"@graph\":[{\"@type\":\"WebPage\",\"@id\":\"https:\\\/\\\/goguided.tours\\\/goto\\\/naples-underground-art-metro-tour\\\/\",\"url\":\"https:\\\/\\\/goguided.tours\\\/goto\\\/naples-underground-art-metro-tour\\\/\",\"name\":\"\u05d0\u05de\u05e0\u05d5\u05ea \u05de\u05ea\u05d7\u05ea \u05dc\u05e4\u05e0\u05d9 \u05d4\u05e9\u05d8\u05d7 \u2013 \u05e1\u05d9\u05d5\u05e8 \u05d1\u05ea\u05d7\u05e0\u05d5\u05ea \u05d4\u05de\u05d8\u05e8\u05d5 \u05e9\u05dc \u05e0\u05d0\u05e4\u05d5\u05dc\u05d9\",\"isPartOf\":{\"@id\":\"https:\\\/\\\/goguided.tours\\\/#website\"},\"primaryImageOfPage\":{\"@id\":\"https:\\\/\\\/goguided.tours\\\/goto\\\/naples-underground-art-metro-tour\\\/#primaryimage\"},\"image\":{\"@id\":\"https:\\\/\\\/goguided.tours\\\/goto\\\/naples-underground-art-metro-tour\\\/#primaryimage\"},\"thumbnailUrl\":\"https:\\\/\\\/goguided.tours\\\/wp-content\\\/uploads\\\/2025\\\/12\\\/imgi_12_mnvanvitelli.webp\",\"datePublished\":\"2025-12-17T15:21:03+00:00\",\"dateModified\":\"2026-04-10T15:50:16+00:00\",\"description\":\"\u05e1\u05d9\u05d5\u05e8 \u05d0\u05de\u05e0\u05d5\u05ea\u05d9 \u05d1\u05ea\u05d7\u05e0\u05d5\u05ea \u05d4\u05de\u05d8\u05e8\u05d5 \u05e9\u05dc \u05e0\u05d0\u05e4\u05d5\u05dc\u05d9, \u05e9\u05d1\u05d4\u05df \u05d0\u05de\u05e0\u05d5\u05ea, \u05d0\u05d3\u05e8\u05d9\u05db\u05dc\u05d5\u05ea \u05d5\u05ea\u05db\u05e0\u05d5\u05df \u05e2\u05d9\u05e8\u05d5\u05e0\u05d9 \u05e0\u05e4\u05d2\u05e9\u05d9\u05dd. \u05e0\u05d1\u05e7\u05e8 \u05d1\u05ea\u05d7\u05e0\u05d5\u05ea \u05d4\u05de\u05e2\u05d5\u05e6\u05d1\u05d5\u05ea \u05d5\u05e0\u05d2\u05dc\u05d4 \u05d0\u05ea \u05d4\u05d3\u05d9\u05de\u05d5\u05d9 \u05d4\u05d7\u05d3\u05e9 \u05e9\u05dc \u05d4\u05e2\u05d9\u05e8 \u05de\u05ea\u05d7\u05ea \u05dc\u05e4\u05e0\u05d9 \u05d4\u05e9\u05d8\u05d7.\",\"breadcrumb\":{\"@id\":\"https:\\\/\\\/goguided.tours\\\/goto\\\/naples-underground-art-metro-tour\\\/#breadcrumb\"},\"inLanguage\":\"es\",\"potentialAction\":[{\"@type\":\"ReadAction\",\"target\":[\"https:\\\/\\\/goguided.tours\\\/goto\\\/naples-underground-art-metro-tour\\\/\"]}]},{\"@type\":\"ImageObject\",\"inLanguage\":\"es\",\"@id\":\"https:\\\/\\\/goguided.tours\\\/goto\\\/naples-underground-art-metro-tour\\\/#primaryimage\",\"url\":\"https:\\\/\\\/goguided.tours\\\/wp-content\\\/uploads\\\/2025\\\/12\\\/imgi_12_mnvanvitelli.webp\",\"contentUrl\":\"https:\\\/\\\/goguided.tours\\\/wp-content\\\/uploads\\\/2025\\\/12\\\/imgi_12_mnvanvitelli.webp\",\"width\":250,\"height\":150,\"caption\":\"\u05d0\u05de\u05e0\u05d5\u05ea \u05de\u05ea\u05d7\u05ea \u05dc\u05e4\u05e0\u05d9 \u05d4\u05e9\u05d8\u05d7 \u2013 \u05e1\u05d9\u05d5\u05e8 \u05d1\u05ea\u05d7\u05e0\u05d5\u05ea \u05d4\u05de\u05d8\u05e8\u05d5 \u05e9\u05dc \u05e0\u05d0\u05e4\u05d5\u05dc\u05d9\"},{\"@type\":\"BreadcrumbList\",\"@id\":\"https:\\\/\\\/goguided.tours\\\/goto\\\/naples-underground-art-metro-tour\\\/#breadcrumb\",\"itemListElement\":[{\"@type\":\"ListItem\",\"position\":1,\"name\":\"\u05d3\u05e3 \u05d4\u05d1\u05d9\u05ea\",\"item\":\"https:\\\/\\\/goguided.tours\\\/\"},{\"@type\":\"ListItem\",\"position\":2,\"name\":\"\u05db\u05dc \u05d4\u05e4\u05e2\u05d9\u05dc\u05d5\u05d9\u05d5\u05ea\",\"item\":\"https:\\\/\\\/goguided.tours\\\/shop\\\/\"},{\"@type\":\"ListItem\",\"position\":3,\"name\":\"\u05d0\u05de\u05e0\u05d5\u05ea \u05de\u05ea\u05d7\u05ea \u05dc\u05e4\u05e0\u05d9 \u05d4\u05e9\u05d8\u05d7 \u2013 \u05e1\u05d9\u05d5\u05e8 \u05d1\u05ea\u05d7\u05e0\u05d5\u05ea \u05d4\u05de\u05d8\u05e8\u05d5 \u05e9\u05dc \u05e0\u05d0\u05e4\u05d5\u05dc\u05d9\"}]},{\"@type\":\"WebSite\",\"@id\":\"https:\\\/\\\/goguided.tours\\\/#website\",\"url\":\"https:\\\/\\\/goguided.tours\\\/\",\"name\":\"Go Guided\",\"description\":\"\",\"publisher\":{\"@id\":\"https:\\\/\\\/goguided.tours\\\/#organization\"},\"potentialAction\":[{\"@type\":\"SearchAction\",\"target\":{\"@type\":\"EntryPoint\",\"urlTemplate\":\"https:\\\/\\\/goguided.tours\\\/?s={search_term_string}\"},\"query-input\":{\"@type\":\"PropertyValueSpecification\",\"valueRequired\":true,\"valueName\":\"search_term_string\"}}],\"inLanguage\":\"es\"},{\"@type\":\"Organization\",\"@id\":\"https:\\\/\\\/goguided.tours\\\/#organization\",\"name\":\"GoGuided\",\"url\":\"https:\\\/\\\/goguided.tours\\\/\",\"logo\":{\"@type\":\"ImageObject\",\"inLanguage\":\"es\",\"@id\":\"https:\\\/\\\/goguided.tours\\\/#\\\/schema\\\/logo\\\/image\\\/\",\"url\":\"https:\\\/\\\/goguided.tours\\\/wp-content\\\/uploads\\\/2025\\\/05\\\/cropped-logo-guided.jpg\",\"contentUrl\":\"https:\\\/\\\/goguided.tours\\\/wp-content\\\/uploads\\\/2025\\\/05\\\/cropped-logo-guided.jpg\",\"width\":500,\"height\":143,\"caption\":\"GoGuided\"},\"image\":{\"@id\":\"https:\\\/\\\/goguided.tours\\\/#\\\/schema\\\/logo\\\/image\\\/\"},\"sameAs\":[\"https:\\\/\\\/www.facebook.com\\\/profile.php?id=61556958375391\",\"http:\\\/\\\/www.youtube.com\\\/@Guided-Tours\",\"https:\\\/\\\/www.instagram.com\\\/goguided.he\\\/\",\"https:\\\/\\\/www.tiktok.com\\\/@goguided.he\"]}]}<\/script>\n<!-- \/ Yoast SEO plugin. -->","yoast_head_json":{"title":"Arte bajo la superficie: recorrido por las estaciones de metro de N\u00e1poles","description":"Recorrido art\u00edstico por las estaciones de metro de N\u00e1poles, donde se unen el arte, la arquitectura y el dise\u00f1o urbano. Visitaremos las estaciones decoradas y descubriremos la nueva imagen de la ciudad bajo la superficie.","robots":{"index":"index","follow":"follow","max-snippet":"max-snippet:-1","max-image-preview":"max-image-preview:large","max-video-preview":"max-video-preview:-1"},"canonical":"https:\/\/goguided.tours\/es\/goto\/visita-guiada-por-el-arte-subterraneo-de-napoles\/","og_locale":"es_ES","og_type":"article","og_title":"\u05d0\u05de\u05e0\u05d5\u05ea \u05de\u05ea\u05d7\u05ea \u05dc\u05e4\u05e0\u05d9 \u05d4\u05e9\u05d8\u05d7 \u2013 \u05e1\u05d9\u05d5\u05e8 \u05d1\u05ea\u05d7\u05e0\u05d5\u05ea \u05d4\u05de\u05d8\u05e8\u05d5 \u05e9\u05dc \u05e0\u05d0\u05e4\u05d5\u05dc\u05d9","og_description":"\u05e1\u05d9\u05d5\u05e8 \u05d0\u05de\u05e0\u05d5\u05ea\u05d9 \u05d1\u05ea\u05d7\u05e0\u05d5\u05ea \u05d4\u05de\u05d8\u05e8\u05d5 \u05e9\u05dc \u05e0\u05d0\u05e4\u05d5\u05dc\u05d9, \u05e9\u05d1\u05d4\u05df \u05d0\u05de\u05e0\u05d5\u05ea, \u05d0\u05d3\u05e8\u05d9\u05db\u05dc\u05d5\u05ea \u05d5\u05ea\u05db\u05e0\u05d5\u05df \u05e2\u05d9\u05e8\u05d5\u05e0\u05d9 \u05e0\u05e4\u05d2\u05e9\u05d9\u05dd. \u05e0\u05d1\u05e7\u05e8 \u05d1\u05ea\u05d7\u05e0\u05d5\u05ea \u05d4\u05de\u05e2\u05d5\u05e6\u05d1\u05d5\u05ea \u05d5\u05e0\u05d2\u05dc\u05d4 \u05d0\u05ea \u05d4\u05d3\u05d9\u05de\u05d5\u05d9 \u05d4\u05d7\u05d3\u05e9 \u05e9\u05dc \u05d4\u05e2\u05d9\u05e8 \u05de\u05ea\u05d7\u05ea \u05dc\u05e4\u05e0\u05d9 \u05d4\u05e9\u05d8\u05d7.","og_url":"https:\/\/goguided.tours\/es\/goto\/visita-guiada-por-el-arte-subterraneo-de-napoles\/","og_site_name":"Go Guided","article_publisher":"https:\/\/www.facebook.com\/profile.php?id=61556958375391","article_modified_time":"2026-04-10T15:50:16+00:00","og_image":[{"width":250,"height":150,"url":"https:\/\/goguided.tours\/wp-content\/uploads\/2025\/12\/imgi_7_mnmuseo.webp","type":"image\/webp"}],"twitter_card":"summary_large_image","twitter_misc":{"Tiempo de lectura":"1 minuto"},"schema":{"@context":"https:\/\/schema.org","@graph":[{"@type":"WebPage","@id":"https:\/\/goguided.tours\/goto\/naples-underground-art-metro-tour\/","url":"https:\/\/goguided.tours\/goto\/naples-underground-art-metro-tour\/","name":"Arte bajo la superficie: recorrido por las estaciones de metro de N\u00e1poles","isPartOf":{"@id":"https:\/\/goguided.tours\/#website"},"primaryImageOfPage":{"@id":"https:\/\/goguided.tours\/goto\/naples-underground-art-metro-tour\/#primaryimage"},"image":{"@id":"https:\/\/goguided.tours\/goto\/naples-underground-art-metro-tour\/#primaryimage"},"thumbnailUrl":"https:\/\/goguided.tours\/wp-content\/uploads\/2025\/12\/imgi_12_mnvanvitelli.webp","datePublished":"2025-12-17T15:21:03+00:00","dateModified":"2026-04-10T15:50:16+00:00","description":"Recorrido art\u00edstico por las estaciones de metro de N\u00e1poles, donde se unen el arte, la arquitectura y el dise\u00f1o urbano. Visitaremos las estaciones decoradas y descubriremos la nueva imagen de la ciudad bajo la superficie.","breadcrumb":{"@id":"https:\/\/goguided.tours\/goto\/naples-underground-art-metro-tour\/#breadcrumb"},"inLanguage":"es","potentialAction":[{"@type":"ReadAction","target":["https:\/\/goguided.tours\/goto\/naples-underground-art-metro-tour\/"]}]},{"@type":"ImageObject","inLanguage":"es","@id":"https:\/\/goguided.tours\/goto\/naples-underground-art-metro-tour\/#primaryimage","url":"https:\/\/goguided.tours\/wp-content\/uploads\/2025\/12\/imgi_12_mnvanvitelli.webp","contentUrl":"https:\/\/goguided.tours\/wp-content\/uploads\/2025\/12\/imgi_12_mnvanvitelli.webp","width":250,"height":150,"caption":"\u05d0\u05de\u05e0\u05d5\u05ea \u05de\u05ea\u05d7\u05ea \u05dc\u05e4\u05e0\u05d9 \u05d4\u05e9\u05d8\u05d7 \u2013 \u05e1\u05d9\u05d5\u05e8 \u05d1\u05ea\u05d7\u05e0\u05d5\u05ea \u05d4\u05de\u05d8\u05e8\u05d5 \u05e9\u05dc \u05e0\u05d0\u05e4\u05d5\u05dc\u05d9"},{"@type":"BreadcrumbList","@id":"https:\/\/goguided.tours\/goto\/naples-underground-art-metro-tour\/#breadcrumb","itemListElement":[{"@type":"ListItem","position":1,"name":"\u05d3\u05e3 \u05d4\u05d1\u05d9\u05ea","item":"https:\/\/goguided.tours\/"},{"@type":"ListItem","position":2,"name":"\u05db\u05dc \u05d4\u05e4\u05e2\u05d9\u05dc\u05d5\u05d9\u05d5\u05ea","item":"https:\/\/goguided.tours\/shop\/"},{"@type":"ListItem","position":3,"name":"\u05d0\u05de\u05e0\u05d5\u05ea \u05de\u05ea\u05d7\u05ea \u05dc\u05e4\u05e0\u05d9 \u05d4\u05e9\u05d8\u05d7 \u2013 \u05e1\u05d9\u05d5\u05e8 \u05d1\u05ea\u05d7\u05e0\u05d5\u05ea \u05d4\u05de\u05d8\u05e8\u05d5 \u05e9\u05dc \u05e0\u05d0\u05e4\u05d5\u05dc\u05d9"}]},{"@type":"WebSite","@id":"https:\/\/goguided.tours\/#website","url":"https:\/\/goguided.tours\/","name":"Gu\u00eda Go","description":"","publisher":{"@id":"https:\/\/goguided.tours\/#organization"},"potentialAction":[{"@type":"SearchAction","target":{"@type":"EntryPoint","urlTemplate":"https:\/\/goguided.tours\/?s={search_term_string}"},"query-input":{"@type":"PropertyValueSpecification","valueRequired":true,"valueName":"search_term_string"}}],"inLanguage":"es"},{"@type":"Organization","@id":"https:\/\/goguided.tours\/#organization","name":"GoGuided","url":"https:\/\/goguided.tours\/","logo":{"@type":"ImageObject","inLanguage":"es","@id":"https:\/\/goguided.tours\/#\/schema\/logo\/image\/","url":"https:\/\/goguided.tours\/wp-content\/uploads\/2025\/05\/cropped-logo-guided.jpg","contentUrl":"https:\/\/goguided.tours\/wp-content\/uploads\/2025\/05\/cropped-logo-guided.jpg","width":500,"height":143,"caption":"GoGuided"},"image":{"@id":"https:\/\/goguided.tours\/#\/schema\/logo\/image\/"},"sameAs":["https:\/\/www.facebook.com\/profile.php?id=61556958375391","http:\/\/www.youtube.com\/@Guided-Tours","https:\/\/www.instagram.com\/goguided.he\/","https:\/\/www.tiktok.com\/@goguided.he"]}]}},"_links":{"self":[{"href":"https:\/\/goguided.tours\/es\/wp-json\/wp\/v2\/product\/18325","targetHints":{"allow":["GET"]}}],"collection":[{"href":"https:\/\/goguided.tours\/es\/wp-json\/wp\/v2\/product"}],"about":[{"href":"https:\/\/goguided.tours\/es\/wp-json\/wp\/v2\/types\/product"}],"author":[{"embeddable":true,"href":"https:\/\/goguided.tours\/es\/wp-json\/wp\/v2\/users\/50"}],"version-history":[{"count":9,"href":"https:\/\/goguided.tours\/es\/wp-json\/wp\/v2\/product\/18325\/revisions"}],"predecessor-version":[{"id":21245,"href":"https:\/\/goguided.tours\/es\/wp-json\/wp\/v2\/product\/18325\/revisions\/21245"}],"wp:featuredmedia":[{"embeddable":true,"href":"https:\/\/goguided.tours\/es\/wp-json\/wp\/v2\/media\/18326"}],"wp:attachment":[{"href":"https:\/\/goguided.tours\/es\/wp-json\/wp\/v2\/media?parent=18325"}],"wp:term":[{"taxonomy":"tour_area","embeddable":true,"href":"https:\/\/goguided.tours\/es\/wp-json\/wp\/v2\/tour_area?post=18325"},{"taxonomy":"tour_days","embeddable":true,"href":"https:\/\/goguided.tours\/es\/wp-json\/wp\/v2\/tour_days?post=18325"},{"taxonomy":"goto_type","embeddable":true,"href":"https:\/\/goguided.tours\/es\/wp-json\/wp\/v2\/goto_type?post=18325"},{"taxonomy":"tour_type","embeddable":true,"href":"https:\/\/goguided.tours\/es\/wp-json\/wp\/v2\/tour_type?post=18325"},{"taxonomy":"supported-language","embeddable":true,"href":"https:\/\/goguided.tours\/es\/wp-json\/wp\/v2\/supported-language?post=18325"},{"taxonomy":"product_cat","embeddable":true,"href":"https:\/\/goguided.tours\/es\/wp-json\/wp\/v2\/product_cat?post=18325"},{"taxonomy":"product_tag","embeddable":true,"href":"https:\/\/goguided.tours\/es\/wp-json\/wp\/v2\/product_tag?post=18325"},{"taxonomy":"activity_combo","embeddable":true,"href":"https:\/\/goguided.tours\/es\/wp-json\/wp\/v2\/activity_combo?post=18325"}],"curies":[{"name":"wp","href":"https:\/\/api.w.org\/{rel}","templated":true}]}}