{"id":18343,"date":"2025-12-18T12:13:31","date_gmt":"2025-12-18T10:13:31","guid":{"rendered":"https:\/\/goguided.tours\/?post_type=product&#038;p=18343"},"modified":"2025-12-18T12:49:09","modified_gmt":"2025-12-18T10:49:09","slug":"testimonio-personal-gira-por-gaza","status":"publish","type":"product","link":"https:\/\/goguided.tours\/es\/goto\/personal-testimony-gaza-envelope-tour\/","title":{"rendered":"No es solo una visita (a la zona fronteriza con Gaza), sino un testimonio personal."},"excerpt":{"rendered":"","protected":false},"author":33,"featured_media":18344,"template":"","meta":{"_acf_changed":false,"_wp_rev_ctl_limit":""},"tour_area":[99],"tour_days":[],"goto_type":[119],"tour_type":[],"supported-language":[68,69,67],"product_cat":[105],"product_tag":[],"activity_combo":[152,162],"class_list":{"0":"post-18343","1":"product","2":"type-product","3":"status-publish","4":"has-post-thumbnail","6":"tour_area-south","7":"goto_type-tours","8":"supported-language-english","9":"supported-language-spanish","10":"supported-language-hebrew","11":"product_cat-gaza-envelope","12":"activity_combo-israel","13":"activity_combo-gaza-envelope","15":"first","16":"instock","17":"shipping-taxable","18":"product-type-simple"},"acf":[],"yoast_head":"<!-- This site is optimized with the Yoast SEO plugin v27.4 - https:\/\/yoast.com\/product\/yoast-seo-wordpress\/ -->\n<title>\u05dc\u05d0 \u05e2\u05d5\u05d3 \u05e1\u05d9\u05d5\u05e8 (\u05d1\u05e2\u05d5\u05d8\u05e3 \u05e2\u05d6\u05d4), \u05d0\u05dc\u05d0 \u05e2\u05d3\u05d5\u05ea \u05d0\u05d9\u05e9\u05d9\u05ea<\/title>\n<meta name=\"description\" content=\"\u05ea\u05d5\u05e9\u05d1 \u05e7\u05d9\u05d1\u05d5\u05e5 \u05de\u05e4\u05dc\u05e1\u05d9\u05dd, \u05de\u05e1\u05e4\u05e8 \u05d0\u05ea \u05d0\u05d9\u05e8\u05d5\u05e2\u05d9 \u05e2\u05d5\u05d8\u05e3 \u05e2\u05d6\u05d4 \u05d1-7\/10 \u05de\u05d6\u05d5\u05d5\u05d9\u05ea \u05d0\u05d9\u05e9\u05d9\u05ea. \u05d7\u05d9\u05d1\u05d5\u05e8 \u05d1\u05d9\u05df \u05d2\u05d1\u05d5\u05e8\u05d4 \u05d5\u05d6\u05d9\u05db\u05e8\u05d5\u05df. \u05d1\u05d9\u05e7\u05d5\u05e8 \u05d1\u05e7\u05d9\u05d1\u05d5\u05e5 \u05de\u05e4\u05dc\u05e1\u05d9\u05dd \u05d5\u05d1\u05d0\u05ea\u05e8\u05d9\u05dd \u05de\u05e9\u05de\u05e2\u05d5\u05ea\u05d9\u05d9\u05dd \u05d1\u05e2\u05d5\u05d8\u05e3. \u05e2\u05d1\u05e8\u05d9\u05ea, \u05d0\u05e0\u05d2\u05dc\u05d9\u05ea \u05d5\u05e1\u05e4\u05e8\u05d3\u05d9\u05ea\" \/>\n<meta name=\"robots\" content=\"index, follow, max-snippet:-1, max-image-preview:large, max-video-preview:-1\" \/>\n<link rel=\"canonical\" href=\"https:\/\/goguided.tours\/es\/goto\/testimonio-personal-gira-por-gaza\/\" \/>\n<meta property=\"og:locale\" content=\"es_ES\" \/>\n<meta property=\"og:type\" content=\"article\" \/>\n<meta property=\"og:title\" content=\"\u05dc\u05d0 \u05e2\u05d5\u05d3 \u05e1\u05d9\u05d5\u05e8 (\u05d1\u05e2\u05d5\u05d8\u05e3 \u05e2\u05d6\u05d4), \u05d0\u05dc\u05d0 \u05e2\u05d3\u05d5\u05ea \u05d0\u05d9\u05e9\u05d9\u05ea\" \/>\n<meta property=\"og:description\" content=\"\u05ea\u05d5\u05e9\u05d1 \u05e7\u05d9\u05d1\u05d5\u05e5 \u05de\u05e4\u05dc\u05e1\u05d9\u05dd, \u05de\u05e1\u05e4\u05e8 \u05d0\u05ea \u05d0\u05d9\u05e8\u05d5\u05e2\u05d9 \u05e2\u05d5\u05d8\u05e3 \u05e2\u05d6\u05d4 \u05d1-7\/10 \u05de\u05d6\u05d5\u05d5\u05d9\u05ea \u05d0\u05d9\u05e9\u05d9\u05ea. \u05d7\u05d9\u05d1\u05d5\u05e8 \u05d1\u05d9\u05df \u05d2\u05d1\u05d5\u05e8\u05d4 \u05d5\u05d6\u05d9\u05db\u05e8\u05d5\u05df. \u05d1\u05d9\u05e7\u05d5\u05e8 \u05d1\u05e7\u05d9\u05d1\u05d5\u05e5 \u05de\u05e4\u05dc\u05e1\u05d9\u05dd \u05d5\u05d1\u05d0\u05ea\u05e8\u05d9\u05dd \u05de\u05e9\u05de\u05e2\u05d5\u05ea\u05d9\u05d9\u05dd \u05d1\u05e2\u05d5\u05d8\u05e3. \u05e2\u05d1\u05e8\u05d9\u05ea, \u05d0\u05e0\u05d2\u05dc\u05d9\u05ea \u05d5\u05e1\u05e4\u05e8\u05d3\u05d9\u05ea\" \/>\n<meta property=\"og:url\" content=\"https:\/\/goguided.tours\/es\/goto\/testimonio-personal-gira-por-gaza\/\" \/>\n<meta property=\"og:site_name\" content=\"Go Guided\" \/>\n<meta property=\"article:publisher\" content=\"https:\/\/www.facebook.com\/profile.php?id=61556958375391\" \/>\n<meta property=\"article:modified_time\" content=\"2025-12-18T10:49:09+00:00\" \/>\n<meta property=\"og:image\" content=\"https:\/\/goguided.tours\/wp-content\/uploads\/2025\/12\/\u05dc\u05d0-\u05e2\u05d5\u05d3-\u05e1\u05d9\u05d5\u05e8-\u05d1\u05e2\u05d5\u05d8\u05e3-\u05e2\u05d6\u05d4-\u05d0\u05dc\u05d0-\u05e2\u05d3\u05d5\u05ea-\u05d0\u05d9\u05e9\u05d9\u05ea.webp\" \/>\n\t<meta property=\"og:image:width\" content=\"1024\" \/>\n\t<meta property=\"og:image:height\" content=\"768\" \/>\n\t<meta property=\"og:image:type\" content=\"image\/webp\" \/>\n<meta name=\"twitter:card\" content=\"summary_large_image\" \/>\n<meta name=\"twitter:label1\" content=\"Tiempo de lectura\" \/>\n\t<meta name=\"twitter:data1\" content=\"1 minuto\" \/>\n<script type=\"application\/ld+json\" class=\"yoast-schema-graph\">{\"@context\":\"https:\\\/\\\/schema.org\",\"@graph\":[{\"@type\":\"WebPage\",\"@id\":\"https:\\\/\\\/goguided.tours\\\/goto\\\/personal-testimony-gaza-envelope-tour\\\/\",\"url\":\"https:\\\/\\\/goguided.tours\\\/goto\\\/personal-testimony-gaza-envelope-tour\\\/\",\"name\":\"\u05dc\u05d0 \u05e2\u05d5\u05d3 \u05e1\u05d9\u05d5\u05e8 (\u05d1\u05e2\u05d5\u05d8\u05e3 \u05e2\u05d6\u05d4), \u05d0\u05dc\u05d0 \u05e2\u05d3\u05d5\u05ea \u05d0\u05d9\u05e9\u05d9\u05ea\",\"isPartOf\":{\"@id\":\"https:\\\/\\\/goguided.tours\\\/#website\"},\"primaryImageOfPage\":{\"@id\":\"https:\\\/\\\/goguided.tours\\\/goto\\\/personal-testimony-gaza-envelope-tour\\\/#primaryimage\"},\"image\":{\"@id\":\"https:\\\/\\\/goguided.tours\\\/goto\\\/personal-testimony-gaza-envelope-tour\\\/#primaryimage\"},\"thumbnailUrl\":\"https:\\\/\\\/goguided.tours\\\/wp-content\\\/uploads\\\/2025\\\/12\\\/\u05dc\u05d0-\u05e2\u05d5\u05d3-\u05e1\u05d9\u05d5\u05e8-\u05d1\u05e2\u05d5\u05d8\u05e3-\u05e2\u05d6\u05d4-\u05d0\u05dc\u05d0-\u05e2\u05d3\u05d5\u05ea-\u05d0\u05d9\u05e9\u05d9\u05ea.webp\",\"datePublished\":\"2025-12-18T10:13:31+00:00\",\"dateModified\":\"2025-12-18T10:49:09+00:00\",\"description\":\"\u05ea\u05d5\u05e9\u05d1 \u05e7\u05d9\u05d1\u05d5\u05e5 \u05de\u05e4\u05dc\u05e1\u05d9\u05dd, \u05de\u05e1\u05e4\u05e8 \u05d0\u05ea \u05d0\u05d9\u05e8\u05d5\u05e2\u05d9 \u05e2\u05d5\u05d8\u05e3 \u05e2\u05d6\u05d4 \u05d1-7\\\/10 \u05de\u05d6\u05d5\u05d5\u05d9\u05ea \u05d0\u05d9\u05e9\u05d9\u05ea. \u05d7\u05d9\u05d1\u05d5\u05e8 \u05d1\u05d9\u05df \u05d2\u05d1\u05d5\u05e8\u05d4 \u05d5\u05d6\u05d9\u05db\u05e8\u05d5\u05df. \u05d1\u05d9\u05e7\u05d5\u05e8 \u05d1\u05e7\u05d9\u05d1\u05d5\u05e5 \u05de\u05e4\u05dc\u05e1\u05d9\u05dd \u05d5\u05d1\u05d0\u05ea\u05e8\u05d9\u05dd \u05de\u05e9\u05de\u05e2\u05d5\u05ea\u05d9\u05d9\u05dd \u05d1\u05e2\u05d5\u05d8\u05e3. \u05e2\u05d1\u05e8\u05d9\u05ea, \u05d0\u05e0\u05d2\u05dc\u05d9\u05ea \u05d5\u05e1\u05e4\u05e8\u05d3\u05d9\u05ea\",\"breadcrumb\":{\"@id\":\"https:\\\/\\\/goguided.tours\\\/goto\\\/personal-testimony-gaza-envelope-tour\\\/#breadcrumb\"},\"inLanguage\":\"es\",\"potentialAction\":[{\"@type\":\"ReadAction\",\"target\":[\"https:\\\/\\\/goguided.tours\\\/goto\\\/personal-testimony-gaza-envelope-tour\\\/\"]}]},{\"@type\":\"ImageObject\",\"inLanguage\":\"es\",\"@id\":\"https:\\\/\\\/goguided.tours\\\/goto\\\/personal-testimony-gaza-envelope-tour\\\/#primaryimage\",\"url\":\"https:\\\/\\\/goguided.tours\\\/wp-content\\\/uploads\\\/2025\\\/12\\\/\u05dc\u05d0-\u05e2\u05d5\u05d3-\u05e1\u05d9\u05d5\u05e8-\u05d1\u05e2\u05d5\u05d8\u05e3-\u05e2\u05d6\u05d4-\u05d0\u05dc\u05d0-\u05e2\u05d3\u05d5\u05ea-\u05d0\u05d9\u05e9\u05d9\u05ea.webp\",\"contentUrl\":\"https:\\\/\\\/goguided.tours\\\/wp-content\\\/uploads\\\/2025\\\/12\\\/\u05dc\u05d0-\u05e2\u05d5\u05d3-\u05e1\u05d9\u05d5\u05e8-\u05d1\u05e2\u05d5\u05d8\u05e3-\u05e2\u05d6\u05d4-\u05d0\u05dc\u05d0-\u05e2\u05d3\u05d5\u05ea-\u05d0\u05d9\u05e9\u05d9\u05ea.webp\",\"width\":1024,\"height\":768,\"caption\":\"\u05dc\u05d0 \u05e2\u05d5\u05d3 \u05e1\u05d9\u05d5\u05e8 (\u05d1\u05e2\u05d5\u05d8\u05e3 \u05e2\u05d6\u05d4), \u05d0\u05dc\u05d0 \u05e2\u05d3\u05d5\u05ea \u05d0\u05d9\u05e9\u05d9\u05ea\"},{\"@type\":\"BreadcrumbList\",\"@id\":\"https:\\\/\\\/goguided.tours\\\/goto\\\/personal-testimony-gaza-envelope-tour\\\/#breadcrumb\",\"itemListElement\":[{\"@type\":\"ListItem\",\"position\":1,\"name\":\"\u05d3\u05e3 \u05d4\u05d1\u05d9\u05ea\",\"item\":\"https:\\\/\\\/goguided.tours\\\/\"},{\"@type\":\"ListItem\",\"position\":2,\"name\":\"\u05db\u05dc \u05d4\u05e4\u05e2\u05d9\u05dc\u05d5\u05d9\u05d5\u05ea\",\"item\":\"https:\\\/\\\/goguided.tours\\\/shop\\\/\"},{\"@type\":\"ListItem\",\"position\":3,\"name\":\"\u05dc\u05d0 \u05e2\u05d5\u05d3 \u05e1\u05d9\u05d5\u05e8 (\u05d1\u05e2\u05d5\u05d8\u05e3 \u05e2\u05d6\u05d4), \u05d0\u05dc\u05d0 \u05e2\u05d3\u05d5\u05ea \u05d0\u05d9\u05e9\u05d9\u05ea\"}]},{\"@type\":\"WebSite\",\"@id\":\"https:\\\/\\\/goguided.tours\\\/#website\",\"url\":\"https:\\\/\\\/goguided.tours\\\/\",\"name\":\"Go Guided\",\"description\":\"\",\"publisher\":{\"@id\":\"https:\\\/\\\/goguided.tours\\\/#organization\"},\"potentialAction\":[{\"@type\":\"SearchAction\",\"target\":{\"@type\":\"EntryPoint\",\"urlTemplate\":\"https:\\\/\\\/goguided.tours\\\/?s={search_term_string}\"},\"query-input\":{\"@type\":\"PropertyValueSpecification\",\"valueRequired\":true,\"valueName\":\"search_term_string\"}}],\"inLanguage\":\"es\"},{\"@type\":\"Organization\",\"@id\":\"https:\\\/\\\/goguided.tours\\\/#organization\",\"name\":\"GoGuided\",\"url\":\"https:\\\/\\\/goguided.tours\\\/\",\"logo\":{\"@type\":\"ImageObject\",\"inLanguage\":\"es\",\"@id\":\"https:\\\/\\\/goguided.tours\\\/#\\\/schema\\\/logo\\\/image\\\/\",\"url\":\"https:\\\/\\\/goguided.tours\\\/wp-content\\\/uploads\\\/2025\\\/05\\\/cropped-logo-guided.jpg\",\"contentUrl\":\"https:\\\/\\\/goguided.tours\\\/wp-content\\\/uploads\\\/2025\\\/05\\\/cropped-logo-guided.jpg\",\"width\":500,\"height\":143,\"caption\":\"GoGuided\"},\"image\":{\"@id\":\"https:\\\/\\\/goguided.tours\\\/#\\\/schema\\\/logo\\\/image\\\/\"},\"sameAs\":[\"https:\\\/\\\/www.facebook.com\\\/profile.php?id=61556958375391\",\"http:\\\/\\\/www.youtube.com\\\/@Guided-Tours\",\"https:\\\/\\\/www.instagram.com\\\/goguided.he\\\/\",\"https:\\\/\\\/www.tiktok.com\\\/@goguided.he\"]}]}<\/script>\n<!-- \/ Yoast SEO plugin. -->","yoast_head_json":{"title":"No es solo una visita (a la zona fronteriza con Gaza), sino un testimonio personal.","description":"Residente del kibutz Miflasim, relata los acontecimientos ocurridos en la franja de Gaza el 7 de octubre desde una perspectiva personal. Una conexi\u00f3n entre hero\u00edsmo y memoria. Visita al kibutz Miflasim y a lugares significativos de la franja. Hebreo, ingl\u00e9s y espa\u00f1ol.","robots":{"index":"index","follow":"follow","max-snippet":"max-snippet:-1","max-image-preview":"max-image-preview:large","max-video-preview":"max-video-preview:-1"},"canonical":"https:\/\/goguided.tours\/es\/goto\/testimonio-personal-gira-por-gaza\/","og_locale":"es_ES","og_type":"article","og_title":"\u05dc\u05d0 \u05e2\u05d5\u05d3 \u05e1\u05d9\u05d5\u05e8 (\u05d1\u05e2\u05d5\u05d8\u05e3 \u05e2\u05d6\u05d4), \u05d0\u05dc\u05d0 \u05e2\u05d3\u05d5\u05ea \u05d0\u05d9\u05e9\u05d9\u05ea","og_description":"\u05ea\u05d5\u05e9\u05d1 \u05e7\u05d9\u05d1\u05d5\u05e5 \u05de\u05e4\u05dc\u05e1\u05d9\u05dd, \u05de\u05e1\u05e4\u05e8 \u05d0\u05ea \u05d0\u05d9\u05e8\u05d5\u05e2\u05d9 \u05e2\u05d5\u05d8\u05e3 \u05e2\u05d6\u05d4 \u05d1-7\/10 \u05de\u05d6\u05d5\u05d5\u05d9\u05ea \u05d0\u05d9\u05e9\u05d9\u05ea. \u05d7\u05d9\u05d1\u05d5\u05e8 \u05d1\u05d9\u05df \u05d2\u05d1\u05d5\u05e8\u05d4 \u05d5\u05d6\u05d9\u05db\u05e8\u05d5\u05df. \u05d1\u05d9\u05e7\u05d5\u05e8 \u05d1\u05e7\u05d9\u05d1\u05d5\u05e5 \u05de\u05e4\u05dc\u05e1\u05d9\u05dd \u05d5\u05d1\u05d0\u05ea\u05e8\u05d9\u05dd \u05de\u05e9\u05de\u05e2\u05d5\u05ea\u05d9\u05d9\u05dd \u05d1\u05e2\u05d5\u05d8\u05e3. \u05e2\u05d1\u05e8\u05d9\u05ea, \u05d0\u05e0\u05d2\u05dc\u05d9\u05ea \u05d5\u05e1\u05e4\u05e8\u05d3\u05d9\u05ea","og_url":"https:\/\/goguided.tours\/es\/goto\/testimonio-personal-gira-por-gaza\/","og_site_name":"Go Guided","article_publisher":"https:\/\/www.facebook.com\/profile.php?id=61556958375391","article_modified_time":"2025-12-18T10:49:09+00:00","og_image":[{"width":1024,"height":768,"url":"https:\/\/goguided.tours\/wp-content\/uploads\/2025\/12\/\u05dc\u05d0-\u05e2\u05d5\u05d3-\u05e1\u05d9\u05d5\u05e8-\u05d1\u05e2\u05d5\u05d8\u05e3-\u05e2\u05d6\u05d4-\u05d0\u05dc\u05d0-\u05e2\u05d3\u05d5\u05ea-\u05d0\u05d9\u05e9\u05d9\u05ea.webp","type":"image\/webp"}],"twitter_card":"summary_large_image","twitter_misc":{"Tiempo de lectura":"1 minuto"},"schema":{"@context":"https:\/\/schema.org","@graph":[{"@type":"WebPage","@id":"https:\/\/goguided.tours\/goto\/personal-testimony-gaza-envelope-tour\/","url":"https:\/\/goguided.tours\/goto\/personal-testimony-gaza-envelope-tour\/","name":"No es solo una visita (a la zona fronteriza con Gaza), sino un testimonio personal.","isPartOf":{"@id":"https:\/\/goguided.tours\/#website"},"primaryImageOfPage":{"@id":"https:\/\/goguided.tours\/goto\/personal-testimony-gaza-envelope-tour\/#primaryimage"},"image":{"@id":"https:\/\/goguided.tours\/goto\/personal-testimony-gaza-envelope-tour\/#primaryimage"},"thumbnailUrl":"https:\/\/goguided.tours\/wp-content\/uploads\/2025\/12\/\u05dc\u05d0-\u05e2\u05d5\u05d3-\u05e1\u05d9\u05d5\u05e8-\u05d1\u05e2\u05d5\u05d8\u05e3-\u05e2\u05d6\u05d4-\u05d0\u05dc\u05d0-\u05e2\u05d3\u05d5\u05ea-\u05d0\u05d9\u05e9\u05d9\u05ea.webp","datePublished":"2025-12-18T10:13:31+00:00","dateModified":"2025-12-18T10:49:09+00:00","description":"Residente del kibutz Miflasim, relata los acontecimientos ocurridos en la franja de Gaza el 7 de octubre desde una perspectiva personal. Una conexi\u00f3n entre hero\u00edsmo y memoria. Visita al kibutz Miflasim y a lugares significativos de la franja. Hebreo, ingl\u00e9s y espa\u00f1ol.","breadcrumb":{"@id":"https:\/\/goguided.tours\/goto\/personal-testimony-gaza-envelope-tour\/#breadcrumb"},"inLanguage":"es","potentialAction":[{"@type":"ReadAction","target":["https:\/\/goguided.tours\/goto\/personal-testimony-gaza-envelope-tour\/"]}]},{"@type":"ImageObject","inLanguage":"es","@id":"https:\/\/goguided.tours\/goto\/personal-testimony-gaza-envelope-tour\/#primaryimage","url":"https:\/\/goguided.tours\/wp-content\/uploads\/2025\/12\/\u05dc\u05d0-\u05e2\u05d5\u05d3-\u05e1\u05d9\u05d5\u05e8-\u05d1\u05e2\u05d5\u05d8\u05e3-\u05e2\u05d6\u05d4-\u05d0\u05dc\u05d0-\u05e2\u05d3\u05d5\u05ea-\u05d0\u05d9\u05e9\u05d9\u05ea.webp","contentUrl":"https:\/\/goguided.tours\/wp-content\/uploads\/2025\/12\/\u05dc\u05d0-\u05e2\u05d5\u05d3-\u05e1\u05d9\u05d5\u05e8-\u05d1\u05e2\u05d5\u05d8\u05e3-\u05e2\u05d6\u05d4-\u05d0\u05dc\u05d0-\u05e2\u05d3\u05d5\u05ea-\u05d0\u05d9\u05e9\u05d9\u05ea.webp","width":1024,"height":768,"caption":"\u05dc\u05d0 \u05e2\u05d5\u05d3 \u05e1\u05d9\u05d5\u05e8 (\u05d1\u05e2\u05d5\u05d8\u05e3 \u05e2\u05d6\u05d4), \u05d0\u05dc\u05d0 \u05e2\u05d3\u05d5\u05ea \u05d0\u05d9\u05e9\u05d9\u05ea"},{"@type":"BreadcrumbList","@id":"https:\/\/goguided.tours\/goto\/personal-testimony-gaza-envelope-tour\/#breadcrumb","itemListElement":[{"@type":"ListItem","position":1,"name":"\u05d3\u05e3 \u05d4\u05d1\u05d9\u05ea","item":"https:\/\/goguided.tours\/"},{"@type":"ListItem","position":2,"name":"\u05db\u05dc \u05d4\u05e4\u05e2\u05d9\u05dc\u05d5\u05d9\u05d5\u05ea","item":"https:\/\/goguided.tours\/shop\/"},{"@type":"ListItem","position":3,"name":"\u05dc\u05d0 \u05e2\u05d5\u05d3 \u05e1\u05d9\u05d5\u05e8 (\u05d1\u05e2\u05d5\u05d8\u05e3 \u05e2\u05d6\u05d4), \u05d0\u05dc\u05d0 \u05e2\u05d3\u05d5\u05ea \u05d0\u05d9\u05e9\u05d9\u05ea"}]},{"@type":"WebSite","@id":"https:\/\/goguided.tours\/#website","url":"https:\/\/goguided.tours\/","name":"Gu\u00eda Go","description":"","publisher":{"@id":"https:\/\/goguided.tours\/#organization"},"potentialAction":[{"@type":"SearchAction","target":{"@type":"EntryPoint","urlTemplate":"https:\/\/goguided.tours\/?s={search_term_string}"},"query-input":{"@type":"PropertyValueSpecification","valueRequired":true,"valueName":"search_term_string"}}],"inLanguage":"es"},{"@type":"Organization","@id":"https:\/\/goguided.tours\/#organization","name":"GoGuided","url":"https:\/\/goguided.tours\/","logo":{"@type":"ImageObject","inLanguage":"es","@id":"https:\/\/goguided.tours\/#\/schema\/logo\/image\/","url":"https:\/\/goguided.tours\/wp-content\/uploads\/2025\/05\/cropped-logo-guided.jpg","contentUrl":"https:\/\/goguided.tours\/wp-content\/uploads\/2025\/05\/cropped-logo-guided.jpg","width":500,"height":143,"caption":"GoGuided"},"image":{"@id":"https:\/\/goguided.tours\/#\/schema\/logo\/image\/"},"sameAs":["https:\/\/www.facebook.com\/profile.php?id=61556958375391","http:\/\/www.youtube.com\/@Guided-Tours","https:\/\/www.instagram.com\/goguided.he\/","https:\/\/www.tiktok.com\/@goguided.he"]}]}},"_links":{"self":[{"href":"https:\/\/goguided.tours\/es\/wp-json\/wp\/v2\/product\/18343","targetHints":{"allow":["GET"]}}],"collection":[{"href":"https:\/\/goguided.tours\/es\/wp-json\/wp\/v2\/product"}],"about":[{"href":"https:\/\/goguided.tours\/es\/wp-json\/wp\/v2\/types\/product"}],"author":[{"embeddable":true,"href":"https:\/\/goguided.tours\/es\/wp-json\/wp\/v2\/users\/33"}],"version-history":[{"count":11,"href":"https:\/\/goguided.tours\/es\/wp-json\/wp\/v2\/product\/18343\/revisions"}],"predecessor-version":[{"id":18363,"href":"https:\/\/goguided.tours\/es\/wp-json\/wp\/v2\/product\/18343\/revisions\/18363"}],"wp:featuredmedia":[{"embeddable":true,"href":"https:\/\/goguided.tours\/es\/wp-json\/wp\/v2\/media\/18344"}],"wp:attachment":[{"href":"https:\/\/goguided.tours\/es\/wp-json\/wp\/v2\/media?parent=18343"}],"wp:term":[{"taxonomy":"tour_area","embeddable":true,"href":"https:\/\/goguided.tours\/es\/wp-json\/wp\/v2\/tour_area?post=18343"},{"taxonomy":"tour_days","embeddable":true,"href":"https:\/\/goguided.tours\/es\/wp-json\/wp\/v2\/tour_days?post=18343"},{"taxonomy":"goto_type","embeddable":true,"href":"https:\/\/goguided.tours\/es\/wp-json\/wp\/v2\/goto_type?post=18343"},{"taxonomy":"tour_type","embeddable":true,"href":"https:\/\/goguided.tours\/es\/wp-json\/wp\/v2\/tour_type?post=18343"},{"taxonomy":"supported-language","embeddable":true,"href":"https:\/\/goguided.tours\/es\/wp-json\/wp\/v2\/supported-language?post=18343"},{"taxonomy":"product_cat","embeddable":true,"href":"https:\/\/goguided.tours\/es\/wp-json\/wp\/v2\/product_cat?post=18343"},{"taxonomy":"product_tag","embeddable":true,"href":"https:\/\/goguided.tours\/es\/wp-json\/wp\/v2\/product_tag?post=18343"},{"taxonomy":"activity_combo","embeddable":true,"href":"https:\/\/goguided.tours\/es\/wp-json\/wp\/v2\/activity_combo?post=18343"}],"curies":[{"name":"wp","href":"https:\/\/api.w.org\/{rel}","templated":true}]}}