{"id":18534,"date":"2026-01-08T18:01:16","date_gmt":"2026-01-08T16:01:16","guid":{"rendered":"https:\/\/goguided.tours\/?post_type=product&#038;p=18534"},"modified":"2026-04-10T12:57:55","modified_gmt":"2026-04-10T09:57:55","slug":"tour-privado-paleokastritsa","status":"publish","type":"product","link":"https:\/\/goguided.tours\/es\/goto\/private-tour-paleokastritsa\/","title":{"rendered":"Excursi\u00f3n privada a Faloska\u0161tirca | A los miradores y paisajes que no te puedes perder"},"excerpt":{"rendered":"","protected":false},"author":29,"featured_media":18539,"template":"","meta":{"_acf_changed":false,"_wp_rev_ctl_limit":""},"tour_area":[173],"tour_days":[],"goto_type":[119],"tour_type":[],"supported-language":[222,67],"product_cat":[113],"product_tag":[],"activity_combo":[157,158],"class_list":{"0":"post-18534","1":"product","2":"type-product","3":"status-publish","4":"has-post-thumbnail","6":"tour_area-trip-outside-the-city","7":"goto_type-tours","8":"supported-language-222","9":"supported-language-hebrew","10":"product_cat-corfu","11":"activity_combo-greece","12":"activity_combo-corfu","14":"first","15":"instock","16":"shipping-taxable","17":"product-type-simple"},"acf":[],"yoast_head":"<!-- This site is optimized with the Yoast SEO plugin v27.3 - https:\/\/yoast.com\/product\/yoast-seo-wordpress\/ -->\n<title>\u05d8\u05d9\u05d5\u05dc \u05e4\u05e8\u05d8\u05d9 \u05dc\u05e4\u05d0\u05dc\u05d5\u05e1\u05e7\u05e1\u05d8\u05d9\u05e8\u05e6\u05d4 | \u05d0\u05dc \u05d4\u05ea\u05e6\u05e4\u05d9\u05d5\u05ea \u05d5\u05d4\u05e0\u05d5\u05e4\u05d9\u05dd \u05e9\u05d0\u05e1\u05d5\u05e8 \u05dc\u05e4\u05e1\u05e4\u05e1<\/title>\n<meta name=\"description\" content=\"\u05e4\u05d0\u05dc\u05d5\u05e7\u05e1\u05d8\u05e8\u05d9\u05e6\u05d4, \u05d0\u05d7\u05ea \u05d4\u05e0\u05e7\u05d5\u05d3\u05d5\u05ea \u05d4\u05de\u05d9\u05d5\u05d7\u05d3\u05d5\u05ea \u05e0\u05e2\u05dc\u05d4 \u05dc\u05ea\u05e6\u05e4\u05d9\u05ea \u05e2\u05d5\u05e6\u05e8\u05ea \u05e0\u05e9\u05d9\u05de\u05d4 \u05d4\u05de\u05e9\u05e7\u05d9\u05e4\u05d4 \u05e2\u05dc \u05d4\u05d0\u05d6\u05d5\u05e8, \u05e0\u05de\u05e9\u05d9\u05da \u05dc\u05d8\u05e2\u05d9\u05de\u05d5\u05ea \u05e9\u05dc \u05de\u05e9\u05e7\u05d4 \u05de\u05e7\u05d5\u05de\u05d9 \u05de\u05e9\u05d5\u05d1\u05d7, \u05d4\u05e6\u05d9\u05dc\u05d5\u05dd \u05e9\u05dc \u201c\u05d4\u05de\u05d0\u05e1\u05d8\u05e8\u05d5 \u05d5\u05d4\u05d9\u05dd\u201d \u05d5\u05d0\u05e8\u05d5\u05d7\u05ea \u05e6\u05d4\u05e8\u05d9\u05d9\u05dd\" \/>\n<meta name=\"robots\" content=\"index, follow, max-snippet:-1, max-image-preview:large, max-video-preview:-1\" \/>\n<link rel=\"canonical\" href=\"https:\/\/goguided.tours\/es\/goto\/tour-privado-paleokastritsa\/\" \/>\n<meta property=\"og:locale\" content=\"es_ES\" \/>\n<meta property=\"og:type\" content=\"article\" \/>\n<meta property=\"og:title\" content=\"\u05d8\u05d9\u05d5\u05dc \u05e4\u05e8\u05d8\u05d9 \u05dc\u05e4\u05d0\u05dc\u05d5\u05e1\u05e7\u05e1\u05d8\u05d9\u05e8\u05e6\u05d4 | \u05d0\u05dc \u05d4\u05ea\u05e6\u05e4\u05d9\u05d5\u05ea \u05d5\u05d4\u05e0\u05d5\u05e4\u05d9\u05dd \u05e9\u05d0\u05e1\u05d5\u05e8 \u05dc\u05e4\u05e1\u05e4\u05e1\" \/>\n<meta property=\"og:description\" content=\"\u05e4\u05d0\u05dc\u05d5\u05e7\u05e1\u05d8\u05e8\u05d9\u05e6\u05d4, \u05d0\u05d7\u05ea \u05d4\u05e0\u05e7\u05d5\u05d3\u05d5\u05ea \u05d4\u05de\u05d9\u05d5\u05d7\u05d3\u05d5\u05ea \u05e0\u05e2\u05dc\u05d4 \u05dc\u05ea\u05e6\u05e4\u05d9\u05ea \u05e2\u05d5\u05e6\u05e8\u05ea \u05e0\u05e9\u05d9\u05de\u05d4 \u05d4\u05de\u05e9\u05e7\u05d9\u05e4\u05d4 \u05e2\u05dc \u05d4\u05d0\u05d6\u05d5\u05e8, \u05e0\u05de\u05e9\u05d9\u05da \u05dc\u05d8\u05e2\u05d9\u05de\u05d5\u05ea \u05e9\u05dc \u05de\u05e9\u05e7\u05d4 \u05de\u05e7\u05d5\u05de\u05d9 \u05de\u05e9\u05d5\u05d1\u05d7, \u05d4\u05e6\u05d9\u05dc\u05d5\u05dd \u05e9\u05dc \u201c\u05d4\u05de\u05d0\u05e1\u05d8\u05e8\u05d5 \u05d5\u05d4\u05d9\u05dd\u201d \u05d5\u05d0\u05e8\u05d5\u05d7\u05ea \u05e6\u05d4\u05e8\u05d9\u05d9\u05dd\" \/>\n<meta property=\"og:url\" content=\"https:\/\/goguided.tours\/es\/goto\/tour-privado-paleokastritsa\/\" \/>\n<meta property=\"og:site_name\" content=\"Go Guided\" \/>\n<meta property=\"article:publisher\" content=\"https:\/\/www.facebook.com\/profile.php?id=61556958375391\" \/>\n<meta property=\"article:modified_time\" content=\"2026-04-10T09:57:55+00:00\" \/>\n<meta property=\"og:image\" content=\"https:\/\/goguided.tours\/wp-content\/uploads\/2026\/01\/private-tour-paleokastritsa-2.png\" \/>\n\t<meta property=\"og:image:width\" content=\"600\" \/>\n\t<meta property=\"og:image:height\" content=\"600\" \/>\n\t<meta property=\"og:image:type\" content=\"image\/png\" \/>\n<meta name=\"twitter:card\" content=\"summary_large_image\" \/>\n<meta name=\"twitter:label1\" content=\"Tiempo de lectura\" \/>\n\t<meta name=\"twitter:data1\" content=\"1 minuto\" \/>\n<script type=\"application\/ld+json\" class=\"yoast-schema-graph\">{\"@context\":\"https:\\\/\\\/schema.org\",\"@graph\":[{\"@type\":\"WebPage\",\"@id\":\"https:\\\/\\\/goguided.tours\\\/goto\\\/private-tour-paleokastritsa\\\/\",\"url\":\"https:\\\/\\\/goguided.tours\\\/goto\\\/private-tour-paleokastritsa\\\/\",\"name\":\"\u05d8\u05d9\u05d5\u05dc \u05e4\u05e8\u05d8\u05d9 \u05dc\u05e4\u05d0\u05dc\u05d5\u05e1\u05e7\u05e1\u05d8\u05d9\u05e8\u05e6\u05d4 | \u05d0\u05dc \u05d4\u05ea\u05e6\u05e4\u05d9\u05d5\u05ea \u05d5\u05d4\u05e0\u05d5\u05e4\u05d9\u05dd \u05e9\u05d0\u05e1\u05d5\u05e8 \u05dc\u05e4\u05e1\u05e4\u05e1\",\"isPartOf\":{\"@id\":\"https:\\\/\\\/goguided.tours\\\/#website\"},\"primaryImageOfPage\":{\"@id\":\"https:\\\/\\\/goguided.tours\\\/goto\\\/private-tour-paleokastritsa\\\/#primaryimage\"},\"image\":{\"@id\":\"https:\\\/\\\/goguided.tours\\\/goto\\\/private-tour-paleokastritsa\\\/#primaryimage\"},\"thumbnailUrl\":\"https:\\\/\\\/goguided.tours\\\/wp-content\\\/uploads\\\/2026\\\/01\\\/private-tour-paleokastritsa-5.png\",\"datePublished\":\"2026-01-08T16:01:16+00:00\",\"dateModified\":\"2026-04-10T09:57:55+00:00\",\"description\":\"\u05e4\u05d0\u05dc\u05d5\u05e7\u05e1\u05d8\u05e8\u05d9\u05e6\u05d4, \u05d0\u05d7\u05ea \u05d4\u05e0\u05e7\u05d5\u05d3\u05d5\u05ea \u05d4\u05de\u05d9\u05d5\u05d7\u05d3\u05d5\u05ea \u05e0\u05e2\u05dc\u05d4 \u05dc\u05ea\u05e6\u05e4\u05d9\u05ea \u05e2\u05d5\u05e6\u05e8\u05ea \u05e0\u05e9\u05d9\u05de\u05d4 \u05d4\u05de\u05e9\u05e7\u05d9\u05e4\u05d4 \u05e2\u05dc \u05d4\u05d0\u05d6\u05d5\u05e8, \u05e0\u05de\u05e9\u05d9\u05da \u05dc\u05d8\u05e2\u05d9\u05de\u05d5\u05ea \u05e9\u05dc \u05de\u05e9\u05e7\u05d4 \u05de\u05e7\u05d5\u05de\u05d9 \u05de\u05e9\u05d5\u05d1\u05d7, \u05d4\u05e6\u05d9\u05dc\u05d5\u05dd \u05e9\u05dc \u201c\u05d4\u05de\u05d0\u05e1\u05d8\u05e8\u05d5 \u05d5\u05d4\u05d9\u05dd\u201d \u05d5\u05d0\u05e8\u05d5\u05d7\u05ea \u05e6\u05d4\u05e8\u05d9\u05d9\u05dd\",\"breadcrumb\":{\"@id\":\"https:\\\/\\\/goguided.tours\\\/goto\\\/private-tour-paleokastritsa\\\/#breadcrumb\"},\"inLanguage\":\"es\",\"potentialAction\":[{\"@type\":\"ReadAction\",\"target\":[\"https:\\\/\\\/goguided.tours\\\/goto\\\/private-tour-paleokastritsa\\\/\"]}]},{\"@type\":\"ImageObject\",\"inLanguage\":\"es\",\"@id\":\"https:\\\/\\\/goguided.tours\\\/goto\\\/private-tour-paleokastritsa\\\/#primaryimage\",\"url\":\"https:\\\/\\\/goguided.tours\\\/wp-content\\\/uploads\\\/2026\\\/01\\\/private-tour-paleokastritsa-5.png\",\"contentUrl\":\"https:\\\/\\\/goguided.tours\\\/wp-content\\\/uploads\\\/2026\\\/01\\\/private-tour-paleokastritsa-5.png\",\"width\":600,\"height\":600,\"caption\":\"\u05d8\u05d9\u05d5\u05dc \u05e4\u05e8\u05d8\u05d9 \u05dc\u05e4\u05d0\u05dc\u05d5\u05e1\u05e7\u05e1\u05d8\u05d9\u05e8\u05e6\u05d4\"},{\"@type\":\"BreadcrumbList\",\"@id\":\"https:\\\/\\\/goguided.tours\\\/goto\\\/private-tour-paleokastritsa\\\/#breadcrumb\",\"itemListElement\":[{\"@type\":\"ListItem\",\"position\":1,\"name\":\"\u05d3\u05e3 \u05d4\u05d1\u05d9\u05ea\",\"item\":\"https:\\\/\\\/goguided.tours\\\/\"},{\"@type\":\"ListItem\",\"position\":2,\"name\":\"\u05db\u05dc \u05d4\u05e4\u05e2\u05d9\u05dc\u05d5\u05d9\u05d5\u05ea\",\"item\":\"https:\\\/\\\/goguided.tours\\\/shop\\\/\"},{\"@type\":\"ListItem\",\"position\":3,\"name\":\"\u05d8\u05d9\u05d5\u05dc \u05e4\u05e8\u05d8\u05d9 \u05dc\u05e4\u05d0\u05dc\u05d5\u05e1\u05e7\u05e1\u05d8\u05d9\u05e8\u05e6\u05d4 | \u05d0\u05dc \u05d4\u05ea\u05e6\u05e4\u05d9\u05d5\u05ea \u05d5\u05d4\u05e0\u05d5\u05e4\u05d9\u05dd \u05e9\u05d0\u05e1\u05d5\u05e8 \u05dc\u05e4\u05e1\u05e4\u05e1\"}]},{\"@type\":\"WebSite\",\"@id\":\"https:\\\/\\\/goguided.tours\\\/#website\",\"url\":\"https:\\\/\\\/goguided.tours\\\/\",\"name\":\"Go Guided\",\"description\":\"\",\"publisher\":{\"@id\":\"https:\\\/\\\/goguided.tours\\\/#organization\"},\"potentialAction\":[{\"@type\":\"SearchAction\",\"target\":{\"@type\":\"EntryPoint\",\"urlTemplate\":\"https:\\\/\\\/goguided.tours\\\/?s={search_term_string}\"},\"query-input\":{\"@type\":\"PropertyValueSpecification\",\"valueRequired\":true,\"valueName\":\"search_term_string\"}}],\"inLanguage\":\"es\"},{\"@type\":\"Organization\",\"@id\":\"https:\\\/\\\/goguided.tours\\\/#organization\",\"name\":\"GoGuided\",\"url\":\"https:\\\/\\\/goguided.tours\\\/\",\"logo\":{\"@type\":\"ImageObject\",\"inLanguage\":\"es\",\"@id\":\"https:\\\/\\\/goguided.tours\\\/#\\\/schema\\\/logo\\\/image\\\/\",\"url\":\"https:\\\/\\\/goguided.tours\\\/wp-content\\\/uploads\\\/2025\\\/05\\\/cropped-logo-guided.jpg\",\"contentUrl\":\"https:\\\/\\\/goguided.tours\\\/wp-content\\\/uploads\\\/2025\\\/05\\\/cropped-logo-guided.jpg\",\"width\":500,\"height\":143,\"caption\":\"GoGuided\"},\"image\":{\"@id\":\"https:\\\/\\\/goguided.tours\\\/#\\\/schema\\\/logo\\\/image\\\/\"},\"sameAs\":[\"https:\\\/\\\/www.facebook.com\\\/profile.php?id=61556958375391\",\"http:\\\/\\\/www.youtube.com\\\/@Guided-Tours\",\"https:\\\/\\\/www.instagram.com\\\/goguided.he\\\/\",\"https:\\\/\\\/www.tiktok.com\\\/@goguided.he\"]}]}<\/script>\n<!-- \/ Yoast SEO plugin. -->","yoast_head_json":{"title":"Excursi\u00f3n privada a Faloska\u0161tirca | A los miradores y paisajes que no te puedes perder","description":"Faloustra, uno de los lugares m\u00e1s especiales, subiremos a un mirador impresionante con vistas a la zona, continuaremos con una degustaci\u00f3n de una excelente bebida local, la foto del \u201cmaestro y el mar\u201d y el almuerzo.","robots":{"index":"index","follow":"follow","max-snippet":"max-snippet:-1","max-image-preview":"max-image-preview:large","max-video-preview":"max-video-preview:-1"},"canonical":"https:\/\/goguided.tours\/es\/goto\/tour-privado-paleokastritsa\/","og_locale":"es_ES","og_type":"article","og_title":"\u05d8\u05d9\u05d5\u05dc \u05e4\u05e8\u05d8\u05d9 \u05dc\u05e4\u05d0\u05dc\u05d5\u05e1\u05e7\u05e1\u05d8\u05d9\u05e8\u05e6\u05d4 | \u05d0\u05dc \u05d4\u05ea\u05e6\u05e4\u05d9\u05d5\u05ea \u05d5\u05d4\u05e0\u05d5\u05e4\u05d9\u05dd \u05e9\u05d0\u05e1\u05d5\u05e8 \u05dc\u05e4\u05e1\u05e4\u05e1","og_description":"\u05e4\u05d0\u05dc\u05d5\u05e7\u05e1\u05d8\u05e8\u05d9\u05e6\u05d4, \u05d0\u05d7\u05ea \u05d4\u05e0\u05e7\u05d5\u05d3\u05d5\u05ea \u05d4\u05de\u05d9\u05d5\u05d7\u05d3\u05d5\u05ea \u05e0\u05e2\u05dc\u05d4 \u05dc\u05ea\u05e6\u05e4\u05d9\u05ea \u05e2\u05d5\u05e6\u05e8\u05ea \u05e0\u05e9\u05d9\u05de\u05d4 \u05d4\u05de\u05e9\u05e7\u05d9\u05e4\u05d4 \u05e2\u05dc \u05d4\u05d0\u05d6\u05d5\u05e8, \u05e0\u05de\u05e9\u05d9\u05da \u05dc\u05d8\u05e2\u05d9\u05de\u05d5\u05ea \u05e9\u05dc \u05de\u05e9\u05e7\u05d4 \u05de\u05e7\u05d5\u05de\u05d9 \u05de\u05e9\u05d5\u05d1\u05d7, \u05d4\u05e6\u05d9\u05dc\u05d5\u05dd \u05e9\u05dc \u201c\u05d4\u05de\u05d0\u05e1\u05d8\u05e8\u05d5 \u05d5\u05d4\u05d9\u05dd\u201d \u05d5\u05d0\u05e8\u05d5\u05d7\u05ea \u05e6\u05d4\u05e8\u05d9\u05d9\u05dd","og_url":"https:\/\/goguided.tours\/es\/goto\/tour-privado-paleokastritsa\/","og_site_name":"Go Guided","article_publisher":"https:\/\/www.facebook.com\/profile.php?id=61556958375391","article_modified_time":"2026-04-10T09:57:55+00:00","og_image":[{"width":600,"height":600,"url":"https:\/\/goguided.tours\/wp-content\/uploads\/2026\/01\/private-tour-paleokastritsa-2.png","type":"image\/png"}],"twitter_card":"summary_large_image","twitter_misc":{"Tiempo de lectura":"1 minuto"},"schema":{"@context":"https:\/\/schema.org","@graph":[{"@type":"WebPage","@id":"https:\/\/goguided.tours\/goto\/private-tour-paleokastritsa\/","url":"https:\/\/goguided.tours\/goto\/private-tour-paleokastritsa\/","name":"Excursi\u00f3n privada a Faloska\u0161tirca | A los miradores y paisajes que no te puedes perder","isPartOf":{"@id":"https:\/\/goguided.tours\/#website"},"primaryImageOfPage":{"@id":"https:\/\/goguided.tours\/goto\/private-tour-paleokastritsa\/#primaryimage"},"image":{"@id":"https:\/\/goguided.tours\/goto\/private-tour-paleokastritsa\/#primaryimage"},"thumbnailUrl":"https:\/\/goguided.tours\/wp-content\/uploads\/2026\/01\/private-tour-paleokastritsa-5.png","datePublished":"2026-01-08T16:01:16+00:00","dateModified":"2026-04-10T09:57:55+00:00","description":"Faloustra, uno de los lugares m\u00e1s especiales, subiremos a un mirador impresionante con vistas a la zona, continuaremos con una degustaci\u00f3n de una excelente bebida local, la foto del \u201cmaestro y el mar\u201d y el almuerzo.","breadcrumb":{"@id":"https:\/\/goguided.tours\/goto\/private-tour-paleokastritsa\/#breadcrumb"},"inLanguage":"es","potentialAction":[{"@type":"ReadAction","target":["https:\/\/goguided.tours\/goto\/private-tour-paleokastritsa\/"]}]},{"@type":"ImageObject","inLanguage":"es","@id":"https:\/\/goguided.tours\/goto\/private-tour-paleokastritsa\/#primaryimage","url":"https:\/\/goguided.tours\/wp-content\/uploads\/2026\/01\/private-tour-paleokastritsa-5.png","contentUrl":"https:\/\/goguided.tours\/wp-content\/uploads\/2026\/01\/private-tour-paleokastritsa-5.png","width":600,"height":600,"caption":"\u05d8\u05d9\u05d5\u05dc \u05e4\u05e8\u05d8\u05d9 \u05dc\u05e4\u05d0\u05dc\u05d5\u05e1\u05e7\u05e1\u05d8\u05d9\u05e8\u05e6\u05d4"},{"@type":"BreadcrumbList","@id":"https:\/\/goguided.tours\/goto\/private-tour-paleokastritsa\/#breadcrumb","itemListElement":[{"@type":"ListItem","position":1,"name":"\u05d3\u05e3 \u05d4\u05d1\u05d9\u05ea","item":"https:\/\/goguided.tours\/"},{"@type":"ListItem","position":2,"name":"\u05db\u05dc \u05d4\u05e4\u05e2\u05d9\u05dc\u05d5\u05d9\u05d5\u05ea","item":"https:\/\/goguided.tours\/shop\/"},{"@type":"ListItem","position":3,"name":"\u05d8\u05d9\u05d5\u05dc \u05e4\u05e8\u05d8\u05d9 \u05dc\u05e4\u05d0\u05dc\u05d5\u05e1\u05e7\u05e1\u05d8\u05d9\u05e8\u05e6\u05d4 | \u05d0\u05dc \u05d4\u05ea\u05e6\u05e4\u05d9\u05d5\u05ea \u05d5\u05d4\u05e0\u05d5\u05e4\u05d9\u05dd \u05e9\u05d0\u05e1\u05d5\u05e8 \u05dc\u05e4\u05e1\u05e4\u05e1"}]},{"@type":"WebSite","@id":"https:\/\/goguided.tours\/#website","url":"https:\/\/goguided.tours\/","name":"Gu\u00eda Go","description":"","publisher":{"@id":"https:\/\/goguided.tours\/#organization"},"potentialAction":[{"@type":"SearchAction","target":{"@type":"EntryPoint","urlTemplate":"https:\/\/goguided.tours\/?s={search_term_string}"},"query-input":{"@type":"PropertyValueSpecification","valueRequired":true,"valueName":"search_term_string"}}],"inLanguage":"es"},{"@type":"Organization","@id":"https:\/\/goguided.tours\/#organization","name":"GoGuided","url":"https:\/\/goguided.tours\/","logo":{"@type":"ImageObject","inLanguage":"es","@id":"https:\/\/goguided.tours\/#\/schema\/logo\/image\/","url":"https:\/\/goguided.tours\/wp-content\/uploads\/2025\/05\/cropped-logo-guided.jpg","contentUrl":"https:\/\/goguided.tours\/wp-content\/uploads\/2025\/05\/cropped-logo-guided.jpg","width":500,"height":143,"caption":"GoGuided"},"image":{"@id":"https:\/\/goguided.tours\/#\/schema\/logo\/image\/"},"sameAs":["https:\/\/www.facebook.com\/profile.php?id=61556958375391","http:\/\/www.youtube.com\/@Guided-Tours","https:\/\/www.instagram.com\/goguided.he\/","https:\/\/www.tiktok.com\/@goguided.he"]}]}},"_links":{"self":[{"href":"https:\/\/goguided.tours\/es\/wp-json\/wp\/v2\/product\/18534","targetHints":{"allow":["GET"]}}],"collection":[{"href":"https:\/\/goguided.tours\/es\/wp-json\/wp\/v2\/product"}],"about":[{"href":"https:\/\/goguided.tours\/es\/wp-json\/wp\/v2\/types\/product"}],"author":[{"embeddable":true,"href":"https:\/\/goguided.tours\/es\/wp-json\/wp\/v2\/users\/29"}],"version-history":[{"count":12,"href":"https:\/\/goguided.tours\/es\/wp-json\/wp\/v2\/product\/18534\/revisions"}],"predecessor-version":[{"id":21213,"href":"https:\/\/goguided.tours\/es\/wp-json\/wp\/v2\/product\/18534\/revisions\/21213"}],"wp:featuredmedia":[{"embeddable":true,"href":"https:\/\/goguided.tours\/es\/wp-json\/wp\/v2\/media\/18539"}],"wp:attachment":[{"href":"https:\/\/goguided.tours\/es\/wp-json\/wp\/v2\/media?parent=18534"}],"wp:term":[{"taxonomy":"tour_area","embeddable":true,"href":"https:\/\/goguided.tours\/es\/wp-json\/wp\/v2\/tour_area?post=18534"},{"taxonomy":"tour_days","embeddable":true,"href":"https:\/\/goguided.tours\/es\/wp-json\/wp\/v2\/tour_days?post=18534"},{"taxonomy":"goto_type","embeddable":true,"href":"https:\/\/goguided.tours\/es\/wp-json\/wp\/v2\/goto_type?post=18534"},{"taxonomy":"tour_type","embeddable":true,"href":"https:\/\/goguided.tours\/es\/wp-json\/wp\/v2\/tour_type?post=18534"},{"taxonomy":"supported-language","embeddable":true,"href":"https:\/\/goguided.tours\/es\/wp-json\/wp\/v2\/supported-language?post=18534"},{"taxonomy":"product_cat","embeddable":true,"href":"https:\/\/goguided.tours\/es\/wp-json\/wp\/v2\/product_cat?post=18534"},{"taxonomy":"product_tag","embeddable":true,"href":"https:\/\/goguided.tours\/es\/wp-json\/wp\/v2\/product_tag?post=18534"},{"taxonomy":"activity_combo","embeddable":true,"href":"https:\/\/goguided.tours\/es\/wp-json\/wp\/v2\/activity_combo?post=18534"}],"curies":[{"name":"wp","href":"https:\/\/api.w.org\/{rel}","templated":true}]}}