{"id":19347,"date":"2026-01-21T15:01:29","date_gmt":"2026-01-21T13:01:29","guid":{"rendered":"https:\/\/goguided.tours\/?post_type=product&#038;p=19347"},"modified":"2026-04-13T12:21:39","modified_gmt":"2026-04-13T09:21:39","slug":"kosher-druze-hospitalidad-tour-culinario-isfiya","status":"publish","type":"product","link":"https:\/\/goguided.tours\/es\/goto\/kosher-druze-hospitality-culinary-tour-isfiya\/","title":{"rendered":"Tour gastron\u00f3mico por Usfiya, con hospitalidad drusa kosher"},"excerpt":{"rendered":"","protected":false},"author":53,"featured_media":19351,"template":"","meta":{"_acf_changed":false,"_wp_rev_ctl_limit":""},"tour_area":[237],"tour_days":[],"goto_type":[119],"tour_type":[72],"supported-language":[68,67],"product_cat":[115],"product_tag":[],"activity_combo":[168,152],"class_list":{"0":"post-19347","1":"product","2":"type-product","3":"status-publish","4":"has-post-thumbnail","6":"tour_area-isfiya","7":"goto_type-tours","8":"tour_type-food","9":"supported-language-english","10":"supported-language-hebrew","11":"product_cat-haifa","12":"activity_combo-haifa","13":"activity_combo-israel","15":"first","16":"instock","17":"sold-individually","18":"shipping-taxable","19":"purchasable","20":"product-type-booking"},"acf":[],"yoast_head":"<!-- This site is optimized with the Yoast SEO plugin v27.4 - https:\/\/yoast.com\/product\/yoast-seo-wordpress\/ -->\n<title>\u05e1\u05d9\u05d5\u05e8 \u05e7\u05d5\u05dc\u05d9\u05e0\u05e8\u05d9 \u05d1\u05e2\u05d5\u05e1\u05e4\u05d9\u05d0 - \u05e2\u05dd \u05d0\u05d9\u05e8\u05d5\u05d7 \u05d3\u05e8\u05d5\u05d6\u05d9 \u05db\u05e9\u05e8<\/title>\n<meta name=\"description\" content=\"\u05d0\u05d9\u05dc\u05d5 \u05d0\u05d5\u05e6\u05e8\u05d5\u05ea \u05d4\u05ea\u05d2\u05dc\u05d5 \u05d1\u05db\u05e4\u05e8? \u05db\u05d9\u05e6\u05d3 \u05e9\u05de\u05dc\u05d4 \u05ea\u05e8\u05de\u05d4 \u05dc\u05d1\u05e8\u05d9\u05ea \u05d1\u05d9\u05df \u05d4\u05d3\u05e8\u05d5\u05d6\u05d9\u05dd \u05dc\u05d9\u05d4\u05d5\u05d3\u05d9\u05dd? \u05db\u05d9\u05e6\u05d3 \u05ea\u05e8\u05dd \u05d4\u05db\u05e4\u05e8 \u05dc\u05d4\u05ea\u05e4\u05ea\u05d7\u05d5\u05ea \u05d4\u05e7\u05d5\u05dc\u05e0\u05d5\u05e2 \u05d1\u05d9\u05e9\u05e8\u05d0\u05dc? \u05d5\u05de\u05d9 \u05d4\u05dd \u05d4\u05d9\u05d4\u05d5\u05d3\u05d9\u05dd \u05d4\u05d4\u05d6\u05d5\u05d9\u05d9\u05dd \u05e9\u05d2\u05e8\u05d9\u05dd \u05d1\u05db\u05e4\u05e8 \u05d4\u05d6\u05d4? \u05d0\u05e0\u05d7\u05e0\u05d5!\" \/>\n<meta name=\"robots\" content=\"index, follow, max-snippet:-1, max-image-preview:large, max-video-preview:-1\" \/>\n<link rel=\"canonical\" href=\"https:\/\/goguided.tours\/es\/goto\/kosher-druze-hospitalidad-tour-culinario-isfiya\/\" \/>\n<meta property=\"og:locale\" content=\"es_ES\" \/>\n<meta property=\"og:type\" content=\"article\" \/>\n<meta property=\"og:title\" content=\"\u05e1\u05d9\u05d5\u05e8 \u05e7\u05d5\u05dc\u05d9\u05e0\u05e8\u05d9 \u05d1\u05e2\u05d5\u05e1\u05e4\u05d9\u05d0 - \u05e2\u05dd \u05d0\u05d9\u05e8\u05d5\u05d7 \u05d3\u05e8\u05d5\u05d6\u05d9 \u05db\u05e9\u05e8\" \/>\n<meta property=\"og:description\" content=\"\u05d0\u05d9\u05dc\u05d5 \u05d0\u05d5\u05e6\u05e8\u05d5\u05ea \u05d4\u05ea\u05d2\u05dc\u05d5 \u05d1\u05db\u05e4\u05e8? \u05db\u05d9\u05e6\u05d3 \u05e9\u05de\u05dc\u05d4 \u05ea\u05e8\u05de\u05d4 \u05dc\u05d1\u05e8\u05d9\u05ea \u05d1\u05d9\u05df \u05d4\u05d3\u05e8\u05d5\u05d6\u05d9\u05dd \u05dc\u05d9\u05d4\u05d5\u05d3\u05d9\u05dd? \u05db\u05d9\u05e6\u05d3 \u05ea\u05e8\u05dd \u05d4\u05db\u05e4\u05e8 \u05dc\u05d4\u05ea\u05e4\u05ea\u05d7\u05d5\u05ea \u05d4\u05e7\u05d5\u05dc\u05e0\u05d5\u05e2 \u05d1\u05d9\u05e9\u05e8\u05d0\u05dc? \u05d5\u05de\u05d9 \u05d4\u05dd \u05d4\u05d9\u05d4\u05d5\u05d3\u05d9\u05dd \u05d4\u05d4\u05d6\u05d5\u05d9\u05d9\u05dd \u05e9\u05d2\u05e8\u05d9\u05dd \u05d1\u05db\u05e4\u05e8 \u05d4\u05d6\u05d4? \u05d0\u05e0\u05d7\u05e0\u05d5!\" \/>\n<meta property=\"og:url\" content=\"https:\/\/goguided.tours\/es\/goto\/kosher-druze-hospitalidad-tour-culinario-isfiya\/\" \/>\n<meta property=\"og:site_name\" content=\"Go Guided\" \/>\n<meta property=\"article:publisher\" content=\"https:\/\/www.facebook.com\/profile.php?id=61556958375391\" \/>\n<meta property=\"article:modified_time\" content=\"2026-04-13T09:21:39+00:00\" \/>\n<meta property=\"og:image\" content=\"https:\/\/goguided.tours\/wp-content\/uploads\/2026\/01\/\u05e1\u05d9\u05d5\u05e8-\u05e7\u05d5\u05dc\u05d9\u05e0\u05e8\u05d9-\u05d1\u05e2\u05d5\u05e1\u05e4\u05d9\u05d0-\u2013-\u05e2\u05dd-\u05d0\u05d9\u05e8\u05d5\u05d7-\u05d3\u05e8\u05d5\u05d6\u05d9-\u05db\u05e9\u05e8-6.jpg\" \/>\n\t<meta property=\"og:image:width\" content=\"1600\" \/>\n\t<meta property=\"og:image:height\" content=\"1198\" \/>\n\t<meta property=\"og:image:type\" content=\"image\/jpeg\" \/>\n<meta name=\"twitter:card\" content=\"summary_large_image\" \/>\n<meta name=\"twitter:label1\" content=\"Tiempo de lectura\" \/>\n\t<meta name=\"twitter:data1\" content=\"1 minuto\" \/>\n<script type=\"application\/ld+json\" class=\"yoast-schema-graph\">{\"@context\":\"https:\\\/\\\/schema.org\",\"@graph\":[{\"@type\":\"WebPage\",\"@id\":\"https:\\\/\\\/goguided.tours\\\/goto\\\/kosher-druze-hospitality-culinary-tour-isfiya\\\/\",\"url\":\"https:\\\/\\\/goguided.tours\\\/goto\\\/kosher-druze-hospitality-culinary-tour-isfiya\\\/\",\"name\":\"\u05e1\u05d9\u05d5\u05e8 \u05e7\u05d5\u05dc\u05d9\u05e0\u05e8\u05d9 \u05d1\u05e2\u05d5\u05e1\u05e4\u05d9\u05d0 - \u05e2\u05dd \u05d0\u05d9\u05e8\u05d5\u05d7 \u05d3\u05e8\u05d5\u05d6\u05d9 \u05db\u05e9\u05e8\",\"isPartOf\":{\"@id\":\"https:\\\/\\\/goguided.tours\\\/#website\"},\"primaryImageOfPage\":{\"@id\":\"https:\\\/\\\/goguided.tours\\\/goto\\\/kosher-druze-hospitality-culinary-tour-isfiya\\\/#primaryimage\"},\"image\":{\"@id\":\"https:\\\/\\\/goguided.tours\\\/goto\\\/kosher-druze-hospitality-culinary-tour-isfiya\\\/#primaryimage\"},\"thumbnailUrl\":\"https:\\\/\\\/goguided.tours\\\/wp-content\\\/uploads\\\/2026\\\/01\\\/\u05e1\u05d9\u05d5\u05e8-\u05e7\u05d5\u05dc\u05d9\u05e0\u05e8\u05d9-\u05d1\u05e2\u05d5\u05e1\u05e4\u05d9\u05d0-\u2013-\u05e2\u05dd-\u05d0\u05d9\u05e8\u05d5\u05d7-\u05d3\u05e8\u05d5\u05d6\u05d9-\u05db\u05e9\u05e8-25.jpg\",\"datePublished\":\"2026-01-21T13:01:29+00:00\",\"dateModified\":\"2026-04-13T09:21:39+00:00\",\"description\":\"\u05d0\u05d9\u05dc\u05d5 \u05d0\u05d5\u05e6\u05e8\u05d5\u05ea \u05d4\u05ea\u05d2\u05dc\u05d5 \u05d1\u05db\u05e4\u05e8? \u05db\u05d9\u05e6\u05d3 \u05e9\u05de\u05dc\u05d4 \u05ea\u05e8\u05de\u05d4 \u05dc\u05d1\u05e8\u05d9\u05ea \u05d1\u05d9\u05df \u05d4\u05d3\u05e8\u05d5\u05d6\u05d9\u05dd \u05dc\u05d9\u05d4\u05d5\u05d3\u05d9\u05dd? \u05db\u05d9\u05e6\u05d3 \u05ea\u05e8\u05dd \u05d4\u05db\u05e4\u05e8 \u05dc\u05d4\u05ea\u05e4\u05ea\u05d7\u05d5\u05ea \u05d4\u05e7\u05d5\u05dc\u05e0\u05d5\u05e2 \u05d1\u05d9\u05e9\u05e8\u05d0\u05dc? \u05d5\u05de\u05d9 \u05d4\u05dd \u05d4\u05d9\u05d4\u05d5\u05d3\u05d9\u05dd \u05d4\u05d4\u05d6\u05d5\u05d9\u05d9\u05dd \u05e9\u05d2\u05e8\u05d9\u05dd \u05d1\u05db\u05e4\u05e8 \u05d4\u05d6\u05d4? \u05d0\u05e0\u05d7\u05e0\u05d5!\",\"breadcrumb\":{\"@id\":\"https:\\\/\\\/goguided.tours\\\/goto\\\/kosher-druze-hospitality-culinary-tour-isfiya\\\/#breadcrumb\"},\"inLanguage\":\"es\",\"potentialAction\":[{\"@type\":\"ReadAction\",\"target\":[\"https:\\\/\\\/goguided.tours\\\/goto\\\/kosher-druze-hospitality-culinary-tour-isfiya\\\/\"]}]},{\"@type\":\"ImageObject\",\"inLanguage\":\"es\",\"@id\":\"https:\\\/\\\/goguided.tours\\\/goto\\\/kosher-druze-hospitality-culinary-tour-isfiya\\\/#primaryimage\",\"url\":\"https:\\\/\\\/goguided.tours\\\/wp-content\\\/uploads\\\/2026\\\/01\\\/\u05e1\u05d9\u05d5\u05e8-\u05e7\u05d5\u05dc\u05d9\u05e0\u05e8\u05d9-\u05d1\u05e2\u05d5\u05e1\u05e4\u05d9\u05d0-\u2013-\u05e2\u05dd-\u05d0\u05d9\u05e8\u05d5\u05d7-\u05d3\u05e8\u05d5\u05d6\u05d9-\u05db\u05e9\u05e8-25.jpg\",\"contentUrl\":\"https:\\\/\\\/goguided.tours\\\/wp-content\\\/uploads\\\/2026\\\/01\\\/\u05e1\u05d9\u05d5\u05e8-\u05e7\u05d5\u05dc\u05d9\u05e0\u05e8\u05d9-\u05d1\u05e2\u05d5\u05e1\u05e4\u05d9\u05d0-\u2013-\u05e2\u05dd-\u05d0\u05d9\u05e8\u05d5\u05d7-\u05d3\u05e8\u05d5\u05d6\u05d9-\u05db\u05e9\u05e8-25.jpg\",\"width\":2560,\"height\":1440,\"caption\":\"\u05e1\u05d9\u05d5\u05e8 \u05e7\u05d5\u05dc\u05d9\u05e0\u05e8\u05d9 \u05d1\u05e2\u05d5\u05e1\u05e4\u05d9\u05d0 - \u05e2\u05dd \u05d0\u05d9\u05e8\u05d5\u05d7 \u05d3\u05e8\u05d5\u05d6\u05d9 \u05db\u05e9\u05e8\"},{\"@type\":\"BreadcrumbList\",\"@id\":\"https:\\\/\\\/goguided.tours\\\/goto\\\/kosher-druze-hospitality-culinary-tour-isfiya\\\/#breadcrumb\",\"itemListElement\":[{\"@type\":\"ListItem\",\"position\":1,\"name\":\"\u05d3\u05e3 \u05d4\u05d1\u05d9\u05ea\",\"item\":\"https:\\\/\\\/goguided.tours\\\/\"},{\"@type\":\"ListItem\",\"position\":2,\"name\":\"\u05db\u05dc \u05d4\u05e4\u05e2\u05d9\u05dc\u05d5\u05d9\u05d5\u05ea\",\"item\":\"https:\\\/\\\/goguided.tours\\\/shop\\\/\"},{\"@type\":\"ListItem\",\"position\":3,\"name\":\"\u05e1\u05d9\u05d5\u05e8 \u05e7\u05d5\u05dc\u05d9\u05e0\u05e8\u05d9 \u05d1\u05e2\u05d5\u05e1\u05e4\u05d9\u05d0 &#8211; \u05e2\u05dd \u05d0\u05d9\u05e8\u05d5\u05d7 \u05d3\u05e8\u05d5\u05d6\u05d9 \u05db\u05e9\u05e8\"}]},{\"@type\":\"WebSite\",\"@id\":\"https:\\\/\\\/goguided.tours\\\/#website\",\"url\":\"https:\\\/\\\/goguided.tours\\\/\",\"name\":\"Go Guided\",\"description\":\"\",\"publisher\":{\"@id\":\"https:\\\/\\\/goguided.tours\\\/#organization\"},\"potentialAction\":[{\"@type\":\"SearchAction\",\"target\":{\"@type\":\"EntryPoint\",\"urlTemplate\":\"https:\\\/\\\/goguided.tours\\\/?s={search_term_string}\"},\"query-input\":{\"@type\":\"PropertyValueSpecification\",\"valueRequired\":true,\"valueName\":\"search_term_string\"}}],\"inLanguage\":\"es\"},{\"@type\":\"Organization\",\"@id\":\"https:\\\/\\\/goguided.tours\\\/#organization\",\"name\":\"GoGuided\",\"url\":\"https:\\\/\\\/goguided.tours\\\/\",\"logo\":{\"@type\":\"ImageObject\",\"inLanguage\":\"es\",\"@id\":\"https:\\\/\\\/goguided.tours\\\/#\\\/schema\\\/logo\\\/image\\\/\",\"url\":\"https:\\\/\\\/goguided.tours\\\/wp-content\\\/uploads\\\/2025\\\/05\\\/cropped-logo-guided.jpg\",\"contentUrl\":\"https:\\\/\\\/goguided.tours\\\/wp-content\\\/uploads\\\/2025\\\/05\\\/cropped-logo-guided.jpg\",\"width\":500,\"height\":143,\"caption\":\"GoGuided\"},\"image\":{\"@id\":\"https:\\\/\\\/goguided.tours\\\/#\\\/schema\\\/logo\\\/image\\\/\"},\"sameAs\":[\"https:\\\/\\\/www.facebook.com\\\/profile.php?id=61556958375391\",\"http:\\\/\\\/www.youtube.com\\\/@Guided-Tours\",\"https:\\\/\\\/www.instagram.com\\\/goguided.he\\\/\",\"https:\\\/\\\/www.tiktok.com\\\/@goguided.he\"]}]}<\/script>\n<!-- \/ Yoast SEO plugin. -->","yoast_head_json":{"title":"Tour gastron\u00f3mico por Usfiya, con hospitalidad drusa kosher","description":"\u00bfQu\u00e9 tesoros se descubrieron en el pueblo? \u00bfC\u00f3mo contribuy\u00f3 un vestido a la alianza entre drusos y jud\u00edos? \u00bfC\u00f3mo contribuy\u00f3 el pueblo al desarrollo del cine en Israel? \u00bfY qui\u00e9nes son los jud\u00edos delirantes que viven en este pueblo? \u00a1Nosotros!","robots":{"index":"index","follow":"follow","max-snippet":"max-snippet:-1","max-image-preview":"max-image-preview:large","max-video-preview":"max-video-preview:-1"},"canonical":"https:\/\/goguided.tours\/es\/goto\/kosher-druze-hospitalidad-tour-culinario-isfiya\/","og_locale":"es_ES","og_type":"article","og_title":"\u05e1\u05d9\u05d5\u05e8 \u05e7\u05d5\u05dc\u05d9\u05e0\u05e8\u05d9 \u05d1\u05e2\u05d5\u05e1\u05e4\u05d9\u05d0 - \u05e2\u05dd \u05d0\u05d9\u05e8\u05d5\u05d7 \u05d3\u05e8\u05d5\u05d6\u05d9 \u05db\u05e9\u05e8","og_description":"\u05d0\u05d9\u05dc\u05d5 \u05d0\u05d5\u05e6\u05e8\u05d5\u05ea \u05d4\u05ea\u05d2\u05dc\u05d5 \u05d1\u05db\u05e4\u05e8? \u05db\u05d9\u05e6\u05d3 \u05e9\u05de\u05dc\u05d4 \u05ea\u05e8\u05de\u05d4 \u05dc\u05d1\u05e8\u05d9\u05ea \u05d1\u05d9\u05df \u05d4\u05d3\u05e8\u05d5\u05d6\u05d9\u05dd \u05dc\u05d9\u05d4\u05d5\u05d3\u05d9\u05dd? \u05db\u05d9\u05e6\u05d3 \u05ea\u05e8\u05dd \u05d4\u05db\u05e4\u05e8 \u05dc\u05d4\u05ea\u05e4\u05ea\u05d7\u05d5\u05ea \u05d4\u05e7\u05d5\u05dc\u05e0\u05d5\u05e2 \u05d1\u05d9\u05e9\u05e8\u05d0\u05dc? \u05d5\u05de\u05d9 \u05d4\u05dd \u05d4\u05d9\u05d4\u05d5\u05d3\u05d9\u05dd \u05d4\u05d4\u05d6\u05d5\u05d9\u05d9\u05dd \u05e9\u05d2\u05e8\u05d9\u05dd \u05d1\u05db\u05e4\u05e8 \u05d4\u05d6\u05d4? \u05d0\u05e0\u05d7\u05e0\u05d5!","og_url":"https:\/\/goguided.tours\/es\/goto\/kosher-druze-hospitalidad-tour-culinario-isfiya\/","og_site_name":"Go Guided","article_publisher":"https:\/\/www.facebook.com\/profile.php?id=61556958375391","article_modified_time":"2026-04-13T09:21:39+00:00","og_image":[{"width":1600,"height":1198,"url":"https:\/\/goguided.tours\/wp-content\/uploads\/2026\/01\/\u05e1\u05d9\u05d5\u05e8-\u05e7\u05d5\u05dc\u05d9\u05e0\u05e8\u05d9-\u05d1\u05e2\u05d5\u05e1\u05e4\u05d9\u05d0-\u2013-\u05e2\u05dd-\u05d0\u05d9\u05e8\u05d5\u05d7-\u05d3\u05e8\u05d5\u05d6\u05d9-\u05db\u05e9\u05e8-6.jpg","type":"image\/jpeg"}],"twitter_card":"summary_large_image","twitter_misc":{"Tiempo de lectura":"1 minuto"},"schema":{"@context":"https:\/\/schema.org","@graph":[{"@type":"WebPage","@id":"https:\/\/goguided.tours\/goto\/kosher-druze-hospitality-culinary-tour-isfiya\/","url":"https:\/\/goguided.tours\/goto\/kosher-druze-hospitality-culinary-tour-isfiya\/","name":"Tour gastron\u00f3mico por Usfiya, con hospitalidad drusa kosher","isPartOf":{"@id":"https:\/\/goguided.tours\/#website"},"primaryImageOfPage":{"@id":"https:\/\/goguided.tours\/goto\/kosher-druze-hospitality-culinary-tour-isfiya\/#primaryimage"},"image":{"@id":"https:\/\/goguided.tours\/goto\/kosher-druze-hospitality-culinary-tour-isfiya\/#primaryimage"},"thumbnailUrl":"https:\/\/goguided.tours\/wp-content\/uploads\/2026\/01\/\u05e1\u05d9\u05d5\u05e8-\u05e7\u05d5\u05dc\u05d9\u05e0\u05e8\u05d9-\u05d1\u05e2\u05d5\u05e1\u05e4\u05d9\u05d0-\u2013-\u05e2\u05dd-\u05d0\u05d9\u05e8\u05d5\u05d7-\u05d3\u05e8\u05d5\u05d6\u05d9-\u05db\u05e9\u05e8-25.jpg","datePublished":"2026-01-21T13:01:29+00:00","dateModified":"2026-04-13T09:21:39+00:00","description":"\u00bfQu\u00e9 tesoros se descubrieron en el pueblo? \u00bfC\u00f3mo contribuy\u00f3 un vestido a la alianza entre drusos y jud\u00edos? \u00bfC\u00f3mo contribuy\u00f3 el pueblo al desarrollo del cine en Israel? \u00bfY qui\u00e9nes son los jud\u00edos delirantes que viven en este pueblo? \u00a1Nosotros!","breadcrumb":{"@id":"https:\/\/goguided.tours\/goto\/kosher-druze-hospitality-culinary-tour-isfiya\/#breadcrumb"},"inLanguage":"es","potentialAction":[{"@type":"ReadAction","target":["https:\/\/goguided.tours\/goto\/kosher-druze-hospitality-culinary-tour-isfiya\/"]}]},{"@type":"ImageObject","inLanguage":"es","@id":"https:\/\/goguided.tours\/goto\/kosher-druze-hospitality-culinary-tour-isfiya\/#primaryimage","url":"https:\/\/goguided.tours\/wp-content\/uploads\/2026\/01\/\u05e1\u05d9\u05d5\u05e8-\u05e7\u05d5\u05dc\u05d9\u05e0\u05e8\u05d9-\u05d1\u05e2\u05d5\u05e1\u05e4\u05d9\u05d0-\u2013-\u05e2\u05dd-\u05d0\u05d9\u05e8\u05d5\u05d7-\u05d3\u05e8\u05d5\u05d6\u05d9-\u05db\u05e9\u05e8-25.jpg","contentUrl":"https:\/\/goguided.tours\/wp-content\/uploads\/2026\/01\/\u05e1\u05d9\u05d5\u05e8-\u05e7\u05d5\u05dc\u05d9\u05e0\u05e8\u05d9-\u05d1\u05e2\u05d5\u05e1\u05e4\u05d9\u05d0-\u2013-\u05e2\u05dd-\u05d0\u05d9\u05e8\u05d5\u05d7-\u05d3\u05e8\u05d5\u05d6\u05d9-\u05db\u05e9\u05e8-25.jpg","width":2560,"height":1440,"caption":"\u05e1\u05d9\u05d5\u05e8 \u05e7\u05d5\u05dc\u05d9\u05e0\u05e8\u05d9 \u05d1\u05e2\u05d5\u05e1\u05e4\u05d9\u05d0 - \u05e2\u05dd \u05d0\u05d9\u05e8\u05d5\u05d7 \u05d3\u05e8\u05d5\u05d6\u05d9 \u05db\u05e9\u05e8"},{"@type":"BreadcrumbList","@id":"https:\/\/goguided.tours\/goto\/kosher-druze-hospitality-culinary-tour-isfiya\/#breadcrumb","itemListElement":[{"@type":"ListItem","position":1,"name":"\u05d3\u05e3 \u05d4\u05d1\u05d9\u05ea","item":"https:\/\/goguided.tours\/"},{"@type":"ListItem","position":2,"name":"\u05db\u05dc \u05d4\u05e4\u05e2\u05d9\u05dc\u05d5\u05d9\u05d5\u05ea","item":"https:\/\/goguided.tours\/shop\/"},{"@type":"ListItem","position":3,"name":"\u05e1\u05d9\u05d5\u05e8 \u05e7\u05d5\u05dc\u05d9\u05e0\u05e8\u05d9 \u05d1\u05e2\u05d5\u05e1\u05e4\u05d9\u05d0 &#8211; \u05e2\u05dd \u05d0\u05d9\u05e8\u05d5\u05d7 \u05d3\u05e8\u05d5\u05d6\u05d9 \u05db\u05e9\u05e8"}]},{"@type":"WebSite","@id":"https:\/\/goguided.tours\/#website","url":"https:\/\/goguided.tours\/","name":"Gu\u00eda Go","description":"","publisher":{"@id":"https:\/\/goguided.tours\/#organization"},"potentialAction":[{"@type":"SearchAction","target":{"@type":"EntryPoint","urlTemplate":"https:\/\/goguided.tours\/?s={search_term_string}"},"query-input":{"@type":"PropertyValueSpecification","valueRequired":true,"valueName":"search_term_string"}}],"inLanguage":"es"},{"@type":"Organization","@id":"https:\/\/goguided.tours\/#organization","name":"GoGuided","url":"https:\/\/goguided.tours\/","logo":{"@type":"ImageObject","inLanguage":"es","@id":"https:\/\/goguided.tours\/#\/schema\/logo\/image\/","url":"https:\/\/goguided.tours\/wp-content\/uploads\/2025\/05\/cropped-logo-guided.jpg","contentUrl":"https:\/\/goguided.tours\/wp-content\/uploads\/2025\/05\/cropped-logo-guided.jpg","width":500,"height":143,"caption":"GoGuided"},"image":{"@id":"https:\/\/goguided.tours\/#\/schema\/logo\/image\/"},"sameAs":["https:\/\/www.facebook.com\/profile.php?id=61556958375391","http:\/\/www.youtube.com\/@Guided-Tours","https:\/\/www.instagram.com\/goguided.he\/","https:\/\/www.tiktok.com\/@goguided.he"]}]}},"_links":{"self":[{"href":"https:\/\/goguided.tours\/es\/wp-json\/wp\/v2\/product\/19347","targetHints":{"allow":["GET"]}}],"collection":[{"href":"https:\/\/goguided.tours\/es\/wp-json\/wp\/v2\/product"}],"about":[{"href":"https:\/\/goguided.tours\/es\/wp-json\/wp\/v2\/types\/product"}],"author":[{"embeddable":true,"href":"https:\/\/goguided.tours\/es\/wp-json\/wp\/v2\/users\/53"}],"version-history":[{"count":9,"href":"https:\/\/goguided.tours\/es\/wp-json\/wp\/v2\/product\/19347\/revisions"}],"predecessor-version":[{"id":21300,"href":"https:\/\/goguided.tours\/es\/wp-json\/wp\/v2\/product\/19347\/revisions\/21300"}],"wp:featuredmedia":[{"embeddable":true,"href":"https:\/\/goguided.tours\/es\/wp-json\/wp\/v2\/media\/19351"}],"wp:attachment":[{"href":"https:\/\/goguided.tours\/es\/wp-json\/wp\/v2\/media?parent=19347"}],"wp:term":[{"taxonomy":"tour_area","embeddable":true,"href":"https:\/\/goguided.tours\/es\/wp-json\/wp\/v2\/tour_area?post=19347"},{"taxonomy":"tour_days","embeddable":true,"href":"https:\/\/goguided.tours\/es\/wp-json\/wp\/v2\/tour_days?post=19347"},{"taxonomy":"goto_type","embeddable":true,"href":"https:\/\/goguided.tours\/es\/wp-json\/wp\/v2\/goto_type?post=19347"},{"taxonomy":"tour_type","embeddable":true,"href":"https:\/\/goguided.tours\/es\/wp-json\/wp\/v2\/tour_type?post=19347"},{"taxonomy":"supported-language","embeddable":true,"href":"https:\/\/goguided.tours\/es\/wp-json\/wp\/v2\/supported-language?post=19347"},{"taxonomy":"product_cat","embeddable":true,"href":"https:\/\/goguided.tours\/es\/wp-json\/wp\/v2\/product_cat?post=19347"},{"taxonomy":"product_tag","embeddable":true,"href":"https:\/\/goguided.tours\/es\/wp-json\/wp\/v2\/product_tag?post=19347"},{"taxonomy":"activity_combo","embeddable":true,"href":"https:\/\/goguided.tours\/es\/wp-json\/wp\/v2\/activity_combo?post=19347"}],"curies":[{"name":"wp","href":"https:\/\/api.w.org\/{rel}","templated":true}]}}