{"id":19942,"date":"2026-02-01T10:09:01","date_gmt":"2026-02-01T08:09:01","guid":{"rendered":"https:\/\/goguided.tours\/?post_type=product&#038;p=19942"},"modified":"2026-02-01T10:20:55","modified_gmt":"2026-02-01T08:20:55","slug":"jerusalen-viaje-patios-monasterios","status":"publish","type":"product","link":"https:\/\/goguided.tours\/es\/goto\/jerusalem-journey-courtyards-monasteries\/","title":{"rendered":"Recorrido por Jerusal\u00e9n: patios, monasterios y encuentros con personajes especiales"},"excerpt":{"rendered":"","protected":false},"author":4,"featured_media":19944,"template":"","meta":{"_acf_changed":false,"_wp_rev_ctl_limit":""},"tour_area":[96],"tour_days":[],"goto_type":[120,119],"tour_type":[170,97],"supported-language":[68,67],"product_cat":[89],"product_tag":[],"activity_combo":[248,247,155,152],"class_list":{"0":"post-19942","1":"product","2":"type-product","3":"status-publish","4":"has-post-thumbnail","6":"tour_area-old-town","7":"goto_type-trips","8":"goto_type-tours","9":"tour_type-saturday","10":"tour_type-history","11":"supported-language-english","12":"supported-language-hebrew","13":"product_cat-jerusalem","14":"activity_combo-jerusalem-israel-trips","15":"activity_combo-israel-trips","16":"activity_combo-jerusalem","17":"activity_combo-israel","19":"first","20":"instock","21":"sold-individually","22":"shipping-taxable","23":"purchasable","24":"product-type-booking"},"acf":[],"yoast_head":"<!-- This site is optimized with the Yoast SEO plugin v27.3 - https:\/\/yoast.com\/product\/yoast-seo-wordpress\/ -->\n<title>\u05e1\u05d9\u05d5\u05e8 \u05de\u05e1\u05e2 \u05d9\u05e8\u05d5\u05e9\u05dc\u05de\u05d9 - \u05d7\u05e6\u05e8\u05d5\u05ea, \u05de\u05e0\u05d6\u05e8\u05d9\u05dd \u05d5\u05de\u05e4\u05d2\u05e9\u05d9\u05dd \u05e2\u05dd \u05d3\u05de\u05d5\u05d9\u05d5\u05ea \u05de\u05d9\u05d5\u05d7\u05d3\u05d5\u05ea<\/title>\n<meta name=\"description\" content=\"\u05e1\u05d9\u05d5\u05e8 \u05e2\u05d5\u05de\u05e7 \u05de\u05e1\u05e7\u05e8\u05df \u05d5\u05de\u05e2\u05d5\u05e8\u05e8 \u05de\u05d7\u05e9\u05d1\u05d4, \u05d4\u05d7\u05d5\u05e9\u05e3 \u05d0\u05ea \u05d9\u05e8\u05d5\u05e9\u05dc\u05d9\u05dd \u05e9\u05de\u05d0\u05d7\u05d5\u05e8\u05d9 \u05d4\u05e7\u05dc\u05e2\u05d9\u05dd, \u05d3\u05e8\u05da \u05de\u05e4\u05d2\u05e9\u05d9\u05dd \u05e2\u05dd \u05d0\u05e0\u05e9\u05d9\u05dd \u05d7\u05d9\u05d9\u05dd, \u05d7\u05e6\u05e8\u05d5\u05ea \u05e0\u05e1\u05ea\u05e8\u05d5\u05ea, \u05d4\u05d9\u05e1\u05d8\u05d5\u05e8\u05d9\u05d4, \u05d3\u05ea\u05d5\u05ea \u05d5\u05e1\u05d9\u05e4\u05d5\u05e8\u05d9\u05dd \u05e9\u05dc\u05d0 \u05e9\u05d5\u05de\u05e2\u05d9\u05dd \u05d1\u05db\u05dc \u05d9\u05d5\u05dd.\" \/>\n<meta name=\"robots\" content=\"index, follow, max-snippet:-1, max-image-preview:large, max-video-preview:-1\" \/>\n<link rel=\"canonical\" href=\"https:\/\/goguided.tours\/es\/goto\/jerusalen-viaje-patios-monasterios\/\" \/>\n<meta property=\"og:locale\" content=\"es_ES\" \/>\n<meta property=\"og:type\" content=\"article\" \/>\n<meta property=\"og:title\" content=\"\u05e1\u05d9\u05d5\u05e8 \u05de\u05e1\u05e2 \u05d9\u05e8\u05d5\u05e9\u05dc\u05de\u05d9 - \u05d7\u05e6\u05e8\u05d5\u05ea, \u05de\u05e0\u05d6\u05e8\u05d9\u05dd \u05d5\u05de\u05e4\u05d2\u05e9\u05d9\u05dd \u05e2\u05dd \u05d3\u05de\u05d5\u05d9\u05d5\u05ea \u05de\u05d9\u05d5\u05d7\u05d3\u05d5\u05ea\" \/>\n<meta property=\"og:description\" content=\"\u05e1\u05d9\u05d5\u05e8 \u05e2\u05d5\u05de\u05e7 \u05de\u05e1\u05e7\u05e8\u05df \u05d5\u05de\u05e2\u05d5\u05e8\u05e8 \u05de\u05d7\u05e9\u05d1\u05d4, \u05d4\u05d7\u05d5\u05e9\u05e3 \u05d0\u05ea \u05d9\u05e8\u05d5\u05e9\u05dc\u05d9\u05dd \u05e9\u05de\u05d0\u05d7\u05d5\u05e8\u05d9 \u05d4\u05e7\u05dc\u05e2\u05d9\u05dd, \u05d3\u05e8\u05da \u05de\u05e4\u05d2\u05e9\u05d9\u05dd \u05e2\u05dd \u05d0\u05e0\u05e9\u05d9\u05dd \u05d7\u05d9\u05d9\u05dd, \u05d7\u05e6\u05e8\u05d5\u05ea \u05e0\u05e1\u05ea\u05e8\u05d5\u05ea, \u05d4\u05d9\u05e1\u05d8\u05d5\u05e8\u05d9\u05d4, \u05d3\u05ea\u05d5\u05ea \u05d5\u05e1\u05d9\u05e4\u05d5\u05e8\u05d9\u05dd \u05e9\u05dc\u05d0 \u05e9\u05d5\u05de\u05e2\u05d9\u05dd \u05d1\u05db\u05dc \u05d9\u05d5\u05dd.\" \/>\n<meta property=\"og:url\" content=\"https:\/\/goguided.tours\/es\/goto\/jerusalen-viaje-patios-monasterios\/\" \/>\n<meta property=\"og:site_name\" content=\"Go Guided\" \/>\n<meta property=\"article:publisher\" content=\"https:\/\/www.facebook.com\/profile.php?id=61556958375391\" \/>\n<meta property=\"article:modified_time\" content=\"2026-02-01T08:20:55+00:00\" \/>\n<meta property=\"og:image\" content=\"https:\/\/goguided.tours\/wp-content\/uploads\/2026\/01\/37597187-06fd-4ec5-bbf3-26c004bd8c01-1.jpg\" \/>\n\t<meta property=\"og:image:width\" content=\"1536\" \/>\n\t<meta property=\"og:image:height\" content=\"2048\" \/>\n\t<meta property=\"og:image:type\" content=\"image\/jpeg\" \/>\n<meta name=\"twitter:card\" content=\"summary_large_image\" \/>\n<meta name=\"twitter:label1\" content=\"Tiempo de lectura\" \/>\n\t<meta name=\"twitter:data1\" content=\"1 minuto\" \/>\n<script type=\"application\/ld+json\" class=\"yoast-schema-graph\">{\"@context\":\"https:\\\/\\\/schema.org\",\"@graph\":[{\"@type\":\"WebPage\",\"@id\":\"https:\\\/\\\/goguided.tours\\\/goto\\\/jerusalem-journey-courtyards-monasteries\\\/\",\"url\":\"https:\\\/\\\/goguided.tours\\\/goto\\\/jerusalem-journey-courtyards-monasteries\\\/\",\"name\":\"\u05e1\u05d9\u05d5\u05e8 \u05de\u05e1\u05e2 \u05d9\u05e8\u05d5\u05e9\u05dc\u05de\u05d9 - \u05d7\u05e6\u05e8\u05d5\u05ea, \u05de\u05e0\u05d6\u05e8\u05d9\u05dd \u05d5\u05de\u05e4\u05d2\u05e9\u05d9\u05dd \u05e2\u05dd \u05d3\u05de\u05d5\u05d9\u05d5\u05ea \u05de\u05d9\u05d5\u05d7\u05d3\u05d5\u05ea\",\"isPartOf\":{\"@id\":\"https:\\\/\\\/goguided.tours\\\/#website\"},\"primaryImageOfPage\":{\"@id\":\"https:\\\/\\\/goguided.tours\\\/goto\\\/jerusalem-journey-courtyards-monasteries\\\/#primaryimage\"},\"image\":{\"@id\":\"https:\\\/\\\/goguided.tours\\\/goto\\\/jerusalem-journey-courtyards-monasteries\\\/#primaryimage\"},\"thumbnailUrl\":\"https:\\\/\\\/goguided.tours\\\/wp-content\\\/uploads\\\/2026\\\/01\\\/b76a9a00-ed1c-40ee-820a-aa91fffdd884.jpg\",\"datePublished\":\"2026-02-01T08:09:01+00:00\",\"dateModified\":\"2026-02-01T08:20:55+00:00\",\"description\":\"\u05e1\u05d9\u05d5\u05e8 \u05e2\u05d5\u05de\u05e7 \u05de\u05e1\u05e7\u05e8\u05df \u05d5\u05de\u05e2\u05d5\u05e8\u05e8 \u05de\u05d7\u05e9\u05d1\u05d4, \u05d4\u05d7\u05d5\u05e9\u05e3 \u05d0\u05ea \u05d9\u05e8\u05d5\u05e9\u05dc\u05d9\u05dd \u05e9\u05de\u05d0\u05d7\u05d5\u05e8\u05d9 \u05d4\u05e7\u05dc\u05e2\u05d9\u05dd, \u05d3\u05e8\u05da \u05de\u05e4\u05d2\u05e9\u05d9\u05dd \u05e2\u05dd \u05d0\u05e0\u05e9\u05d9\u05dd \u05d7\u05d9\u05d9\u05dd, \u05d7\u05e6\u05e8\u05d5\u05ea \u05e0\u05e1\u05ea\u05e8\u05d5\u05ea, \u05d4\u05d9\u05e1\u05d8\u05d5\u05e8\u05d9\u05d4, \u05d3\u05ea\u05d5\u05ea \u05d5\u05e1\u05d9\u05e4\u05d5\u05e8\u05d9\u05dd \u05e9\u05dc\u05d0 \u05e9\u05d5\u05de\u05e2\u05d9\u05dd \u05d1\u05db\u05dc \u05d9\u05d5\u05dd.\",\"breadcrumb\":{\"@id\":\"https:\\\/\\\/goguided.tours\\\/goto\\\/jerusalem-journey-courtyards-monasteries\\\/#breadcrumb\"},\"inLanguage\":\"es\",\"potentialAction\":[{\"@type\":\"ReadAction\",\"target\":[\"https:\\\/\\\/goguided.tours\\\/goto\\\/jerusalem-journey-courtyards-monasteries\\\/\"]}]},{\"@type\":\"ImageObject\",\"inLanguage\":\"es\",\"@id\":\"https:\\\/\\\/goguided.tours\\\/goto\\\/jerusalem-journey-courtyards-monasteries\\\/#primaryimage\",\"url\":\"https:\\\/\\\/goguided.tours\\\/wp-content\\\/uploads\\\/2026\\\/01\\\/b76a9a00-ed1c-40ee-820a-aa91fffdd884.jpg\",\"contentUrl\":\"https:\\\/\\\/goguided.tours\\\/wp-content\\\/uploads\\\/2026\\\/01\\\/b76a9a00-ed1c-40ee-820a-aa91fffdd884.jpg\",\"width\":2000,\"height\":1500,\"caption\":\"\u05e1\u05d9\u05d5\u05e8 \u05de\u05e1\u05e2 \u05d9\u05e8\u05d5\u05e9\u05dc\u05de\u05d9 - \u05d7\u05e6\u05e8\u05d5\u05ea, \u05de\u05e0\u05d6\u05e8\u05d9\u05dd \u05d5\u05de\u05e4\u05d2\u05e9\u05d9\u05dd \u05e2\u05dd \u05d3\u05de\u05d5\u05d9\u05d5\u05ea \u05de\u05d9\u05d5\u05d7\u05d3\u05d5\u05ea\"},{\"@type\":\"BreadcrumbList\",\"@id\":\"https:\\\/\\\/goguided.tours\\\/goto\\\/jerusalem-journey-courtyards-monasteries\\\/#breadcrumb\",\"itemListElement\":[{\"@type\":\"ListItem\",\"position\":1,\"name\":\"\u05d3\u05e3 \u05d4\u05d1\u05d9\u05ea\",\"item\":\"https:\\\/\\\/goguided.tours\\\/\"},{\"@type\":\"ListItem\",\"position\":2,\"name\":\"\u05db\u05dc \u05d4\u05e4\u05e2\u05d9\u05dc\u05d5\u05d9\u05d5\u05ea\",\"item\":\"https:\\\/\\\/goguided.tours\\\/shop\\\/\"},{\"@type\":\"ListItem\",\"position\":3,\"name\":\"\u05e1\u05d9\u05d5\u05e8 \u05de\u05e1\u05e2 \u05d9\u05e8\u05d5\u05e9\u05dc\u05de\u05d9 &#8211; \u05d7\u05e6\u05e8\u05d5\u05ea, \u05de\u05e0\u05d6\u05e8\u05d9\u05dd \u05d5\u05de\u05e4\u05d2\u05e9\u05d9\u05dd \u05e2\u05dd \u05d3\u05de\u05d5\u05d9\u05d5\u05ea \u05de\u05d9\u05d5\u05d7\u05d3\u05d5\u05ea\"}]},{\"@type\":\"WebSite\",\"@id\":\"https:\\\/\\\/goguided.tours\\\/#website\",\"url\":\"https:\\\/\\\/goguided.tours\\\/\",\"name\":\"Go Guided\",\"description\":\"\",\"publisher\":{\"@id\":\"https:\\\/\\\/goguided.tours\\\/#organization\"},\"potentialAction\":[{\"@type\":\"SearchAction\",\"target\":{\"@type\":\"EntryPoint\",\"urlTemplate\":\"https:\\\/\\\/goguided.tours\\\/?s={search_term_string}\"},\"query-input\":{\"@type\":\"PropertyValueSpecification\",\"valueRequired\":true,\"valueName\":\"search_term_string\"}}],\"inLanguage\":\"es\"},{\"@type\":\"Organization\",\"@id\":\"https:\\\/\\\/goguided.tours\\\/#organization\",\"name\":\"GoGuided\",\"url\":\"https:\\\/\\\/goguided.tours\\\/\",\"logo\":{\"@type\":\"ImageObject\",\"inLanguage\":\"es\",\"@id\":\"https:\\\/\\\/goguided.tours\\\/#\\\/schema\\\/logo\\\/image\\\/\",\"url\":\"https:\\\/\\\/goguided.tours\\\/wp-content\\\/uploads\\\/2025\\\/05\\\/cropped-logo-guided.jpg\",\"contentUrl\":\"https:\\\/\\\/goguided.tours\\\/wp-content\\\/uploads\\\/2025\\\/05\\\/cropped-logo-guided.jpg\",\"width\":500,\"height\":143,\"caption\":\"GoGuided\"},\"image\":{\"@id\":\"https:\\\/\\\/goguided.tours\\\/#\\\/schema\\\/logo\\\/image\\\/\"},\"sameAs\":[\"https:\\\/\\\/www.facebook.com\\\/profile.php?id=61556958375391\",\"http:\\\/\\\/www.youtube.com\\\/@Guided-Tours\",\"https:\\\/\\\/www.instagram.com\\\/goguided.he\\\/\",\"https:\\\/\\\/www.tiktok.com\\\/@goguided.he\"]}]}<\/script>\n<!-- \/ Yoast SEO plugin. -->","yoast_head_json":{"title":"Recorrido por Jerusal\u00e9n: patios, monasterios y encuentros con personajes especiales","description":"Una visita guiada profunda, intrigante y estimulante, que descubre la Jerusal\u00e9n que hay detr\u00e1s del tel\u00f3n, a trav\u00e9s de encuentros con personas reales, patios ocultos, historia, religiones e historias que no se escuchan todos los d\u00edas.","robots":{"index":"index","follow":"follow","max-snippet":"max-snippet:-1","max-image-preview":"max-image-preview:large","max-video-preview":"max-video-preview:-1"},"canonical":"https:\/\/goguided.tours\/es\/goto\/jerusalen-viaje-patios-monasterios\/","og_locale":"es_ES","og_type":"article","og_title":"\u05e1\u05d9\u05d5\u05e8 \u05de\u05e1\u05e2 \u05d9\u05e8\u05d5\u05e9\u05dc\u05de\u05d9 - \u05d7\u05e6\u05e8\u05d5\u05ea, \u05de\u05e0\u05d6\u05e8\u05d9\u05dd \u05d5\u05de\u05e4\u05d2\u05e9\u05d9\u05dd \u05e2\u05dd \u05d3\u05de\u05d5\u05d9\u05d5\u05ea \u05de\u05d9\u05d5\u05d7\u05d3\u05d5\u05ea","og_description":"\u05e1\u05d9\u05d5\u05e8 \u05e2\u05d5\u05de\u05e7 \u05de\u05e1\u05e7\u05e8\u05df \u05d5\u05de\u05e2\u05d5\u05e8\u05e8 \u05de\u05d7\u05e9\u05d1\u05d4, \u05d4\u05d7\u05d5\u05e9\u05e3 \u05d0\u05ea \u05d9\u05e8\u05d5\u05e9\u05dc\u05d9\u05dd \u05e9\u05de\u05d0\u05d7\u05d5\u05e8\u05d9 \u05d4\u05e7\u05dc\u05e2\u05d9\u05dd, \u05d3\u05e8\u05da \u05de\u05e4\u05d2\u05e9\u05d9\u05dd \u05e2\u05dd \u05d0\u05e0\u05e9\u05d9\u05dd \u05d7\u05d9\u05d9\u05dd, \u05d7\u05e6\u05e8\u05d5\u05ea \u05e0\u05e1\u05ea\u05e8\u05d5\u05ea, \u05d4\u05d9\u05e1\u05d8\u05d5\u05e8\u05d9\u05d4, \u05d3\u05ea\u05d5\u05ea \u05d5\u05e1\u05d9\u05e4\u05d5\u05e8\u05d9\u05dd \u05e9\u05dc\u05d0 \u05e9\u05d5\u05de\u05e2\u05d9\u05dd \u05d1\u05db\u05dc \u05d9\u05d5\u05dd.","og_url":"https:\/\/goguided.tours\/es\/goto\/jerusalen-viaje-patios-monasterios\/","og_site_name":"Go Guided","article_publisher":"https:\/\/www.facebook.com\/profile.php?id=61556958375391","article_modified_time":"2026-02-01T08:20:55+00:00","og_image":[{"width":1536,"height":2048,"url":"https:\/\/goguided.tours\/wp-content\/uploads\/2026\/01\/37597187-06fd-4ec5-bbf3-26c004bd8c01-1.jpg","type":"image\/jpeg"}],"twitter_card":"summary_large_image","twitter_misc":{"Tiempo de lectura":"1 minuto"},"schema":{"@context":"https:\/\/schema.org","@graph":[{"@type":"WebPage","@id":"https:\/\/goguided.tours\/goto\/jerusalem-journey-courtyards-monasteries\/","url":"https:\/\/goguided.tours\/goto\/jerusalem-journey-courtyards-monasteries\/","name":"Recorrido por Jerusal\u00e9n: patios, monasterios y encuentros con personajes especiales","isPartOf":{"@id":"https:\/\/goguided.tours\/#website"},"primaryImageOfPage":{"@id":"https:\/\/goguided.tours\/goto\/jerusalem-journey-courtyards-monasteries\/#primaryimage"},"image":{"@id":"https:\/\/goguided.tours\/goto\/jerusalem-journey-courtyards-monasteries\/#primaryimage"},"thumbnailUrl":"https:\/\/goguided.tours\/wp-content\/uploads\/2026\/01\/b76a9a00-ed1c-40ee-820a-aa91fffdd884.jpg","datePublished":"2026-02-01T08:09:01+00:00","dateModified":"2026-02-01T08:20:55+00:00","description":"Una visita guiada profunda, intrigante y estimulante, que descubre la Jerusal\u00e9n que hay detr\u00e1s del tel\u00f3n, a trav\u00e9s de encuentros con personas reales, patios ocultos, historia, religiones e historias que no se escuchan todos los d\u00edas.","breadcrumb":{"@id":"https:\/\/goguided.tours\/goto\/jerusalem-journey-courtyards-monasteries\/#breadcrumb"},"inLanguage":"es","potentialAction":[{"@type":"ReadAction","target":["https:\/\/goguided.tours\/goto\/jerusalem-journey-courtyards-monasteries\/"]}]},{"@type":"ImageObject","inLanguage":"es","@id":"https:\/\/goguided.tours\/goto\/jerusalem-journey-courtyards-monasteries\/#primaryimage","url":"https:\/\/goguided.tours\/wp-content\/uploads\/2026\/01\/b76a9a00-ed1c-40ee-820a-aa91fffdd884.jpg","contentUrl":"https:\/\/goguided.tours\/wp-content\/uploads\/2026\/01\/b76a9a00-ed1c-40ee-820a-aa91fffdd884.jpg","width":2000,"height":1500,"caption":"\u05e1\u05d9\u05d5\u05e8 \u05de\u05e1\u05e2 \u05d9\u05e8\u05d5\u05e9\u05dc\u05de\u05d9 - \u05d7\u05e6\u05e8\u05d5\u05ea, \u05de\u05e0\u05d6\u05e8\u05d9\u05dd \u05d5\u05de\u05e4\u05d2\u05e9\u05d9\u05dd \u05e2\u05dd \u05d3\u05de\u05d5\u05d9\u05d5\u05ea \u05de\u05d9\u05d5\u05d7\u05d3\u05d5\u05ea"},{"@type":"BreadcrumbList","@id":"https:\/\/goguided.tours\/goto\/jerusalem-journey-courtyards-monasteries\/#breadcrumb","itemListElement":[{"@type":"ListItem","position":1,"name":"\u05d3\u05e3 \u05d4\u05d1\u05d9\u05ea","item":"https:\/\/goguided.tours\/"},{"@type":"ListItem","position":2,"name":"\u05db\u05dc \u05d4\u05e4\u05e2\u05d9\u05dc\u05d5\u05d9\u05d5\u05ea","item":"https:\/\/goguided.tours\/shop\/"},{"@type":"ListItem","position":3,"name":"\u05e1\u05d9\u05d5\u05e8 \u05de\u05e1\u05e2 \u05d9\u05e8\u05d5\u05e9\u05dc\u05de\u05d9 &#8211; \u05d7\u05e6\u05e8\u05d5\u05ea, \u05de\u05e0\u05d6\u05e8\u05d9\u05dd \u05d5\u05de\u05e4\u05d2\u05e9\u05d9\u05dd \u05e2\u05dd \u05d3\u05de\u05d5\u05d9\u05d5\u05ea \u05de\u05d9\u05d5\u05d7\u05d3\u05d5\u05ea"}]},{"@type":"WebSite","@id":"https:\/\/goguided.tours\/#website","url":"https:\/\/goguided.tours\/","name":"Gu\u00eda Go","description":"","publisher":{"@id":"https:\/\/goguided.tours\/#organization"},"potentialAction":[{"@type":"SearchAction","target":{"@type":"EntryPoint","urlTemplate":"https:\/\/goguided.tours\/?s={search_term_string}"},"query-input":{"@type":"PropertyValueSpecification","valueRequired":true,"valueName":"search_term_string"}}],"inLanguage":"es"},{"@type":"Organization","@id":"https:\/\/goguided.tours\/#organization","name":"GoGuided","url":"https:\/\/goguided.tours\/","logo":{"@type":"ImageObject","inLanguage":"es","@id":"https:\/\/goguided.tours\/#\/schema\/logo\/image\/","url":"https:\/\/goguided.tours\/wp-content\/uploads\/2025\/05\/cropped-logo-guided.jpg","contentUrl":"https:\/\/goguided.tours\/wp-content\/uploads\/2025\/05\/cropped-logo-guided.jpg","width":500,"height":143,"caption":"GoGuided"},"image":{"@id":"https:\/\/goguided.tours\/#\/schema\/logo\/image\/"},"sameAs":["https:\/\/www.facebook.com\/profile.php?id=61556958375391","http:\/\/www.youtube.com\/@Guided-Tours","https:\/\/www.instagram.com\/goguided.he\/","https:\/\/www.tiktok.com\/@goguided.he"]}]}},"_links":{"self":[{"href":"https:\/\/goguided.tours\/es\/wp-json\/wp\/v2\/product\/19942","targetHints":{"allow":["GET"]}}],"collection":[{"href":"https:\/\/goguided.tours\/es\/wp-json\/wp\/v2\/product"}],"about":[{"href":"https:\/\/goguided.tours\/es\/wp-json\/wp\/v2\/types\/product"}],"author":[{"embeddable":true,"href":"https:\/\/goguided.tours\/es\/wp-json\/wp\/v2\/users\/4"}],"version-history":[{"count":16,"href":"https:\/\/goguided.tours\/es\/wp-json\/wp\/v2\/product\/19942\/revisions"}],"predecessor-version":[{"id":19972,"href":"https:\/\/goguided.tours\/es\/wp-json\/wp\/v2\/product\/19942\/revisions\/19972"}],"wp:featuredmedia":[{"embeddable":true,"href":"https:\/\/goguided.tours\/es\/wp-json\/wp\/v2\/media\/19944"}],"wp:attachment":[{"href":"https:\/\/goguided.tours\/es\/wp-json\/wp\/v2\/media?parent=19942"}],"wp:term":[{"taxonomy":"tour_area","embeddable":true,"href":"https:\/\/goguided.tours\/es\/wp-json\/wp\/v2\/tour_area?post=19942"},{"taxonomy":"tour_days","embeddable":true,"href":"https:\/\/goguided.tours\/es\/wp-json\/wp\/v2\/tour_days?post=19942"},{"taxonomy":"goto_type","embeddable":true,"href":"https:\/\/goguided.tours\/es\/wp-json\/wp\/v2\/goto_type?post=19942"},{"taxonomy":"tour_type","embeddable":true,"href":"https:\/\/goguided.tours\/es\/wp-json\/wp\/v2\/tour_type?post=19942"},{"taxonomy":"supported-language","embeddable":true,"href":"https:\/\/goguided.tours\/es\/wp-json\/wp\/v2\/supported-language?post=19942"},{"taxonomy":"product_cat","embeddable":true,"href":"https:\/\/goguided.tours\/es\/wp-json\/wp\/v2\/product_cat?post=19942"},{"taxonomy":"product_tag","embeddable":true,"href":"https:\/\/goguided.tours\/es\/wp-json\/wp\/v2\/product_tag?post=19942"},{"taxonomy":"activity_combo","embeddable":true,"href":"https:\/\/goguided.tours\/es\/wp-json\/wp\/v2\/activity_combo?post=19942"}],"curies":[{"name":"wp","href":"https:\/\/api.w.org\/{rel}","templated":true}]}}