{"id":19985,"date":"2026-02-01T18:45:39","date_gmt":"2026-02-01T16:45:39","guid":{"rendered":"https:\/\/goguided.tours\/?post_type=product&#038;p=19985"},"modified":"2026-04-11T10:05:06","modified_gmt":"2026-04-11T07:05:06","slug":"lo-mas-destacado-de-la-excursion-de-un-dia-de-viena-a-bratislava","status":"publish","type":"product","link":"https:\/\/goguided.tours\/es\/goto\/vienna-to-bratislava-day-trip-highlights\/","title":{"rendered":"Excursi\u00f3n de un d\u00eda desde Viena: lo m\u00e1s destacado de Bratislava"},"excerpt":{"rendered":"","protected":false},"author":37,"featured_media":19986,"template":"","meta":{"_acf_changed":false,"_wp_rev_ctl_limit":""},"tour_area":[],"tour_days":[256],"goto_type":[119],"tour_type":[231],"supported-language":[68,204,67],"product_cat":[243],"product_tag":[],"activity_combo":[244,245],"class_list":{"0":"post-19985","1":"product","2":"type-product","3":"status-publish","4":"has-post-thumbnail","6":"tour_days-sunday","7":"goto_type-tours","8":"tour_type-nature","9":"supported-language-english","10":"supported-language-german","11":"supported-language-hebrew","12":"product_cat-vienna","13":"activity_combo-austria","14":"activity_combo-vienna","16":"first","17":"instock","18":"shipping-taxable","19":"product-type-simple"},"acf":[],"yoast_head":"<!-- This site is optimized with the Yoast SEO plugin v27.3 - https:\/\/yoast.com\/product\/yoast-seo-wordpress\/ -->\n<title>\u05d8\u05d9\u05d5\u05dc \u05d9\u05d5\u05de\u05d9 \u05de\u05d5\u05d9\u05e0\u05d4 - \u05d4\u05d4\u05d9\u05d9\u05dc\u05d9\u05d9\u05d8\u05e1 \u05e9\u05dc \u05d1\u05e8\u05d8\u05d9\u05e1\u05dc\u05d1\u05d4<\/title>\n<meta name=\"description\" content=\"\u05db\u05dc \u05d4\u05d4\u05d9\u05d9\u05dc\u05d9\u05d9\u05d8\u05e1 \u05e9\u05dc \u05d1\u05e8\u05d8\u05d9\u05e1\u05dc\u05d1\u05d4 \u05d1\u05d9\u05d5\u05dd \u05d0\u05d7\u05d3 \u05de\u05d5\u05d9\u05e0\u05d4, \u05de\u05e9\u05d5\u05dc\u05d1 \u05d1\u05de\u05e1\u05e2 \u05de\u05e8\u05ea\u05e7 \u05e1\u05d1\u05d9\u05d1 \u05d4\u05d4\u05d9\u05e1\u05d8\u05d5\u05e8\u05d9\u05d4 \u05e9\u05dc \u05d4\u05e2\u05d9\u05e8, \u05e1\u05d9\u05d5\u05e8 \u05d4\u05d0\u05ea\u05e8\u05d9\u05dd \u05d4\u05db\u05d9 \u05de\u05e8\u05db\u05d6\u05d9\u05d9\u05dd \u05d5\u05d9\u05d3\u05d5\u05e2\u05d9\u05dd \u05d5\u05d1\u05d9\u05e7\u05d5\u05e8 \u05d1\u05de\u05e7\u05d5\u05de\u05d5\u05ea \u05d4\u05db\u05d9 \u05e9\u05d5\u05d5\u05d9\u05dd \u05dc\u05e9\u05d5\u05e4\u05d9\u05e0\u05d2.\" \/>\n<meta name=\"robots\" content=\"index, follow, max-snippet:-1, max-image-preview:large, max-video-preview:-1\" \/>\n<link rel=\"canonical\" href=\"https:\/\/goguided.tours\/es\/goto\/lo-mas-destacado-de-la-excursion-de-un-dia-de-viena-a-bratislava\/\" \/>\n<meta property=\"og:locale\" content=\"es_ES\" \/>\n<meta property=\"og:type\" content=\"article\" \/>\n<meta property=\"og:title\" content=\"\u05d8\u05d9\u05d5\u05dc \u05d9\u05d5\u05de\u05d9 \u05de\u05d5\u05d9\u05e0\u05d4 - \u05d4\u05d4\u05d9\u05d9\u05dc\u05d9\u05d9\u05d8\u05e1 \u05e9\u05dc \u05d1\u05e8\u05d8\u05d9\u05e1\u05dc\u05d1\u05d4\" \/>\n<meta property=\"og:description\" content=\"\u05db\u05dc \u05d4\u05d4\u05d9\u05d9\u05dc\u05d9\u05d9\u05d8\u05e1 \u05e9\u05dc \u05d1\u05e8\u05d8\u05d9\u05e1\u05dc\u05d1\u05d4 \u05d1\u05d9\u05d5\u05dd \u05d0\u05d7\u05d3 \u05de\u05d5\u05d9\u05e0\u05d4, \u05de\u05e9\u05d5\u05dc\u05d1 \u05d1\u05de\u05e1\u05e2 \u05de\u05e8\u05ea\u05e7 \u05e1\u05d1\u05d9\u05d1 \u05d4\u05d4\u05d9\u05e1\u05d8\u05d5\u05e8\u05d9\u05d4 \u05e9\u05dc \u05d4\u05e2\u05d9\u05e8, \u05e1\u05d9\u05d5\u05e8 \u05d4\u05d0\u05ea\u05e8\u05d9\u05dd \u05d4\u05db\u05d9 \u05de\u05e8\u05db\u05d6\u05d9\u05d9\u05dd \u05d5\u05d9\u05d3\u05d5\u05e2\u05d9\u05dd \u05d5\u05d1\u05d9\u05e7\u05d5\u05e8 \u05d1\u05de\u05e7\u05d5\u05de\u05d5\u05ea \u05d4\u05db\u05d9 \u05e9\u05d5\u05d5\u05d9\u05dd \u05dc\u05e9\u05d5\u05e4\u05d9\u05e0\u05d2.\" \/>\n<meta property=\"og:url\" content=\"https:\/\/goguided.tours\/es\/goto\/lo-mas-destacado-de-la-excursion-de-un-dia-de-viena-a-bratislava\/\" \/>\n<meta property=\"og:site_name\" content=\"Go Guided\" \/>\n<meta property=\"article:publisher\" content=\"https:\/\/www.facebook.com\/profile.php?id=61556958375391\" \/>\n<meta property=\"article:modified_time\" content=\"2026-04-11T07:05:06+00:00\" \/>\n<meta property=\"og:image\" content=\"https:\/\/goguided.tours\/wp-content\/uploads\/2026\/02\/bratislava-5284281_1280.jpg\" \/>\n\t<meta property=\"og:image:width\" content=\"1280\" \/>\n\t<meta property=\"og:image:height\" content=\"853\" \/>\n\t<meta property=\"og:image:type\" content=\"image\/jpeg\" \/>\n<meta name=\"twitter:card\" content=\"summary_large_image\" \/>\n<meta name=\"twitter:label1\" content=\"Tiempo de lectura\" \/>\n\t<meta name=\"twitter:data1\" content=\"1 minuto\" \/>\n<script type=\"application\/ld+json\" class=\"yoast-schema-graph\">{\"@context\":\"https:\\\/\\\/schema.org\",\"@graph\":[{\"@type\":\"WebPage\",\"@id\":\"https:\\\/\\\/goguided.tours\\\/goto\\\/vienna-to-bratislava-day-trip-highlights\\\/\",\"url\":\"https:\\\/\\\/goguided.tours\\\/goto\\\/vienna-to-bratislava-day-trip-highlights\\\/\",\"name\":\"\u05d8\u05d9\u05d5\u05dc \u05d9\u05d5\u05de\u05d9 \u05de\u05d5\u05d9\u05e0\u05d4 - \u05d4\u05d4\u05d9\u05d9\u05dc\u05d9\u05d9\u05d8\u05e1 \u05e9\u05dc \u05d1\u05e8\u05d8\u05d9\u05e1\u05dc\u05d1\u05d4\",\"isPartOf\":{\"@id\":\"https:\\\/\\\/goguided.tours\\\/#website\"},\"primaryImageOfPage\":{\"@id\":\"https:\\\/\\\/goguided.tours\\\/goto\\\/vienna-to-bratislava-day-trip-highlights\\\/#primaryimage\"},\"image\":{\"@id\":\"https:\\\/\\\/goguided.tours\\\/goto\\\/vienna-to-bratislava-day-trip-highlights\\\/#primaryimage\"},\"thumbnailUrl\":\"https:\\\/\\\/goguided.tours\\\/wp-content\\\/uploads\\\/2026\\\/02\\\/bratislava-278557_1280.jpg\",\"datePublished\":\"2026-02-01T16:45:39+00:00\",\"dateModified\":\"2026-04-11T07:05:06+00:00\",\"description\":\"\u05db\u05dc \u05d4\u05d4\u05d9\u05d9\u05dc\u05d9\u05d9\u05d8\u05e1 \u05e9\u05dc \u05d1\u05e8\u05d8\u05d9\u05e1\u05dc\u05d1\u05d4 \u05d1\u05d9\u05d5\u05dd \u05d0\u05d7\u05d3 \u05de\u05d5\u05d9\u05e0\u05d4, \u05de\u05e9\u05d5\u05dc\u05d1 \u05d1\u05de\u05e1\u05e2 \u05de\u05e8\u05ea\u05e7 \u05e1\u05d1\u05d9\u05d1 \u05d4\u05d4\u05d9\u05e1\u05d8\u05d5\u05e8\u05d9\u05d4 \u05e9\u05dc \u05d4\u05e2\u05d9\u05e8, \u05e1\u05d9\u05d5\u05e8 \u05d4\u05d0\u05ea\u05e8\u05d9\u05dd \u05d4\u05db\u05d9 \u05de\u05e8\u05db\u05d6\u05d9\u05d9\u05dd \u05d5\u05d9\u05d3\u05d5\u05e2\u05d9\u05dd \u05d5\u05d1\u05d9\u05e7\u05d5\u05e8 \u05d1\u05de\u05e7\u05d5\u05de\u05d5\u05ea \u05d4\u05db\u05d9 \u05e9\u05d5\u05d5\u05d9\u05dd \u05dc\u05e9\u05d5\u05e4\u05d9\u05e0\u05d2.\",\"breadcrumb\":{\"@id\":\"https:\\\/\\\/goguided.tours\\\/goto\\\/vienna-to-bratislava-day-trip-highlights\\\/#breadcrumb\"},\"inLanguage\":\"es\",\"potentialAction\":[{\"@type\":\"ReadAction\",\"target\":[\"https:\\\/\\\/goguided.tours\\\/goto\\\/vienna-to-bratislava-day-trip-highlights\\\/\"]}]},{\"@type\":\"ImageObject\",\"inLanguage\":\"es\",\"@id\":\"https:\\\/\\\/goguided.tours\\\/goto\\\/vienna-to-bratislava-day-trip-highlights\\\/#primaryimage\",\"url\":\"https:\\\/\\\/goguided.tours\\\/wp-content\\\/uploads\\\/2026\\\/02\\\/bratislava-278557_1280.jpg\",\"contentUrl\":\"https:\\\/\\\/goguided.tours\\\/wp-content\\\/uploads\\\/2026\\\/02\\\/bratislava-278557_1280.jpg\",\"width\":1280,\"height\":853,\"caption\":\"\u05d8\u05d9\u05d5\u05dc \u05d9\u05d5\u05de\u05d9 \u05de\u05d5\u05d9\u05e0\u05d4 - \u05d4\u05d4\u05d9\u05d9\u05dc\u05d9\u05d9\u05d8\u05e1 \u05e9\u05dc \u05d1\u05e8\u05d8\u05d9\u05e1\u05dc\u05d1\u05d4\"},{\"@type\":\"BreadcrumbList\",\"@id\":\"https:\\\/\\\/goguided.tours\\\/goto\\\/vienna-to-bratislava-day-trip-highlights\\\/#breadcrumb\",\"itemListElement\":[{\"@type\":\"ListItem\",\"position\":1,\"name\":\"\u05d3\u05e3 \u05d4\u05d1\u05d9\u05ea\",\"item\":\"https:\\\/\\\/goguided.tours\\\/\"},{\"@type\":\"ListItem\",\"position\":2,\"name\":\"\u05db\u05dc \u05d4\u05e4\u05e2\u05d9\u05dc\u05d5\u05d9\u05d5\u05ea\",\"item\":\"https:\\\/\\\/goguided.tours\\\/shop\\\/\"},{\"@type\":\"ListItem\",\"position\":3,\"name\":\"\u05d8\u05d9\u05d5\u05dc \u05d9\u05d5\u05de\u05d9 \u05de\u05d5\u05d9\u05e0\u05d4 &#8211; \u05d4\u05d4\u05d9\u05d9\u05dc\u05d9\u05d9\u05d8\u05e1 \u05e9\u05dc \u05d1\u05e8\u05d8\u05d9\u05e1\u05dc\u05d1\u05d4\"}]},{\"@type\":\"WebSite\",\"@id\":\"https:\\\/\\\/goguided.tours\\\/#website\",\"url\":\"https:\\\/\\\/goguided.tours\\\/\",\"name\":\"Go Guided\",\"description\":\"\",\"publisher\":{\"@id\":\"https:\\\/\\\/goguided.tours\\\/#organization\"},\"potentialAction\":[{\"@type\":\"SearchAction\",\"target\":{\"@type\":\"EntryPoint\",\"urlTemplate\":\"https:\\\/\\\/goguided.tours\\\/?s={search_term_string}\"},\"query-input\":{\"@type\":\"PropertyValueSpecification\",\"valueRequired\":true,\"valueName\":\"search_term_string\"}}],\"inLanguage\":\"es\"},{\"@type\":\"Organization\",\"@id\":\"https:\\\/\\\/goguided.tours\\\/#organization\",\"name\":\"GoGuided\",\"url\":\"https:\\\/\\\/goguided.tours\\\/\",\"logo\":{\"@type\":\"ImageObject\",\"inLanguage\":\"es\",\"@id\":\"https:\\\/\\\/goguided.tours\\\/#\\\/schema\\\/logo\\\/image\\\/\",\"url\":\"https:\\\/\\\/goguided.tours\\\/wp-content\\\/uploads\\\/2025\\\/05\\\/cropped-logo-guided.jpg\",\"contentUrl\":\"https:\\\/\\\/goguided.tours\\\/wp-content\\\/uploads\\\/2025\\\/05\\\/cropped-logo-guided.jpg\",\"width\":500,\"height\":143,\"caption\":\"GoGuided\"},\"image\":{\"@id\":\"https:\\\/\\\/goguided.tours\\\/#\\\/schema\\\/logo\\\/image\\\/\"},\"sameAs\":[\"https:\\\/\\\/www.facebook.com\\\/profile.php?id=61556958375391\",\"http:\\\/\\\/www.youtube.com\\\/@Guided-Tours\",\"https:\\\/\\\/www.instagram.com\\\/goguided.he\\\/\",\"https:\\\/\\\/www.tiktok.com\\\/@goguided.he\"]}]}<\/script>\n<!-- \/ Yoast SEO plugin. -->","yoast_head_json":{"title":"Excursi\u00f3n de un d\u00eda desde Viena: lo m\u00e1s destacado de Bratislava","description":"Todos los lugares destacados de Bratislava en un d\u00eda desde Viena, combinados con un fascinante recorrido por la historia de la ciudad, una visita a los lugares m\u00e1s emblem\u00e1ticos y conocidos y una visita a los mejores lugares para ir de compras.","robots":{"index":"index","follow":"follow","max-snippet":"max-snippet:-1","max-image-preview":"max-image-preview:large","max-video-preview":"max-video-preview:-1"},"canonical":"https:\/\/goguided.tours\/es\/goto\/lo-mas-destacado-de-la-excursion-de-un-dia-de-viena-a-bratislava\/","og_locale":"es_ES","og_type":"article","og_title":"\u05d8\u05d9\u05d5\u05dc \u05d9\u05d5\u05de\u05d9 \u05de\u05d5\u05d9\u05e0\u05d4 - \u05d4\u05d4\u05d9\u05d9\u05dc\u05d9\u05d9\u05d8\u05e1 \u05e9\u05dc \u05d1\u05e8\u05d8\u05d9\u05e1\u05dc\u05d1\u05d4","og_description":"\u05db\u05dc \u05d4\u05d4\u05d9\u05d9\u05dc\u05d9\u05d9\u05d8\u05e1 \u05e9\u05dc \u05d1\u05e8\u05d8\u05d9\u05e1\u05dc\u05d1\u05d4 \u05d1\u05d9\u05d5\u05dd \u05d0\u05d7\u05d3 \u05de\u05d5\u05d9\u05e0\u05d4, \u05de\u05e9\u05d5\u05dc\u05d1 \u05d1\u05de\u05e1\u05e2 \u05de\u05e8\u05ea\u05e7 \u05e1\u05d1\u05d9\u05d1 \u05d4\u05d4\u05d9\u05e1\u05d8\u05d5\u05e8\u05d9\u05d4 \u05e9\u05dc \u05d4\u05e2\u05d9\u05e8, \u05e1\u05d9\u05d5\u05e8 \u05d4\u05d0\u05ea\u05e8\u05d9\u05dd \u05d4\u05db\u05d9 \u05de\u05e8\u05db\u05d6\u05d9\u05d9\u05dd \u05d5\u05d9\u05d3\u05d5\u05e2\u05d9\u05dd \u05d5\u05d1\u05d9\u05e7\u05d5\u05e8 \u05d1\u05de\u05e7\u05d5\u05de\u05d5\u05ea \u05d4\u05db\u05d9 \u05e9\u05d5\u05d5\u05d9\u05dd \u05dc\u05e9\u05d5\u05e4\u05d9\u05e0\u05d2.","og_url":"https:\/\/goguided.tours\/es\/goto\/lo-mas-destacado-de-la-excursion-de-un-dia-de-viena-a-bratislava\/","og_site_name":"Go Guided","article_publisher":"https:\/\/www.facebook.com\/profile.php?id=61556958375391","article_modified_time":"2026-04-11T07:05:06+00:00","og_image":[{"width":1280,"height":853,"url":"https:\/\/goguided.tours\/wp-content\/uploads\/2026\/02\/bratislava-5284281_1280.jpg","type":"image\/jpeg"}],"twitter_card":"summary_large_image","twitter_misc":{"Tiempo de lectura":"1 minuto"},"schema":{"@context":"https:\/\/schema.org","@graph":[{"@type":"WebPage","@id":"https:\/\/goguided.tours\/goto\/vienna-to-bratislava-day-trip-highlights\/","url":"https:\/\/goguided.tours\/goto\/vienna-to-bratislava-day-trip-highlights\/","name":"Excursi\u00f3n de un d\u00eda desde Viena: lo m\u00e1s destacado de Bratislava","isPartOf":{"@id":"https:\/\/goguided.tours\/#website"},"primaryImageOfPage":{"@id":"https:\/\/goguided.tours\/goto\/vienna-to-bratislava-day-trip-highlights\/#primaryimage"},"image":{"@id":"https:\/\/goguided.tours\/goto\/vienna-to-bratislava-day-trip-highlights\/#primaryimage"},"thumbnailUrl":"https:\/\/goguided.tours\/wp-content\/uploads\/2026\/02\/bratislava-278557_1280.jpg","datePublished":"2026-02-01T16:45:39+00:00","dateModified":"2026-04-11T07:05:06+00:00","description":"Todos los lugares destacados de Bratislava en un d\u00eda desde Viena, combinados con un fascinante recorrido por la historia de la ciudad, una visita a los lugares m\u00e1s emblem\u00e1ticos y conocidos y una visita a los mejores lugares para ir de compras.","breadcrumb":{"@id":"https:\/\/goguided.tours\/goto\/vienna-to-bratislava-day-trip-highlights\/#breadcrumb"},"inLanguage":"es","potentialAction":[{"@type":"ReadAction","target":["https:\/\/goguided.tours\/goto\/vienna-to-bratislava-day-trip-highlights\/"]}]},{"@type":"ImageObject","inLanguage":"es","@id":"https:\/\/goguided.tours\/goto\/vienna-to-bratislava-day-trip-highlights\/#primaryimage","url":"https:\/\/goguided.tours\/wp-content\/uploads\/2026\/02\/bratislava-278557_1280.jpg","contentUrl":"https:\/\/goguided.tours\/wp-content\/uploads\/2026\/02\/bratislava-278557_1280.jpg","width":1280,"height":853,"caption":"\u05d8\u05d9\u05d5\u05dc \u05d9\u05d5\u05de\u05d9 \u05de\u05d5\u05d9\u05e0\u05d4 - \u05d4\u05d4\u05d9\u05d9\u05dc\u05d9\u05d9\u05d8\u05e1 \u05e9\u05dc \u05d1\u05e8\u05d8\u05d9\u05e1\u05dc\u05d1\u05d4"},{"@type":"BreadcrumbList","@id":"https:\/\/goguided.tours\/goto\/vienna-to-bratislava-day-trip-highlights\/#breadcrumb","itemListElement":[{"@type":"ListItem","position":1,"name":"\u05d3\u05e3 \u05d4\u05d1\u05d9\u05ea","item":"https:\/\/goguided.tours\/"},{"@type":"ListItem","position":2,"name":"\u05db\u05dc \u05d4\u05e4\u05e2\u05d9\u05dc\u05d5\u05d9\u05d5\u05ea","item":"https:\/\/goguided.tours\/shop\/"},{"@type":"ListItem","position":3,"name":"\u05d8\u05d9\u05d5\u05dc \u05d9\u05d5\u05de\u05d9 \u05de\u05d5\u05d9\u05e0\u05d4 &#8211; \u05d4\u05d4\u05d9\u05d9\u05dc\u05d9\u05d9\u05d8\u05e1 \u05e9\u05dc \u05d1\u05e8\u05d8\u05d9\u05e1\u05dc\u05d1\u05d4"}]},{"@type":"WebSite","@id":"https:\/\/goguided.tours\/#website","url":"https:\/\/goguided.tours\/","name":"Gu\u00eda Go","description":"","publisher":{"@id":"https:\/\/goguided.tours\/#organization"},"potentialAction":[{"@type":"SearchAction","target":{"@type":"EntryPoint","urlTemplate":"https:\/\/goguided.tours\/?s={search_term_string}"},"query-input":{"@type":"PropertyValueSpecification","valueRequired":true,"valueName":"search_term_string"}}],"inLanguage":"es"},{"@type":"Organization","@id":"https:\/\/goguided.tours\/#organization","name":"GoGuided","url":"https:\/\/goguided.tours\/","logo":{"@type":"ImageObject","inLanguage":"es","@id":"https:\/\/goguided.tours\/#\/schema\/logo\/image\/","url":"https:\/\/goguided.tours\/wp-content\/uploads\/2025\/05\/cropped-logo-guided.jpg","contentUrl":"https:\/\/goguided.tours\/wp-content\/uploads\/2025\/05\/cropped-logo-guided.jpg","width":500,"height":143,"caption":"GoGuided"},"image":{"@id":"https:\/\/goguided.tours\/#\/schema\/logo\/image\/"},"sameAs":["https:\/\/www.facebook.com\/profile.php?id=61556958375391","http:\/\/www.youtube.com\/@Guided-Tours","https:\/\/www.instagram.com\/goguided.he\/","https:\/\/www.tiktok.com\/@goguided.he"]}]}},"_links":{"self":[{"href":"https:\/\/goguided.tours\/es\/wp-json\/wp\/v2\/product\/19985","targetHints":{"allow":["GET"]}}],"collection":[{"href":"https:\/\/goguided.tours\/es\/wp-json\/wp\/v2\/product"}],"about":[{"href":"https:\/\/goguided.tours\/es\/wp-json\/wp\/v2\/types\/product"}],"author":[{"embeddable":true,"href":"https:\/\/goguided.tours\/es\/wp-json\/wp\/v2\/users\/37"}],"version-history":[{"count":21,"href":"https:\/\/goguided.tours\/es\/wp-json\/wp\/v2\/product\/19985\/revisions"}],"predecessor-version":[{"id":21275,"href":"https:\/\/goguided.tours\/es\/wp-json\/wp\/v2\/product\/19985\/revisions\/21275"}],"wp:featuredmedia":[{"embeddable":true,"href":"https:\/\/goguided.tours\/es\/wp-json\/wp\/v2\/media\/19986"}],"wp:attachment":[{"href":"https:\/\/goguided.tours\/es\/wp-json\/wp\/v2\/media?parent=19985"}],"wp:term":[{"taxonomy":"tour_area","embeddable":true,"href":"https:\/\/goguided.tours\/es\/wp-json\/wp\/v2\/tour_area?post=19985"},{"taxonomy":"tour_days","embeddable":true,"href":"https:\/\/goguided.tours\/es\/wp-json\/wp\/v2\/tour_days?post=19985"},{"taxonomy":"goto_type","embeddable":true,"href":"https:\/\/goguided.tours\/es\/wp-json\/wp\/v2\/goto_type?post=19985"},{"taxonomy":"tour_type","embeddable":true,"href":"https:\/\/goguided.tours\/es\/wp-json\/wp\/v2\/tour_type?post=19985"},{"taxonomy":"supported-language","embeddable":true,"href":"https:\/\/goguided.tours\/es\/wp-json\/wp\/v2\/supported-language?post=19985"},{"taxonomy":"product_cat","embeddable":true,"href":"https:\/\/goguided.tours\/es\/wp-json\/wp\/v2\/product_cat?post=19985"},{"taxonomy":"product_tag","embeddable":true,"href":"https:\/\/goguided.tours\/es\/wp-json\/wp\/v2\/product_tag?post=19985"},{"taxonomy":"activity_combo","embeddable":true,"href":"https:\/\/goguided.tours\/es\/wp-json\/wp\/v2\/activity_combo?post=19985"}],"curies":[{"name":"wp","href":"https:\/\/api.w.org\/{rel}","templated":true}]}}