{"id":20189,"date":"2026-02-09T17:34:37","date_gmt":"2026-02-09T15:34:37","guid":{"rendered":"https:\/\/goguided.tours\/?post_type=product&#038;p=20189"},"modified":"2026-02-10T14:01:14","modified_gmt":"2026-02-10T12:01:14","slug":"tel-aviv-siyur-zionist-walk","status":"publish","type":"product","link":"https:\/\/goguided.tours\/es\/goto\/tel-aviv-siyur-zionist-walk\/","title":{"rendered":"Recorrido por el mar, la avenida y la plaza | La historia sionista de Tel Aviv, la primera ciudad hebrea"},"excerpt":{"rendered":"","protected":false},"author":47,"featured_media":20199,"template":"","meta":{"_acf_changed":false,"_wp_rev_ctl_limit":""},"tour_area":[],"tour_days":[],"goto_type":[119],"tour_type":[170,97],"supported-language":[68,67],"product_cat":[83],"product_tag":[],"activity_combo":[152,153],"class_list":{"0":"post-20189","1":"product","2":"type-product","3":"status-publish","4":"has-post-thumbnail","6":"goto_type-tours","7":"tour_type-saturday","8":"tour_type-history","9":"supported-language-english","10":"supported-language-hebrew","11":"product_cat-tel-aviv","12":"activity_combo-israel","13":"activity_combo-tel-aviv","15":"first","16":"instock","17":"sold-individually","18":"shipping-taxable","19":"purchasable","20":"product-type-booking"},"acf":[],"yoast_head":"<!-- This site is optimized with the Yoast SEO plugin v27.3 - https:\/\/yoast.com\/product\/yoast-seo-wordpress\/ -->\n<title>\u05e1\u05d9\u05d5\u05e8 \u05d9\u05dd, \u05e9\u05d3\u05e8\u05d4, \u05db\u05d9\u05db\u05e8 | \u05e1\u05d9\u05e4\u05d5\u05e8\u05d4 \u05d4\u05e6\u05d9\u05d5\u05e0\u05d9 \u05e9\u05dc \u05ea&quot;\u05d0, \u05d4\u05e2\u05d9\u05e8 \u05d4\u05e2\u05d1\u05e8\u05d9\u05ea \u05d4\u05e8\u05d0\u05e9\u05d5\u05e0\u05d4<\/title>\n<meta name=\"description\" content=\"\u05e1\u05d9\u05d5\u05e8 \u05d1\u05d9\u05df \u05e9\u05d3\u05e8\u05d5\u05ea \u05e0\u05d5\u05e8\u05d3\u05d0\u05d5 \u05dc\u05d2\u05df \u05d4\u05e2\u05e6\u05de\u05d0\u05d5\u05ea \u05d5\u05dc\u05d0\u05d5\u05e8\u05da \u05e9\u05d3\u05e8\u05ea \u05d1\u05df \u05d2\u05d5\u05e8\u05d9\u05d5\u05df \u05e2\u05d3 \u05db\u05d9\u05db\u05e8 \u05e8\u05d1\u05d9\u05df. \u05d1\u05e1\u05d9\u05d5\u05e8 \u05e0\u05d2\u05dc\u05d4 \u05de\u05d4 \u05d1\u05d9\u05df \u05de\u05e0\u05d4\u05d9\u05d2\u05d9\u05dd \u05dc\u05de\u05e9\u05d5\u05e8\u05e8\u05d9\u05dd \u05d5\u05e0\u05d8\u05d9\u05d9\u05dc \u05d1\u05d9\u05df \u05e1\u05d9\u05e4\u05d5\u05e8\u05d9\u05dd \u05e9\u05dc \u05d4\u05e2\u05d9\u05e8 \u05d0\u05d6 \u05d5\u05d4\u05d9\u05d5\u05dd.\" \/>\n<meta name=\"robots\" content=\"index, follow, max-snippet:-1, max-image-preview:large, max-video-preview:-1\" \/>\n<link rel=\"canonical\" href=\"https:\/\/goguided.tours\/es\/goto\/tel-aviv-siyur-zionist-walk\/\" \/>\n<meta property=\"og:locale\" content=\"es_ES\" \/>\n<meta property=\"og:type\" content=\"article\" \/>\n<meta property=\"og:title\" content=\"\u05e1\u05d9\u05d5\u05e8 \u05d9\u05dd, \u05e9\u05d3\u05e8\u05d4, \u05db\u05d9\u05db\u05e8 | \u05e1\u05d9\u05e4\u05d5\u05e8\u05d4 \u05d4\u05e6\u05d9\u05d5\u05e0\u05d9 \u05e9\u05dc \u05ea&quot;\u05d0, \u05d4\u05e2\u05d9\u05e8 \u05d4\u05e2\u05d1\u05e8\u05d9\u05ea \u05d4\u05e8\u05d0\u05e9\u05d5\u05e0\u05d4\" \/>\n<meta property=\"og:description\" content=\"\u05e1\u05d9\u05d5\u05e8 \u05d1\u05d9\u05df \u05e9\u05d3\u05e8\u05d5\u05ea \u05e0\u05d5\u05e8\u05d3\u05d0\u05d5 \u05dc\u05d2\u05df \u05d4\u05e2\u05e6\u05de\u05d0\u05d5\u05ea \u05d5\u05dc\u05d0\u05d5\u05e8\u05da \u05e9\u05d3\u05e8\u05ea \u05d1\u05df \u05d2\u05d5\u05e8\u05d9\u05d5\u05df \u05e2\u05d3 \u05db\u05d9\u05db\u05e8 \u05e8\u05d1\u05d9\u05df. \u05d1\u05e1\u05d9\u05d5\u05e8 \u05e0\u05d2\u05dc\u05d4 \u05de\u05d4 \u05d1\u05d9\u05df \u05de\u05e0\u05d4\u05d9\u05d2\u05d9\u05dd \u05dc\u05de\u05e9\u05d5\u05e8\u05e8\u05d9\u05dd \u05d5\u05e0\u05d8\u05d9\u05d9\u05dc \u05d1\u05d9\u05df \u05e1\u05d9\u05e4\u05d5\u05e8\u05d9\u05dd \u05e9\u05dc \u05d4\u05e2\u05d9\u05e8 \u05d0\u05d6 \u05d5\u05d4\u05d9\u05d5\u05dd.\" \/>\n<meta property=\"og:url\" content=\"https:\/\/goguided.tours\/es\/goto\/tel-aviv-siyur-zionist-walk\/\" \/>\n<meta property=\"og:site_name\" content=\"Go Guided\" \/>\n<meta property=\"article:publisher\" content=\"https:\/\/www.facebook.com\/profile.php?id=61556958375391\" \/>\n<meta property=\"article:modified_time\" content=\"2026-02-10T12:01:14+00:00\" \/>\n<meta property=\"og:image\" content=\"https:\/\/goguided.tours\/wp-content\/uploads\/2026\/02\/tel-aviv-siyur-zionist-walk.webp\" \/>\n\t<meta property=\"og:image:width\" content=\"1600\" \/>\n\t<meta property=\"og:image:height\" content=\"900\" \/>\n\t<meta property=\"og:image:type\" content=\"image\/webp\" \/>\n<meta name=\"twitter:card\" content=\"summary_large_image\" \/>\n<meta name=\"twitter:label1\" content=\"Tiempo de lectura\" \/>\n\t<meta name=\"twitter:data1\" content=\"1 minuto\" \/>\n<script type=\"application\/ld+json\" class=\"yoast-schema-graph\">{\"@context\":\"https:\\\/\\\/schema.org\",\"@graph\":[{\"@type\":\"WebPage\",\"@id\":\"https:\\\/\\\/goguided.tours\\\/goto\\\/tel-aviv-siyur-zionist-walk\\\/\",\"url\":\"https:\\\/\\\/goguided.tours\\\/goto\\\/tel-aviv-siyur-zionist-walk\\\/\",\"name\":\"\u05e1\u05d9\u05d5\u05e8 \u05d9\u05dd, \u05e9\u05d3\u05e8\u05d4, \u05db\u05d9\u05db\u05e8 | \u05e1\u05d9\u05e4\u05d5\u05e8\u05d4 \u05d4\u05e6\u05d9\u05d5\u05e0\u05d9 \u05e9\u05dc \u05ea\\\"\u05d0, \u05d4\u05e2\u05d9\u05e8 \u05d4\u05e2\u05d1\u05e8\u05d9\u05ea \u05d4\u05e8\u05d0\u05e9\u05d5\u05e0\u05d4\",\"isPartOf\":{\"@id\":\"https:\\\/\\\/goguided.tours\\\/#website\"},\"primaryImageOfPage\":{\"@id\":\"https:\\\/\\\/goguided.tours\\\/goto\\\/tel-aviv-siyur-zionist-walk\\\/#primaryimage\"},\"image\":{\"@id\":\"https:\\\/\\\/goguided.tours\\\/goto\\\/tel-aviv-siyur-zionist-walk\\\/#primaryimage\"},\"thumbnailUrl\":\"https:\\\/\\\/goguided.tours\\\/wp-content\\\/uploads\\\/2026\\\/02\\\/tel-aviv-siyur-zionist-walk-1.webp\",\"datePublished\":\"2026-02-09T15:34:37+00:00\",\"dateModified\":\"2026-02-10T12:01:14+00:00\",\"description\":\"\u05e1\u05d9\u05d5\u05e8 \u05d1\u05d9\u05df \u05e9\u05d3\u05e8\u05d5\u05ea \u05e0\u05d5\u05e8\u05d3\u05d0\u05d5 \u05dc\u05d2\u05df \u05d4\u05e2\u05e6\u05de\u05d0\u05d5\u05ea \u05d5\u05dc\u05d0\u05d5\u05e8\u05da \u05e9\u05d3\u05e8\u05ea \u05d1\u05df \u05d2\u05d5\u05e8\u05d9\u05d5\u05df \u05e2\u05d3 \u05db\u05d9\u05db\u05e8 \u05e8\u05d1\u05d9\u05df. \u05d1\u05e1\u05d9\u05d5\u05e8 \u05e0\u05d2\u05dc\u05d4 \u05de\u05d4 \u05d1\u05d9\u05df \u05de\u05e0\u05d4\u05d9\u05d2\u05d9\u05dd \u05dc\u05de\u05e9\u05d5\u05e8\u05e8\u05d9\u05dd \u05d5\u05e0\u05d8\u05d9\u05d9\u05dc \u05d1\u05d9\u05df \u05e1\u05d9\u05e4\u05d5\u05e8\u05d9\u05dd \u05e9\u05dc \u05d4\u05e2\u05d9\u05e8 \u05d0\u05d6 \u05d5\u05d4\u05d9\u05d5\u05dd.\",\"breadcrumb\":{\"@id\":\"https:\\\/\\\/goguided.tours\\\/goto\\\/tel-aviv-siyur-zionist-walk\\\/#breadcrumb\"},\"inLanguage\":\"es\",\"potentialAction\":[{\"@type\":\"ReadAction\",\"target\":[\"https:\\\/\\\/goguided.tours\\\/goto\\\/tel-aviv-siyur-zionist-walk\\\/\"]}]},{\"@type\":\"ImageObject\",\"inLanguage\":\"es\",\"@id\":\"https:\\\/\\\/goguided.tours\\\/goto\\\/tel-aviv-siyur-zionist-walk\\\/#primaryimage\",\"url\":\"https:\\\/\\\/goguided.tours\\\/wp-content\\\/uploads\\\/2026\\\/02\\\/tel-aviv-siyur-zionist-walk-1.webp\",\"contentUrl\":\"https:\\\/\\\/goguided.tours\\\/wp-content\\\/uploads\\\/2026\\\/02\\\/tel-aviv-siyur-zionist-walk-1.webp\",\"width\":1600,\"height\":1600,\"caption\":\"\u05e1\u05d9\u05d5\u05e8 \u05d9\u05dd, \u05e9\u05d3\u05e8\u05d4, \u05db\u05d9\u05db\u05e8 | \u05e1\u05d9\u05e4\u05d5\u05e8\u05d4 \u05d4\u05e6\u05d9\u05d5\u05e0\u05d9 \u05e9\u05dc \u05ea\\\"\u05d0, \u05d4\u05e2\u05d9\u05e8 \u05d4\u05e2\u05d1\u05e8\u05d9\u05ea \u05d4\u05e8\u05d0\u05e9\u05d5\u05e0\u05d4\"},{\"@type\":\"BreadcrumbList\",\"@id\":\"https:\\\/\\\/goguided.tours\\\/goto\\\/tel-aviv-siyur-zionist-walk\\\/#breadcrumb\",\"itemListElement\":[{\"@type\":\"ListItem\",\"position\":1,\"name\":\"\u05d3\u05e3 \u05d4\u05d1\u05d9\u05ea\",\"item\":\"https:\\\/\\\/goguided.tours\\\/\"},{\"@type\":\"ListItem\",\"position\":2,\"name\":\"\u05db\u05dc \u05d4\u05e4\u05e2\u05d9\u05dc\u05d5\u05d9\u05d5\u05ea\",\"item\":\"https:\\\/\\\/goguided.tours\\\/shop\\\/\"},{\"@type\":\"ListItem\",\"position\":3,\"name\":\"\u05e1\u05d9\u05d5\u05e8 \u05d9\u05dd, \u05e9\u05d3\u05e8\u05d4, \u05db\u05d9\u05db\u05e8 | \u05e1\u05d9\u05e4\u05d5\u05e8\u05d4 \u05d4\u05e6\u05d9\u05d5\u05e0\u05d9 \u05e9\u05dc \u05ea&quot;\u05d0, \u05d4\u05e2\u05d9\u05e8 \u05d4\u05e2\u05d1\u05e8\u05d9\u05ea \u05d4\u05e8\u05d0\u05e9\u05d5\u05e0\u05d4\"}]},{\"@type\":\"WebSite\",\"@id\":\"https:\\\/\\\/goguided.tours\\\/#website\",\"url\":\"https:\\\/\\\/goguided.tours\\\/\",\"name\":\"Go Guided\",\"description\":\"\",\"publisher\":{\"@id\":\"https:\\\/\\\/goguided.tours\\\/#organization\"},\"potentialAction\":[{\"@type\":\"SearchAction\",\"target\":{\"@type\":\"EntryPoint\",\"urlTemplate\":\"https:\\\/\\\/goguided.tours\\\/?s={search_term_string}\"},\"query-input\":{\"@type\":\"PropertyValueSpecification\",\"valueRequired\":true,\"valueName\":\"search_term_string\"}}],\"inLanguage\":\"es\"},{\"@type\":\"Organization\",\"@id\":\"https:\\\/\\\/goguided.tours\\\/#organization\",\"name\":\"GoGuided\",\"url\":\"https:\\\/\\\/goguided.tours\\\/\",\"logo\":{\"@type\":\"ImageObject\",\"inLanguage\":\"es\",\"@id\":\"https:\\\/\\\/goguided.tours\\\/#\\\/schema\\\/logo\\\/image\\\/\",\"url\":\"https:\\\/\\\/goguided.tours\\\/wp-content\\\/uploads\\\/2025\\\/05\\\/cropped-logo-guided.jpg\",\"contentUrl\":\"https:\\\/\\\/goguided.tours\\\/wp-content\\\/uploads\\\/2025\\\/05\\\/cropped-logo-guided.jpg\",\"width\":500,\"height\":143,\"caption\":\"GoGuided\"},\"image\":{\"@id\":\"https:\\\/\\\/goguided.tours\\\/#\\\/schema\\\/logo\\\/image\\\/\"},\"sameAs\":[\"https:\\\/\\\/www.facebook.com\\\/profile.php?id=61556958375391\",\"http:\\\/\\\/www.youtube.com\\\/@Guided-Tours\",\"https:\\\/\\\/www.instagram.com\\\/goguided.he\\\/\",\"https:\\\/\\\/www.tiktok.com\\\/@goguided.he\"]}]}<\/script>\n<!-- \/ Yoast SEO plugin. -->","yoast_head_json":{"title":"Recorrido por el mar, la avenida y la plaza | La historia sionista de Tel Aviv, la primera ciudad hebrea","description":"Recorrido entre las avenidas Nordau y Gan Ha'atzmaut, y a lo largo de la avenida Ben Guri\u00f3n hasta la plaza Rabin. En el recorrido descubriremos qu\u00e9 tienen en com\u00fan los l\u00edderes y los poetas, y recorreremos las historias de la ciudad de ayer y de hoy.","robots":{"index":"index","follow":"follow","max-snippet":"max-snippet:-1","max-image-preview":"max-image-preview:large","max-video-preview":"max-video-preview:-1"},"canonical":"https:\/\/goguided.tours\/es\/goto\/tel-aviv-siyur-zionist-walk\/","og_locale":"es_ES","og_type":"article","og_title":"\u05e1\u05d9\u05d5\u05e8 \u05d9\u05dd, \u05e9\u05d3\u05e8\u05d4, \u05db\u05d9\u05db\u05e8 | \u05e1\u05d9\u05e4\u05d5\u05e8\u05d4 \u05d4\u05e6\u05d9\u05d5\u05e0\u05d9 \u05e9\u05dc \u05ea\"\u05d0, \u05d4\u05e2\u05d9\u05e8 \u05d4\u05e2\u05d1\u05e8\u05d9\u05ea \u05d4\u05e8\u05d0\u05e9\u05d5\u05e0\u05d4","og_description":"\u05e1\u05d9\u05d5\u05e8 \u05d1\u05d9\u05df \u05e9\u05d3\u05e8\u05d5\u05ea \u05e0\u05d5\u05e8\u05d3\u05d0\u05d5 \u05dc\u05d2\u05df \u05d4\u05e2\u05e6\u05de\u05d0\u05d5\u05ea \u05d5\u05dc\u05d0\u05d5\u05e8\u05da \u05e9\u05d3\u05e8\u05ea \u05d1\u05df \u05d2\u05d5\u05e8\u05d9\u05d5\u05df \u05e2\u05d3 \u05db\u05d9\u05db\u05e8 \u05e8\u05d1\u05d9\u05df. \u05d1\u05e1\u05d9\u05d5\u05e8 \u05e0\u05d2\u05dc\u05d4 \u05de\u05d4 \u05d1\u05d9\u05df \u05de\u05e0\u05d4\u05d9\u05d2\u05d9\u05dd \u05dc\u05de\u05e9\u05d5\u05e8\u05e8\u05d9\u05dd \u05d5\u05e0\u05d8\u05d9\u05d9\u05dc \u05d1\u05d9\u05df \u05e1\u05d9\u05e4\u05d5\u05e8\u05d9\u05dd \u05e9\u05dc \u05d4\u05e2\u05d9\u05e8 \u05d0\u05d6 \u05d5\u05d4\u05d9\u05d5\u05dd.","og_url":"https:\/\/goguided.tours\/es\/goto\/tel-aviv-siyur-zionist-walk\/","og_site_name":"Go Guided","article_publisher":"https:\/\/www.facebook.com\/profile.php?id=61556958375391","article_modified_time":"2026-02-10T12:01:14+00:00","og_image":[{"width":1600,"height":900,"url":"https:\/\/goguided.tours\/wp-content\/uploads\/2026\/02\/tel-aviv-siyur-zionist-walk.webp","type":"image\/webp"}],"twitter_card":"summary_large_image","twitter_misc":{"Tiempo de lectura":"1 minuto"},"schema":{"@context":"https:\/\/schema.org","@graph":[{"@type":"WebPage","@id":"https:\/\/goguided.tours\/goto\/tel-aviv-siyur-zionist-walk\/","url":"https:\/\/goguided.tours\/goto\/tel-aviv-siyur-zionist-walk\/","name":"Recorrido por el mar, la avenida y la plaza | La historia sionista de Tel Aviv, la primera ciudad hebrea","isPartOf":{"@id":"https:\/\/goguided.tours\/#website"},"primaryImageOfPage":{"@id":"https:\/\/goguided.tours\/goto\/tel-aviv-siyur-zionist-walk\/#primaryimage"},"image":{"@id":"https:\/\/goguided.tours\/goto\/tel-aviv-siyur-zionist-walk\/#primaryimage"},"thumbnailUrl":"https:\/\/goguided.tours\/wp-content\/uploads\/2026\/02\/tel-aviv-siyur-zionist-walk-1.webp","datePublished":"2026-02-09T15:34:37+00:00","dateModified":"2026-02-10T12:01:14+00:00","description":"Recorrido entre las avenidas Nordau y Gan Ha'atzmaut, y a lo largo de la avenida Ben Guri\u00f3n hasta la plaza Rabin. En el recorrido descubriremos qu\u00e9 tienen en com\u00fan los l\u00edderes y los poetas, y recorreremos las historias de la ciudad de ayer y de hoy.","breadcrumb":{"@id":"https:\/\/goguided.tours\/goto\/tel-aviv-siyur-zionist-walk\/#breadcrumb"},"inLanguage":"es","potentialAction":[{"@type":"ReadAction","target":["https:\/\/goguided.tours\/goto\/tel-aviv-siyur-zionist-walk\/"]}]},{"@type":"ImageObject","inLanguage":"es","@id":"https:\/\/goguided.tours\/goto\/tel-aviv-siyur-zionist-walk\/#primaryimage","url":"https:\/\/goguided.tours\/wp-content\/uploads\/2026\/02\/tel-aviv-siyur-zionist-walk-1.webp","contentUrl":"https:\/\/goguided.tours\/wp-content\/uploads\/2026\/02\/tel-aviv-siyur-zionist-walk-1.webp","width":1600,"height":1600,"caption":"\u05e1\u05d9\u05d5\u05e8 \u05d9\u05dd, \u05e9\u05d3\u05e8\u05d4, \u05db\u05d9\u05db\u05e8 | \u05e1\u05d9\u05e4\u05d5\u05e8\u05d4 \u05d4\u05e6\u05d9\u05d5\u05e0\u05d9 \u05e9\u05dc \u05ea\"\u05d0, \u05d4\u05e2\u05d9\u05e8 \u05d4\u05e2\u05d1\u05e8\u05d9\u05ea \u05d4\u05e8\u05d0\u05e9\u05d5\u05e0\u05d4"},{"@type":"BreadcrumbList","@id":"https:\/\/goguided.tours\/goto\/tel-aviv-siyur-zionist-walk\/#breadcrumb","itemListElement":[{"@type":"ListItem","position":1,"name":"\u05d3\u05e3 \u05d4\u05d1\u05d9\u05ea","item":"https:\/\/goguided.tours\/"},{"@type":"ListItem","position":2,"name":"\u05db\u05dc \u05d4\u05e4\u05e2\u05d9\u05dc\u05d5\u05d9\u05d5\u05ea","item":"https:\/\/goguided.tours\/shop\/"},{"@type":"ListItem","position":3,"name":"\u05e1\u05d9\u05d5\u05e8 \u05d9\u05dd, \u05e9\u05d3\u05e8\u05d4, \u05db\u05d9\u05db\u05e8 | \u05e1\u05d9\u05e4\u05d5\u05e8\u05d4 \u05d4\u05e6\u05d9\u05d5\u05e0\u05d9 \u05e9\u05dc \u05ea&quot;\u05d0, \u05d4\u05e2\u05d9\u05e8 \u05d4\u05e2\u05d1\u05e8\u05d9\u05ea \u05d4\u05e8\u05d0\u05e9\u05d5\u05e0\u05d4"}]},{"@type":"WebSite","@id":"https:\/\/goguided.tours\/#website","url":"https:\/\/goguided.tours\/","name":"Gu\u00eda Go","description":"","publisher":{"@id":"https:\/\/goguided.tours\/#organization"},"potentialAction":[{"@type":"SearchAction","target":{"@type":"EntryPoint","urlTemplate":"https:\/\/goguided.tours\/?s={search_term_string}"},"query-input":{"@type":"PropertyValueSpecification","valueRequired":true,"valueName":"search_term_string"}}],"inLanguage":"es"},{"@type":"Organization","@id":"https:\/\/goguided.tours\/#organization","name":"GoGuided","url":"https:\/\/goguided.tours\/","logo":{"@type":"ImageObject","inLanguage":"es","@id":"https:\/\/goguided.tours\/#\/schema\/logo\/image\/","url":"https:\/\/goguided.tours\/wp-content\/uploads\/2025\/05\/cropped-logo-guided.jpg","contentUrl":"https:\/\/goguided.tours\/wp-content\/uploads\/2025\/05\/cropped-logo-guided.jpg","width":500,"height":143,"caption":"GoGuided"},"image":{"@id":"https:\/\/goguided.tours\/#\/schema\/logo\/image\/"},"sameAs":["https:\/\/www.facebook.com\/profile.php?id=61556958375391","http:\/\/www.youtube.com\/@Guided-Tours","https:\/\/www.instagram.com\/goguided.he\/","https:\/\/www.tiktok.com\/@goguided.he"]}]}},"_links":{"self":[{"href":"https:\/\/goguided.tours\/es\/wp-json\/wp\/v2\/product\/20189","targetHints":{"allow":["GET"]}}],"collection":[{"href":"https:\/\/goguided.tours\/es\/wp-json\/wp\/v2\/product"}],"about":[{"href":"https:\/\/goguided.tours\/es\/wp-json\/wp\/v2\/types\/product"}],"author":[{"embeddable":true,"href":"https:\/\/goguided.tours\/es\/wp-json\/wp\/v2\/users\/47"}],"version-history":[{"count":14,"href":"https:\/\/goguided.tours\/es\/wp-json\/wp\/v2\/product\/20189\/revisions"}],"predecessor-version":[{"id":20221,"href":"https:\/\/goguided.tours\/es\/wp-json\/wp\/v2\/product\/20189\/revisions\/20221"}],"wp:featuredmedia":[{"embeddable":true,"href":"https:\/\/goguided.tours\/es\/wp-json\/wp\/v2\/media\/20199"}],"wp:attachment":[{"href":"https:\/\/goguided.tours\/es\/wp-json\/wp\/v2\/media?parent=20189"}],"wp:term":[{"taxonomy":"tour_area","embeddable":true,"href":"https:\/\/goguided.tours\/es\/wp-json\/wp\/v2\/tour_area?post=20189"},{"taxonomy":"tour_days","embeddable":true,"href":"https:\/\/goguided.tours\/es\/wp-json\/wp\/v2\/tour_days?post=20189"},{"taxonomy":"goto_type","embeddable":true,"href":"https:\/\/goguided.tours\/es\/wp-json\/wp\/v2\/goto_type?post=20189"},{"taxonomy":"tour_type","embeddable":true,"href":"https:\/\/goguided.tours\/es\/wp-json\/wp\/v2\/tour_type?post=20189"},{"taxonomy":"supported-language","embeddable":true,"href":"https:\/\/goguided.tours\/es\/wp-json\/wp\/v2\/supported-language?post=20189"},{"taxonomy":"product_cat","embeddable":true,"href":"https:\/\/goguided.tours\/es\/wp-json\/wp\/v2\/product_cat?post=20189"},{"taxonomy":"product_tag","embeddable":true,"href":"https:\/\/goguided.tours\/es\/wp-json\/wp\/v2\/product_tag?post=20189"},{"taxonomy":"activity_combo","embeddable":true,"href":"https:\/\/goguided.tours\/es\/wp-json\/wp\/v2\/activity_combo?post=20189"}],"curies":[{"name":"wp","href":"https:\/\/api.w.org\/{rel}","templated":true}]}}