{"id":20369,"date":"2026-02-20T11:55:18","date_gmt":"2026-02-20T09:55:18","guid":{"rendered":"https:\/\/goguided.tours\/?post_type=product&#038;p=20369"},"modified":"2026-04-10T12:43:23","modified_gmt":"2026-04-10T09:43:23","slug":"viaje-a-la-peninsula-de-halkidiki-una-joya-natural-en-grecia","status":"publish","type":"product","link":"https:\/\/goguided.tours\/es\/goto\/trip-to-halkidiki-peninsula-natures-gem-in-greece\/","title":{"rendered":"Viaje a la pen\u00ednsula de Calc\u00eddica: la joya natural de Grecia"},"excerpt":{"rendered":"","protected":false},"author":12,"featured_media":20378,"template":"","meta":{"_acf_changed":false,"_wp_rev_ctl_limit":""},"tour_area":[173],"tour_days":[],"goto_type":[119],"tour_type":[219,231],"supported-language":[68,69,67],"product_cat":[88],"product_tag":[],"activity_combo":[157,165],"class_list":{"0":"post-20369","1":"product","2":"type-product","3":"status-publish","4":"has-post-thumbnail","6":"tour_area-trip-outside-the-city","7":"goto_type-tours","8":"tour_type-archaeology","9":"tour_type-nature","10":"supported-language-english","11":"supported-language-spanish","12":"supported-language-hebrew","13":"product_cat-thessaloniki","14":"activity_combo-greece","15":"activity_combo-thessaloniki","17":"first","18":"instock","19":"sold-individually","20":"shipping-taxable","21":"purchasable","22":"product-type-booking"},"acf":[],"yoast_head":"<!-- This site is optimized with the Yoast SEO plugin v27.3 - https:\/\/yoast.com\/product\/yoast-seo-wordpress\/ -->\n<title>\u05d8\u05d9\u05d5\u05dc \u05dc\u05d7\u05e6\u05d9 \u05d4\u05d0\u05d9 \u05d7\u05dc\u05e7\u05d9\u05d3\u05d9\u05e7\u05d9 - \u05d4\u05d3\u05d5\u05d1\u05d3\u05d1\u05df \u05e9\u05dc \u05d4\u05d8\u05d1\u05e2 \u05d1\u05d9\u05d5\u05d5\u05df<\/title>\n<meta name=\"description\" content=\"\u05d1\u05d9\u05e7\u05d5\u05e8 \u05d1\u05d0\u05ea\u05e8 \u05d4\u05d0\u05e8\u05db\u05d9\u05d0\u05d5\u05dc\u05d5\u05d2\u05d9 \u05d4\u05d7\u05e9\u05d5\u05d1 \u05d1\u05e2\u05d5\u05dc\u05dd \u05d4\u05de\u05e7\u05d3\u05d5\u05e0\u05d9 - \u05d7\u05e6\u05d9 \u05d4\u05d0\u05d9 \u05d7\u05dc\u05e7\u05d9\u05d3\u05d9\u05e7\u05d9. \u05e1\u05d9\u05d5\u05e8 \u05d1\u05de\u05d5\u05d6\u05d9\u05d0\u05d5\u05df \u05d4\u05de\u05dc\u05db\u05d5\u05ea\u05d9. \u05d4\u05de\u05e9\u05da \u05dc\u05e2\u05d9\u05e8 \u05d5\u05e8\u05d9\u05d4 \u05d4\u05d4\u05d9\u05e1\u05d8\u05d5\u05e8\u05d9\u05ea. \u05d8\u05d9\u05d5\u05dc \u05e4\u05e8\u05d8\u05d9 \u05e2\u05dd \u05e0\u05d4\u05d2\/\u05de\u05d3\u05e8\u05d9\u05da \u05d9\u05d5\u05d5\u05e0\u05d9 \u05de\u05e7\u05d5\u05de\u05d9.\" \/>\n<meta name=\"robots\" content=\"index, follow, max-snippet:-1, max-image-preview:large, max-video-preview:-1\" \/>\n<link rel=\"canonical\" href=\"https:\/\/goguided.tours\/es\/goto\/viaje-a-la-peninsula-de-halkidiki-una-joya-natural-en-grecia\/\" \/>\n<meta property=\"og:locale\" content=\"es_ES\" \/>\n<meta property=\"og:type\" content=\"article\" \/>\n<meta property=\"og:title\" content=\"\u05d8\u05d9\u05d5\u05dc \u05dc\u05d7\u05e6\u05d9 \u05d4\u05d0\u05d9 \u05d7\u05dc\u05e7\u05d9\u05d3\u05d9\u05e7\u05d9 - \u05d4\u05d3\u05d5\u05d1\u05d3\u05d1\u05df \u05e9\u05dc \u05d4\u05d8\u05d1\u05e2 \u05d1\u05d9\u05d5\u05d5\u05df\" \/>\n<meta property=\"og:description\" content=\"\u05d1\u05d9\u05e7\u05d5\u05e8 \u05d1\u05d0\u05ea\u05e8 \u05d4\u05d0\u05e8\u05db\u05d9\u05d0\u05d5\u05dc\u05d5\u05d2\u05d9 \u05d4\u05d7\u05e9\u05d5\u05d1 \u05d1\u05e2\u05d5\u05dc\u05dd \u05d4\u05de\u05e7\u05d3\u05d5\u05e0\u05d9 - \u05d7\u05e6\u05d9 \u05d4\u05d0\u05d9 \u05d7\u05dc\u05e7\u05d9\u05d3\u05d9\u05e7\u05d9. \u05e1\u05d9\u05d5\u05e8 \u05d1\u05de\u05d5\u05d6\u05d9\u05d0\u05d5\u05df \u05d4\u05de\u05dc\u05db\u05d5\u05ea\u05d9. \u05d4\u05de\u05e9\u05da \u05dc\u05e2\u05d9\u05e8 \u05d5\u05e8\u05d9\u05d4 \u05d4\u05d4\u05d9\u05e1\u05d8\u05d5\u05e8\u05d9\u05ea. \u05d8\u05d9\u05d5\u05dc \u05e4\u05e8\u05d8\u05d9 \u05e2\u05dd \u05e0\u05d4\u05d2\/\u05de\u05d3\u05e8\u05d9\u05da \u05d9\u05d5\u05d5\u05e0\u05d9 \u05de\u05e7\u05d5\u05de\u05d9.\" \/>\n<meta property=\"og:url\" content=\"https:\/\/goguided.tours\/es\/goto\/viaje-a-la-peninsula-de-halkidiki-una-joya-natural-en-grecia\/\" \/>\n<meta property=\"og:site_name\" content=\"Go Guided\" \/>\n<meta property=\"article:publisher\" content=\"https:\/\/www.facebook.com\/profile.php?id=61556958375391\" \/>\n<meta property=\"article:modified_time\" content=\"2026-04-10T09:43:23+00:00\" \/>\n<meta property=\"og:image\" content=\"https:\/\/goguided.tours\/wp-content\/uploads\/2026\/02\/trip-to-halkidiki-peninsula-natures-gem-in-greece-19.jpg\" \/>\n\t<meta property=\"og:image:width\" content=\"2400\" \/>\n\t<meta property=\"og:image:height\" content=\"1594\" \/>\n\t<meta property=\"og:image:type\" content=\"image\/jpeg\" \/>\n<meta name=\"twitter:card\" content=\"summary_large_image\" \/>\n<meta name=\"twitter:label1\" content=\"Tiempo de lectura\" \/>\n\t<meta name=\"twitter:data1\" content=\"1 minuto\" \/>\n<script type=\"application\/ld+json\" class=\"yoast-schema-graph\">{\"@context\":\"https:\\\/\\\/schema.org\",\"@graph\":[{\"@type\":\"WebPage\",\"@id\":\"https:\\\/\\\/goguided.tours\\\/goto\\\/trip-to-halkidiki-peninsula-natures-gem-in-greece\\\/\",\"url\":\"https:\\\/\\\/goguided.tours\\\/goto\\\/trip-to-halkidiki-peninsula-natures-gem-in-greece\\\/\",\"name\":\"\u05d8\u05d9\u05d5\u05dc \u05dc\u05d7\u05e6\u05d9 \u05d4\u05d0\u05d9 \u05d7\u05dc\u05e7\u05d9\u05d3\u05d9\u05e7\u05d9 - \u05d4\u05d3\u05d5\u05d1\u05d3\u05d1\u05df \u05e9\u05dc \u05d4\u05d8\u05d1\u05e2 \u05d1\u05d9\u05d5\u05d5\u05df\",\"isPartOf\":{\"@id\":\"https:\\\/\\\/goguided.tours\\\/#website\"},\"primaryImageOfPage\":{\"@id\":\"https:\\\/\\\/goguided.tours\\\/goto\\\/trip-to-halkidiki-peninsula-natures-gem-in-greece\\\/#primaryimage\"},\"image\":{\"@id\":\"https:\\\/\\\/goguided.tours\\\/goto\\\/trip-to-halkidiki-peninsula-natures-gem-in-greece\\\/#primaryimage\"},\"thumbnailUrl\":\"https:\\\/\\\/goguided.tours\\\/wp-content\\\/uploads\\\/2026\\\/02\\\/trip-to-halkidiki-peninsula-natures-gem-in-greece-2.jpg\",\"datePublished\":\"2026-02-20T09:55:18+00:00\",\"dateModified\":\"2026-04-10T09:43:23+00:00\",\"description\":\"\u05d1\u05d9\u05e7\u05d5\u05e8 \u05d1\u05d0\u05ea\u05e8 \u05d4\u05d0\u05e8\u05db\u05d9\u05d0\u05d5\u05dc\u05d5\u05d2\u05d9 \u05d4\u05d7\u05e9\u05d5\u05d1 \u05d1\u05e2\u05d5\u05dc\u05dd \u05d4\u05de\u05e7\u05d3\u05d5\u05e0\u05d9 - \u05d7\u05e6\u05d9 \u05d4\u05d0\u05d9 \u05d7\u05dc\u05e7\u05d9\u05d3\u05d9\u05e7\u05d9. \u05e1\u05d9\u05d5\u05e8 \u05d1\u05de\u05d5\u05d6\u05d9\u05d0\u05d5\u05df \u05d4\u05de\u05dc\u05db\u05d5\u05ea\u05d9. \u05d4\u05de\u05e9\u05da \u05dc\u05e2\u05d9\u05e8 \u05d5\u05e8\u05d9\u05d4 \u05d4\u05d4\u05d9\u05e1\u05d8\u05d5\u05e8\u05d9\u05ea. \u05d8\u05d9\u05d5\u05dc \u05e4\u05e8\u05d8\u05d9 \u05e2\u05dd \u05e0\u05d4\u05d2\\\/\u05de\u05d3\u05e8\u05d9\u05da \u05d9\u05d5\u05d5\u05e0\u05d9 \u05de\u05e7\u05d5\u05de\u05d9.\",\"breadcrumb\":{\"@id\":\"https:\\\/\\\/goguided.tours\\\/goto\\\/trip-to-halkidiki-peninsula-natures-gem-in-greece\\\/#breadcrumb\"},\"inLanguage\":\"es\",\"potentialAction\":[{\"@type\":\"ReadAction\",\"target\":[\"https:\\\/\\\/goguided.tours\\\/goto\\\/trip-to-halkidiki-peninsula-natures-gem-in-greece\\\/\"]}]},{\"@type\":\"ImageObject\",\"inLanguage\":\"es\",\"@id\":\"https:\\\/\\\/goguided.tours\\\/goto\\\/trip-to-halkidiki-peninsula-natures-gem-in-greece\\\/#primaryimage\",\"url\":\"https:\\\/\\\/goguided.tours\\\/wp-content\\\/uploads\\\/2026\\\/02\\\/trip-to-halkidiki-peninsula-natures-gem-in-greece-2.jpg\",\"contentUrl\":\"https:\\\/\\\/goguided.tours\\\/wp-content\\\/uploads\\\/2026\\\/02\\\/trip-to-halkidiki-peninsula-natures-gem-in-greece-2.jpg\",\"width\":1600,\"height\":1200,\"caption\":\"\u05d8\u05d9\u05d5\u05dc \u05dc\u05d7\u05e6\u05d9 \u05d4\u05d0\u05d9 \u05d7\u05dc\u05e7\u05d9\u05d3\u05d9\u05e7\u05d9 - \u05d4\u05d3\u05d5\u05d1\u05d3\u05d1\u05df \u05e9\u05dc \u05d4\u05d8\u05d1\u05e2 \u05d1\u05d9\u05d5\u05d5\u05df\"},{\"@type\":\"BreadcrumbList\",\"@id\":\"https:\\\/\\\/goguided.tours\\\/goto\\\/trip-to-halkidiki-peninsula-natures-gem-in-greece\\\/#breadcrumb\",\"itemListElement\":[{\"@type\":\"ListItem\",\"position\":1,\"name\":\"\u05d3\u05e3 \u05d4\u05d1\u05d9\u05ea\",\"item\":\"https:\\\/\\\/goguided.tours\\\/\"},{\"@type\":\"ListItem\",\"position\":2,\"name\":\"\u05db\u05dc \u05d4\u05e4\u05e2\u05d9\u05dc\u05d5\u05d9\u05d5\u05ea\",\"item\":\"https:\\\/\\\/goguided.tours\\\/shop\\\/\"},{\"@type\":\"ListItem\",\"position\":3,\"name\":\"\u05d8\u05d9\u05d5\u05dc \u05dc\u05d7\u05e6\u05d9 \u05d4\u05d0\u05d9 \u05d7\u05dc\u05e7\u05d9\u05d3\u05d9\u05e7\u05d9 &#8211; \u05d4\u05d3\u05d5\u05d1\u05d3\u05d1\u05df \u05e9\u05dc \u05d4\u05d8\u05d1\u05e2 \u05d1\u05d9\u05d5\u05d5\u05df\"}]},{\"@type\":\"WebSite\",\"@id\":\"https:\\\/\\\/goguided.tours\\\/#website\",\"url\":\"https:\\\/\\\/goguided.tours\\\/\",\"name\":\"Go Guided\",\"description\":\"\",\"publisher\":{\"@id\":\"https:\\\/\\\/goguided.tours\\\/#organization\"},\"potentialAction\":[{\"@type\":\"SearchAction\",\"target\":{\"@type\":\"EntryPoint\",\"urlTemplate\":\"https:\\\/\\\/goguided.tours\\\/?s={search_term_string}\"},\"query-input\":{\"@type\":\"PropertyValueSpecification\",\"valueRequired\":true,\"valueName\":\"search_term_string\"}}],\"inLanguage\":\"es\"},{\"@type\":\"Organization\",\"@id\":\"https:\\\/\\\/goguided.tours\\\/#organization\",\"name\":\"GoGuided\",\"url\":\"https:\\\/\\\/goguided.tours\\\/\",\"logo\":{\"@type\":\"ImageObject\",\"inLanguage\":\"es\",\"@id\":\"https:\\\/\\\/goguided.tours\\\/#\\\/schema\\\/logo\\\/image\\\/\",\"url\":\"https:\\\/\\\/goguided.tours\\\/wp-content\\\/uploads\\\/2025\\\/05\\\/cropped-logo-guided.jpg\",\"contentUrl\":\"https:\\\/\\\/goguided.tours\\\/wp-content\\\/uploads\\\/2025\\\/05\\\/cropped-logo-guided.jpg\",\"width\":500,\"height\":143,\"caption\":\"GoGuided\"},\"image\":{\"@id\":\"https:\\\/\\\/goguided.tours\\\/#\\\/schema\\\/logo\\\/image\\\/\"},\"sameAs\":[\"https:\\\/\\\/www.facebook.com\\\/profile.php?id=61556958375391\",\"http:\\\/\\\/www.youtube.com\\\/@Guided-Tours\",\"https:\\\/\\\/www.instagram.com\\\/goguided.he\\\/\",\"https:\\\/\\\/www.tiktok.com\\\/@goguided.he\"]}]}<\/script>\n<!-- \/ Yoast SEO plugin. -->","yoast_head_json":{"title":"Viaje a la pen\u00ednsula de Calc\u00eddica: la joya natural de Grecia","description":"Visita al yacimiento arqueol\u00f3gico m\u00e1s importante del mundo macedonio: la pen\u00ednsula de Calc\u00eddica. Recorrido por el Museo Real. Continuaci\u00f3n hacia la hist\u00f3rica ciudad de Veria. Excursi\u00f3n privada con conductor\/gu\u00eda griego local.","robots":{"index":"index","follow":"follow","max-snippet":"max-snippet:-1","max-image-preview":"max-image-preview:large","max-video-preview":"max-video-preview:-1"},"canonical":"https:\/\/goguided.tours\/es\/goto\/viaje-a-la-peninsula-de-halkidiki-una-joya-natural-en-grecia\/","og_locale":"es_ES","og_type":"article","og_title":"\u05d8\u05d9\u05d5\u05dc \u05dc\u05d7\u05e6\u05d9 \u05d4\u05d0\u05d9 \u05d7\u05dc\u05e7\u05d9\u05d3\u05d9\u05e7\u05d9 - \u05d4\u05d3\u05d5\u05d1\u05d3\u05d1\u05df \u05e9\u05dc \u05d4\u05d8\u05d1\u05e2 \u05d1\u05d9\u05d5\u05d5\u05df","og_description":"\u05d1\u05d9\u05e7\u05d5\u05e8 \u05d1\u05d0\u05ea\u05e8 \u05d4\u05d0\u05e8\u05db\u05d9\u05d0\u05d5\u05dc\u05d5\u05d2\u05d9 \u05d4\u05d7\u05e9\u05d5\u05d1 \u05d1\u05e2\u05d5\u05dc\u05dd \u05d4\u05de\u05e7\u05d3\u05d5\u05e0\u05d9 - \u05d7\u05e6\u05d9 \u05d4\u05d0\u05d9 \u05d7\u05dc\u05e7\u05d9\u05d3\u05d9\u05e7\u05d9. \u05e1\u05d9\u05d5\u05e8 \u05d1\u05de\u05d5\u05d6\u05d9\u05d0\u05d5\u05df \u05d4\u05de\u05dc\u05db\u05d5\u05ea\u05d9. \u05d4\u05de\u05e9\u05da \u05dc\u05e2\u05d9\u05e8 \u05d5\u05e8\u05d9\u05d4 \u05d4\u05d4\u05d9\u05e1\u05d8\u05d5\u05e8\u05d9\u05ea. \u05d8\u05d9\u05d5\u05dc \u05e4\u05e8\u05d8\u05d9 \u05e2\u05dd \u05e0\u05d4\u05d2\/\u05de\u05d3\u05e8\u05d9\u05da \u05d9\u05d5\u05d5\u05e0\u05d9 \u05de\u05e7\u05d5\u05de\u05d9.","og_url":"https:\/\/goguided.tours\/es\/goto\/viaje-a-la-peninsula-de-halkidiki-una-joya-natural-en-grecia\/","og_site_name":"Go Guided","article_publisher":"https:\/\/www.facebook.com\/profile.php?id=61556958375391","article_modified_time":"2026-04-10T09:43:23+00:00","og_image":[{"width":2400,"height":1594,"url":"https:\/\/goguided.tours\/wp-content\/uploads\/2026\/02\/trip-to-halkidiki-peninsula-natures-gem-in-greece-19.jpg","type":"image\/jpeg"}],"twitter_card":"summary_large_image","twitter_misc":{"Tiempo de lectura":"1 minuto"},"schema":{"@context":"https:\/\/schema.org","@graph":[{"@type":"WebPage","@id":"https:\/\/goguided.tours\/goto\/trip-to-halkidiki-peninsula-natures-gem-in-greece\/","url":"https:\/\/goguided.tours\/goto\/trip-to-halkidiki-peninsula-natures-gem-in-greece\/","name":"Viaje a la pen\u00ednsula de Calc\u00eddica: la joya natural de Grecia","isPartOf":{"@id":"https:\/\/goguided.tours\/#website"},"primaryImageOfPage":{"@id":"https:\/\/goguided.tours\/goto\/trip-to-halkidiki-peninsula-natures-gem-in-greece\/#primaryimage"},"image":{"@id":"https:\/\/goguided.tours\/goto\/trip-to-halkidiki-peninsula-natures-gem-in-greece\/#primaryimage"},"thumbnailUrl":"https:\/\/goguided.tours\/wp-content\/uploads\/2026\/02\/trip-to-halkidiki-peninsula-natures-gem-in-greece-2.jpg","datePublished":"2026-02-20T09:55:18+00:00","dateModified":"2026-04-10T09:43:23+00:00","description":"Visita al yacimiento arqueol\u00f3gico m\u00e1s importante del mundo macedonio: la pen\u00ednsula de Calc\u00eddica. Recorrido por el Museo Real. Continuaci\u00f3n hacia la hist\u00f3rica ciudad de Veria. Excursi\u00f3n privada con conductor\/gu\u00eda griego local.","breadcrumb":{"@id":"https:\/\/goguided.tours\/goto\/trip-to-halkidiki-peninsula-natures-gem-in-greece\/#breadcrumb"},"inLanguage":"es","potentialAction":[{"@type":"ReadAction","target":["https:\/\/goguided.tours\/goto\/trip-to-halkidiki-peninsula-natures-gem-in-greece\/"]}]},{"@type":"ImageObject","inLanguage":"es","@id":"https:\/\/goguided.tours\/goto\/trip-to-halkidiki-peninsula-natures-gem-in-greece\/#primaryimage","url":"https:\/\/goguided.tours\/wp-content\/uploads\/2026\/02\/trip-to-halkidiki-peninsula-natures-gem-in-greece-2.jpg","contentUrl":"https:\/\/goguided.tours\/wp-content\/uploads\/2026\/02\/trip-to-halkidiki-peninsula-natures-gem-in-greece-2.jpg","width":1600,"height":1200,"caption":"\u05d8\u05d9\u05d5\u05dc \u05dc\u05d7\u05e6\u05d9 \u05d4\u05d0\u05d9 \u05d7\u05dc\u05e7\u05d9\u05d3\u05d9\u05e7\u05d9 - \u05d4\u05d3\u05d5\u05d1\u05d3\u05d1\u05df \u05e9\u05dc \u05d4\u05d8\u05d1\u05e2 \u05d1\u05d9\u05d5\u05d5\u05df"},{"@type":"BreadcrumbList","@id":"https:\/\/goguided.tours\/goto\/trip-to-halkidiki-peninsula-natures-gem-in-greece\/#breadcrumb","itemListElement":[{"@type":"ListItem","position":1,"name":"\u05d3\u05e3 \u05d4\u05d1\u05d9\u05ea","item":"https:\/\/goguided.tours\/"},{"@type":"ListItem","position":2,"name":"\u05db\u05dc \u05d4\u05e4\u05e2\u05d9\u05dc\u05d5\u05d9\u05d5\u05ea","item":"https:\/\/goguided.tours\/shop\/"},{"@type":"ListItem","position":3,"name":"\u05d8\u05d9\u05d5\u05dc \u05dc\u05d7\u05e6\u05d9 \u05d4\u05d0\u05d9 \u05d7\u05dc\u05e7\u05d9\u05d3\u05d9\u05e7\u05d9 &#8211; \u05d4\u05d3\u05d5\u05d1\u05d3\u05d1\u05df \u05e9\u05dc \u05d4\u05d8\u05d1\u05e2 \u05d1\u05d9\u05d5\u05d5\u05df"}]},{"@type":"WebSite","@id":"https:\/\/goguided.tours\/#website","url":"https:\/\/goguided.tours\/","name":"Gu\u00eda Go","description":"","publisher":{"@id":"https:\/\/goguided.tours\/#organization"},"potentialAction":[{"@type":"SearchAction","target":{"@type":"EntryPoint","urlTemplate":"https:\/\/goguided.tours\/?s={search_term_string}"},"query-input":{"@type":"PropertyValueSpecification","valueRequired":true,"valueName":"search_term_string"}}],"inLanguage":"es"},{"@type":"Organization","@id":"https:\/\/goguided.tours\/#organization","name":"GoGuided","url":"https:\/\/goguided.tours\/","logo":{"@type":"ImageObject","inLanguage":"es","@id":"https:\/\/goguided.tours\/#\/schema\/logo\/image\/","url":"https:\/\/goguided.tours\/wp-content\/uploads\/2025\/05\/cropped-logo-guided.jpg","contentUrl":"https:\/\/goguided.tours\/wp-content\/uploads\/2025\/05\/cropped-logo-guided.jpg","width":500,"height":143,"caption":"GoGuided"},"image":{"@id":"https:\/\/goguided.tours\/#\/schema\/logo\/image\/"},"sameAs":["https:\/\/www.facebook.com\/profile.php?id=61556958375391","http:\/\/www.youtube.com\/@Guided-Tours","https:\/\/www.instagram.com\/goguided.he\/","https:\/\/www.tiktok.com\/@goguided.he"]}]}},"_links":{"self":[{"href":"https:\/\/goguided.tours\/es\/wp-json\/wp\/v2\/product\/20369","targetHints":{"allow":["GET"]}}],"collection":[{"href":"https:\/\/goguided.tours\/es\/wp-json\/wp\/v2\/product"}],"about":[{"href":"https:\/\/goguided.tours\/es\/wp-json\/wp\/v2\/types\/product"}],"author":[{"embeddable":true,"href":"https:\/\/goguided.tours\/es\/wp-json\/wp\/v2\/users\/12"}],"version-history":[{"count":9,"href":"https:\/\/goguided.tours\/es\/wp-json\/wp\/v2\/product\/20369\/revisions"}],"predecessor-version":[{"id":21201,"href":"https:\/\/goguided.tours\/es\/wp-json\/wp\/v2\/product\/20369\/revisions\/21201"}],"wp:featuredmedia":[{"embeddable":true,"href":"https:\/\/goguided.tours\/es\/wp-json\/wp\/v2\/media\/20378"}],"wp:attachment":[{"href":"https:\/\/goguided.tours\/es\/wp-json\/wp\/v2\/media?parent=20369"}],"wp:term":[{"taxonomy":"tour_area","embeddable":true,"href":"https:\/\/goguided.tours\/es\/wp-json\/wp\/v2\/tour_area?post=20369"},{"taxonomy":"tour_days","embeddable":true,"href":"https:\/\/goguided.tours\/es\/wp-json\/wp\/v2\/tour_days?post=20369"},{"taxonomy":"goto_type","embeddable":true,"href":"https:\/\/goguided.tours\/es\/wp-json\/wp\/v2\/goto_type?post=20369"},{"taxonomy":"tour_type","embeddable":true,"href":"https:\/\/goguided.tours\/es\/wp-json\/wp\/v2\/tour_type?post=20369"},{"taxonomy":"supported-language","embeddable":true,"href":"https:\/\/goguided.tours\/es\/wp-json\/wp\/v2\/supported-language?post=20369"},{"taxonomy":"product_cat","embeddable":true,"href":"https:\/\/goguided.tours\/es\/wp-json\/wp\/v2\/product_cat?post=20369"},{"taxonomy":"product_tag","embeddable":true,"href":"https:\/\/goguided.tours\/es\/wp-json\/wp\/v2\/product_tag?post=20369"},{"taxonomy":"activity_combo","embeddable":true,"href":"https:\/\/goguided.tours\/es\/wp-json\/wp\/v2\/activity_combo?post=20369"}],"curies":[{"name":"wp","href":"https:\/\/api.w.org\/{rel}","templated":true}]}}