{"id":20425,"date":"2026-02-23T11:03:08","date_gmt":"2026-02-23T09:03:08","guid":{"rendered":"https:\/\/goguided.tours\/?post_type=product&#038;p=20425"},"modified":"2026-02-23T11:41:37","modified_gmt":"2026-02-23T09:41:37","slug":"visita-teatral-al-barrio-judio-de-jerusalen","status":"publish","type":"product","link":"https:\/\/goguided.tours\/es\/goto\/theatrical-tour-jewish-quarter-jerusalem\/","title":{"rendered":"Recorrido teatral por el barrio jud\u00edo de Jerusal\u00e9n | Con personajes hist\u00f3ricos"},"excerpt":{"rendered":"","protected":false},"author":25,"featured_media":20426,"template":"","meta":{"_acf_changed":false,"_wp_rev_ctl_limit":""},"tour_area":[96],"tour_days":[],"goto_type":[119],"tour_type":[97,192],"supported-language":[68,67],"product_cat":[89],"product_tag":[],"activity_combo":[155,152],"class_list":{"0":"post-20425","1":"product","2":"type-product","3":"status-publish","4":"has-post-thumbnail","6":"tour_area-old-town","7":"goto_type-tours","8":"tour_type-history","9":"tour_type-theatrical","10":"supported-language-english","11":"supported-language-hebrew","12":"product_cat-jerusalem","13":"activity_combo-jerusalem","14":"activity_combo-israel","16":"first","17":"instock","18":"sold-individually","19":"shipping-taxable","20":"purchasable","21":"product-type-booking"},"acf":[],"yoast_head":"<!-- This site is optimized with the Yoast SEO plugin v27.3 - https:\/\/yoast.com\/product\/yoast-seo-wordpress\/ -->\n<title>\u05e1\u05d9\u05d5\u05e8 \u05ea\u05d9\u05d0\u05d8\u05e8\u05dc\u05d9 \u05d1\u05e8\u05d5\u05d1\u05e2 \u05d4\u05d9\u05d4\u05d5\u05d3\u05d9 \u05d1\u05d9\u05e8\u05d5\u05e9\u05dc\u05d9\u05dd | \u05e2\u05dd \u05d3\u05de\u05d5\u05d9\u05d5\u05ea \u05d4\u05d9\u05e1\u05d8\u05d5\u05e8\u05d9\u05d5\u05ea<\/title>\n<meta name=\"description\" content=\"\u05de\u05e9\u05d4 \u05de\u05d5\u05e0\u05d8\u05d9\u05e4\u05d9\u05d5\u05e8\u05d9 \u05e9\u05d9\u05e1\u05e4\u05e8 \u05e2\u05dc \u05d4\u05e8\u05e2\u05d9\u05d5\u05df \u05dc\u05e4\u05e8\u05d5\u05e5 \u05d0\u05ea \u05d7\u05d5\u05de\u05d5\u05ea \u05d4\u05e2\u05d9\u05e8 \u05d4\u05e2\u05ea\u05d9\u05e7\u05d4.\u05de\u05e4\u05e7\u05d3 \u05db\u05d5\u05d7\u05d5\u05ea \u05d4\u05dc\u05d2\u05d9\u05d5\u05df \u05d4\u05d9\u05e8\u05d3\u05e0\u05d9, \u05d4\u05e7\u05d5\u05dc\u05d5\u05e0\u05dc \u05e2\u05d1\u05d3\u05d0\u05dc\u05dc\u05d4 \u05d0- \u05ea\u05dc \u05e9\u05d9\u05e1\u05e4\u05e8 \u05de\u05d3\u05d5\u05e2 \u05d1\u05d7\u05e8 \u05dc\u05ea\u05e7\u05d5\u05e3 \u05d0\u05ea \u05d1\u05d9\u05ea \u05d4\u05db\u05e0\u05e1\u05ea &quot;\u05d4\u05d7\u05d5\u05e8\u05d1\u05d4&quot;.\" \/>\n<meta name=\"robots\" content=\"index, follow, max-snippet:-1, max-image-preview:large, max-video-preview:-1\" \/>\n<link rel=\"canonical\" href=\"https:\/\/goguided.tours\/es\/goto\/visita-teatral-al-barrio-judio-de-jerusalen\/\" \/>\n<meta property=\"og:locale\" content=\"es_ES\" \/>\n<meta property=\"og:type\" content=\"article\" \/>\n<meta property=\"og:title\" content=\"\u05e1\u05d9\u05d5\u05e8 \u05ea\u05d9\u05d0\u05d8\u05e8\u05dc\u05d9 \u05d1\u05e8\u05d5\u05d1\u05e2 \u05d4\u05d9\u05d4\u05d5\u05d3\u05d9 \u05d1\u05d9\u05e8\u05d5\u05e9\u05dc\u05d9\u05dd | \u05e2\u05dd \u05d3\u05de\u05d5\u05d9\u05d5\u05ea \u05d4\u05d9\u05e1\u05d8\u05d5\u05e8\u05d9\u05d5\u05ea\" \/>\n<meta property=\"og:description\" content=\"\u05de\u05e9\u05d4 \u05de\u05d5\u05e0\u05d8\u05d9\u05e4\u05d9\u05d5\u05e8\u05d9 \u05e9\u05d9\u05e1\u05e4\u05e8 \u05e2\u05dc \u05d4\u05e8\u05e2\u05d9\u05d5\u05df \u05dc\u05e4\u05e8\u05d5\u05e5 \u05d0\u05ea \u05d7\u05d5\u05de\u05d5\u05ea \u05d4\u05e2\u05d9\u05e8 \u05d4\u05e2\u05ea\u05d9\u05e7\u05d4.\u05de\u05e4\u05e7\u05d3 \u05db\u05d5\u05d7\u05d5\u05ea \u05d4\u05dc\u05d2\u05d9\u05d5\u05df \u05d4\u05d9\u05e8\u05d3\u05e0\u05d9, \u05d4\u05e7\u05d5\u05dc\u05d5\u05e0\u05dc \u05e2\u05d1\u05d3\u05d0\u05dc\u05dc\u05d4 \u05d0- \u05ea\u05dc \u05e9\u05d9\u05e1\u05e4\u05e8 \u05de\u05d3\u05d5\u05e2 \u05d1\u05d7\u05e8 \u05dc\u05ea\u05e7\u05d5\u05e3 \u05d0\u05ea \u05d1\u05d9\u05ea \u05d4\u05db\u05e0\u05e1\u05ea &quot;\u05d4\u05d7\u05d5\u05e8\u05d1\u05d4&quot;.\" \/>\n<meta property=\"og:url\" content=\"https:\/\/goguided.tours\/es\/goto\/visita-teatral-al-barrio-judio-de-jerusalen\/\" \/>\n<meta property=\"og:site_name\" content=\"Go Guided\" \/>\n<meta property=\"article:publisher\" content=\"https:\/\/www.facebook.com\/profile.php?id=61556958375391\" \/>\n<meta property=\"article:modified_time\" content=\"2026-02-23T09:41:37+00:00\" \/>\n<meta property=\"og:image\" content=\"https:\/\/goguided.tours\/wp-content\/uploads\/2026\/02\/theatrical-tour-jewish-quarter-jerusalem-9.webp\" \/>\n\t<meta property=\"og:image:width\" content=\"870\" \/>\n\t<meta property=\"og:image:height\" content=\"650\" \/>\n\t<meta property=\"og:image:type\" content=\"image\/webp\" \/>\n<meta name=\"twitter:card\" content=\"summary_large_image\" \/>\n<meta name=\"twitter:label1\" content=\"Tiempo de lectura\" \/>\n\t<meta name=\"twitter:data1\" content=\"1 minuto\" \/>\n<script type=\"application\/ld+json\" class=\"yoast-schema-graph\">{\"@context\":\"https:\\\/\\\/schema.org\",\"@graph\":[{\"@type\":\"WebPage\",\"@id\":\"https:\\\/\\\/goguided.tours\\\/goto\\\/theatrical-tour-jewish-quarter-jerusalem\\\/\",\"url\":\"https:\\\/\\\/goguided.tours\\\/goto\\\/theatrical-tour-jewish-quarter-jerusalem\\\/\",\"name\":\"\u05e1\u05d9\u05d5\u05e8 \u05ea\u05d9\u05d0\u05d8\u05e8\u05dc\u05d9 \u05d1\u05e8\u05d5\u05d1\u05e2 \u05d4\u05d9\u05d4\u05d5\u05d3\u05d9 \u05d1\u05d9\u05e8\u05d5\u05e9\u05dc\u05d9\u05dd | \u05e2\u05dd \u05d3\u05de\u05d5\u05d9\u05d5\u05ea \u05d4\u05d9\u05e1\u05d8\u05d5\u05e8\u05d9\u05d5\u05ea\",\"isPartOf\":{\"@id\":\"https:\\\/\\\/goguided.tours\\\/#website\"},\"primaryImageOfPage\":{\"@id\":\"https:\\\/\\\/goguided.tours\\\/goto\\\/theatrical-tour-jewish-quarter-jerusalem\\\/#primaryimage\"},\"image\":{\"@id\":\"https:\\\/\\\/goguided.tours\\\/goto\\\/theatrical-tour-jewish-quarter-jerusalem\\\/#primaryimage\"},\"thumbnailUrl\":\"https:\\\/\\\/goguided.tours\\\/wp-content\\\/uploads\\\/2026\\\/02\\\/theatrical-tour-jewish-quarter-jerusalem-6.webp\",\"datePublished\":\"2026-02-23T09:03:08+00:00\",\"dateModified\":\"2026-02-23T09:41:37+00:00\",\"description\":\"\u05de\u05e9\u05d4 \u05de\u05d5\u05e0\u05d8\u05d9\u05e4\u05d9\u05d5\u05e8\u05d9 \u05e9\u05d9\u05e1\u05e4\u05e8 \u05e2\u05dc \u05d4\u05e8\u05e2\u05d9\u05d5\u05df \u05dc\u05e4\u05e8\u05d5\u05e5 \u05d0\u05ea \u05d7\u05d5\u05de\u05d5\u05ea \u05d4\u05e2\u05d9\u05e8 \u05d4\u05e2\u05ea\u05d9\u05e7\u05d4.\u05de\u05e4\u05e7\u05d3 \u05db\u05d5\u05d7\u05d5\u05ea \u05d4\u05dc\u05d2\u05d9\u05d5\u05df \u05d4\u05d9\u05e8\u05d3\u05e0\u05d9, \u05d4\u05e7\u05d5\u05dc\u05d5\u05e0\u05dc \u05e2\u05d1\u05d3\u05d0\u05dc\u05dc\u05d4 \u05d0- \u05ea\u05dc \u05e9\u05d9\u05e1\u05e4\u05e8 \u05de\u05d3\u05d5\u05e2 \u05d1\u05d7\u05e8 \u05dc\u05ea\u05e7\u05d5\u05e3 \u05d0\u05ea \u05d1\u05d9\u05ea \u05d4\u05db\u05e0\u05e1\u05ea \\\"\u05d4\u05d7\u05d5\u05e8\u05d1\u05d4\\\".\",\"breadcrumb\":{\"@id\":\"https:\\\/\\\/goguided.tours\\\/goto\\\/theatrical-tour-jewish-quarter-jerusalem\\\/#breadcrumb\"},\"inLanguage\":\"es\",\"potentialAction\":[{\"@type\":\"ReadAction\",\"target\":[\"https:\\\/\\\/goguided.tours\\\/goto\\\/theatrical-tour-jewish-quarter-jerusalem\\\/\"]}]},{\"@type\":\"ImageObject\",\"inLanguage\":\"es\",\"@id\":\"https:\\\/\\\/goguided.tours\\\/goto\\\/theatrical-tour-jewish-quarter-jerusalem\\\/#primaryimage\",\"url\":\"https:\\\/\\\/goguided.tours\\\/wp-content\\\/uploads\\\/2026\\\/02\\\/theatrical-tour-jewish-quarter-jerusalem-6.webp\",\"contentUrl\":\"https:\\\/\\\/goguided.tours\\\/wp-content\\\/uploads\\\/2026\\\/02\\\/theatrical-tour-jewish-quarter-jerusalem-6.webp\",\"width\":485,\"height\":650,\"caption\":\"\u05e1\u05d9\u05d5\u05e8 \u05ea\u05d9\u05d0\u05d8\u05e8\u05dc\u05d9 \u05d1\u05e8\u05d5\u05d1\u05e2 \u05d4\u05d9\u05d4\u05d5\u05d3\u05d9 \u05d1\u05d9\u05e8\u05d5\u05e9\u05dc\u05d9\u05dd | \u05e2\u05dd \u05d3\u05de\u05d5\u05d9\u05d5\u05ea \u05d4\u05d9\u05e1\u05d8\u05d5\u05e8\u05d9\u05d5\u05ea\"},{\"@type\":\"BreadcrumbList\",\"@id\":\"https:\\\/\\\/goguided.tours\\\/goto\\\/theatrical-tour-jewish-quarter-jerusalem\\\/#breadcrumb\",\"itemListElement\":[{\"@type\":\"ListItem\",\"position\":1,\"name\":\"\u05d3\u05e3 \u05d4\u05d1\u05d9\u05ea\",\"item\":\"https:\\\/\\\/goguided.tours\\\/\"},{\"@type\":\"ListItem\",\"position\":2,\"name\":\"\u05db\u05dc \u05d4\u05e4\u05e2\u05d9\u05dc\u05d5\u05d9\u05d5\u05ea\",\"item\":\"https:\\\/\\\/goguided.tours\\\/shop\\\/\"},{\"@type\":\"ListItem\",\"position\":3,\"name\":\"\u05e1\u05d9\u05d5\u05e8 \u05ea\u05d9\u05d0\u05d8\u05e8\u05dc\u05d9 \u05d1\u05e8\u05d5\u05d1\u05e2 \u05d4\u05d9\u05d4\u05d5\u05d3\u05d9 \u05d1\u05d9\u05e8\u05d5\u05e9\u05dc\u05d9\u05dd | \u05e2\u05dd \u05d3\u05de\u05d5\u05d9\u05d5\u05ea \u05d4\u05d9\u05e1\u05d8\u05d5\u05e8\u05d9\u05d5\u05ea\"}]},{\"@type\":\"WebSite\",\"@id\":\"https:\\\/\\\/goguided.tours\\\/#website\",\"url\":\"https:\\\/\\\/goguided.tours\\\/\",\"name\":\"Go Guided\",\"description\":\"\",\"publisher\":{\"@id\":\"https:\\\/\\\/goguided.tours\\\/#organization\"},\"potentialAction\":[{\"@type\":\"SearchAction\",\"target\":{\"@type\":\"EntryPoint\",\"urlTemplate\":\"https:\\\/\\\/goguided.tours\\\/?s={search_term_string}\"},\"query-input\":{\"@type\":\"PropertyValueSpecification\",\"valueRequired\":true,\"valueName\":\"search_term_string\"}}],\"inLanguage\":\"es\"},{\"@type\":\"Organization\",\"@id\":\"https:\\\/\\\/goguided.tours\\\/#organization\",\"name\":\"GoGuided\",\"url\":\"https:\\\/\\\/goguided.tours\\\/\",\"logo\":{\"@type\":\"ImageObject\",\"inLanguage\":\"es\",\"@id\":\"https:\\\/\\\/goguided.tours\\\/#\\\/schema\\\/logo\\\/image\\\/\",\"url\":\"https:\\\/\\\/goguided.tours\\\/wp-content\\\/uploads\\\/2025\\\/05\\\/cropped-logo-guided.jpg\",\"contentUrl\":\"https:\\\/\\\/goguided.tours\\\/wp-content\\\/uploads\\\/2025\\\/05\\\/cropped-logo-guided.jpg\",\"width\":500,\"height\":143,\"caption\":\"GoGuided\"},\"image\":{\"@id\":\"https:\\\/\\\/goguided.tours\\\/#\\\/schema\\\/logo\\\/image\\\/\"},\"sameAs\":[\"https:\\\/\\\/www.facebook.com\\\/profile.php?id=61556958375391\",\"http:\\\/\\\/www.youtube.com\\\/@Guided-Tours\",\"https:\\\/\\\/www.instagram.com\\\/goguided.he\\\/\",\"https:\\\/\\\/www.tiktok.com\\\/@goguided.he\"]}]}<\/script>\n<!-- \/ Yoast SEO plugin. -->","yoast_head_json":{"title":"Recorrido teatral por el barrio jud\u00edo de Jerusal\u00e9n | Con personajes hist\u00f3ricos","description":"Moses Montefiore, quien hablar\u00e1 sobre la idea de derribar las murallas de la Ciudad Vieja. El comandante de las fuerzas del Legi\u00f3n Jordano, el coronel Abdullah al-Tal, explicar\u00e1 por qu\u00e9 decidi\u00f3 atacar la sinagoga \"Al-Hurva\".","robots":{"index":"index","follow":"follow","max-snippet":"max-snippet:-1","max-image-preview":"max-image-preview:large","max-video-preview":"max-video-preview:-1"},"canonical":"https:\/\/goguided.tours\/es\/goto\/visita-teatral-al-barrio-judio-de-jerusalen\/","og_locale":"es_ES","og_type":"article","og_title":"\u05e1\u05d9\u05d5\u05e8 \u05ea\u05d9\u05d0\u05d8\u05e8\u05dc\u05d9 \u05d1\u05e8\u05d5\u05d1\u05e2 \u05d4\u05d9\u05d4\u05d5\u05d3\u05d9 \u05d1\u05d9\u05e8\u05d5\u05e9\u05dc\u05d9\u05dd | \u05e2\u05dd \u05d3\u05de\u05d5\u05d9\u05d5\u05ea \u05d4\u05d9\u05e1\u05d8\u05d5\u05e8\u05d9\u05d5\u05ea","og_description":"\u05de\u05e9\u05d4 \u05de\u05d5\u05e0\u05d8\u05d9\u05e4\u05d9\u05d5\u05e8\u05d9 \u05e9\u05d9\u05e1\u05e4\u05e8 \u05e2\u05dc \u05d4\u05e8\u05e2\u05d9\u05d5\u05df \u05dc\u05e4\u05e8\u05d5\u05e5 \u05d0\u05ea \u05d7\u05d5\u05de\u05d5\u05ea \u05d4\u05e2\u05d9\u05e8 \u05d4\u05e2\u05ea\u05d9\u05e7\u05d4.\u05de\u05e4\u05e7\u05d3 \u05db\u05d5\u05d7\u05d5\u05ea \u05d4\u05dc\u05d2\u05d9\u05d5\u05df \u05d4\u05d9\u05e8\u05d3\u05e0\u05d9, \u05d4\u05e7\u05d5\u05dc\u05d5\u05e0\u05dc \u05e2\u05d1\u05d3\u05d0\u05dc\u05dc\u05d4 \u05d0- \u05ea\u05dc \u05e9\u05d9\u05e1\u05e4\u05e8 \u05de\u05d3\u05d5\u05e2 \u05d1\u05d7\u05e8 \u05dc\u05ea\u05e7\u05d5\u05e3 \u05d0\u05ea \u05d1\u05d9\u05ea \u05d4\u05db\u05e0\u05e1\u05ea \"\u05d4\u05d7\u05d5\u05e8\u05d1\u05d4\".","og_url":"https:\/\/goguided.tours\/es\/goto\/visita-teatral-al-barrio-judio-de-jerusalen\/","og_site_name":"Go Guided","article_publisher":"https:\/\/www.facebook.com\/profile.php?id=61556958375391","article_modified_time":"2026-02-23T09:41:37+00:00","og_image":[{"width":870,"height":650,"url":"https:\/\/goguided.tours\/wp-content\/uploads\/2026\/02\/theatrical-tour-jewish-quarter-jerusalem-9.webp","type":"image\/webp"}],"twitter_card":"summary_large_image","twitter_misc":{"Tiempo de lectura":"1 minuto"},"schema":{"@context":"https:\/\/schema.org","@graph":[{"@type":"WebPage","@id":"https:\/\/goguided.tours\/goto\/theatrical-tour-jewish-quarter-jerusalem\/","url":"https:\/\/goguided.tours\/goto\/theatrical-tour-jewish-quarter-jerusalem\/","name":"Recorrido teatral por el barrio jud\u00edo de Jerusal\u00e9n | Con personajes hist\u00f3ricos","isPartOf":{"@id":"https:\/\/goguided.tours\/#website"},"primaryImageOfPage":{"@id":"https:\/\/goguided.tours\/goto\/theatrical-tour-jewish-quarter-jerusalem\/#primaryimage"},"image":{"@id":"https:\/\/goguided.tours\/goto\/theatrical-tour-jewish-quarter-jerusalem\/#primaryimage"},"thumbnailUrl":"https:\/\/goguided.tours\/wp-content\/uploads\/2026\/02\/theatrical-tour-jewish-quarter-jerusalem-6.webp","datePublished":"2026-02-23T09:03:08+00:00","dateModified":"2026-02-23T09:41:37+00:00","description":"Moses Montefiore, quien hablar\u00e1 sobre la idea de derribar las murallas de la Ciudad Vieja. El comandante de las fuerzas del Legi\u00f3n Jordano, el coronel Abdullah al-Tal, explicar\u00e1 por qu\u00e9 decidi\u00f3 atacar la sinagoga \"Al-Hurva\".","breadcrumb":{"@id":"https:\/\/goguided.tours\/goto\/theatrical-tour-jewish-quarter-jerusalem\/#breadcrumb"},"inLanguage":"es","potentialAction":[{"@type":"ReadAction","target":["https:\/\/goguided.tours\/goto\/theatrical-tour-jewish-quarter-jerusalem\/"]}]},{"@type":"ImageObject","inLanguage":"es","@id":"https:\/\/goguided.tours\/goto\/theatrical-tour-jewish-quarter-jerusalem\/#primaryimage","url":"https:\/\/goguided.tours\/wp-content\/uploads\/2026\/02\/theatrical-tour-jewish-quarter-jerusalem-6.webp","contentUrl":"https:\/\/goguided.tours\/wp-content\/uploads\/2026\/02\/theatrical-tour-jewish-quarter-jerusalem-6.webp","width":485,"height":650,"caption":"\u05e1\u05d9\u05d5\u05e8 \u05ea\u05d9\u05d0\u05d8\u05e8\u05dc\u05d9 \u05d1\u05e8\u05d5\u05d1\u05e2 \u05d4\u05d9\u05d4\u05d5\u05d3\u05d9 \u05d1\u05d9\u05e8\u05d5\u05e9\u05dc\u05d9\u05dd | \u05e2\u05dd \u05d3\u05de\u05d5\u05d9\u05d5\u05ea \u05d4\u05d9\u05e1\u05d8\u05d5\u05e8\u05d9\u05d5\u05ea"},{"@type":"BreadcrumbList","@id":"https:\/\/goguided.tours\/goto\/theatrical-tour-jewish-quarter-jerusalem\/#breadcrumb","itemListElement":[{"@type":"ListItem","position":1,"name":"\u05d3\u05e3 \u05d4\u05d1\u05d9\u05ea","item":"https:\/\/goguided.tours\/"},{"@type":"ListItem","position":2,"name":"\u05db\u05dc \u05d4\u05e4\u05e2\u05d9\u05dc\u05d5\u05d9\u05d5\u05ea","item":"https:\/\/goguided.tours\/shop\/"},{"@type":"ListItem","position":3,"name":"\u05e1\u05d9\u05d5\u05e8 \u05ea\u05d9\u05d0\u05d8\u05e8\u05dc\u05d9 \u05d1\u05e8\u05d5\u05d1\u05e2 \u05d4\u05d9\u05d4\u05d5\u05d3\u05d9 \u05d1\u05d9\u05e8\u05d5\u05e9\u05dc\u05d9\u05dd | \u05e2\u05dd \u05d3\u05de\u05d5\u05d9\u05d5\u05ea \u05d4\u05d9\u05e1\u05d8\u05d5\u05e8\u05d9\u05d5\u05ea"}]},{"@type":"WebSite","@id":"https:\/\/goguided.tours\/#website","url":"https:\/\/goguided.tours\/","name":"Gu\u00eda Go","description":"","publisher":{"@id":"https:\/\/goguided.tours\/#organization"},"potentialAction":[{"@type":"SearchAction","target":{"@type":"EntryPoint","urlTemplate":"https:\/\/goguided.tours\/?s={search_term_string}"},"query-input":{"@type":"PropertyValueSpecification","valueRequired":true,"valueName":"search_term_string"}}],"inLanguage":"es"},{"@type":"Organization","@id":"https:\/\/goguided.tours\/#organization","name":"GoGuided","url":"https:\/\/goguided.tours\/","logo":{"@type":"ImageObject","inLanguage":"es","@id":"https:\/\/goguided.tours\/#\/schema\/logo\/image\/","url":"https:\/\/goguided.tours\/wp-content\/uploads\/2025\/05\/cropped-logo-guided.jpg","contentUrl":"https:\/\/goguided.tours\/wp-content\/uploads\/2025\/05\/cropped-logo-guided.jpg","width":500,"height":143,"caption":"GoGuided"},"image":{"@id":"https:\/\/goguided.tours\/#\/schema\/logo\/image\/"},"sameAs":["https:\/\/www.facebook.com\/profile.php?id=61556958375391","http:\/\/www.youtube.com\/@Guided-Tours","https:\/\/www.instagram.com\/goguided.he\/","https:\/\/www.tiktok.com\/@goguided.he"]}]}},"_links":{"self":[{"href":"https:\/\/goguided.tours\/es\/wp-json\/wp\/v2\/product\/20425","targetHints":{"allow":["GET"]}}],"collection":[{"href":"https:\/\/goguided.tours\/es\/wp-json\/wp\/v2\/product"}],"about":[{"href":"https:\/\/goguided.tours\/es\/wp-json\/wp\/v2\/types\/product"}],"author":[{"embeddable":true,"href":"https:\/\/goguided.tours\/es\/wp-json\/wp\/v2\/users\/25"}],"version-history":[{"count":10,"href":"https:\/\/goguided.tours\/es\/wp-json\/wp\/v2\/product\/20425\/revisions"}],"predecessor-version":[{"id":20533,"href":"https:\/\/goguided.tours\/es\/wp-json\/wp\/v2\/product\/20425\/revisions\/20533"}],"wp:featuredmedia":[{"embeddable":true,"href":"https:\/\/goguided.tours\/es\/wp-json\/wp\/v2\/media\/20426"}],"wp:attachment":[{"href":"https:\/\/goguided.tours\/es\/wp-json\/wp\/v2\/media?parent=20425"}],"wp:term":[{"taxonomy":"tour_area","embeddable":true,"href":"https:\/\/goguided.tours\/es\/wp-json\/wp\/v2\/tour_area?post=20425"},{"taxonomy":"tour_days","embeddable":true,"href":"https:\/\/goguided.tours\/es\/wp-json\/wp\/v2\/tour_days?post=20425"},{"taxonomy":"goto_type","embeddable":true,"href":"https:\/\/goguided.tours\/es\/wp-json\/wp\/v2\/goto_type?post=20425"},{"taxonomy":"tour_type","embeddable":true,"href":"https:\/\/goguided.tours\/es\/wp-json\/wp\/v2\/tour_type?post=20425"},{"taxonomy":"supported-language","embeddable":true,"href":"https:\/\/goguided.tours\/es\/wp-json\/wp\/v2\/supported-language?post=20425"},{"taxonomy":"product_cat","embeddable":true,"href":"https:\/\/goguided.tours\/es\/wp-json\/wp\/v2\/product_cat?post=20425"},{"taxonomy":"product_tag","embeddable":true,"href":"https:\/\/goguided.tours\/es\/wp-json\/wp\/v2\/product_tag?post=20425"},{"taxonomy":"activity_combo","embeddable":true,"href":"https:\/\/goguided.tours\/es\/wp-json\/wp\/v2\/activity_combo?post=20425"}],"curies":[{"name":"wp","href":"https:\/\/api.w.org\/{rel}","templated":true}]}}